{"id":9844,"date":"2020-04-05T09:38:33","date_gmt":"2020-04-05T16:26:45","guid":{"rendered":"https:\/\/www.robertabudasalon.com\/product\/living-proof-full-acondicionador\/"},"modified":"2020-05-29T21:34:24","modified_gmt":"2020-05-30T02:34:24","slug":"full-acondicionador","status":"publish","type":"product","link":"https:\/\/robertabudasalon.com\/es\/shop\/full-acondicionador\/","title":{"rendered":"Living Proof FULL acondicionador"},"content":{"rendered":"<h2><img loading=\"lazy\" decoding=\"async\" class=\"alignleft wp-image-9827 size-medium\" src=\"https:\/\/robertabudasalon.com\/wp-content\/uploads\/2020\/04\/living-proof-full-conditioner-300x300.jpg\" alt=\"Living Proof Full Conditioner Merida Mexico\" width=\"300\" height=\"300\" srcset=\"https:\/\/robertabudasalon.com\/wp-content\/uploads\/2020\/04\/living-proof-full-conditioner.jpg 300w, https:\/\/robertabudasalon.com\/wp-content\/uploads\/2020\/04\/living-proof-full-conditioner.jpg 150w, https:\/\/robertabudasalon.com\/wp-content\/uploads\/2020\/04\/living-proof-full-conditioner.jpg 768w, https:\/\/robertabudasalon.com\/wp-content\/uploads\/2020\/04\/living-proof-full-conditioner.jpg 1024w, https:\/\/robertabudasalon.com\/wp-content\/uploads\/2020\/04\/living-proof-full-conditioner.jpg 600w, https:\/\/robertabudasalon.com\/wp-content\/uploads\/2020\/04\/living-proof-full-conditioner.jpg 100w, https:\/\/robertabudasalon.com\/wp-content\/uploads\/2020\/04\/living-proof-full-conditioner.jpg 1750w, http:\/\/robertabudasalon.com\/wp-content\/uploads\/2020\/04\/living-proof-full-conditioner.jpg 1428w\" sizes=\"auto, (max-width: 300px) 100vw, 300px\" \/><span style=\"font-size: 1rem;\">FULL Acondicionador 236 ml<\/span><\/h2>\n<p>Full <a href=\"https:\/\/www.livingproof.es\/tienda\/full\/full-conditioner-236ml.html?search_query=full+acondicionador&amp;results=40\">Acondicionador<\/a> liviano que agrega suavidad y brillo a la vez que ayuda a que el cabello fino y plano se vea, se sienta y se comporte como un cabello grueso y natural.<\/p>\n<p>Acondicionador suave que transforma el cabello fino para que lo<em>\u00a0veas, lo sientas y se comporte<\/em>\u00a0como cabello grueso natural. Desarrollado con OFPMA \u2013 nuestra mol\u00e9cula patentada para un cabello sano, que:<\/p>\n<ul>\n<li>Facilita el desenredado y aporta suavidad, sin dar peso.<\/li>\n<li><span style=\"font-size: 1rem;\">Prepara el cabello para crear volumen y cuerpo.<\/span><\/li>\n<li><span style=\"font-size: 1rem;\">Repele la suciedad y el aceite para mantener el cabello limpio m\u00e1s tiempo.<\/span><\/li>\n<\/ul>\n<h4>USO EN CABELLO FINO.<\/h4>\n<p><em>Seguro para cabello con color y tratado qu\u00edmicamente.\u00a0<\/em><em>Libre de sulfatos, parabenos, aceites y siliconas.<\/em><\/p>\n<h4><strong>Utilizaci\u00f3n:<\/strong><\/h4>\n<p>Despu\u00e9s del champ\u00fa, aplica el acondicionador en el cabello limpio y h\u00famedo, centr\u00e1ndote en medios y puntas.<\/p>\n<p>Masajea para distribuir de manera uniforme por todo el cabello.<\/p>\n<p>Enjuaga.<\/p>\n<p style=\"text-align: center;\"><a href=\"http:\/\/www.robertabudasalon.com\/es\/shop\/\">COMPRAR PRODUCTOS de BELLEZA MEXICO<\/a><\/p>\n","protected":false},"excerpt":{"rendered":"<p><a href=\"https:\/\/robertabudasalon.com\/?attachment_id=9827\" rel=\"attachment wp-att-9827\"><img loading=\"lazy\" decoding=\"async\" class=\"alignleft size-medium wp-image-9827\" src=\"https:\/\/robertabudasalon.com\/wp-content\/uploads\/2020\/04\/living-proof-full-conditioner-300x300.jpg\" alt=\"Living Proof Full Conditioner Merida Mexico\" width=\"300\" height=\"300\" srcset=\"https:\/\/robertabudasalon.com\/wp-content\/uploads\/2020\/04\/living-proof-full-conditioner.jpg 300w, https:\/\/robertabudasalon.com\/wp-content\/uploads\/2020\/04\/living-proof-full-conditioner.jpg 150w, https:\/\/robertabudasalon.com\/wp-content\/uploads\/2020\/04\/living-proof-full-conditioner.jpg 768w, https:\/\/robertabudasalon.com\/wp-content\/uploads\/2020\/04\/living-proof-full-conditioner.jpg 1024w, https:\/\/robertabudasalon.com\/wp-content\/uploads\/2020\/04\/living-proof-full-conditioner.jpg 600w, https:\/\/robertabudasalon.com\/wp-content\/uploads\/2020\/04\/living-proof-full-conditioner.jpg 100w, https:\/\/robertabudasalon.com\/wp-content\/uploads\/2020\/04\/living-proof-full-conditioner.jpg 1750w, http:\/\/robertabudasalon.com\/wp-content\/uploads\/2020\/04\/living-proof-full-conditioner.jpg 1428w\" sizes=\"auto, (max-width: 300px) 100vw, 300px\" \/><\/a>236 ml<\/p>\n<p>Un acondicionador liviano que agrega suavidad y brillo a la vez que ayuda a que el cabello fino y plano se vea, se sienta y se comporte como un cabello grueso y natural.<\/p>\n","protected":false},"featured_media":9828,"comment_status":"open","ping_status":"closed","template":"","meta":{"nf_dc_page":"","jetpack_post_was_ever_published":false,"jetpack_publicize_message":"","jetpack_publicize_feature_enabled":true,"jetpack_social_post_already_shared":false,"jetpack_social_options":{"image_generator_settings":{"template":"highway","default_image_id":0,"font":"","enabled":false},"version":2}},"product_brand":[],"product_cat":[261,150,254,151],"product_tag":[155,159,158,157,152,154,156,153],"yst_prominent_words":[2061,276,2574,2578,2579,2577,318,313,2570,2573,2568,324,1784,1789,2576,2572,1980,2575,2571,2569],"class_list":{"0":"post-9844","1":"product","2":"type-product","3":"status-publish","4":"has-post-thumbnail","6":"product_cat-acondicionador","7":"product_cat-living-proof-es","8":"product_cat-seco-y-danado","9":"product_cat-shop-es","10":"product_tag-acondicionador","11":"product_tag-cabello","12":"product_tag-cabello-fino","13":"product_tag-full-es","14":"product_tag-living-proof-es","15":"product_tag-living-proof-acondicionador","16":"product_tag-living-proof-full-es","17":"product_tag-volume-es","18":"entry","20":"first","21":"instock","22":"sale","23":"shipping-taxable","24":"purchasable","25":"product-type-simple"},"jetpack_publicize_connections":[],"yoast_head":"<!-- This site is optimized with the Yoast SEO Premium plugin v14.4.1 - https:\/\/yoast.com\/wordpress\/plugins\/seo\/ -->\n<title>Living Proof FULL acondicionador | Robert Abuda Merida Hair Salon<\/title>\n<meta name=\"description\" content=\"Living Proof FULL acondicionador | Robert Abuda Merida Hair Salon | Productos de Belleza, Envios todo en Mexico. Servicio domicilio Gratuito Merida.\" \/>\n<meta name=\"robots\" content=\"index, follow\" \/>\n<meta name=\"googlebot\" content=\"index, follow, max-snippet:-1, max-image-preview:large, max-video-preview:-1\" \/>\n<meta name=\"bingbot\" content=\"index, follow, max-snippet:-1, max-image-preview:large, max-video-preview:-1\" \/>\n<link rel=\"canonical\" href=\"https:\/\/www.robertabudasalon.com\/es\/producto\/full-acondicionador\/\" \/>\n<meta property=\"og:locale\" content=\"es_ES\" \/>\n<meta property=\"og:type\" content=\"article\" \/>\n<meta property=\"og:title\" content=\"Living Proof FULL acondicionador | Robert Abuda Merida Hair Salon\" \/>\n<meta property=\"og:description\" content=\"Living Proof FULL acondicionador | Robert Abuda Merida Hair Salon | Productos de Belleza, Envios todo en Mexico. Servicio domicilio Gratuito Merida.\" \/>\n<meta property=\"og:url\" content=\"https:\/\/www.robertabudasalon.com\/es\/producto\/full-acondicionador\/\" \/>\n<meta property=\"og:site_name\" content=\"Robert Abuda Merida Hair Salon\" \/>\n<meta property=\"article:publisher\" content=\"https:\/\/www.facebook.com\/RobertAbudaSalondeBellezaMerida\" \/>\n<meta property=\"article:author\" content=\"https:\/\/www.facebook.com\/RobertAbudaSalondeBellezaMerida\" \/>\n<meta property=\"article:modified_time\" content=\"2020-05-30T02:34:24+00:00\" \/>\n<meta property=\"og:image\" content=\"https:\/\/robertabudasalon.com\/wp-content\/uploads\/2020\/04\/living-proof-full-conditioner.jpg\" \/>\n\t<meta property=\"og:image:width\" content=\"1750\" \/>\n\t<meta property=\"og:image:height\" content=\"1750\" \/>\n<meta property=\"fb:app_id\" content=\"https:\/\/www.facebook.com\/RobertAbudaSalondeBellezaMerida\" \/>\n<meta name=\"twitter:card\" content=\"summary\" \/>\n<meta name=\"twitter:creator\" content=\"@RobAbudaSalon\" \/>\n<meta name=\"twitter:site\" content=\"@RobAbudaSalon\" \/>\n<script type=\"application\/ld+json\" class=\"yoast-schema-graph\">{\"@context\":\"https:\/\/schema.org\",\"@graph\":[{\"@type\":\"WebSite\",\"@id\":\"https:\/\/robertabudasalon.com\/es\/#website\",\"url\":\"https:\/\/robertabudasalon.com\/es\/\",\"name\":\"Robert Abuda Merida Hair Salon\",\"description\":\"Hair Salon Merida, Salon de Belleza Merida +52 999 926 3015, #470C Paseo de Montejo, Peluqueria y SPA.\",\"potentialAction\":[{\"@type\":\"SearchAction\",\"target\":\"https:\/\/robertabudasalon.com\/es\/?s={search_term_string}\",\"query-input\":\"required name=search_term_string\"}],\"inLanguage\":\"es-ES\"},{\"@type\":\"ImageObject\",\"@id\":\"https:\/\/www.robertabudasalon.com\/es\/producto\/full-acondicionador\/#primaryimage\",\"inLanguage\":\"es-ES\",\"url\":\"https:\/\/robertabudasalon.com\/wp-content\/uploads\/2020\/04\/living-proof-full-conditioner.jpg\",\"width\":1750,\"height\":1750,\"caption\":\"Living Proof Full Conditioner Merida Mexico\"},{\"@type\":\"WebPage\",\"@id\":\"https:\/\/www.robertabudasalon.com\/es\/producto\/full-acondicionador\/#webpage\",\"url\":\"https:\/\/www.robertabudasalon.com\/es\/producto\/full-acondicionador\/\",\"name\":\"Living Proof FULL acondicionador | Robert Abuda Merida Hair Salon\",\"isPartOf\":{\"@id\":\"https:\/\/robertabudasalon.com\/es\/#website\"},\"primaryImageOfPage\":{\"@id\":\"https:\/\/www.robertabudasalon.com\/es\/producto\/full-acondicionador\/#primaryimage\"},\"datePublished\":\"2020-04-05T16:26:45+00:00\",\"dateModified\":\"2020-05-30T02:34:24+00:00\",\"description\":\"Living Proof FULL acondicionador | Robert Abuda Merida Hair Salon | Productos de Belleza, Envios todo en Mexico. Servicio domicilio Gratuito Merida.\",\"inLanguage\":\"es-ES\",\"potentialAction\":[{\"@type\":\"ReadAction\",\"target\":[\"https:\/\/www.robertabudasalon.com\/es\/producto\/full-acondicionador\/\"]}]}]}<\/script>\n<!-- \/ Yoast SEO Premium plugin. -->","jetpack_sharing_enabled":true,"_links":{"self":[{"href":"https:\/\/robertabudasalon.com\/es\/wp-json\/wp\/v2\/product\/9844","targetHints":{"allow":["GET"]}}],"collection":[{"href":"https:\/\/robertabudasalon.com\/es\/wp-json\/wp\/v2\/product"}],"about":[{"href":"https:\/\/robertabudasalon.com\/es\/wp-json\/wp\/v2\/types\/product"}],"replies":[{"embeddable":true,"href":"https:\/\/robertabudasalon.com\/es\/wp-json\/wp\/v2\/comments?post=9844"}],"wp:featuredmedia":[{"embeddable":true,"href":"https:\/\/robertabudasalon.com\/es\/wp-json\/wp\/v2\/media\/9828"}],"wp:attachment":[{"href":"https:\/\/robertabudasalon.com\/es\/wp-json\/wp\/v2\/media?parent=9844"}],"wp:term":[{"taxonomy":"product_brand","embeddable":true,"href":"https:\/\/robertabudasalon.com\/es\/wp-json\/wp\/v2\/product_brand?post=9844"},{"taxonomy":"product_cat","embeddable":true,"href":"https:\/\/robertabudasalon.com\/es\/wp-json\/wp\/v2\/product_cat?post=9844"},{"taxonomy":"product_tag","embeddable":true,"href":"https:\/\/robertabudasalon.com\/es\/wp-json\/wp\/v2\/product_tag?post=9844"},{"taxonomy":"yst_prominent_words","embeddable":true,"href":"https:\/\/robertabudasalon.com\/es\/wp-json\/wp\/v2\/yst_prominent_words?post=9844"}],"curies":[{"name":"wp","href":"https:\/\/api.w.org\/{rel}","templated":true}]}}