{"id":10367,"date":"2020-04-27T10:34:27","date_gmt":"2020-04-27T15:34:27","guid":{"rendered":"https:\/\/www.robertabudasalon.com\/product\/malibu-c-swimmers\/"},"modified":"2020-04-27T10:34:27","modified_gmt":"2020-04-27T15:34:27","slug":"malibu-c-swimmers","status":"publish","type":"product","link":"https:\/\/robertabudasalon.com\/es\/shop\/malibu-c-swimmers\/","title":{"rendered":"Malibu C SWIMMERS"},"content":{"rendered":"<p><strong><a href=\"https:\/\/robertabudasalon.com\/?attachment_id=10365\" rel=\"attachment wp-att-10365\"><img loading=\"lazy\" decoding=\"async\" class=\"alignleft size-medium wp-image-10365\" src=\"https:\/\/robertabudasalon.com\/wp-content\/uploads\/2020\/04\/malibu-c-swimmers-300x300.jpg\" alt=\"malibu c swimmers \" width=\"300\" height=\"300\" srcset=\"https:\/\/robertabudasalon.com\/wp-content\/uploads\/2020\/04\/malibu-c-swimmers.jpg 300w, https:\/\/robertabudasalon.com\/wp-content\/uploads\/2020\/04\/malibu-c-swimmers.jpg 150w, https:\/\/robertabudasalon.com\/wp-content\/uploads\/2020\/04\/malibu-c-swimmers.jpg 100w, https:\/\/robertabudasalon.com\/wp-content\/uploads\/2020\/04\/malibu-c-swimmers.jpg 500w\" sizes=\"auto, (max-width: 300px) 100vw, 300px\" \/><\/a>5 g <\/strong><\/p>\n<p><strong>Prevenir el coloramiento verde ocasionado por la piscina o mar.<\/strong><\/p>\n<p>El tratamiento capilar Malibu C Swimmers Wellness mejora dr\u00e1sticamente la apariencia del cabello, sin importar el tiempo que pase en la piscina o en el oc\u00e9ano. Elimina la acumulaci\u00f3n de cobre que causa decoloraci\u00f3n verde despu\u00e9s de nadar. Previene el cabello quebradizo y da\u00f1ado y alivia el cuero cabelludo seco y con picaz\u00f3n causado por qu\u00edmicos fuertes en el agua.<\/p>\n<p><strong>caracteristicas:<\/strong><\/p>\n<p>100% vegano.<br \/>\nPara todo tipo de cabello.<br \/>\nTransforma el cabello seco, quebradizo y descolorido en cabello suave y manejable.<br \/>\nExtrae dep\u00f3sitos da\u00f1inos y cloro.<br \/>\nElimina inmediatamente el cabello verde de los nadadores.<br \/>\nLibre de conservantes, parabenos, propilenglicol, DEA, gluten, fragancias y cloruro de sodio..<br \/>\n5g bolsita sellada herm\u00e9ticamente.<\/p>\n<p>Instrucciones: Champ\u00fa, enjuague y vierta cristales Swimmers en la palma h\u00fameda. Frote las manos juntas, agregando agua para disolver los cristales. Aplique y exprima todo el cabello, luego permita que permanezca en el cabello por hasta 5 minutos. Enjuague, champ\u00fa, enjuague nuevamente a fondo. Aplicar acondicionador.<\/p>\n","protected":false},"excerpt":{"rendered":"<p><a href=\"https:\/\/robertabudasalon.com\/?attachment_id=10365\" rel=\"attachment wp-att-10365\"><img loading=\"lazy\" decoding=\"async\" class=\"alignleft size-medium wp-image-10365\" src=\"https:\/\/robertabudasalon.com\/wp-content\/uploads\/2020\/04\/malibu-c-swimmers-300x300.jpg\" alt=\"malibu c swimmers \" width=\"300\" height=\"300\" srcset=\"https:\/\/robertabudasalon.com\/wp-content\/uploads\/2020\/04\/malibu-c-swimmers.jpg 300w, https:\/\/robertabudasalon.com\/wp-content\/uploads\/2020\/04\/malibu-c-swimmers.jpg 150w, https:\/\/robertabudasalon.com\/wp-content\/uploads\/2020\/04\/malibu-c-swimmers.jpg 100w, https:\/\/robertabudasalon.com\/wp-content\/uploads\/2020\/04\/malibu-c-swimmers.jpg 500w\" sizes=\"auto, (max-width: 300px) 100vw, 300px\" \/><\/a>5 g<\/p>\n<p><strong>Prevenir el coloramiento verde ocasionado por la piscina o mar:<\/strong><\/p>\n<ul>\n<li>100% vegano.<br \/>\nPara todo tipo de cabello.<br \/>\nTransforma el cabello seco, quebradizo y descolorido en cabello suave y manejable.<br \/>\nExtrae dep\u00f3sitos da\u00f1inos y cloro.<br \/>\nElimina inmediatamente el cabello verde de los nadadores.<br \/>\nLibre de conservantes, parabenos, propilenglicol, DEA, gluten, fragancias y cloruro de sodio.<br \/>\n5g bolsita sellada herm\u00e9ticamente.<\/li>\n<\/ul>\n","protected":false},"featured_media":10366,"comment_status":"closed","ping_status":"closed","template":"","meta":{"nf_dc_page":"","jetpack_post_was_ever_published":false,"jetpack_publicize_message":"","jetpack_publicize_feature_enabled":true,"jetpack_social_post_already_shared":false,"jetpack_social_options":{"image_generator_settings":{"template":"highway","default_image_id":0,"font":"","enabled":false},"version":2}},"product_brand":[],"product_cat":[1503],"product_tag":[1557,1556,1504,1555,1558],"yst_prominent_words":[],"class_list":{"0":"post-10367","1":"product","2":"type-product","3":"status-publish","4":"has-post-thumbnail","6":"product_cat-malibu-c-es","7":"product_tag-cabello-verde","8":"product_tag-chlorine-es","9":"product_tag-malibu-c-es","10":"product_tag-malibu-c-swimmers-es","11":"product_tag-malibu-swimmers-es","12":"entry","14":"first","15":"outofstock","16":"sale","17":"shipping-taxable","18":"purchasable","19":"product-type-simple"},"jetpack_publicize_connections":[],"yoast_head":"<!-- This site is optimized with the Yoast SEO Premium plugin v14.4.1 - https:\/\/yoast.com\/wordpress\/plugins\/seo\/ -->\n<title>Malibu C SWIMMERS | Robert Abuda Merida Hair Salon<\/title>\n<meta name=\"description\" content=\"Tratamiento Malibu C Swimmers | robert abuda salon | Peluqueria y Salon de Belleza y Ventas enlinea por productos de salud y belleza. www.robertabudasalon.com\/es\/shop\/\" \/>\n<meta name=\"robots\" content=\"index, follow\" \/>\n<meta name=\"googlebot\" content=\"index, follow, max-snippet:-1, max-image-preview:large, max-video-preview:-1\" \/>\n<meta name=\"bingbot\" content=\"index, follow, max-snippet:-1, max-image-preview:large, max-video-preview:-1\" \/>\n<link rel=\"canonical\" href=\"https:\/\/www.robertabudasalon.com\/es\/producto\/malibu-c-swimmers\/\" \/>\n<meta property=\"og:locale\" content=\"es_ES\" \/>\n<meta property=\"og:type\" content=\"article\" \/>\n<meta property=\"og:title\" content=\"Malibu C SWIMMERS | Robert Abuda Merida Hair Salon\" \/>\n<meta property=\"og:description\" content=\"Tratamiento Malibu C Swimmers | robert abuda salon | Peluqueria y Salon de Belleza y Ventas enlinea por productos de salud y belleza. www.robertabudasalon.com\/es\/shop\/\" \/>\n<meta property=\"og:url\" content=\"https:\/\/www.robertabudasalon.com\/es\/producto\/malibu-c-swimmers\/\" \/>\n<meta property=\"og:site_name\" content=\"Robert Abuda Merida Hair Salon\" \/>\n<meta property=\"article:publisher\" content=\"https:\/\/www.facebook.com\/RobertAbudaSalondeBellezaMerida\" \/>\n<meta property=\"article:author\" content=\"https:\/\/www.facebook.com\/RobertAbudaSalondeBellezaMerida\" \/>\n<meta property=\"og:image\" content=\"https:\/\/robertabudasalon.com\/wp-content\/uploads\/2020\/04\/malibu-c-swimmers.jpg\" \/>\n\t<meta property=\"og:image:width\" content=\"500\" \/>\n\t<meta property=\"og:image:height\" content=\"500\" \/>\n<meta property=\"fb:app_id\" content=\"https:\/\/www.facebook.com\/RobertAbudaSalondeBellezaMerida\" \/>\n<meta name=\"twitter:card\" content=\"summary\" \/>\n<meta name=\"twitter:creator\" content=\"@RobAbudaSalon\" \/>\n<meta name=\"twitter:site\" content=\"@RobAbudaSalon\" \/>\n<script type=\"application\/ld+json\" class=\"yoast-schema-graph\">{\"@context\":\"https:\/\/schema.org\",\"@graph\":[{\"@type\":\"WebSite\",\"@id\":\"https:\/\/robertabudasalon.com\/es\/#website\",\"url\":\"https:\/\/robertabudasalon.com\/es\/\",\"name\":\"Robert Abuda Merida Hair Salon\",\"description\":\"Hair Salon Merida, Salon de Belleza Merida +52 999 926 3015, #470C Paseo de Montejo, Peluqueria y SPA.\",\"potentialAction\":[{\"@type\":\"SearchAction\",\"target\":\"https:\/\/robertabudasalon.com\/es\/?s={search_term_string}\",\"query-input\":\"required name=search_term_string\"}],\"inLanguage\":\"es-ES\"},{\"@type\":\"ImageObject\",\"@id\":\"https:\/\/www.robertabudasalon.com\/es\/producto\/malibu-c-swimmers\/#primaryimage\",\"inLanguage\":\"es-ES\",\"url\":\"https:\/\/robertabudasalon.com\/wp-content\/uploads\/2020\/04\/malibu-c-swimmers.jpg\",\"width\":500,\"height\":500,\"caption\":\"malibu c swimmers\"},{\"@type\":\"WebPage\",\"@id\":\"https:\/\/www.robertabudasalon.com\/es\/producto\/malibu-c-swimmers\/#webpage\",\"url\":\"https:\/\/www.robertabudasalon.com\/es\/producto\/malibu-c-swimmers\/\",\"name\":\"Malibu C SWIMMERS | Robert Abuda Merida Hair Salon\",\"isPartOf\":{\"@id\":\"https:\/\/robertabudasalon.com\/es\/#website\"},\"primaryImageOfPage\":{\"@id\":\"https:\/\/www.robertabudasalon.com\/es\/producto\/malibu-c-swimmers\/#primaryimage\"},\"datePublished\":\"2020-04-27T15:34:27+00:00\",\"dateModified\":\"2020-04-27T15:34:27+00:00\",\"description\":\"Tratamiento Malibu C Swimmers | robert abuda salon | Peluqueria y Salon de Belleza y Ventas enlinea por productos de salud y belleza. www.robertabudasalon.com\/es\/shop\/\",\"inLanguage\":\"es-ES\",\"potentialAction\":[{\"@type\":\"ReadAction\",\"target\":[\"https:\/\/www.robertabudasalon.com\/es\/producto\/malibu-c-swimmers\/\"]}]}]}<\/script>\n<!-- \/ Yoast SEO Premium plugin. -->","jetpack_sharing_enabled":true,"_links":{"self":[{"href":"https:\/\/robertabudasalon.com\/es\/wp-json\/wp\/v2\/product\/10367","targetHints":{"allow":["GET"]}}],"collection":[{"href":"https:\/\/robertabudasalon.com\/es\/wp-json\/wp\/v2\/product"}],"about":[{"href":"https:\/\/robertabudasalon.com\/es\/wp-json\/wp\/v2\/types\/product"}],"replies":[{"embeddable":true,"href":"https:\/\/robertabudasalon.com\/es\/wp-json\/wp\/v2\/comments?post=10367"}],"wp:featuredmedia":[{"embeddable":true,"href":"https:\/\/robertabudasalon.com\/es\/wp-json\/wp\/v2\/media\/10366"}],"wp:attachment":[{"href":"https:\/\/robertabudasalon.com\/es\/wp-json\/wp\/v2\/media?parent=10367"}],"wp:term":[{"taxonomy":"product_brand","embeddable":true,"href":"https:\/\/robertabudasalon.com\/es\/wp-json\/wp\/v2\/product_brand?post=10367"},{"taxonomy":"product_cat","embeddable":true,"href":"https:\/\/robertabudasalon.com\/es\/wp-json\/wp\/v2\/product_cat?post=10367"},{"taxonomy":"product_tag","embeddable":true,"href":"https:\/\/robertabudasalon.com\/es\/wp-json\/wp\/v2\/product_tag?post=10367"},{"taxonomy":"yst_prominent_words","embeddable":true,"href":"https:\/\/robertabudasalon.com\/es\/wp-json\/wp\/v2\/yst_prominent_words?post=10367"}],"curies":[{"name":"wp","href":"https:\/\/api.w.org\/{rel}","templated":true}]}}