{"id":10210,"date":"2020-04-04T17:47:38","date_gmt":"2020-04-04T23:47:38","guid":{"rendered":"https:\/\/www.robertabudasalon.com\/product\/living-proof-full-shampoo\/"},"modified":"2020-05-31T12:06:24","modified_gmt":"2020-05-31T17:06:24","slug":"living-proof-full-shampoo","status":"publish","type":"product","link":"https:\/\/robertabudasalon.com\/es\/shop\/living-proof-full-shampoo\/","title":{"rendered":"Living Proof FULL SHAMPOO (esp)"},"content":{"rendered":"<h3><a href=\"https:\/\/robertabudasalon.com\/es\/?attachment_id=9824\" rel=\"attachment wp-att-9824\"><img loading=\"lazy\" decoding=\"async\" class=\"alignleft wp-image-9824 size-medium\" src=\"https:\/\/robertabudasalon.com\/wp-content\/uploads\/2020\/04\/full-shampoo-300x300.jpg\" alt=\"Full Shampoo (esp)\" width=\"300\" height=\"300\" srcset=\"https:\/\/robertabudasalon.com\/wp-content\/uploads\/2020\/04\/full-shampoo.jpg 300w, https:\/\/robertabudasalon.com\/wp-content\/uploads\/2020\/04\/full-shampoo.jpg 150w, https:\/\/robertabudasalon.com\/wp-content\/uploads\/2020\/04\/full-shampoo.jpg 100w, https:\/\/robertabudasalon.com\/wp-content\/uploads\/2020\/04\/full-shampoo.jpg 500w\" sizes=\"auto, (max-width: 300px) 100vw, 300px\" \/><\/a>Full Shampoo (esp), Living Proof 236 ml<\/h3>\n<p>Full Shampoo (esp) &#8211; Un<a href=\"https:\/\/www.livingproof.es\/tienda\/full\/full-shampoo-236ml.html\"> champ\u00fa<\/a> suave pero de limpieza a fondo que ayuda a transformar el cabello fino y plano para que se vea, se sienta y se comporte como un cabello grueso natural.<\/p>\n<p>Limpia suavemente.<br \/>\nMantiene el cabello m\u00e1s limpio por m\u00e1s tiempo.<br \/>\nIdeal para cabello fino y plano.<\/p>\n<p>Prepara tu cabello para la m\u00e1xima plenitud y cuerpo eliminando los residuos y la acumulaci\u00f3n. Ayuda a repeler la suciedad y el aceite para mantener el cabello m\u00e1s limpio por m\u00e1s tiempo. El resultado? Tu cabello estar\u00e1 preparado para la plenitud natural y el cuerpo, y se mantendr\u00e1 m\u00e1s limpio por m\u00e1s tiempo.<\/p>\n<h4>La Ciencia<\/h4>\n<p>Est\u00e1 alimentado por nuestra patentada Healthy Hair Molecule, que en esta f\u00f3rmula hace dos cosas: prepara su cabello para una m\u00e1xima plenitud y cuerpo al eliminar los residuos y la acumulaci\u00f3n, y ayuda a repeler la suciedad y el aceite para mantener el cabello m\u00e1s limpio por m\u00e1s tiempo. El resultado: su cabello estar\u00e1 preparado para la plenitud natural y el cuerpo, y se mantendr\u00e1 m\u00e1s limpio por m\u00e1s tiempo.<\/p>\n<h4 class=\"a-product__paragraphProductSpecs spec\">Marca:\u00a0<span class=\"description ml-1\">LIVING PROOF<\/span><\/h4>\n<p class=\"a-product__paragraphProductSpecs spec\">Composici\u00f3n:\u00a0<span class=\"description ml-1\">Water\/Eau\/Aqua, Sodium Lauroyl Methyl Isethionate, Cocamidopropyl Betaine, Sodium Methyl Cocoyl Taurate (Cleansing Agent), Decyl Glucoside, Lactamide MEA, Fragrance\/Parfum, PEG-200 Hydrogenated Glyceryl Palmate, Propanediol, Octafluoropentyl Methacrylate (OFPMA)<\/span><\/p>\n<p class=\"a-product__paragraphProductSpecs spec\">Caracter\u00edsticas:\u00a0<span class=\"description ml-1\">Prepara el cabello para crear volumen<\/span><\/p>\n<p class=\"a-product__paragraphProductSpecs spec\">Contenido:\u00a0<span class=\"description ml-1\">236 ml<\/span><\/p>\n<p class=\"a-product__paragraphProductSpecs spec\">Modelo:\u00a0<span class=\"description ml-1\">LP PHD FULL SHAMPOO 235 ML<\/span><\/p>\n<p class=\"a-product__paragraphProductSpecs spec\">Otra Informaci\u00f3n:\u00a0<span class=\"description ml-1\">Recomendado para cabello fino. Precauciones: para uso externo. Evite el contacto con los ojos, si esto ocurre enjuague con abundante agua<\/span><\/p>\n<p class=\"a-product__paragraphProductSpecs spec\">Instrucciones de Uso y Cuidado:\u00a0<span class=\"description ml-1\">Aplique el shampoo sobre el cabello mojado. Masaje hasta generar espuma centr\u00e1ndose en las ra\u00edces. Enjuague con abundante agua<\/span><\/p>\n","protected":false},"excerpt":{"rendered":"<p><img loading=\"lazy\" decoding=\"async\" class=\"alignleft size-medium wp-image-9824\" src=\"https:\/\/robertabudasalon.com\/wp-content\/uploads\/2020\/04\/full-shampoo-300x300.jpg\" alt=\"\" width=\"300\" height=\"300\" srcset=\"https:\/\/robertabudasalon.com\/wp-content\/uploads\/2020\/04\/full-shampoo.jpg 300w, https:\/\/robertabudasalon.com\/wp-content\/uploads\/2020\/04\/full-shampoo.jpg 150w, https:\/\/robertabudasalon.com\/wp-content\/uploads\/2020\/04\/full-shampoo.jpg 100w, https:\/\/robertabudasalon.com\/wp-content\/uploads\/2020\/04\/full-shampoo.jpg 500w\" sizes=\"auto, (max-width: 300px) 100vw, 300px\" \/>236 ml<\/p>\n<p>Un champ\u00fa suave pero de limpieza a fondo que ayuda a transformar el cabello fino y plano para que se vea, se sienta y se comporte como un cabello grueso natural.<\/p>\n<p>Limpia suavemente.<br \/>\nMantiene el cabello m\u00e1s limpio por m\u00e1s tiempo.<br \/>\nIdeal para cabello fino y plano.<\/p>\n","protected":false},"featured_media":9825,"comment_status":"closed","ping_status":"closed","template":"","meta":{"nf_dc_page":"","jetpack_post_was_ever_published":false,"jetpack_publicize_message":"","jetpack_publicize_feature_enabled":true,"jetpack_social_post_already_shared":false,"jetpack_social_options":{"image_generator_settings":{"template":"highway","default_image_id":0,"font":"","enabled":false},"version":2}},"product_brand":[],"product_cat":[150,151],"product_tag":[1252,152,1253,248,1254,153],"yst_prominent_words":[2670,2673,2651,2648,2669,2650,2647,2666,2653,2646,2664,2672,2652,2645,2644,2671,2654,2665,2667,2668],"class_list":{"0":"post-10210","1":"product","2":"type-product","3":"status-publish","4":"has-post-thumbnail","6":"product_cat-living-proof-es","7":"product_cat-shop-es","8":"product_tag-full-shampoo-es","9":"product_tag-living-proof-es","10":"product_tag-living-proof-full-shampoo-es","11":"product_tag-shampoo-es","12":"product_tag-thicker-hair-es","13":"product_tag-volume-es","14":"entry","16":"first","17":"instock","18":"sale","19":"shipping-taxable","20":"purchasable","21":"product-type-simple"},"jetpack_publicize_connections":[],"yoast_head":"<!-- This site is optimized with the Yoast SEO Premium plugin v14.4.1 - https:\/\/yoast.com\/wordpress\/plugins\/seo\/ -->\n<title>Living Proof FULL SHAMPOO (esp) | Robert Abuda Merida Hair Salon<\/title>\n<meta name=\"description\" content=\"Living Proof FULL SHAMPOO (esp) esp | Robert Abuda Merida Hair Salon | Productos de Belleza, Olaplex, Living Proof, Balmain. Envios todo en Republic Mexico.\" \/>\n<meta name=\"robots\" content=\"index, follow\" \/>\n<meta name=\"googlebot\" content=\"index, follow, max-snippet:-1, max-image-preview:large, max-video-preview:-1\" \/>\n<meta name=\"bingbot\" content=\"index, follow, max-snippet:-1, max-image-preview:large, max-video-preview:-1\" \/>\n<link rel=\"canonical\" href=\"https:\/\/www.robertabudasalon.com\/es\/producto\/living-proof-full-shampoo\/\" \/>\n<meta property=\"og:locale\" content=\"es_ES\" \/>\n<meta property=\"og:type\" content=\"article\" \/>\n<meta property=\"og:title\" content=\"Living Proof FULL SHAMPOO (esp) | Robert Abuda Merida Hair Salon\" \/>\n<meta property=\"og:description\" content=\"Living Proof FULL SHAMPOO (esp) esp | Robert Abuda Merida Hair Salon | Productos de Belleza, Olaplex, Living Proof, Balmain. Envios todo en Republic Mexico.\" \/>\n<meta property=\"og:url\" content=\"https:\/\/www.robertabudasalon.com\/es\/producto\/living-proof-full-shampoo\/\" \/>\n<meta property=\"og:site_name\" content=\"Robert Abuda Merida Hair Salon\" \/>\n<meta property=\"article:publisher\" content=\"https:\/\/www.facebook.com\/RobertAbudaSalondeBellezaMerida\" \/>\n<meta property=\"article:author\" content=\"https:\/\/www.facebook.com\/RobertAbudaSalondeBellezaMerida\" \/>\n<meta property=\"article:modified_time\" content=\"2020-05-31T17:06:24+00:00\" \/>\n<meta property=\"og:image\" content=\"https:\/\/robertabudasalon.com\/wp-content\/uploads\/2020\/04\/full-shampoo.jpg\" \/>\n\t<meta property=\"og:image:width\" content=\"500\" \/>\n\t<meta property=\"og:image:height\" content=\"500\" \/>\n<meta property=\"fb:app_id\" content=\"https:\/\/www.facebook.com\/RobertAbudaSalondeBellezaMerida\" \/>\n<meta name=\"twitter:card\" content=\"summary\" \/>\n<meta name=\"twitter:creator\" content=\"@RobAbudaSalon\" \/>\n<meta name=\"twitter:site\" content=\"@RobAbudaSalon\" \/>\n<script type=\"application\/ld+json\" class=\"yoast-schema-graph\">{\"@context\":\"https:\/\/schema.org\",\"@graph\":[{\"@type\":\"WebSite\",\"@id\":\"https:\/\/robertabudasalon.com\/es\/#website\",\"url\":\"https:\/\/robertabudasalon.com\/es\/\",\"name\":\"Robert Abuda Merida Hair Salon\",\"description\":\"Hair Salon Merida, Salon de Belleza Merida +52 999 926 3015, #470C Paseo de Montejo, Peluqueria y SPA.\",\"potentialAction\":[{\"@type\":\"SearchAction\",\"target\":\"https:\/\/robertabudasalon.com\/es\/?s={search_term_string}\",\"query-input\":\"required name=search_term_string\"}],\"inLanguage\":\"es-ES\"},{\"@type\":\"ImageObject\",\"@id\":\"https:\/\/www.robertabudasalon.com\/es\/producto\/living-proof-full-shampoo\/#primaryimage\",\"inLanguage\":\"es-ES\",\"url\":\"https:\/\/robertabudasalon.com\/wp-content\/uploads\/2020\/04\/full-shampoo.jpg\",\"width\":500,\"height\":500},{\"@type\":\"WebPage\",\"@id\":\"https:\/\/www.robertabudasalon.com\/es\/producto\/living-proof-full-shampoo\/#webpage\",\"url\":\"https:\/\/www.robertabudasalon.com\/es\/producto\/living-proof-full-shampoo\/\",\"name\":\"Living Proof FULL SHAMPOO (esp) | Robert Abuda Merida Hair Salon\",\"isPartOf\":{\"@id\":\"https:\/\/robertabudasalon.com\/es\/#website\"},\"primaryImageOfPage\":{\"@id\":\"https:\/\/www.robertabudasalon.com\/es\/producto\/living-proof-full-shampoo\/#primaryimage\"},\"datePublished\":\"2020-04-04T23:47:38+00:00\",\"dateModified\":\"2020-05-31T17:06:24+00:00\",\"description\":\"Living Proof FULL SHAMPOO (esp) esp | Robert Abuda Merida Hair Salon | Productos de Belleza, Olaplex, Living Proof, Balmain. Envios todo en Republic Mexico.\",\"inLanguage\":\"es-ES\",\"potentialAction\":[{\"@type\":\"ReadAction\",\"target\":[\"https:\/\/www.robertabudasalon.com\/es\/producto\/living-proof-full-shampoo\/\"]}]}]}<\/script>\n<!-- \/ Yoast SEO Premium plugin. -->","jetpack_sharing_enabled":true,"_links":{"self":[{"href":"https:\/\/robertabudasalon.com\/es\/wp-json\/wp\/v2\/product\/10210","targetHints":{"allow":["GET"]}}],"collection":[{"href":"https:\/\/robertabudasalon.com\/es\/wp-json\/wp\/v2\/product"}],"about":[{"href":"https:\/\/robertabudasalon.com\/es\/wp-json\/wp\/v2\/types\/product"}],"replies":[{"embeddable":true,"href":"https:\/\/robertabudasalon.com\/es\/wp-json\/wp\/v2\/comments?post=10210"}],"wp:featuredmedia":[{"embeddable":true,"href":"https:\/\/robertabudasalon.com\/es\/wp-json\/wp\/v2\/media\/9825"}],"wp:attachment":[{"href":"https:\/\/robertabudasalon.com\/es\/wp-json\/wp\/v2\/media?parent=10210"}],"wp:term":[{"taxonomy":"product_brand","embeddable":true,"href":"https:\/\/robertabudasalon.com\/es\/wp-json\/wp\/v2\/product_brand?post=10210"},{"taxonomy":"product_cat","embeddable":true,"href":"https:\/\/robertabudasalon.com\/es\/wp-json\/wp\/v2\/product_cat?post=10210"},{"taxonomy":"product_tag","embeddable":true,"href":"https:\/\/robertabudasalon.com\/es\/wp-json\/wp\/v2\/product_tag?post=10210"},{"taxonomy":"yst_prominent_words","embeddable":true,"href":"https:\/\/robertabudasalon.com\/es\/wp-json\/wp\/v2\/yst_prominent_words?post=10210"}],"curies":[{"name":"wp","href":"https:\/\/api.w.org\/{rel}","templated":true}]}}