{"id":10204,"date":"2020-04-05T11:34:47","date_gmt":"2020-04-05T16:34:47","guid":{"rendered":"https:\/\/www.robertabudasalon.com\/product\/living-proof-no-frizz-weightless-spray\/"},"modified":"2020-06-04T20:13:15","modified_gmt":"2020-06-05T01:13:15","slug":"weightless-spray","status":"publish","type":"product","link":"https:\/\/robertabudasalon.com\/es\/shop\/weightless-spray\/","title":{"rendered":"Living Proof NO Frizz Weightless Spray esp"},"content":{"rendered":"<h3><a href=\"https:\/\/robertabudasalon.com\/es\/?attachment_id=9931\" rel=\"attachment wp-att-9931\"><img loading=\"lazy\" decoding=\"async\" class=\"alignleft size-medium wp-image-9931\" src=\"https:\/\/robertabudasalon.com\/wp-content\/uploads\/2020\/04\/no-frizz-weightless-spray-300x300.jpeg\" alt=\"No Frizz Weightless Spray\" width=\"300\" height=\"300\" srcset=\"https:\/\/robertabudasalon.com\/wp-content\/uploads\/2020\/04\/no-frizz-weightless-spray.jpeg 300w, https:\/\/robertabudasalon.com\/wp-content\/uploads\/2020\/04\/no-frizz-weightless-spray.jpeg 150w, https:\/\/robertabudasalon.com\/wp-content\/uploads\/2020\/04\/no-frizz-weightless-spray.jpeg 100w, https:\/\/robertabudasalon.com\/wp-content\/uploads\/2020\/04\/no-frizz-weightless-spray.jpeg 400w\" sizes=\"auto, (max-width: 300px) 100vw, 300px\" \/><\/a>Weightless Spray 100 ml<\/h3>\n<p>Weightless Spray, <a href=\"http:\/\/www.livingproof.com\">Living Proof<\/a> &#8211; Un spray de peinado alisador que elimina el frizz al bloquear la humedad sin apelmazar el cabello.<\/p>\n<p>Aligera y alisa el encrespamiento al bloquear la humedad<br \/>\nIdeal para cabello fino<\/p>\n<p>Un spray de peinado sin peso que elimina No Frizz al bloquear la humedad y alisa cada mech\u00f3n sin apelmazar el cabello para un cabello suave y sin Frizz con cuerpo natural. Desarrollado por nuestra patentada Healthy Hair Molecule, el mayor avance en tecnolog\u00eda anti-No Frizz en m\u00e1s de 30 a\u00f1os.<\/p>\n<p><a href=\"http:\/\/www.robertabudasalon.com\/es\/shop\">SHOP LIVING PROOF PRODUCTOS de BELLEZA MEXICO<\/a><\/p>\n<p><b>Lo que es:<\/b><\/p>\n<p><b><\/b>Es un estilizador ligero que suaviza y elimina el frizz del cabello.<\/p>\n<p><b>Lo que hace:<\/b><br \/>\nNo Frizz Spray contiene OFPMA, nuestra mol\u00e9cula patentada que controla la hidrataci\u00f3n, haciendo lo que los aceites y siliconas no pueden: eliminar el frizz al bloquear la humedad sin volver pesado al cabello.<\/p>\n<p><b>\u00bfQu\u00e9 m\u00e1s deber\u00edas saber?<\/b><br \/>\nLibre de siliconas. Libre de aceites. Es ideal para los cabellos delgados.<\/p>\n<p>&nbsp;<\/p>\n","protected":false},"excerpt":{"rendered":"<p><img loading=\"lazy\" decoding=\"async\" class=\"alignleft size-medium wp-image-9931\" src=\"https:\/\/robertabudasalon.com\/wp-content\/uploads\/2020\/04\/no-frizz-weightless-spray-300x300.jpeg\" alt=\"No Frizz Weightless Spray\" width=\"300\" height=\"300\" srcset=\"https:\/\/robertabudasalon.com\/wp-content\/uploads\/2020\/04\/no-frizz-weightless-spray.jpeg 300w, https:\/\/robertabudasalon.com\/wp-content\/uploads\/2020\/04\/no-frizz-weightless-spray.jpeg 150w, https:\/\/robertabudasalon.com\/wp-content\/uploads\/2020\/04\/no-frizz-weightless-spray.jpeg 100w, https:\/\/robertabudasalon.com\/wp-content\/uploads\/2020\/04\/no-frizz-weightless-spray.jpeg 400w\" sizes=\"auto, (max-width: 300px) 100vw, 300px\" \/><\/p>\n<p>100 ml<\/p>\n<p>Un spray de peinado alisador que elimina el frizz al bloquear la humedad sin apelmazar el cabello.<\/p>\n<p>Aligera y alisa el encrespamiento al bloquear la humedad<br \/>\nIdeal para cabello fino.<\/p>\n","protected":false},"featured_media":9932,"comment_status":"open","ping_status":"closed","template":"","meta":{"nf_dc_page":"","jetpack_post_was_ever_published":false,"jetpack_publicize_message":"","jetpack_publicize_feature_enabled":true,"jetpack_social_post_already_shared":false,"jetpack_social_options":{"image_generator_settings":{"template":"highway","default_image_id":0,"font":"","enabled":false},"version":2}},"product_brand":[],"product_cat":[150,1224,151],"product_tag":[152,203,1223,1226],"yst_prominent_words":[2244,2239,2235,2718,2245,2240,2720,2716,2712,2710,2218,791,2717,2713,2211,2715,2719,2714,2711,802],"class_list":{"0":"post-10204","1":"product","2":"type-product","3":"status-publish","4":"has-post-thumbnail","6":"product_cat-living-proof-es","7":"product_cat-no-frizz-es","8":"product_cat-shop-es","9":"product_tag-living-proof-es","10":"product_tag-living-proof-hair-es","11":"product_tag-living-proof-no-frizz-es","12":"product_tag-no-frizz-es","13":"entry","15":"first","16":"instock","17":"shipping-taxable","18":"purchasable","19":"product-type-simple"},"jetpack_publicize_connections":[],"yoast_head":"<!-- This site is optimized with the Yoast SEO Premium plugin v14.4.1 - https:\/\/yoast.com\/wordpress\/plugins\/seo\/ -->\n<title>Living Proof NO Frizz Weightless Spray esp | Robert Abuda Merida Hair Salon<\/title>\n<meta name=\"description\" content=\"Living Proof NO Frizz Weightless Spray esp | Robert Abuda Merida Hair Salon | Productos de Belleza, Envios en todo la republica mexico. Living Proof\" \/>\n<meta name=\"robots\" content=\"index, follow\" \/>\n<meta name=\"googlebot\" content=\"index, follow, max-snippet:-1, max-image-preview:large, max-video-preview:-1\" \/>\n<meta name=\"bingbot\" content=\"index, follow, max-snippet:-1, max-image-preview:large, max-video-preview:-1\" \/>\n<link rel=\"canonical\" href=\"https:\/\/www.robertabudasalon.com\/es\/producto\/weightless-spray\/\" \/>\n<meta property=\"og:locale\" content=\"es_ES\" \/>\n<meta property=\"og:type\" content=\"article\" \/>\n<meta property=\"og:title\" content=\"Living Proof NO Frizz Weightless Spray esp | Robert Abuda Merida Hair Salon\" \/>\n<meta property=\"og:description\" content=\"Living Proof NO Frizz Weightless Spray esp | Robert Abuda Merida Hair Salon | Productos de Belleza, Envios en todo la republica mexico. Living Proof\" \/>\n<meta property=\"og:url\" content=\"https:\/\/www.robertabudasalon.com\/es\/producto\/weightless-spray\/\" \/>\n<meta property=\"og:site_name\" content=\"Robert Abuda Merida Hair Salon\" \/>\n<meta property=\"article:publisher\" content=\"https:\/\/www.facebook.com\/RobertAbudaSalondeBellezaMerida\" \/>\n<meta property=\"article:author\" content=\"https:\/\/www.facebook.com\/RobertAbudaSalondeBellezaMerida\" \/>\n<meta property=\"article:modified_time\" content=\"2020-06-05T01:13:15+00:00\" \/>\n<meta property=\"og:image\" content=\"https:\/\/robertabudasalon.com\/wp-content\/uploads\/2020\/04\/no-frizz-weightless-spray.jpeg\" \/>\n\t<meta property=\"og:image:width\" content=\"400\" \/>\n\t<meta property=\"og:image:height\" content=\"400\" \/>\n<meta property=\"fb:app_id\" content=\"https:\/\/www.facebook.com\/RobertAbudaSalondeBellezaMerida\" \/>\n<meta name=\"twitter:card\" content=\"summary\" \/>\n<meta name=\"twitter:creator\" content=\"@RobAbudaSalon\" \/>\n<meta name=\"twitter:site\" content=\"@RobAbudaSalon\" \/>\n<script type=\"application\/ld+json\" class=\"yoast-schema-graph\">{\"@context\":\"https:\/\/schema.org\",\"@graph\":[{\"@type\":\"WebSite\",\"@id\":\"https:\/\/robertabudasalon.com\/es\/#website\",\"url\":\"https:\/\/robertabudasalon.com\/es\/\",\"name\":\"Robert Abuda Merida Hair Salon\",\"description\":\"Hair Salon Merida, Salon de Belleza Merida +52 999 926 3015, #470C Paseo de Montejo, Peluqueria y SPA.\",\"potentialAction\":[{\"@type\":\"SearchAction\",\"target\":\"https:\/\/robertabudasalon.com\/es\/?s={search_term_string}\",\"query-input\":\"required name=search_term_string\"}],\"inLanguage\":\"es-ES\"},{\"@type\":\"ImageObject\",\"@id\":\"https:\/\/www.robertabudasalon.com\/es\/producto\/weightless-spray\/#primaryimage\",\"inLanguage\":\"es-ES\",\"url\":\"https:\/\/robertabudasalon.com\/wp-content\/uploads\/2020\/04\/no-frizz-weightless-spray.jpeg\",\"width\":400,\"height\":400,\"caption\":\"No Frizz Weightless Spray\"},{\"@type\":\"WebPage\",\"@id\":\"https:\/\/www.robertabudasalon.com\/es\/producto\/weightless-spray\/#webpage\",\"url\":\"https:\/\/www.robertabudasalon.com\/es\/producto\/weightless-spray\/\",\"name\":\"Living Proof NO Frizz Weightless Spray esp | Robert Abuda Merida Hair Salon\",\"isPartOf\":{\"@id\":\"https:\/\/robertabudasalon.com\/es\/#website\"},\"primaryImageOfPage\":{\"@id\":\"https:\/\/www.robertabudasalon.com\/es\/producto\/weightless-spray\/#primaryimage\"},\"datePublished\":\"2020-04-05T16:34:47+00:00\",\"dateModified\":\"2020-06-05T01:13:15+00:00\",\"description\":\"Living Proof NO Frizz Weightless Spray esp | Robert Abuda Merida Hair Salon | Productos de Belleza, Envios en todo la republica mexico. Living Proof\",\"inLanguage\":\"es-ES\",\"potentialAction\":[{\"@type\":\"ReadAction\",\"target\":[\"https:\/\/www.robertabudasalon.com\/es\/producto\/weightless-spray\/\"]}]}]}<\/script>\n<!-- \/ Yoast SEO Premium plugin. -->","jetpack_sharing_enabled":true,"_links":{"self":[{"href":"https:\/\/robertabudasalon.com\/es\/wp-json\/wp\/v2\/product\/10204","targetHints":{"allow":["GET"]}}],"collection":[{"href":"https:\/\/robertabudasalon.com\/es\/wp-json\/wp\/v2\/product"}],"about":[{"href":"https:\/\/robertabudasalon.com\/es\/wp-json\/wp\/v2\/types\/product"}],"replies":[{"embeddable":true,"href":"https:\/\/robertabudasalon.com\/es\/wp-json\/wp\/v2\/comments?post=10204"}],"wp:featuredmedia":[{"embeddable":true,"href":"https:\/\/robertabudasalon.com\/es\/wp-json\/wp\/v2\/media\/9932"}],"wp:attachment":[{"href":"https:\/\/robertabudasalon.com\/es\/wp-json\/wp\/v2\/media?parent=10204"}],"wp:term":[{"taxonomy":"product_brand","embeddable":true,"href":"https:\/\/robertabudasalon.com\/es\/wp-json\/wp\/v2\/product_brand?post=10204"},{"taxonomy":"product_cat","embeddable":true,"href":"https:\/\/robertabudasalon.com\/es\/wp-json\/wp\/v2\/product_cat?post=10204"},{"taxonomy":"product_tag","embeddable":true,"href":"https:\/\/robertabudasalon.com\/es\/wp-json\/wp\/v2\/product_tag?post=10204"},{"taxonomy":"yst_prominent_words","embeddable":true,"href":"https:\/\/robertabudasalon.com\/es\/wp-json\/wp\/v2\/yst_prominent_words?post=10204"}],"curies":[{"name":"wp","href":"https:\/\/api.w.org\/{rel}","templated":true}]}}