{"id":10203,"date":"2020-04-05T11:35:40","date_gmt":"2020-04-05T16:35:40","guid":{"rendered":"https:\/\/www.robertabudasalon.com\/product\/living-proof-no-frizz-leave-in-acondicionador\/"},"modified":"2020-05-31T22:28:20","modified_gmt":"2020-06-01T03:28:20","slug":"leave-in-acondicionador","status":"publish","type":"product","link":"https:\/\/robertabudasalon.com\/es\/shop\/leave-in-acondicionador\/","title":{"rendered":"Living Proof NO Frizz Leave-In"},"content":{"rendered":"<h3><a href=\"https:\/\/robertabudasalon.com\/es\/?attachment_id=9937\" rel=\"attachment wp-att-9937\"><img loading=\"lazy\" decoding=\"async\" class=\"alignleft wp-image-9937 size-medium\" src=\"https:\/\/robertabudasalon.com\/wp-content\/uploads\/2020\/04\/no-frizz-leave-in-conditioner-112x300.jpg\" alt=\"Leave-in acondicionador\" width=\"112\" height=\"300\" srcset=\"https:\/\/robertabudasalon.com\/wp-content\/uploads\/2020\/04\/no-frizz-leave-in-conditioner.jpg 112w, https:\/\/robertabudasalon.com\/wp-content\/uploads\/2020\/04\/no-frizz-leave-in-conditioner.jpg 384w, https:\/\/robertabudasalon.com\/wp-content\/uploads\/2020\/04\/no-frizz-leave-in-conditioner.jpg 562w\" sizes=\"auto, (max-width: 112px) 100vw, 112px\" \/><\/a>Leave-in acondicionador 118ml<\/h3>\n<p>Leave-in acondicionador &#8211; Una crema nutritiva sin enjuague que desenreda y proporciona un impulso adicional de acondicionamiento para el cabello propenso al frizz.<\/p>\n<p>El acondicionador sin enjuague sin frizz bloquea la humedad un 70% mejor que las siliconas, alisa la textura del cabello para que los mechones est\u00e9n pulidos y sin fricci\u00f3n, mientras que la mol\u00e9cula de cabello saludable repele la suciedad y el aceite, lo que le permite lavar el cabello con menos frecuencia.<\/p>\n<p>Sin peso bloquea la humedad.<br \/>\nAlisa los mechones de cabello.<br \/>\nNutre y condiciona.<\/p>\n<p>El acondicionador sin enjuague sin frizz facilita el peinado del cabello y repone la humedad perdida. El cabello se ve y se siente m\u00e1s fuerte y suave. Tambi\u00e9n protege contra da\u00f1os en la superficie por el peinado t\u00e9rmico para evitar roturas. Seguro para el cabello te\u00f1ido.<\/p>\n","protected":false},"excerpt":{"rendered":"<p><a href=\"https:\/\/robertabudasalon.com\/?attachment_id=9972\" rel=\"attachment wp-att-9972\"><img loading=\"lazy\" decoding=\"async\" class=\"alignleft size-medium wp-image-9972\" src=\"https:\/\/robertabudasalon.com\/wp-content\/uploads\/2020\/04\/nourishing-styling-cream-118ml-196x300.jpg\" alt=\"Nourishing Styling Cream by Living Proof\" width=\"196\" height=\"300\" srcset=\"https:\/\/robertabudasalon.com\/wp-content\/uploads\/2020\/04\/nourishing-styling-cream-118ml.jpg 196w, https:\/\/robertabudasalon.com\/wp-content\/uploads\/2020\/04\/nourishing-styling-cream-118ml.jpg 768w, https:\/\/robertabudasalon.com\/wp-content\/uploads\/2020\/04\/nourishing-styling-cream-118ml.jpg 668w, https:\/\/robertabudasalon.com\/wp-content\/uploads\/2020\/04\/nourishing-styling-cream-118ml.jpg 600w, https:\/\/robertabudasalon.com\/wp-content\/uploads\/2020\/04\/nourishing-styling-cream-118ml.jpg 1043w\" sizes=\"auto, (max-width: 196px) 100vw, 196px\" \/><\/a>118 ml<\/p>\n<p>A nourishing leave-in cream that detangles and provides an extra boost of conditioning for frizz-prone hair.<\/p>\n<ul>\n<li>Weightlessly blocks humidity.<\/li>\n<li>Smooths hair strands.<\/li>\n<li>Nourishes and conditions.<\/li>\n<\/ul>\n","protected":false},"featured_media":9938,"comment_status":"closed","ping_status":"closed","template":"","meta":{"nf_dc_page":"","jetpack_post_was_ever_published":false,"jetpack_publicize_message":"","jetpack_publicize_feature_enabled":true,"jetpack_social_post_already_shared":false,"jetpack_social_options":{"image_generator_settings":{"template":"highway","default_image_id":0,"font":"","enabled":false},"version":2}},"product_brand":[],"product_cat":[261,150,1224,254,151],"product_tag":[1193,152,203,1223,1226],"yst_prominent_words":[2706,2702,2698,2696,2705,318,2018,2701,2697,2695,313,2707,2704,2218,2709,2030,2700,1568,2703,2699],"class_list":{"0":"post-10203","1":"product","2":"type-product","3":"status-publish","4":"has-post-thumbnail","6":"product_cat-acondicionador","7":"product_cat-living-proof-es","8":"product_cat-no-frizz-es","9":"product_cat-seco-y-danado","10":"product_cat-shop-es","11":"product_tag-leave-in-conditioner-es","12":"product_tag-living-proof-es","13":"product_tag-living-proof-hair-es","14":"product_tag-living-proof-no-frizz-es","15":"product_tag-no-frizz-es","16":"entry","18":"first","19":"instock","20":"shipping-taxable","21":"purchasable","22":"product-type-simple"},"jetpack_publicize_connections":[],"yoast_head":"<!-- This site is optimized with the Yoast SEO Premium plugin v14.4.1 - https:\/\/yoast.com\/wordpress\/plugins\/seo\/ -->\n<title>Living Proof NO Frizz Leave-In | Robert Abuda Salon<\/title>\n<meta name=\"description\" content=\"Living Proof NO Frizz Leave-In acondicionador | Robert Abuda Merida Hair Salon | Productos de Belleza, se vende En Linea, envios todos a Republic Mexico.\" \/>\n<meta name=\"robots\" content=\"index, follow\" \/>\n<meta name=\"googlebot\" content=\"index, follow, max-snippet:-1, max-image-preview:large, max-video-preview:-1\" \/>\n<meta name=\"bingbot\" content=\"index, follow, max-snippet:-1, max-image-preview:large, max-video-preview:-1\" \/>\n<link rel=\"canonical\" href=\"https:\/\/www.robertabudasalon.com\/es\/producto\/leave-in-acondicionador\/\" \/>\n<meta property=\"og:locale\" content=\"es_ES\" \/>\n<meta property=\"og:type\" content=\"article\" \/>\n<meta property=\"og:title\" content=\"Living Proof NO Frizz Leave-In | Robert Abuda Salon\" \/>\n<meta property=\"og:description\" content=\"Living Proof NO Frizz Leave-In acondicionador | Robert Abuda Merida Hair Salon | Productos de Belleza, se vende En Linea, envios todos a Republic Mexico.\" \/>\n<meta property=\"og:url\" content=\"https:\/\/www.robertabudasalon.com\/es\/producto\/leave-in-acondicionador\/\" \/>\n<meta property=\"og:site_name\" content=\"Robert Abuda Merida Hair Salon\" \/>\n<meta property=\"article:publisher\" content=\"https:\/\/www.facebook.com\/RobertAbudaSalondeBellezaMerida\" \/>\n<meta property=\"article:author\" content=\"https:\/\/www.facebook.com\/RobertAbudaSalondeBellezaMerida\" \/>\n<meta property=\"article:modified_time\" content=\"2020-06-01T03:28:20+00:00\" \/>\n<meta property=\"og:image\" content=\"https:\/\/robertabudasalon.com\/wp-content\/uploads\/2020\/04\/no-frizz-leave-in-conditioner.jpg\" \/>\n\t<meta property=\"og:image:width\" content=\"562\" \/>\n\t<meta property=\"og:image:height\" content=\"1500\" \/>\n<meta property=\"fb:app_id\" content=\"https:\/\/www.facebook.com\/RobertAbudaSalondeBellezaMerida\" \/>\n<meta name=\"twitter:card\" content=\"summary\" \/>\n<meta name=\"twitter:creator\" content=\"@RobAbudaSalon\" \/>\n<meta name=\"twitter:site\" content=\"@RobAbudaSalon\" \/>\n<script type=\"application\/ld+json\" class=\"yoast-schema-graph\">{\"@context\":\"https:\/\/schema.org\",\"@graph\":[{\"@type\":\"WebSite\",\"@id\":\"https:\/\/robertabudasalon.com\/es\/#website\",\"url\":\"https:\/\/robertabudasalon.com\/es\/\",\"name\":\"Robert Abuda Merida Hair Salon\",\"description\":\"Hair Salon Merida, Salon de Belleza Merida +52 999 926 3015, #470C Paseo de Montejo, Peluqueria y SPA.\",\"potentialAction\":[{\"@type\":\"SearchAction\",\"target\":\"https:\/\/robertabudasalon.com\/es\/?s={search_term_string}\",\"query-input\":\"required name=search_term_string\"}],\"inLanguage\":\"es-ES\"},{\"@type\":\"ImageObject\",\"@id\":\"https:\/\/www.robertabudasalon.com\/es\/producto\/leave-in-acondicionador\/#primaryimage\",\"inLanguage\":\"es-ES\",\"url\":\"https:\/\/robertabudasalon.com\/wp-content\/uploads\/2020\/04\/no-frizz-leave-in-conditioner.jpg\",\"width\":562,\"height\":1500,\"caption\":\"NO\"},{\"@type\":\"WebPage\",\"@id\":\"https:\/\/www.robertabudasalon.com\/es\/producto\/leave-in-acondicionador\/#webpage\",\"url\":\"https:\/\/www.robertabudasalon.com\/es\/producto\/leave-in-acondicionador\/\",\"name\":\"Living Proof NO Frizz Leave-In | Robert Abuda Salon\",\"isPartOf\":{\"@id\":\"https:\/\/robertabudasalon.com\/es\/#website\"},\"primaryImageOfPage\":{\"@id\":\"https:\/\/www.robertabudasalon.com\/es\/producto\/leave-in-acondicionador\/#primaryimage\"},\"datePublished\":\"2020-04-05T16:35:40+00:00\",\"dateModified\":\"2020-06-01T03:28:20+00:00\",\"description\":\"Living Proof NO Frizz Leave-In acondicionador | Robert Abuda Merida Hair Salon | Productos de Belleza, se vende En Linea, envios todos a Republic Mexico.\",\"inLanguage\":\"es-ES\",\"potentialAction\":[{\"@type\":\"ReadAction\",\"target\":[\"https:\/\/www.robertabudasalon.com\/es\/producto\/leave-in-acondicionador\/\"]}]}]}<\/script>\n<!-- \/ Yoast SEO Premium plugin. -->","jetpack_sharing_enabled":true,"_links":{"self":[{"href":"https:\/\/robertabudasalon.com\/es\/wp-json\/wp\/v2\/product\/10203","targetHints":{"allow":["GET"]}}],"collection":[{"href":"https:\/\/robertabudasalon.com\/es\/wp-json\/wp\/v2\/product"}],"about":[{"href":"https:\/\/robertabudasalon.com\/es\/wp-json\/wp\/v2\/types\/product"}],"replies":[{"embeddable":true,"href":"https:\/\/robertabudasalon.com\/es\/wp-json\/wp\/v2\/comments?post=10203"}],"wp:featuredmedia":[{"embeddable":true,"href":"https:\/\/robertabudasalon.com\/es\/wp-json\/wp\/v2\/media\/9938"}],"wp:attachment":[{"href":"https:\/\/robertabudasalon.com\/es\/wp-json\/wp\/v2\/media?parent=10203"}],"wp:term":[{"taxonomy":"product_brand","embeddable":true,"href":"https:\/\/robertabudasalon.com\/es\/wp-json\/wp\/v2\/product_brand?post=10203"},{"taxonomy":"product_cat","embeddable":true,"href":"https:\/\/robertabudasalon.com\/es\/wp-json\/wp\/v2\/product_cat?post=10203"},{"taxonomy":"product_tag","embeddable":true,"href":"https:\/\/robertabudasalon.com\/es\/wp-json\/wp\/v2\/product_tag?post=10203"},{"taxonomy":"yst_prominent_words","embeddable":true,"href":"https:\/\/robertabudasalon.com\/es\/wp-json\/wp\/v2\/yst_prominent_words?post=10203"}],"curies":[{"name":"wp","href":"https:\/\/api.w.org\/{rel}","templated":true}]}}