{"id":10202,"date":"2020-04-06T13:49:26","date_gmt":"2020-04-06T18:49:26","guid":{"rendered":"https:\/\/www.robertabudasalon.com\/product\/living-proof-no-frizz-nourishing-styling-cream-118-ml\/"},"modified":"2020-06-07T23:46:54","modified_gmt":"2020-06-08T04:46:54","slug":"living-proof-styling-crema","status":"publish","type":"product","link":"https:\/\/robertabudasalon.com\/es\/shop\/living-proof-styling-crema\/","title":{"rendered":"Living Proof NO Frizz Crema"},"content":{"rendered":"<h3><a href=\"https:\/\/robertabudasalon.com\/es\/?attachment_id=9972\" rel=\"attachment wp-att-9972\"><img loading=\"lazy\" decoding=\"async\" class=\"alignleft wp-image-9972 size-medium\" src=\"https:\/\/robertabudasalon.com\/wp-content\/uploads\/2020\/04\/nourishing-styling-cream-118ml-196x300.jpg\" alt=\"Nourishing Styling Cream\" width=\"196\" height=\"300\" srcset=\"https:\/\/robertabudasalon.com\/wp-content\/uploads\/2020\/04\/nourishing-styling-cream-118ml.jpg 196w, https:\/\/robertabudasalon.com\/wp-content\/uploads\/2020\/04\/nourishing-styling-cream-118ml.jpg 768w, https:\/\/robertabudasalon.com\/wp-content\/uploads\/2020\/04\/nourishing-styling-cream-118ml.jpg 668w, https:\/\/robertabudasalon.com\/wp-content\/uploads\/2020\/04\/nourishing-styling-cream-118ml.jpg 600w, https:\/\/robertabudasalon.com\/wp-content\/uploads\/2020\/04\/nourishing-styling-cream-118ml.jpg 1043w\" sizes=\"auto, (max-width: 196px) 100vw, 196px\" \/><\/a>No Frizz Nourishing Styling Crema 118 ml<\/h3>\n<div class=\"qa-container col col--xs-12 two-column\">\n<p>Nourishing Styling Cream &#8211; Una crema para peinar que suaviza, acondiciona y elimina el encrespamiento al bloquear la humedad sin apelmazar el cabello.<\/p>\n<p>Una crema de peinado profundamente nutritiva que elimina el encrespamiento al bloquear la humedad. Y alisa el cabello dejando el cabello domesticado y brillante, pero nunca pesado o grasoso. Desarrollado por nuestra patentada <a href=\"https:\/\/www.technologyreview.com\/2016\/11\/02\/107275\/the-science-behind-your-volumizing-shampoo\/\">Healthy Hair Molecule<\/a>, que es el mayor avance en la tecnolog\u00eda anti-No Frizz en m\u00e1s de 30 a\u00f1os.<\/p>\n<p>No Frizz Nourishing Styling Cream funciona mejor para los tipos de cabello medio a grueso y se usa en cabello mojado y seguido con calor.<\/p>\n<p>Nourishing Styling Cream es una crema ligera libre de siliconas y aceites que elimina el frizz mientras lo acondiciona. No Frizz Cream contiene OFPMA, nuestra mol\u00e9cula patentada que controla la hidrataci\u00f3n. Hace lo que los aceites y siliconas no pueden. Eiminar el frizz. Al bloquear la humedad del cabello sin volverlo pesado. No Frizz Cream suaviza, acondiciona y controla al cabello con frizz. Libre de siliconas y aceites. No Frizz Cream es ideal para cabellos de medios a gruesos.<\/p>\n<p>Es una crema ligera libre de siliconas y aceites que elimina el frizz mientras lo acondiciona.<\/p>\n<p><b>Lo que hace:<\/b><\/p>\n<p>No Frizz Cream contiene OFPMA, nuestra mol\u00e9cula patentada que controla la hidrataci\u00f3n, y hace lo que los aceites y siliconas no pueden: eliminar el frizz al bloquear la humedad del cabello sin volverlo pesado.<\/p>\n<p><b>\u00bfQu\u00e9 m\u00e1s deber\u00edas saber?<\/b><br \/>\nLibre de siliconas y aceites. Es ideal para cabellos de medios a gruesos.<\/p>\n<\/div>\n","protected":false},"excerpt":{"rendered":"<p><a href=\"https:\/\/robertabudasalon.com\/?attachment_id=9972\" rel=\"attachment wp-att-9972\"><img loading=\"lazy\" decoding=\"async\" class=\"alignleft size-medium wp-image-9972\" src=\"https:\/\/robertabudasalon.com\/wp-content\/uploads\/2020\/04\/nourishing-styling-cream-118ml-196x300.jpg\" alt=\"Nourishing Styling Cream by Living Proof\" width=\"196\" height=\"300\" srcset=\"https:\/\/robertabudasalon.com\/wp-content\/uploads\/2020\/04\/nourishing-styling-cream-118ml.jpg 196w, https:\/\/robertabudasalon.com\/wp-content\/uploads\/2020\/04\/nourishing-styling-cream-118ml.jpg 768w, https:\/\/robertabudasalon.com\/wp-content\/uploads\/2020\/04\/nourishing-styling-cream-118ml.jpg 668w, https:\/\/robertabudasalon.com\/wp-content\/uploads\/2020\/04\/nourishing-styling-cream-118ml.jpg 600w, https:\/\/robertabudasalon.com\/wp-content\/uploads\/2020\/04\/nourishing-styling-cream-118ml.jpg 1043w\" sizes=\"auto, (max-width: 196px) 100vw, 196px\" \/><\/a><\/p>\n<p>118 ml<\/p>\n<p>Una crema para peinar que suaviza, acondiciona y elimina el encrespamiento al bloquear la humedad sin apelmazar el cabello.<\/p>\n<p>Sin peso bloquea la humedad.<\/p>\n<p>Suaviza, acondiciona y detiene el encrespamiento.<\/p>\n<p>Ideal para cabello rizado medio a grueso.<\/p>\n","protected":false},"featured_media":9973,"comment_status":"closed","ping_status":"closed","template":"","meta":{"nf_dc_page":"","jetpack_post_was_ever_published":false,"jetpack_publicize_message":"","jetpack_publicize_feature_enabled":true,"jetpack_social_post_already_shared":false,"jetpack_social_options":{"image_generator_settings":{"template":"highway","default_image_id":0,"font":"","enabled":false},"version":2}},"product_brand":[],"product_cat":[150,1224,151],"product_tag":[293,152,203,1223,1225],"yst_prominent_words":[2258,2235,2263,2253,2248,2255,2230,2261,2229,2260,2231,2251,2262,2247,2246,2254,2259,2256,2252,2257],"class_list":{"0":"post-10202","1":"product","2":"type-product","3":"status-publish","4":"has-post-thumbnail","6":"product_cat-living-proof-es","7":"product_cat-no-frizz-es","8":"product_cat-shop-es","9":"product_tag-aceite-de-argan","10":"product_tag-living-proof-es","11":"product_tag-living-proof-hair-es","12":"product_tag-living-proof-no-frizz-es","13":"product_tag-styling-cream-es","14":"entry","16":"first","17":"instock","18":"sale","19":"shipping-taxable","20":"purchasable","21":"product-type-simple"},"jetpack_publicize_connections":[],"yoast_head":"<!-- This site is optimized with the Yoast SEO Premium plugin v14.4.1 - https:\/\/yoast.com\/wordpress\/plugins\/seo\/ -->\n<title>Nourishing Styling Crema | Robert Abuda Merida Hair Salon de Belleza<\/title>\n<meta name=\"description\" content=\"Nourishing Styling Crema, No Frizz, | Robert Abuda Merida Hair Salon | C\u00f3mpra Ahora | Env\u00edos a Todo M\u00e9xico. TEL 999 926 3015, Living Proof y mas.\" \/>\n<meta name=\"robots\" content=\"index, follow\" \/>\n<meta name=\"googlebot\" content=\"index, follow, max-snippet:-1, max-image-preview:large, max-video-preview:-1\" \/>\n<meta name=\"bingbot\" content=\"index, follow, max-snippet:-1, max-image-preview:large, max-video-preview:-1\" \/>\n<link rel=\"canonical\" href=\"https:\/\/www.robertabudasalon.com\/es\/producto\/living-proof-styling-crema\/\" \/>\n<meta property=\"og:locale\" content=\"es_ES\" \/>\n<meta property=\"og:type\" content=\"article\" \/>\n<meta property=\"og:title\" content=\"Nourishing Styling Crema | Robert Abuda Merida Hair Salon de Belleza\" \/>\n<meta property=\"og:description\" content=\"Nourishing Styling Crema, No Frizz, | Robert Abuda Merida Hair Salon | C\u00f3mpra Ahora | Env\u00edos a Todo M\u00e9xico. TEL 999 926 3015, Living Proof y mas.\" \/>\n<meta property=\"og:url\" content=\"https:\/\/www.robertabudasalon.com\/es\/producto\/living-proof-styling-crema\/\" \/>\n<meta property=\"og:site_name\" content=\"Robert Abuda Merida Hair Salon\" \/>\n<meta property=\"article:publisher\" content=\"https:\/\/www.facebook.com\/RobertAbudaSalondeBellezaMerida\" \/>\n<meta property=\"article:author\" content=\"https:\/\/www.facebook.com\/RobertAbudaSalondeBellezaMerida\" \/>\n<meta property=\"article:modified_time\" content=\"2020-06-08T04:46:54+00:00\" \/>\n<meta property=\"og:image\" content=\"https:\/\/robertabudasalon.com\/wp-content\/uploads\/2020\/04\/nourishing-styling-cream-118ml.jpg\" \/>\n\t<meta property=\"og:image:width\" content=\"1043\" \/>\n\t<meta property=\"og:image:height\" content=\"1600\" \/>\n<meta property=\"fb:app_id\" content=\"https:\/\/www.facebook.com\/RobertAbudaSalondeBellezaMerida\" \/>\n<meta name=\"twitter:card\" content=\"summary\" \/>\n<meta name=\"twitter:creator\" content=\"@RobAbudaSalon\" \/>\n<meta name=\"twitter:site\" content=\"@RobAbudaSalon\" \/>\n<script type=\"application\/ld+json\" class=\"yoast-schema-graph\">{\"@context\":\"https:\/\/schema.org\",\"@graph\":[{\"@type\":\"WebSite\",\"@id\":\"https:\/\/robertabudasalon.com\/es\/#website\",\"url\":\"https:\/\/robertabudasalon.com\/es\/\",\"name\":\"Robert Abuda Merida Hair Salon\",\"description\":\"Hair Salon Merida, Salon de Belleza Merida +52 999 926 3015, #470C Paseo de Montejo, Peluqueria y SPA.\",\"potentialAction\":[{\"@type\":\"SearchAction\",\"target\":\"https:\/\/robertabudasalon.com\/es\/?s={search_term_string}\",\"query-input\":\"required name=search_term_string\"}],\"inLanguage\":\"es-ES\"},{\"@type\":\"ImageObject\",\"@id\":\"https:\/\/www.robertabudasalon.com\/es\/producto\/living-proof-styling-crema\/#primaryimage\",\"inLanguage\":\"es-ES\",\"url\":\"https:\/\/robertabudasalon.com\/wp-content\/uploads\/2020\/04\/nourishing-styling-cream-118ml.jpg\",\"width\":1043,\"height\":1600,\"caption\":\"Nourishgn\"},{\"@type\":\"WebPage\",\"@id\":\"https:\/\/www.robertabudasalon.com\/es\/producto\/living-proof-styling-crema\/#webpage\",\"url\":\"https:\/\/www.robertabudasalon.com\/es\/producto\/living-proof-styling-crema\/\",\"name\":\"Nourishing Styling Crema | Robert Abuda Merida Hair Salon de Belleza\",\"isPartOf\":{\"@id\":\"https:\/\/robertabudasalon.com\/es\/#website\"},\"primaryImageOfPage\":{\"@id\":\"https:\/\/www.robertabudasalon.com\/es\/producto\/living-proof-styling-crema\/#primaryimage\"},\"datePublished\":\"2020-04-06T18:49:26+00:00\",\"dateModified\":\"2020-06-08T04:46:54+00:00\",\"description\":\"Nourishing Styling Crema, No Frizz, | Robert Abuda Merida Hair Salon | C\\u00f3mpra Ahora | Env\\u00edos a Todo M\\u00e9xico. TEL 999 926 3015, Living Proof y mas.\",\"inLanguage\":\"es-ES\",\"potentialAction\":[{\"@type\":\"ReadAction\",\"target\":[\"https:\/\/www.robertabudasalon.com\/es\/producto\/living-proof-styling-crema\/\"]}]}]}<\/script>\n<!-- \/ Yoast SEO Premium plugin. -->","jetpack_sharing_enabled":true,"_links":{"self":[{"href":"https:\/\/robertabudasalon.com\/es\/wp-json\/wp\/v2\/product\/10202","targetHints":{"allow":["GET"]}}],"collection":[{"href":"https:\/\/robertabudasalon.com\/es\/wp-json\/wp\/v2\/product"}],"about":[{"href":"https:\/\/robertabudasalon.com\/es\/wp-json\/wp\/v2\/types\/product"}],"replies":[{"embeddable":true,"href":"https:\/\/robertabudasalon.com\/es\/wp-json\/wp\/v2\/comments?post=10202"}],"wp:featuredmedia":[{"embeddable":true,"href":"https:\/\/robertabudasalon.com\/es\/wp-json\/wp\/v2\/media\/9973"}],"wp:attachment":[{"href":"https:\/\/robertabudasalon.com\/es\/wp-json\/wp\/v2\/media?parent=10202"}],"wp:term":[{"taxonomy":"product_brand","embeddable":true,"href":"https:\/\/robertabudasalon.com\/es\/wp-json\/wp\/v2\/product_brand?post=10202"},{"taxonomy":"product_cat","embeddable":true,"href":"https:\/\/robertabudasalon.com\/es\/wp-json\/wp\/v2\/product_cat?post=10202"},{"taxonomy":"product_tag","embeddable":true,"href":"https:\/\/robertabudasalon.com\/es\/wp-json\/wp\/v2\/product_tag?post=10202"},{"taxonomy":"yst_prominent_words","embeddable":true,"href":"https:\/\/robertabudasalon.com\/es\/wp-json\/wp\/v2\/yst_prominent_words?post=10202"}],"curies":[{"name":"wp","href":"https:\/\/api.w.org\/{rel}","templated":true}]}}