{"id":10198,"date":"2020-04-05T11:43:09","date_gmt":"2020-04-05T16:43:09","guid":{"rendered":"https:\/\/www.robertabudasalon.com\/product\/living-proof-restore-shampoo\/"},"modified":"2020-06-04T19:47:36","modified_gmt":"2020-06-05T00:47:36","slug":"living-proof-restore-shampoo","status":"publish","type":"product","link":"https:\/\/robertabudasalon.com\/es\/shop\/living-proof-restore-shampoo\/","title":{"rendered":"Living Proof RESTORE SHAMPOO esp"},"content":{"rendered":"<h3><a href=\"https:\/\/robertabudasalon.com\/es\/?attachment_id=10196\" rel=\"attachment wp-att-10196\"><img loading=\"lazy\" decoding=\"async\" class=\"alignleft size-medium wp-image-10196\" src=\"https:\/\/robertabudasalon.com\/wp-content\/uploads\/2020\/04\/restore-shampoo-3-300x300.jpg\" alt=\"living proof restore shampoo\" width=\"300\" height=\"300\" srcset=\"https:\/\/robertabudasalon.com\/wp-content\/uploads\/2020\/04\/restore-shampoo-3.jpg 300w, https:\/\/robertabudasalon.com\/wp-content\/uploads\/2020\/04\/restore-shampoo-3.jpg 150w, https:\/\/robertabudasalon.com\/wp-content\/uploads\/2020\/04\/restore-shampoo-3.jpg 600w, https:\/\/robertabudasalon.com\/wp-content\/uploads\/2020\/04\/restore-shampoo-3.jpg 100w, https:\/\/robertabudasalon.com\/wp-content\/uploads\/2020\/04\/restore-shampoo-3.jpg 640w\" sizes=\"auto, (max-width: 300px) 100vw, 300px\" \/><\/a>236 ml<\/h3>\n<p>Restore Shampoo es un champ\u00fa suave que es el primer paso para hacer que el cabello seco, da\u00f1ado, se sienta y se vea visiblemente m\u00e1s saludable.<\/p>\n<p>Ayuda a restaurar las cut\u00edculas da\u00f1adas del cabello.<br \/>\nFortalece y protege el cabello del da\u00f1o.<\/p>\n<p>Parte del sistema de restauraci\u00f3n (que incluye el tratamiento con champ\u00fa, acondicionador y mascarilla de restauraci\u00f3n); impulsado por nuestra patentada Healthy Hair Molecule. Instant\u00e1neamente restaura las cut\u00edculas da\u00f1adas del cabello, restaura los niveles de humedad para que se parezca m\u00e1s al cabello sano y sin da\u00f1os. Adem\u00e1s, ayuda a repeler la suciedad y el aceite para que pueda lavarse \/ peinarse con menos frecuencia, para una rutina de cuidado del cabello m\u00e1s saludable. Protege el cabello de da\u00f1os futuros. Fortalece el cabello para que sea 20 veces m\u00e1s resistente a la rotura.<\/p>\n","protected":false},"excerpt":{"rendered":"<p><img loading=\"lazy\" decoding=\"async\" class=\"alignleft size-medium wp-image-10196\" src=\"https:\/\/robertabudasalon.com\/wp-content\/uploads\/2020\/04\/restore-shampoo-3-300x300.jpg\" alt=\"living proof restore shampoo\" width=\"300\" height=\"300\" srcset=\"https:\/\/robertabudasalon.com\/wp-content\/uploads\/2020\/04\/restore-shampoo-3.jpg 300w, https:\/\/robertabudasalon.com\/wp-content\/uploads\/2020\/04\/restore-shampoo-3.jpg 150w, https:\/\/robertabudasalon.com\/wp-content\/uploads\/2020\/04\/restore-shampoo-3.jpg 600w, https:\/\/robertabudasalon.com\/wp-content\/uploads\/2020\/04\/restore-shampoo-3.jpg 100w, https:\/\/robertabudasalon.com\/wp-content\/uploads\/2020\/04\/restore-shampoo-3.jpg 640w\" sizes=\"auto, (max-width: 300px) 100vw, 300px\" \/>236 ml<\/p>\n<p>Restore Shampoo es un champ\u00fa suave que es el primer paso para hacer que el cabello seco, da\u00f1ado, se sienta y se vea visiblemente m\u00e1s saludable.<\/p>\n<p>Ayuda a restaurar las cut\u00edculas da\u00f1adas del cabello.<br \/>\nFortalece y protege el cabello del da\u00f1o.<\/p>\n","protected":false},"featured_media":10197,"comment_status":"open","ping_status":"closed","template":"","meta":{"nf_dc_page":"","jetpack_post_was_ever_published":false,"jetpack_publicize_message":"","jetpack_publicize_feature_enabled":true,"jetpack_social_post_already_shared":false,"jetpack_social_options":{"image_generator_settings":{"template":"highway","default_image_id":0,"font":"","enabled":false},"version":2}},"product_brand":[],"product_cat":[258,150,286,250,151],"product_tag":[287,288,248],"yst_prominent_words":[276,1999,1990,1987,2885,1991,2887,669,318,313,1998,1989,1986,1985,2502,324,1993,2886,2052,1784],"class_list":{"0":"post-10198","1":"product","2":"type-product","3":"status-publish","4":"has-post-thumbnail","6":"product_cat-color-es","7":"product_cat-living-proof-es","8":"product_cat-restore-es","9":"product_cat-shampoo-es","10":"product_cat-shop-es","11":"product_tag-living-proof-restore-es","12":"product_tag-restore-es","13":"product_tag-shampoo-es","14":"entry","16":"first","17":"instock","18":"sale","19":"shipping-taxable","20":"purchasable","21":"product-type-simple"},"jetpack_publicize_connections":[],"yoast_head":"<!-- This site is optimized with the Yoast SEO Premium plugin v14.4.1 - https:\/\/yoast.com\/wordpress\/plugins\/seo\/ -->\n<title>Living Proof RESTORE SHAMPOO esp | Robert Abuda Merida Hair Salon<\/title>\n<meta name=\"description\" content=\"Living Proof RESTORE SHAMPOO esp | Robert Abuda Merida Hair Salon | Hair &amp; Beauty Salon Merida 470C Paseo de Montejo y Calle 39. TEL 999 926 3015\" \/>\n<meta name=\"robots\" content=\"index, follow\" \/>\n<meta name=\"googlebot\" content=\"index, follow, max-snippet:-1, max-image-preview:large, max-video-preview:-1\" \/>\n<meta name=\"bingbot\" content=\"index, follow, max-snippet:-1, max-image-preview:large, max-video-preview:-1\" \/>\n<link rel=\"canonical\" href=\"https:\/\/www.robertabudasalon.com\/es\/producto\/living-proof-restore-shampoo\/\" \/>\n<meta property=\"og:locale\" content=\"es_ES\" \/>\n<meta property=\"og:type\" content=\"article\" \/>\n<meta property=\"og:title\" content=\"Living Proof RESTORE SHAMPOO esp | Robert Abuda Merida Hair Salon\" \/>\n<meta property=\"og:description\" content=\"Living Proof RESTORE SHAMPOO esp | Robert Abuda Merida Hair Salon | Hair &amp; Beauty Salon Merida 470C Paseo de Montejo y Calle 39. TEL 999 926 3015\" \/>\n<meta property=\"og:url\" content=\"https:\/\/www.robertabudasalon.com\/es\/producto\/living-proof-restore-shampoo\/\" \/>\n<meta property=\"og:site_name\" content=\"Robert Abuda Merida Hair Salon\" \/>\n<meta property=\"article:publisher\" content=\"https:\/\/www.facebook.com\/RobertAbudaSalondeBellezaMerida\" \/>\n<meta property=\"article:author\" content=\"https:\/\/www.facebook.com\/RobertAbudaSalondeBellezaMerida\" \/>\n<meta property=\"article:modified_time\" content=\"2020-06-05T00:47:36+00:00\" \/>\n<meta property=\"og:image\" content=\"https:\/\/robertabudasalon.com\/wp-content\/uploads\/2020\/04\/restore-shampoo-3.jpg\" \/>\n\t<meta property=\"og:image:width\" content=\"640\" \/>\n\t<meta property=\"og:image:height\" content=\"640\" \/>\n<meta property=\"fb:app_id\" content=\"https:\/\/www.facebook.com\/RobertAbudaSalondeBellezaMerida\" \/>\n<meta name=\"twitter:card\" content=\"summary\" \/>\n<meta name=\"twitter:creator\" content=\"@RobAbudaSalon\" \/>\n<meta name=\"twitter:site\" content=\"@RobAbudaSalon\" \/>\n<script type=\"application\/ld+json\" class=\"yoast-schema-graph\">{\"@context\":\"https:\/\/schema.org\",\"@graph\":[{\"@type\":\"WebSite\",\"@id\":\"https:\/\/robertabudasalon.com\/es\/#website\",\"url\":\"https:\/\/robertabudasalon.com\/es\/\",\"name\":\"Robert Abuda Merida Hair Salon\",\"description\":\"Hair Salon Merida, Salon de Belleza Merida +52 999 926 3015, #470C Paseo de Montejo, Peluqueria y SPA.\",\"potentialAction\":[{\"@type\":\"SearchAction\",\"target\":\"https:\/\/robertabudasalon.com\/es\/?s={search_term_string}\",\"query-input\":\"required name=search_term_string\"}],\"inLanguage\":\"es-ES\"},{\"@type\":\"ImageObject\",\"@id\":\"https:\/\/www.robertabudasalon.com\/es\/producto\/living-proof-restore-shampoo\/#primaryimage\",\"inLanguage\":\"es-ES\",\"url\":\"https:\/\/robertabudasalon.com\/wp-content\/uploads\/2020\/04\/restore-shampoo-3.jpg\",\"width\":640,\"height\":640,\"caption\":\"living proof restore shampoo\"},{\"@type\":\"WebPage\",\"@id\":\"https:\/\/www.robertabudasalon.com\/es\/producto\/living-proof-restore-shampoo\/#webpage\",\"url\":\"https:\/\/www.robertabudasalon.com\/es\/producto\/living-proof-restore-shampoo\/\",\"name\":\"Living Proof RESTORE SHAMPOO esp | Robert Abuda Merida Hair Salon\",\"isPartOf\":{\"@id\":\"https:\/\/robertabudasalon.com\/es\/#website\"},\"primaryImageOfPage\":{\"@id\":\"https:\/\/www.robertabudasalon.com\/es\/producto\/living-proof-restore-shampoo\/#primaryimage\"},\"datePublished\":\"2020-04-05T16:43:09+00:00\",\"dateModified\":\"2020-06-05T00:47:36+00:00\",\"description\":\"Living Proof RESTORE SHAMPOO esp | Robert Abuda Merida Hair Salon | Hair & Beauty Salon Merida 470C Paseo de Montejo y Calle 39. TEL 999 926 3015\",\"inLanguage\":\"es-ES\",\"potentialAction\":[{\"@type\":\"ReadAction\",\"target\":[\"https:\/\/www.robertabudasalon.com\/es\/producto\/living-proof-restore-shampoo\/\"]}]}]}<\/script>\n<!-- \/ Yoast SEO Premium plugin. -->","jetpack_sharing_enabled":true,"_links":{"self":[{"href":"https:\/\/robertabudasalon.com\/es\/wp-json\/wp\/v2\/product\/10198","targetHints":{"allow":["GET"]}}],"collection":[{"href":"https:\/\/robertabudasalon.com\/es\/wp-json\/wp\/v2\/product"}],"about":[{"href":"https:\/\/robertabudasalon.com\/es\/wp-json\/wp\/v2\/types\/product"}],"replies":[{"embeddable":true,"href":"https:\/\/robertabudasalon.com\/es\/wp-json\/wp\/v2\/comments?post=10198"}],"wp:featuredmedia":[{"embeddable":true,"href":"https:\/\/robertabudasalon.com\/es\/wp-json\/wp\/v2\/media\/10197"}],"wp:attachment":[{"href":"https:\/\/robertabudasalon.com\/es\/wp-json\/wp\/v2\/media?parent=10198"}],"wp:term":[{"taxonomy":"product_brand","embeddable":true,"href":"https:\/\/robertabudasalon.com\/es\/wp-json\/wp\/v2\/product_brand?post=10198"},{"taxonomy":"product_cat","embeddable":true,"href":"https:\/\/robertabudasalon.com\/es\/wp-json\/wp\/v2\/product_cat?post=10198"},{"taxonomy":"product_tag","embeddable":true,"href":"https:\/\/robertabudasalon.com\/es\/wp-json\/wp\/v2\/product_tag?post=10198"},{"taxonomy":"yst_prominent_words","embeddable":true,"href":"https:\/\/robertabudasalon.com\/es\/wp-json\/wp\/v2\/yst_prominent_words?post=10198"}],"curies":[{"name":"wp","href":"https:\/\/api.w.org\/{rel}","templated":true}]}}