{"id":10191,"date":"2020-04-05T12:07:57","date_gmt":"2020-04-05T17:07:57","guid":{"rendered":"https:\/\/www.robertabudasalon.com\/product\/living-proof-restore-acondicionador\/"},"modified":"2020-06-02T22:15:24","modified_gmt":"2020-06-03T03:15:24","slug":"living-restore-acondicionador","status":"publish","type":"product","link":"https:\/\/robertabudasalon.com\/es\/shop\/living-restore-acondicionador\/","title":{"rendered":"Living Proof RESTORE Acondicionador"},"content":{"rendered":"<h3><a href=\"https:\/\/robertabudasalon.com\/es\/?attachment_id=9975\" rel=\"attachment wp-att-9975\"><img loading=\"lazy\" decoding=\"async\" class=\"alignleft size-medium wp-image-9975\" src=\"https:\/\/robertabudasalon.com\/wp-content\/uploads\/2020\/04\/restore-conditioner-231x300.jpg\" alt=\"Resore Conditioner\" width=\"231\" height=\"300\" srcset=\"https:\/\/robertabudasalon.com\/wp-content\/uploads\/2020\/04\/restore-conditioner.jpg 231w, https:\/\/robertabudasalon.com\/wp-content\/uploads\/2020\/04\/restore-conditioner.jpg 788w, https:\/\/robertabudasalon.com\/wp-content\/uploads\/2020\/04\/restore-conditioner.jpg 768w, https:\/\/robertabudasalon.com\/wp-content\/uploads\/2020\/04\/restore-conditioner.jpg 1182w, https:\/\/robertabudasalon.com\/wp-content\/uploads\/2020\/04\/restore-conditioner.jpg 600w, https:\/\/robertabudasalon.com\/wp-content\/uploads\/2020\/04\/restore-conditioner.jpg 1500w, http:\/\/robertabudasalon.com\/wp-content\/uploads\/2020\/04\/restore-conditioner.jpg 1428w\" sizes=\"auto, (max-width: 231px) 100vw, 231px\" \/><\/a>Restore Acondicionador 236 ml<\/h3>\n<p>Un acondicionador diario nutritivo que renueva la suavidad, el brillo y la manejabilidad.<\/p>\n<p>Ayuda a restaurar las cut\u00edculas da\u00f1adas del cabello.<br \/>\nFortalece y protege el cabello del da\u00f1o.<br \/>\nRenueva la suavidad y el brillo.<\/p>\n<p>Un acondicionador equilibrador de la humedad para el cabello seco y da\u00f1ado que, cuando se usa como parte del r\u00e9gimen de Restauraci\u00f3n, ayuda a que el cabello se comporte como si nunca hubiera sido da\u00f1ado despu\u00e9s de solo 1 uso. Restore Conditioner es parte del sistema Restore (que incluye el tratamiento Restore Shampoo, Conditioner and Mask), que funciona con nuestra patentada Healthy Hair Molecule, que restaura instant\u00e1neamente las cut\u00edculas da\u00f1adas del cabello para que act\u00faen m\u00e1s como nuevas, restaura los niveles de humedad para que sean m\u00e1s Al igual que el cabello sano y sin da\u00f1os, ayuda a repeler la suciedad y el aceite para que pueda lavarse y peinarse con menos frecuencia para una rutina de cuidado del cabello m\u00e1s saludable y protege contra da\u00f1os futuros y fortalece el cabello para que sea 20 veces m\u00e1s resistente a la rotura.<\/p>\n","protected":false},"excerpt":{"rendered":"<p><a href=\"https:\/\/robertabudasalon.com\/?attachment_id=9975\" rel=\"attachment wp-att-9975\"><img loading=\"lazy\" decoding=\"async\" class=\"alignleft size-medium wp-image-9975\" src=\"https:\/\/robertabudasalon.com\/wp-content\/uploads\/2020\/04\/restore-conditioner-231x300.jpg\" alt=\"Resore Conditioner\" width=\"231\" height=\"300\" srcset=\"https:\/\/robertabudasalon.com\/wp-content\/uploads\/2020\/04\/restore-conditioner.jpg 231w, https:\/\/robertabudasalon.com\/wp-content\/uploads\/2020\/04\/restore-conditioner.jpg 788w, https:\/\/robertabudasalon.com\/wp-content\/uploads\/2020\/04\/restore-conditioner.jpg 768w, https:\/\/robertabudasalon.com\/wp-content\/uploads\/2020\/04\/restore-conditioner.jpg 1182w, https:\/\/robertabudasalon.com\/wp-content\/uploads\/2020\/04\/restore-conditioner.jpg 600w, https:\/\/robertabudasalon.com\/wp-content\/uploads\/2020\/04\/restore-conditioner.jpg 1500w, http:\/\/robertabudasalon.com\/wp-content\/uploads\/2020\/04\/restore-conditioner.jpg 1428w\" sizes=\"auto, (max-width: 231px) 100vw, 231px\" \/><\/a>236 ml<\/p>\n<div class=\"tlid-results-container results-container\">\n<div class=\"tlid-result result-dict-wrapper\">\n<div class=\"result tlid-copy-target\">\n<div class=\"text-wrap tlid-copy-target\">\n<div class=\"result-shield-container tlid-copy-target\" tabindex=\"0\">\n<p><span class=\"tlid-translation translation\" lang=\"es\" tabindex=\"-1\"><span class=\"\" title=\"\">Un acondicionador diario nutritivo que renueva la suavidad, el brillo y la manejabilidad.<\/span><\/span><\/p>\n<p><span title=\"\">Ayuda a restaurar las cut\u00edculas da\u00f1adas del cabello.<\/span><br \/>\n<span title=\"\">Fortalece y protege el cabello del da\u00f1o.<\/span><br \/>\n<span class=\"\" title=\"\">Renueva la suavidad y el brillo.<\/span><\/p>\n<\/div>\n<\/div>\n<\/div>\n<\/div>\n<\/div>\n","protected":false},"featured_media":9976,"comment_status":"open","ping_status":"closed","template":"","meta":{"nf_dc_page":"","jetpack_post_was_ever_published":false,"jetpack_publicize_message":"","jetpack_publicize_feature_enabled":true,"jetpack_social_post_already_shared":false,"jetpack_social_options":{"image_generator_settings":{"template":"highway","default_image_id":0,"font":"","enabled":false},"version":2}},"product_brand":[],"product_cat":[261,150,286,151],"product_tag":[155,287,288],"yst_prominent_words":[1992,1999,1990,1987,1991,669,318,1997,313,1996,1998,1989,1986,1985,1993,1784,1977,1995,1988,1994],"class_list":{"0":"post-10191","1":"product","2":"type-product","3":"status-publish","4":"has-post-thumbnail","6":"product_cat-acondicionador","7":"product_cat-living-proof-es","8":"product_cat-restore-es","9":"product_cat-shop-es","10":"product_tag-acondicionador","11":"product_tag-living-proof-restore-es","12":"product_tag-restore-es","13":"entry","15":"first","16":"instock","17":"sale","18":"shipping-taxable","19":"purchasable","20":"product-type-simple"},"jetpack_publicize_connections":[],"yoast_head":"<!-- This site is optimized with the Yoast SEO Premium plugin v14.4.1 - https:\/\/yoast.com\/wordpress\/plugins\/seo\/ -->\n<title>Living Proof RESTORE Acondicionador | Robert Abuda Merida Hair Salon<\/title>\n<meta name=\"description\" content=\"Living Proof RESTORE Acondicionador | Robert Abuda Merida Hair Salon | Productos de Belleza Mexico. Living Proof, Balmain, Olaplex. Envios Todo.\" \/>\n<meta name=\"robots\" content=\"index, follow\" \/>\n<meta name=\"googlebot\" content=\"index, follow, max-snippet:-1, max-image-preview:large, max-video-preview:-1\" \/>\n<meta name=\"bingbot\" content=\"index, follow, max-snippet:-1, max-image-preview:large, max-video-preview:-1\" \/>\n<link rel=\"canonical\" href=\"https:\/\/www.robertabudasalon.com\/es\/producto\/living-restore-acondicionador\/\" \/>\n<meta property=\"og:locale\" content=\"es_ES\" \/>\n<meta property=\"og:type\" content=\"article\" \/>\n<meta property=\"og:title\" content=\"Living Proof RESTORE Acondicionador | Robert Abuda Merida Hair Salon\" \/>\n<meta property=\"og:description\" content=\"Living Proof RESTORE Acondicionador | Robert Abuda Merida Hair Salon | Productos de Belleza Mexico. Living Proof, Balmain, Olaplex. Envios Todo.\" \/>\n<meta property=\"og:url\" content=\"https:\/\/www.robertabudasalon.com\/es\/producto\/living-restore-acondicionador\/\" \/>\n<meta property=\"og:site_name\" content=\"Robert Abuda Merida Hair Salon\" \/>\n<meta property=\"article:publisher\" content=\"https:\/\/www.facebook.com\/RobertAbudaSalondeBellezaMerida\" \/>\n<meta property=\"article:author\" content=\"https:\/\/www.facebook.com\/RobertAbudaSalondeBellezaMerida\" \/>\n<meta property=\"article:modified_time\" content=\"2020-06-03T03:15:24+00:00\" \/>\n<meta property=\"og:image\" content=\"https:\/\/robertabudasalon.com\/wp-content\/uploads\/2020\/04\/restore-conditioner.jpg\" \/>\n\t<meta property=\"og:image:width\" content=\"1500\" \/>\n\t<meta property=\"og:image:height\" content=\"1950\" \/>\n<meta property=\"fb:app_id\" content=\"https:\/\/www.facebook.com\/RobertAbudaSalondeBellezaMerida\" \/>\n<meta name=\"twitter:card\" content=\"summary\" \/>\n<meta name=\"twitter:creator\" content=\"@RobAbudaSalon\" \/>\n<meta name=\"twitter:site\" content=\"@RobAbudaSalon\" \/>\n<script type=\"application\/ld+json\" class=\"yoast-schema-graph\">{\"@context\":\"https:\/\/schema.org\",\"@graph\":[{\"@type\":\"WebSite\",\"@id\":\"https:\/\/robertabudasalon.com\/es\/#website\",\"url\":\"https:\/\/robertabudasalon.com\/es\/\",\"name\":\"Robert Abuda Merida Hair Salon\",\"description\":\"Hair Salon Merida, Salon de Belleza Merida +52 999 926 3015, #470C Paseo de Montejo, Peluqueria y SPA.\",\"potentialAction\":[{\"@type\":\"SearchAction\",\"target\":\"https:\/\/robertabudasalon.com\/es\/?s={search_term_string}\",\"query-input\":\"required name=search_term_string\"}],\"inLanguage\":\"es-ES\"},{\"@type\":\"ImageObject\",\"@id\":\"https:\/\/www.robertabudasalon.com\/es\/producto\/living-restore-acondicionador\/#primaryimage\",\"inLanguage\":\"es-ES\",\"url\":\"https:\/\/robertabudasalon.com\/wp-content\/uploads\/2020\/04\/restore-conditioner.jpg\",\"width\":1500,\"height\":1950,\"caption\":\"Resore Conditioner\"},{\"@type\":\"WebPage\",\"@id\":\"https:\/\/www.robertabudasalon.com\/es\/producto\/living-restore-acondicionador\/#webpage\",\"url\":\"https:\/\/www.robertabudasalon.com\/es\/producto\/living-restore-acondicionador\/\",\"name\":\"Living Proof RESTORE Acondicionador | Robert Abuda Merida Hair Salon\",\"isPartOf\":{\"@id\":\"https:\/\/robertabudasalon.com\/es\/#website\"},\"primaryImageOfPage\":{\"@id\":\"https:\/\/www.robertabudasalon.com\/es\/producto\/living-restore-acondicionador\/#primaryimage\"},\"datePublished\":\"2020-04-05T17:07:57+00:00\",\"dateModified\":\"2020-06-03T03:15:24+00:00\",\"description\":\"Living Proof RESTORE Acondicionador | Robert Abuda Merida Hair Salon | Productos de Belleza Mexico. Living Proof, Balmain, Olaplex. Envios Todo.\",\"inLanguage\":\"es-ES\",\"potentialAction\":[{\"@type\":\"ReadAction\",\"target\":[\"https:\/\/www.robertabudasalon.com\/es\/producto\/living-restore-acondicionador\/\"]}]}]}<\/script>\n<!-- \/ Yoast SEO Premium plugin. -->","jetpack_sharing_enabled":true,"_links":{"self":[{"href":"https:\/\/robertabudasalon.com\/es\/wp-json\/wp\/v2\/product\/10191","targetHints":{"allow":["GET"]}}],"collection":[{"href":"https:\/\/robertabudasalon.com\/es\/wp-json\/wp\/v2\/product"}],"about":[{"href":"https:\/\/robertabudasalon.com\/es\/wp-json\/wp\/v2\/types\/product"}],"replies":[{"embeddable":true,"href":"https:\/\/robertabudasalon.com\/es\/wp-json\/wp\/v2\/comments?post=10191"}],"wp:featuredmedia":[{"embeddable":true,"href":"https:\/\/robertabudasalon.com\/es\/wp-json\/wp\/v2\/media\/9976"}],"wp:attachment":[{"href":"https:\/\/robertabudasalon.com\/es\/wp-json\/wp\/v2\/media?parent=10191"}],"wp:term":[{"taxonomy":"product_brand","embeddable":true,"href":"https:\/\/robertabudasalon.com\/es\/wp-json\/wp\/v2\/product_brand?post=10191"},{"taxonomy":"product_cat","embeddable":true,"href":"https:\/\/robertabudasalon.com\/es\/wp-json\/wp\/v2\/product_cat?post=10191"},{"taxonomy":"product_tag","embeddable":true,"href":"https:\/\/robertabudasalon.com\/es\/wp-json\/wp\/v2\/product_tag?post=10191"},{"taxonomy":"yst_prominent_words","embeddable":true,"href":"https:\/\/robertabudasalon.com\/es\/wp-json\/wp\/v2\/yst_prominent_words?post=10191"}],"curies":[{"name":"wp","href":"https:\/\/api.w.org\/{rel}","templated":true}]}}