{"id":10190,"date":"2020-04-05T12:09:39","date_gmt":"2020-04-05T17:09:39","guid":{"rendered":"https:\/\/www.robertabudasalon.com\/product\/living-proof-restore-perfecting-spray\/"},"modified":"2020-06-02T21:49:47","modified_gmt":"2020-06-03T02:49:47","slug":"living-proof-perfecting-spray","status":"publish","type":"product","link":"https:\/\/robertabudasalon.com\/es\/shop\/living-proof-perfecting-spray\/","title":{"rendered":"Living Proof RESTORE Perfecting Spray"},"content":{"rendered":"<h3><a href=\"https:\/\/robertabudasalon.com\/es\/?attachment_id=9905\" rel=\"attachment wp-att-9905\"><img loading=\"lazy\" decoding=\"async\" class=\"alignleft size-medium wp-image-9905\" src=\"https:\/\/robertabudasalon.com\/wp-content\/uploads\/2020\/04\/living-proof-restore-pefecting-spray-256x300.jpg\" alt=\"Living Proof Resore\" width=\"256\" height=\"300\" srcset=\"https:\/\/robertabudasalon.com\/wp-content\/uploads\/2020\/04\/living-proof-restore-pefecting-spray.jpg 256w, https:\/\/robertabudasalon.com\/wp-content\/uploads\/2020\/04\/living-proof-restore-pefecting-spray.jpg 768w, https:\/\/robertabudasalon.com\/wp-content\/uploads\/2020\/04\/living-proof-restore-pefecting-spray.jpg 874w, https:\/\/robertabudasalon.com\/wp-content\/uploads\/2020\/04\/living-proof-restore-pefecting-spray.jpg 600w, https:\/\/robertabudasalon.com\/wp-content\/uploads\/2020\/04\/living-proof-restore-pefecting-spray.jpg 876w\" sizes=\"auto, (max-width: 256px) 100vw, 256px\" \/><\/a>Living Proof Restore Perfecting Spray 236 ml<\/h3>\n<p>Un desenredante acondicionador de peso pluma que ofrece todos los beneficios que el cabello seco y da\u00f1ado necesita para verse y sentirse m\u00e1s saludable.<\/p>\n<p>Brinda un impulso instant\u00e1neo de hidrataci\u00f3n.<br \/>\nMinimiza la rotura del desenredado h\u00famedo.<br \/>\nProporciona suavidad duradera y brillo natural.<br \/>\nProtecci\u00f3n contra el calor (hasta 400 \u00b0 F \/ 200 \u00b0 C).<\/p>\n<p>Restore Perfecting Spray funciona en todo tipo de cabello, particularmente en cabello seco, procesado y propenso a enredos. Adem\u00e1s, no contiene sulfato, silicona, aceite y es seguro para el cabello te\u00f1ido y tratado qu\u00edmicamente. Perfecting Spray utiliza una mezcla de un desenredante cati\u00f3nico y un pol\u00edmero antideslizante que trabajan juntos para proporcionar un desenredado m\u00e1s f\u00e1cil, reduciendo as\u00ed el da\u00f1o causado por el desenredado h\u00famedo. La f\u00f3rmula tambi\u00e9n incluye activos derivados de plantas y marinos que brindan protecci\u00f3n UV y t\u00e9rmica. Una tecnolog\u00eda de liberaci\u00f3n prolongada proporciona acondicionamiento a lo largo del tiempo. La f\u00f3rmula est\u00e1 dise\u00f1ada para ser ligera y adecuada para todo tipo de cabello.<\/p>\n","protected":false},"excerpt":{"rendered":"<p><a href=\"https:\/\/robertabudasalon.com\/?attachment_id=9905\" rel=\"attachment wp-att-9905\"><img loading=\"lazy\" decoding=\"async\" class=\"alignleft size-medium wp-image-9905\" src=\"https:\/\/robertabudasalon.com\/wp-content\/uploads\/2020\/04\/living-proof-restore-pefecting-spray-256x300.jpg\" alt=\"Living Proof Resore\" width=\"256\" height=\"300\" srcset=\"https:\/\/robertabudasalon.com\/wp-content\/uploads\/2020\/04\/living-proof-restore-pefecting-spray.jpg 256w, https:\/\/robertabudasalon.com\/wp-content\/uploads\/2020\/04\/living-proof-restore-pefecting-spray.jpg 768w, https:\/\/robertabudasalon.com\/wp-content\/uploads\/2020\/04\/living-proof-restore-pefecting-spray.jpg 874w, https:\/\/robertabudasalon.com\/wp-content\/uploads\/2020\/04\/living-proof-restore-pefecting-spray.jpg 600w, https:\/\/robertabudasalon.com\/wp-content\/uploads\/2020\/04\/living-proof-restore-pefecting-spray.jpg 876w\" sizes=\"auto, (max-width: 256px) 100vw, 256px\" \/><\/a>236 ml<\/p>\n<p>Un desenredante acondicionador de peso pluma que ofrece todos los beneficios que el cabello seco y da\u00f1ado necesita para verse y sentirse m\u00e1s saludable.<\/p>\n<p>Brinda un impulso instant\u00e1neo de hidrataci\u00f3n.<br \/>\nMinimiza la rotura del desenredado h\u00famedo.<br \/>\nProporciona suavidad duradera y brillo natural.<br \/>\nProtecci\u00f3n contra el calor (hasta 400 \u00b0 F \/ 200 \u00b0 C).<\/p>\n","protected":false},"featured_media":9906,"comment_status":"open","ping_status":"closed","template":"","meta":{"nf_dc_page":"","jetpack_post_was_ever_published":false,"jetpack_publicize_message":"","jetpack_publicize_feature_enabled":true,"jetpack_social_post_already_shared":false,"jetpack_social_options":{"image_generator_settings":{"template":"highway","default_image_id":0,"font":"","enabled":false},"version":2}},"product_brand":[],"product_cat":[258,150,286,151],"product_tag":[155,1193,287,1194,288],"yst_prominent_words":[276,1761,277,1567,2804,2802,318,313,278,2803,324,1186,1784,1566,1563,1565,1562,1438,322,2801],"class_list":{"0":"post-10190","1":"product","2":"type-product","3":"status-publish","4":"has-post-thumbnail","6":"product_cat-color-es","7":"product_cat-living-proof-es","8":"product_cat-restore-es","9":"product_cat-shop-es","10":"product_tag-acondicionador","11":"product_tag-leave-in-conditioner-es","12":"product_tag-living-proof-restore-es","13":"product_tag-perfecting-spray-es","14":"product_tag-restore-es","15":"entry","17":"first","18":"instock","19":"shipping-taxable","20":"purchasable","21":"product-type-simple"},"jetpack_publicize_connections":[],"yoast_head":"<!-- This site is optimized with the Yoast SEO Premium plugin v14.4.1 - https:\/\/yoast.com\/wordpress\/plugins\/seo\/ -->\n<title>Living Proof RESTORE Perfecting Spray | Robert Abuda Merida Hair Salon<\/title>\n<meta name=\"description\" content=\"Living Proof RESTORE PERFECTING SPRAY | robert abuda salon | Hair &amp; Beauty Salon in Merida Mexico www.robertabudasalon.com TEL 999 926 3015\" \/>\n<meta name=\"robots\" content=\"index, follow\" \/>\n<meta name=\"googlebot\" content=\"index, follow, max-snippet:-1, max-image-preview:large, max-video-preview:-1\" \/>\n<meta name=\"bingbot\" content=\"index, follow, max-snippet:-1, max-image-preview:large, max-video-preview:-1\" \/>\n<link rel=\"canonical\" href=\"https:\/\/www.robertabudasalon.com\/es\/producto\/living-proof-perfecting-spray\/\" \/>\n<meta property=\"og:locale\" content=\"es_ES\" \/>\n<meta property=\"og:type\" content=\"article\" \/>\n<meta property=\"og:title\" content=\"Living Proof RESTORE Perfecting Spray | Robert Abuda Merida Hair Salon\" \/>\n<meta property=\"og:description\" content=\"Living Proof RESTORE PERFECTING SPRAY | robert abuda salon | Hair &amp; Beauty Salon in Merida Mexico www.robertabudasalon.com TEL 999 926 3015\" \/>\n<meta property=\"og:url\" content=\"https:\/\/www.robertabudasalon.com\/es\/producto\/living-proof-perfecting-spray\/\" \/>\n<meta property=\"og:site_name\" content=\"Robert Abuda Merida Hair Salon\" \/>\n<meta property=\"article:publisher\" content=\"https:\/\/www.facebook.com\/RobertAbudaSalondeBellezaMerida\" \/>\n<meta property=\"article:author\" content=\"https:\/\/www.facebook.com\/RobertAbudaSalondeBellezaMerida\" \/>\n<meta property=\"article:modified_time\" content=\"2020-06-03T02:49:47+00:00\" \/>\n<meta property=\"og:image\" content=\"https:\/\/robertabudasalon.com\/wp-content\/uploads\/2020\/04\/living-proof-restore-pefecting-spray.jpg\" \/>\n\t<meta property=\"og:image:width\" content=\"876\" \/>\n\t<meta property=\"og:image:height\" content=\"1026\" \/>\n<meta property=\"fb:app_id\" content=\"https:\/\/www.facebook.com\/RobertAbudaSalondeBellezaMerida\" \/>\n<meta name=\"twitter:card\" content=\"summary\" \/>\n<meta name=\"twitter:creator\" content=\"@RobAbudaSalon\" \/>\n<meta name=\"twitter:site\" content=\"@RobAbudaSalon\" \/>\n<script type=\"application\/ld+json\" class=\"yoast-schema-graph\">{\"@context\":\"https:\/\/schema.org\",\"@graph\":[{\"@type\":\"WebSite\",\"@id\":\"https:\/\/robertabudasalon.com\/es\/#website\",\"url\":\"https:\/\/robertabudasalon.com\/es\/\",\"name\":\"Robert Abuda Merida Hair Salon\",\"description\":\"Hair Salon Merida, Salon de Belleza Merida +52 999 926 3015, #470C Paseo de Montejo, Peluqueria y SPA.\",\"potentialAction\":[{\"@type\":\"SearchAction\",\"target\":\"https:\/\/robertabudasalon.com\/es\/?s={search_term_string}\",\"query-input\":\"required name=search_term_string\"}],\"inLanguage\":\"es-ES\"},{\"@type\":\"ImageObject\",\"@id\":\"https:\/\/www.robertabudasalon.com\/es\/producto\/living-proof-perfecting-spray\/#primaryimage\",\"inLanguage\":\"es-ES\",\"url\":\"https:\/\/robertabudasalon.com\/wp-content\/uploads\/2020\/04\/living-proof-restore-pefecting-spray.jpg\",\"width\":876,\"height\":1026,\"caption\":\"Living Proof Resore\"},{\"@type\":\"WebPage\",\"@id\":\"https:\/\/www.robertabudasalon.com\/es\/producto\/living-proof-perfecting-spray\/#webpage\",\"url\":\"https:\/\/www.robertabudasalon.com\/es\/producto\/living-proof-perfecting-spray\/\",\"name\":\"Living Proof RESTORE Perfecting Spray | Robert Abuda Merida Hair Salon\",\"isPartOf\":{\"@id\":\"https:\/\/robertabudasalon.com\/es\/#website\"},\"primaryImageOfPage\":{\"@id\":\"https:\/\/www.robertabudasalon.com\/es\/producto\/living-proof-perfecting-spray\/#primaryimage\"},\"datePublished\":\"2020-04-05T17:09:39+00:00\",\"dateModified\":\"2020-06-03T02:49:47+00:00\",\"description\":\"Living Proof RESTORE PERFECTING SPRAY | robert abuda salon | Hair & Beauty Salon in Merida Mexico www.robertabudasalon.com TEL 999 926 3015\",\"inLanguage\":\"es-ES\",\"potentialAction\":[{\"@type\":\"ReadAction\",\"target\":[\"https:\/\/www.robertabudasalon.com\/es\/producto\/living-proof-perfecting-spray\/\"]}]}]}<\/script>\n<!-- \/ Yoast SEO Premium plugin. -->","jetpack_sharing_enabled":true,"_links":{"self":[{"href":"https:\/\/robertabudasalon.com\/es\/wp-json\/wp\/v2\/product\/10190","targetHints":{"allow":["GET"]}}],"collection":[{"href":"https:\/\/robertabudasalon.com\/es\/wp-json\/wp\/v2\/product"}],"about":[{"href":"https:\/\/robertabudasalon.com\/es\/wp-json\/wp\/v2\/types\/product"}],"replies":[{"embeddable":true,"href":"https:\/\/robertabudasalon.com\/es\/wp-json\/wp\/v2\/comments?post=10190"}],"wp:featuredmedia":[{"embeddable":true,"href":"https:\/\/robertabudasalon.com\/es\/wp-json\/wp\/v2\/media\/9906"}],"wp:attachment":[{"href":"https:\/\/robertabudasalon.com\/es\/wp-json\/wp\/v2\/media?parent=10190"}],"wp:term":[{"taxonomy":"product_brand","embeddable":true,"href":"https:\/\/robertabudasalon.com\/es\/wp-json\/wp\/v2\/product_brand?post=10190"},{"taxonomy":"product_cat","embeddable":true,"href":"https:\/\/robertabudasalon.com\/es\/wp-json\/wp\/v2\/product_cat?post=10190"},{"taxonomy":"product_tag","embeddable":true,"href":"https:\/\/robertabudasalon.com\/es\/wp-json\/wp\/v2\/product_tag?post=10190"},{"taxonomy":"yst_prominent_words","embeddable":true,"href":"https:\/\/robertabudasalon.com\/es\/wp-json\/wp\/v2\/yst_prominent_words?post=10190"}],"curies":[{"name":"wp","href":"https:\/\/api.w.org\/{rel}","templated":true}]}}