{"id":10188,"date":"2020-04-05T12:18:52","date_gmt":"2020-04-05T17:18:52","guid":{"rendered":"https:\/\/www.robertabudasalon.com\/product\/perfect-hair-day-phd-shampoo\/"},"modified":"2020-06-21T13:48:59","modified_gmt":"2020-06-21T18:48:59","slug":"perfect-hair-day-phd-shampoo","status":"publish","type":"product","link":"https:\/\/robertabudasalon.com\/es\/shop\/perfect-hair-day-phd-shampoo\/","title":{"rendered":"Living Proof Shampoo PhD"},"content":{"rendered":"<p><img loading=\"lazy\" decoding=\"async\" class=\"alignleft size-medium wp-image-9981\" src=\"https:\/\/robertabudasalon.com\/wp-content\/uploads\/2020\/04\/living-proof-phd-shampoo-240x300.jpg\" alt=\"livng proof phd shampoo\" width=\"240\" height=\"300\" srcset=\"https:\/\/robertabudasalon.com\/wp-content\/uploads\/2020\/04\/living-proof-phd-shampoo.jpg 240w, https:\/\/robertabudasalon.com\/wp-content\/uploads\/2020\/04\/living-proof-phd-shampoo.jpg 600w\" sizes=\"auto, (max-width: 240px) 100vw, 240px\" \/>Comprar por Marca \u2013\u00a0<a href=\"https:\/\/robertabudasalon.com\/es\/product-category\/olaplex-es\/\" target=\"_blank\" rel=\"noreferrer noopener\">OLAPLEX<\/a>\u00a0|\u00a0<a href=\"https:\/\/robertabudasalon.com\/es\/product-category\/living-proof-es\/\" target=\"_blank\" rel=\"noreferrer noopener\">LIVING PROOF<\/a>\u00a0|\u00a0<a href=\"https:\/\/robertabudasalon.com\/es\/product-category\/balmain-es\/\" target=\"_blank\" rel=\"noreferrer noopener\">BALMAIN<\/a>\u00a0|\u00a0<a href=\"https:\/\/robertabudasalon.com\/es\/product-category\/malibu-c-es\/\" target=\"_blank\" rel=\"noreferrer noopener\">MALIBU C<\/a><\/p>\n<h3>Living Proof PhD Shampoo 236 ml<\/h3>\n<p>Shampoo PhD, <a href=\"http:\/\/www.livingproof.es\">Living Proof<\/a> es un champ\u00fa revolucionario que ayuda a brindar un cabello hermoso y saludable, mientras que ayuda a que el cabello se sienta m\u00e1s limpio y prolongado.<\/p>\n<p>Te ayuda a lavarte el cabello con menos frecuencia<br \/>\nHace que el cabello se vea m\u00e1s saludable al instante y mejora con el tiempo<\/p>\n<p>Shampoo PhD Living Proof fue formulado espec\u00edficamente para brindar el equilibrio ideal de los 5 beneficios que las mujeres buscan para un cabello hermoso y saludable: suavidad, volumen, acondicionamiento, fuerza y brillo. El doctorado es para mujeres con m\u00faltiples problemas de cabello o aquellas que se consideran con cabello &#8220;normal&#8221;.<\/p>\n<p style=\"text-align: center;\"><a href=\"https:\/\/robertabudasalon.com\/es\/categoria-producto\/living-proof-es\/\">COMPRA PRODUCTOS de BELLEZA MEXICO. ENVIOS A TODO MEXICO<\/a><\/p>\n<h4>\u00bfPara qui\u00e9n es el champ\u00fa Perfect Hair Day (PhD)?<\/h4>\n<p>Perfect Hair Day (PhD) es para cualquiera que quiera d\u00edas de cabello m\u00e1s perfectos. Ya sea que tenga m\u00faltiples problemas con el cabello o considere que tiene un cabello &#8220;normal&#8221;, el doctorado es para mujeres que buscan un equilibrio de suavidad, volumen, acondicionamiento, fuerza y \u200b\u200bpulido.<\/p>\n<h4>\u00bfEn qu\u00e9 se diferencia el champ\u00fa Perfect Hair Day (PhD) de No Frizz, Full and Restore?<\/h4>\n<p>PhD Shampoo fue formulado espec\u00edficamente para brindar el equilibrio ideal de los 5 beneficios que las mujeres buscan para un cabello hermoso y saludable: suavidad, volumen, acondicionamiento, fuerza y \u200b\u200bbrillo. El doctorado es para mujeres con m\u00faltiples problemas de cabello o aquellas que se consideran tener cabello &#8220;normal&#8221;. Nuestros champ\u00fas sin frizz, completos y de restauraci\u00f3n est\u00e1n formulados para enfocarse en una preocupaci\u00f3n espec\u00edfica.<\/p>\n<p>No Frizz Shampoo elimina el frizz al bloquear la humedad. Full Shampoo maximiza el grosor, la plenitud y el volumen. Restaura el champ\u00fa repara y protege el cabello seco o da\u00f1ado.<\/p>\n<h4>\u00bfLos champ\u00fas Living Proof est\u00e1n libres de sulfato?<\/h4>\n<p>S\u00ed, los champ\u00fas Living Proof no contienen sulfato y est\u00e1n dise\u00f1ados cuidadosamente para limpiar suavemente con una espuma rica y cremosa.<\/p>\n<h4>\u00bfPor qu\u00e9 deber\u00eda preocuparme por sin sulfato?<\/h4>\n<p>Los champ\u00fas con espuma Living Proof no contienen sulfato. Dise\u00f1amos cuidadosamente nuestros productos para ser suaves y crear una rica espuma cremosa. No todos los productos sin sulfato pueden reclamar esto. Creemos que si est\u00e1 buscando una alternativa de limpieza suave, tiene sentido considerar los champ\u00fas sin sulfato. Mientras que los sulfatos son agentes de limpieza muy efectivos que crean una gran espuma, crean una gran espuma; sin embargo, el uso excesivo puede despojar al cabello de sus aceites superficiales naturales y hacer que se sienta \u00e1spero, seco y quebradizo. Tambi\u00e9n puede quitarle al cuero cabelludo sus aceites naturales, lo que provoca sequedad e irritaci\u00f3n. Ejemplos de ingredientes de sulfato de uso com\u00fan que proporcionan una gran espuma incluyen lauril sulfato de sodio, lauril sulfato de sodio, lauril sulfato de amonio y lauril sulfato de sodio.<\/p>\n<h4>\u00bfCu\u00e1l es la fragancia en Perfect Hair Day (PhD) Shampoo?<\/h4>\n<p>Todos nuestros productos tienen una fragancia ligera, fresca y c\u00edtrica.<\/p>\n","protected":false},"excerpt":{"rendered":"<p><img loading=\"lazy\" decoding=\"async\" class=\"alignleft size-medium wp-image-9981\" src=\"https:\/\/robertabudasalon.com\/wp-content\/uploads\/2020\/04\/living-proof-phd-shampoo-240x300.jpg\" alt=\"livng proof phd shampoo\" width=\"240\" height=\"300\" srcset=\"https:\/\/robertabudasalon.com\/wp-content\/uploads\/2020\/04\/living-proof-phd-shampoo.jpg 240w, https:\/\/robertabudasalon.com\/wp-content\/uploads\/2020\/04\/living-proof-phd-shampoo.jpg 600w\" sizes=\"auto, (max-width: 240px) 100vw, 240px\" \/>236 ml<\/p>\n<p>Un champ\u00fa revolucionario que ayuda a brindar un cabello hermoso y saludable, mientras que ayuda a que el cabello se sienta m\u00e1s limpio y prolongado.<\/p>\n<p>Te ayuda a lavarte el cabello con menos frecuencia.<br \/>\nHace que el cabello se vea m\u00e1s saludable al instante y mejora con el tiempo.<\/p>\n","protected":false},"featured_media":9982,"comment_status":"closed","ping_status":"closed","template":"","meta":{"nf_dc_page":"","jetpack_post_was_ever_published":false,"jetpack_publicize_message":"","jetpack_publicize_feature_enabled":true,"jetpack_social_post_already_shared":false,"jetpack_social_options":{"image_generator_settings":{"template":"highway","default_image_id":0,"font":"","enabled":false},"version":2}},"product_brand":[],"product_cat":[150,454,250,151],"product_tag":[152,456,455,248],"yst_prominent_words":[2689,1972,2693,2683,2682,2679,2690,2691,2687,2686,2685,2692,2684,2694,2688,2680,2678,1971,1970,2681],"class_list":{"0":"post-10188","1":"product","2":"type-product","3":"status-publish","4":"has-post-thumbnail","6":"product_cat-living-proof-es","7":"product_cat-perfect-hair-day-es","8":"product_cat-shampoo-es","9":"product_cat-shop-es","10":"product_tag-living-proof-es","11":"product_tag-perfect-hair-day-es","12":"product_tag-phd-es","13":"product_tag-shampoo-es","14":"entry","16":"first","17":"outofstock","18":"shipping-taxable","19":"purchasable","20":"product-type-simple"},"jetpack_publicize_connections":[],"yoast_head":"<!-- This site is optimized with the Yoast SEO Premium plugin v14.4.1 - https:\/\/yoast.com\/wordpress\/plugins\/seo\/ -->\n<title>Living Proof Shampoo PhD | Robert Abuda Merida Hair Salon Belleza MX<\/title>\n<meta name=\"description\" content=\"Living Proof Shampoo PhD | Robert Abuda Merida Hair Salon | Productos de Belleza Mexico, Envios a todo M\u00e9xico. Living Proof, Balmain, Dermalogica.\" \/>\n<meta name=\"robots\" content=\"index, follow\" \/>\n<meta name=\"googlebot\" content=\"index, follow, max-snippet:-1, max-image-preview:large, max-video-preview:-1\" \/>\n<meta name=\"bingbot\" content=\"index, follow, max-snippet:-1, max-image-preview:large, max-video-preview:-1\" \/>\n<link rel=\"canonical\" href=\"https:\/\/www.robertabudasalon.com\/es\/producto\/perfect-hair-day-phd-shampoo\/\" \/>\n<meta property=\"og:locale\" content=\"es_ES\" \/>\n<meta property=\"og:type\" content=\"article\" \/>\n<meta property=\"og:title\" content=\"Living Proof Shampoo PhD | Robert Abuda Merida Hair Salon Belleza MX\" \/>\n<meta property=\"og:description\" content=\"Living Proof Shampoo PhD | Robert Abuda Merida Hair Salon | Productos de Belleza Mexico, Envios a todo M\u00e9xico. Living Proof, Balmain, Dermalogica.\" \/>\n<meta property=\"og:url\" content=\"https:\/\/www.robertabudasalon.com\/es\/producto\/perfect-hair-day-phd-shampoo\/\" \/>\n<meta property=\"og:site_name\" content=\"Robert Abuda Merida Hair Salon\" \/>\n<meta property=\"article:publisher\" content=\"https:\/\/www.facebook.com\/RobertAbudaSalondeBellezaMerida\" \/>\n<meta property=\"article:author\" content=\"https:\/\/www.facebook.com\/RobertAbudaSalondeBellezaMerida\" \/>\n<meta property=\"article:modified_time\" content=\"2020-06-21T18:48:59+00:00\" \/>\n<meta property=\"og:image\" content=\"https:\/\/robertabudasalon.com\/wp-content\/uploads\/2020\/04\/living-proof-phd-shampoo.jpg\" \/>\n\t<meta property=\"og:image:width\" content=\"600\" \/>\n\t<meta property=\"og:image:height\" content=\"750\" \/>\n<meta property=\"fb:app_id\" content=\"https:\/\/www.facebook.com\/RobertAbudaSalondeBellezaMerida\" \/>\n<meta name=\"twitter:card\" content=\"summary\" \/>\n<meta name=\"twitter:creator\" content=\"@RobAbudaSalon\" \/>\n<meta name=\"twitter:site\" content=\"@RobAbudaSalon\" \/>\n<script type=\"application\/ld+json\" class=\"yoast-schema-graph\">{\"@context\":\"https:\/\/schema.org\",\"@graph\":[{\"@type\":\"WebSite\",\"@id\":\"https:\/\/robertabudasalon.com\/es\/#website\",\"url\":\"https:\/\/robertabudasalon.com\/es\/\",\"name\":\"Robert Abuda Merida Hair Salon\",\"description\":\"Hair Salon Merida, Salon de Belleza Merida +52 999 926 3015, #470C Paseo de Montejo, Peluqueria y SPA.\",\"potentialAction\":[{\"@type\":\"SearchAction\",\"target\":\"https:\/\/robertabudasalon.com\/es\/?s={search_term_string}\",\"query-input\":\"required name=search_term_string\"}],\"inLanguage\":\"es-ES\"},{\"@type\":\"ImageObject\",\"@id\":\"https:\/\/www.robertabudasalon.com\/es\/producto\/perfect-hair-day-phd-shampoo\/#primaryimage\",\"inLanguage\":\"es-ES\",\"url\":\"https:\/\/robertabudasalon.com\/wp-content\/uploads\/2020\/04\/living-proof-phd-shampoo.jpg\",\"width\":600,\"height\":750,\"caption\":\"livng proof phd shampoo\"},{\"@type\":\"WebPage\",\"@id\":\"https:\/\/www.robertabudasalon.com\/es\/producto\/perfect-hair-day-phd-shampoo\/#webpage\",\"url\":\"https:\/\/www.robertabudasalon.com\/es\/producto\/perfect-hair-day-phd-shampoo\/\",\"name\":\"Living Proof Shampoo PhD | Robert Abuda Merida Hair Salon Belleza MX\",\"isPartOf\":{\"@id\":\"https:\/\/robertabudasalon.com\/es\/#website\"},\"primaryImageOfPage\":{\"@id\":\"https:\/\/www.robertabudasalon.com\/es\/producto\/perfect-hair-day-phd-shampoo\/#primaryimage\"},\"datePublished\":\"2020-04-05T17:18:52+00:00\",\"dateModified\":\"2020-06-21T18:48:59+00:00\",\"description\":\"Living Proof Shampoo PhD | Robert Abuda Merida Hair Salon | Productos de Belleza Mexico, Envios a todo M\\u00e9xico. Living Proof, Balmain, Dermalogica.\",\"inLanguage\":\"es-ES\",\"potentialAction\":[{\"@type\":\"ReadAction\",\"target\":[\"https:\/\/www.robertabudasalon.com\/es\/producto\/perfect-hair-day-phd-shampoo\/\"]}]}]}<\/script>\n<!-- \/ Yoast SEO Premium plugin. -->","jetpack_sharing_enabled":true,"_links":{"self":[{"href":"https:\/\/robertabudasalon.com\/es\/wp-json\/wp\/v2\/product\/10188","targetHints":{"allow":["GET"]}}],"collection":[{"href":"https:\/\/robertabudasalon.com\/es\/wp-json\/wp\/v2\/product"}],"about":[{"href":"https:\/\/robertabudasalon.com\/es\/wp-json\/wp\/v2\/types\/product"}],"replies":[{"embeddable":true,"href":"https:\/\/robertabudasalon.com\/es\/wp-json\/wp\/v2\/comments?post=10188"}],"wp:featuredmedia":[{"embeddable":true,"href":"https:\/\/robertabudasalon.com\/es\/wp-json\/wp\/v2\/media\/9982"}],"wp:attachment":[{"href":"https:\/\/robertabudasalon.com\/es\/wp-json\/wp\/v2\/media?parent=10188"}],"wp:term":[{"taxonomy":"product_brand","embeddable":true,"href":"https:\/\/robertabudasalon.com\/es\/wp-json\/wp\/v2\/product_brand?post=10188"},{"taxonomy":"product_cat","embeddable":true,"href":"https:\/\/robertabudasalon.com\/es\/wp-json\/wp\/v2\/product_cat?post=10188"},{"taxonomy":"product_tag","embeddable":true,"href":"https:\/\/robertabudasalon.com\/es\/wp-json\/wp\/v2\/product_tag?post=10188"},{"taxonomy":"yst_prominent_words","embeddable":true,"href":"https:\/\/robertabudasalon.com\/es\/wp-json\/wp\/v2\/yst_prominent_words?post=10188"}],"curies":[{"name":"wp","href":"https:\/\/api.w.org\/{rel}","templated":true}]}}