{"id":10183,"date":"2020-04-05T12:42:31","date_gmt":"2020-04-05T17:42:31","guid":{"rendered":"https:\/\/www.robertabudasalon.com\/product\/perfect-hair-day-phd-body-builder\/"},"modified":"2020-06-02T22:05:04","modified_gmt":"2020-06-03T03:05:04","slug":"phd-body-builder","status":"publish","type":"product","link":"https:\/\/robertabudasalon.com\/es\/shop\/phd-body-builder\/","title":{"rendered":"Perfect hair Day BODY BUILDER PhD"},"content":{"rendered":"<p><a href=\"https:\/\/robertabudasalon.com\/es\/?attachment_id=10008\" rel=\"attachment wp-att-10008\"><img loading=\"lazy\" decoding=\"async\" class=\"alignleft wp-image-10008 size-medium\" src=\"https:\/\/robertabudasalon.com\/wp-content\/uploads\/2020\/04\/phd_body_builder_front_cap-300x300.jpg\" alt=\"body builder PhD\" width=\"300\" height=\"300\" srcset=\"https:\/\/robertabudasalon.com\/wp-content\/uploads\/2020\/04\/phd_body_builder_front_cap.jpg 300w, https:\/\/robertabudasalon.com\/wp-content\/uploads\/2020\/04\/phd_body_builder_front_cap.jpg 1024w, https:\/\/robertabudasalon.com\/wp-content\/uploads\/2020\/04\/phd_body_builder_front_cap.jpg 150w, https:\/\/robertabudasalon.com\/wp-content\/uploads\/2020\/04\/phd_body_builder_front_cap.jpg 768w, https:\/\/robertabudasalon.com\/wp-content\/uploads\/2020\/04\/phd_body_builder_front_cap.jpg 1536w, https:\/\/robertabudasalon.com\/wp-content\/uploads\/2020\/04\/phd_body_builder_front_cap.jpg 600w, https:\/\/robertabudasalon.com\/wp-content\/uploads\/2020\/04\/phd_body_builder_front_cap.jpg 100w, https:\/\/robertabudasalon.com\/wp-content\/uploads\/2020\/04\/phd_body_builder_front_cap.jpg 2000w, http:\/\/robertabudasalon.com\/wp-content\/uploads\/2020\/04\/phd_body_builder_front_cap.jpg 1428w\" sizes=\"auto, (max-width: 300px) 100vw, 300px\" \/><\/a><\/p>\n<p><strong>Body Builder PhD<\/strong> &#8211; Una laca personalizable para la construcci\u00f3n del cuerpo que crea un cuerpo instant\u00e1neo y edificable con ligereza, movimiento y fijaci\u00f3n ligera.<\/p>\n<p>Boquilla personalizable.<\/p>\n<p>Cuerpo instant\u00e1neo para construir.<\/p>\n<p>Agrega ligereza y movimiento al cabello peinado.<\/p>\n<p>Asimiento ligero y <a href=\"http:\/\/www.livingproof.com\">t\u00e1ctil<\/a>.<\/p>\n<p>Protecci\u00f3n contra el calor (hasta 450 \u00b0 F \/ 230 \u00b0 C).<\/p>\n<p style=\"text-align: center;\"><a href=\"http:\/\/www.robertabudasalon.com\/es\/shop\/\">COMPRAR PRODUCTOS de BELLEZA MEXICO, LIVING PROOF<\/a><\/p>\n<p>&nbsp;<\/p>\n","protected":false},"excerpt":{"rendered":"<p>Una laca personalizable para la construcci\u00f3n del cuerpo que crea un cuerpo instant\u00e1neo y edificable con ligereza, movimiento y fijaci\u00f3n ligera.<\/p>\n<p>Boquilla personalizable.<\/p>\n<p>Cuerpo instant\u00e1neo para construir.<\/p>\n<p>Agrega ligereza y movimiento al cabello peinado.<\/p>\n<p>Asimiento ligero y t\u00e1ctil.<\/p>\n<p>Protecci\u00f3n contra el calor (hasta 450 \u00b0 F \/ 230 \u00b0 C).<\/p>\n<p><img loading=\"lazy\" decoding=\"async\" class=\"alignleft size-medium wp-image-10008\" src=\"https:\/\/robertabudasalon.com\/wp-content\/uploads\/2020\/04\/phd_body_builder_front_cap-300x300.jpg\" alt=\"\" width=\"300\" height=\"300\" srcset=\"https:\/\/robertabudasalon.com\/wp-content\/uploads\/2020\/04\/phd_body_builder_front_cap.jpg 300w, https:\/\/robertabudasalon.com\/wp-content\/uploads\/2020\/04\/phd_body_builder_front_cap.jpg 1024w, https:\/\/robertabudasalon.com\/wp-content\/uploads\/2020\/04\/phd_body_builder_front_cap.jpg 150w, https:\/\/robertabudasalon.com\/wp-content\/uploads\/2020\/04\/phd_body_builder_front_cap.jpg 768w, https:\/\/robertabudasalon.com\/wp-content\/uploads\/2020\/04\/phd_body_builder_front_cap.jpg 1536w, https:\/\/robertabudasalon.com\/wp-content\/uploads\/2020\/04\/phd_body_builder_front_cap.jpg 600w, https:\/\/robertabudasalon.com\/wp-content\/uploads\/2020\/04\/phd_body_builder_front_cap.jpg 100w, https:\/\/robertabudasalon.com\/wp-content\/uploads\/2020\/04\/phd_body_builder_front_cap.jpg 2000w, http:\/\/robertabudasalon.com\/wp-content\/uploads\/2020\/04\/phd_body_builder_front_cap.jpg 1428w\" sizes=\"auto, (max-width: 300px) 100vw, 300px\" \/><\/p>\n","protected":false},"featured_media":10009,"comment_status":"open","ping_status":"closed","template":"","meta":{"nf_dc_page":"","jetpack_post_was_ever_published":false,"jetpack_publicize_message":"","jetpack_publicize_feature_enabled":true,"jetpack_social_post_already_shared":false,"jetpack_social_options":{"image_generator_settings":{"template":"highway","default_image_id":0,"font":"","enabled":false},"version":2}},"product_brand":[],"product_cat":[150,454,151],"product_tag":[1171,152,456,455,153],"yst_prominent_words":[2063,2737,326,2739,2740,324,2738],"class_list":{"0":"post-10183","1":"product","2":"type-product","3":"status-publish","4":"has-post-thumbnail","6":"product_cat-living-proof-es","7":"product_cat-perfect-hair-day-es","8":"product_cat-shop-es","9":"product_tag-body-builder-es","10":"product_tag-living-proof-es","11":"product_tag-perfect-hair-day-es","12":"product_tag-phd-es","13":"product_tag-volume-es","14":"entry","16":"first","17":"instock","18":"shipping-taxable","19":"purchasable","20":"product-type-simple"},"jetpack_publicize_connections":[],"yoast_head":"<!-- This site is optimized with the Yoast SEO Premium plugin v14.4.1 - https:\/\/yoast.com\/wordpress\/plugins\/seo\/ -->\n<title>Perfect hair Day BODY BUILDER PhD | Robert Abuda Merida Hair Salon<\/title>\n<meta name=\"description\" content=\"Perfect hair Day BODY BUILDER PhD | Robert Abuda Merida Hair Salon Productos de Belleza Mexico. Envios todo a Mexico, Gratuito en Merida.\" \/>\n<meta name=\"robots\" content=\"index, follow\" \/>\n<meta name=\"googlebot\" content=\"index, follow, max-snippet:-1, max-image-preview:large, max-video-preview:-1\" \/>\n<meta name=\"bingbot\" content=\"index, follow, max-snippet:-1, max-image-preview:large, max-video-preview:-1\" \/>\n<link rel=\"canonical\" href=\"https:\/\/www.robertabudasalon.com\/es\/producto\/phd-body-builder\/\" \/>\n<meta property=\"og:locale\" content=\"es_ES\" \/>\n<meta property=\"og:type\" content=\"article\" \/>\n<meta property=\"og:title\" content=\"Perfect hair Day BODY BUILDER PhD | Robert Abuda Merida Hair Salon\" \/>\n<meta property=\"og:description\" content=\"Perfect hair Day BODY BUILDER PhD | Robert Abuda Merida Hair Salon Productos de Belleza Mexico. Envios todo a Mexico, Gratuito en Merida.\" \/>\n<meta property=\"og:url\" content=\"https:\/\/www.robertabudasalon.com\/es\/producto\/phd-body-builder\/\" \/>\n<meta property=\"og:site_name\" content=\"Robert Abuda Merida Hair Salon\" \/>\n<meta property=\"article:publisher\" content=\"https:\/\/www.facebook.com\/RobertAbudaSalondeBellezaMerida\" \/>\n<meta property=\"article:author\" content=\"https:\/\/www.facebook.com\/RobertAbudaSalondeBellezaMerida\" \/>\n<meta property=\"article:modified_time\" content=\"2020-06-03T03:05:04+00:00\" \/>\n<meta property=\"og:image\" content=\"https:\/\/robertabudasalon.com\/wp-content\/uploads\/2020\/04\/phd_body_builder_front_cap.jpg\" \/>\n\t<meta property=\"og:image:width\" content=\"2000\" \/>\n\t<meta property=\"og:image:height\" content=\"2000\" \/>\n<meta property=\"fb:app_id\" content=\"https:\/\/www.facebook.com\/RobertAbudaSalondeBellezaMerida\" \/>\n<meta name=\"twitter:card\" content=\"summary\" \/>\n<meta name=\"twitter:creator\" content=\"@RobAbudaSalon\" \/>\n<meta name=\"twitter:site\" content=\"@RobAbudaSalon\" \/>\n<script type=\"application\/ld+json\" class=\"yoast-schema-graph\">{\"@context\":\"https:\/\/schema.org\",\"@graph\":[{\"@type\":\"WebSite\",\"@id\":\"https:\/\/robertabudasalon.com\/es\/#website\",\"url\":\"https:\/\/robertabudasalon.com\/es\/\",\"name\":\"Robert Abuda Merida Hair Salon\",\"description\":\"Hair Salon Merida, Salon de Belleza Merida +52 999 926 3015, #470C Paseo de Montejo, Peluqueria y SPA.\",\"potentialAction\":[{\"@type\":\"SearchAction\",\"target\":\"https:\/\/robertabudasalon.com\/es\/?s={search_term_string}\",\"query-input\":\"required name=search_term_string\"}],\"inLanguage\":\"es-ES\"},{\"@type\":\"ImageObject\",\"@id\":\"https:\/\/www.robertabudasalon.com\/es\/producto\/phd-body-builder\/#primaryimage\",\"inLanguage\":\"es-ES\",\"url\":\"https:\/\/robertabudasalon.com\/wp-content\/uploads\/2020\/04\/phd_body_builder_front_cap.jpg\",\"width\":2000,\"height\":2000},{\"@type\":\"WebPage\",\"@id\":\"https:\/\/www.robertabudasalon.com\/es\/producto\/phd-body-builder\/#webpage\",\"url\":\"https:\/\/www.robertabudasalon.com\/es\/producto\/phd-body-builder\/\",\"name\":\"Perfect hair Day BODY BUILDER PhD | Robert Abuda Merida Hair Salon\",\"isPartOf\":{\"@id\":\"https:\/\/robertabudasalon.com\/es\/#website\"},\"primaryImageOfPage\":{\"@id\":\"https:\/\/www.robertabudasalon.com\/es\/producto\/phd-body-builder\/#primaryimage\"},\"datePublished\":\"2020-04-05T17:42:31+00:00\",\"dateModified\":\"2020-06-03T03:05:04+00:00\",\"description\":\"Perfect hair Day BODY BUILDER PhD | Robert Abuda Merida Hair Salon Productos de Belleza Mexico. Envios todo a Mexico, Gratuito en Merida.\",\"inLanguage\":\"es-ES\",\"potentialAction\":[{\"@type\":\"ReadAction\",\"target\":[\"https:\/\/www.robertabudasalon.com\/es\/producto\/phd-body-builder\/\"]}]}]}<\/script>\n<!-- \/ Yoast SEO Premium plugin. -->","jetpack_sharing_enabled":true,"_links":{"self":[{"href":"https:\/\/robertabudasalon.com\/es\/wp-json\/wp\/v2\/product\/10183","targetHints":{"allow":["GET"]}}],"collection":[{"href":"https:\/\/robertabudasalon.com\/es\/wp-json\/wp\/v2\/product"}],"about":[{"href":"https:\/\/robertabudasalon.com\/es\/wp-json\/wp\/v2\/types\/product"}],"replies":[{"embeddable":true,"href":"https:\/\/robertabudasalon.com\/es\/wp-json\/wp\/v2\/comments?post=10183"}],"wp:featuredmedia":[{"embeddable":true,"href":"https:\/\/robertabudasalon.com\/es\/wp-json\/wp\/v2\/media\/10009"}],"wp:attachment":[{"href":"https:\/\/robertabudasalon.com\/es\/wp-json\/wp\/v2\/media?parent=10183"}],"wp:term":[{"taxonomy":"product_brand","embeddable":true,"href":"https:\/\/robertabudasalon.com\/es\/wp-json\/wp\/v2\/product_brand?post=10183"},{"taxonomy":"product_cat","embeddable":true,"href":"https:\/\/robertabudasalon.com\/es\/wp-json\/wp\/v2\/product_cat?post=10183"},{"taxonomy":"product_tag","embeddable":true,"href":"https:\/\/robertabudasalon.com\/es\/wp-json\/wp\/v2\/product_tag?post=10183"},{"taxonomy":"yst_prominent_words","embeddable":true,"href":"https:\/\/robertabudasalon.com\/es\/wp-json\/wp\/v2\/yst_prominent_words?post=10183"}],"curies":[{"name":"wp","href":"https:\/\/api.w.org\/{rel}","templated":true}]}}