{"id":10182,"date":"2020-04-05T12:45:41","date_gmt":"2020-04-05T17:45:41","guid":{"rendered":"https:\/\/www.robertabudasalon.com\/product\/perfect-hair-day-phd-5-in-1-styling-tratamiento\/"},"modified":"2020-06-02T22:54:39","modified_gmt":"2020-06-03T03:54:39","slug":"phd-styling-tratamiento","status":"publish","type":"product","link":"https:\/\/robertabudasalon.com\/es\/shop\/phd-styling-tratamiento\/","title":{"rendered":"Living Proof PhD 5 en 1 Styling"},"content":{"rendered":"<h3><a href=\"https:\/\/robertabudasalon.com\/es\/?attachment_id=10006\" rel=\"attachment wp-att-10006\"><img loading=\"lazy\" decoding=\"async\" class=\"alignleft size-medium wp-image-10006\" src=\"https:\/\/robertabudasalon.com\/wp-content\/uploads\/2020\/04\/living-proof-5-in-1-300x300.jpg\" alt=\"Living Proof 5 in 1\" width=\"300\" height=\"300\" srcset=\"https:\/\/robertabudasalon.com\/wp-content\/uploads\/2020\/04\/living-proof-5-in-1.jpg 300w, https:\/\/robertabudasalon.com\/wp-content\/uploads\/2020\/04\/living-proof-5-in-1.jpg 150w, https:\/\/robertabudasalon.com\/wp-content\/uploads\/2020\/04\/living-proof-5-in-1.jpg 768w, https:\/\/robertabudasalon.com\/wp-content\/uploads\/2020\/04\/living-proof-5-in-1.jpg 600w, https:\/\/robertabudasalon.com\/wp-content\/uploads\/2020\/04\/living-proof-5-in-1.jpg 100w, https:\/\/robertabudasalon.com\/wp-content\/uploads\/2020\/04\/living-proof-5-in-1.jpg 1000w\" sizes=\"auto, (max-width: 300px) 100vw, 300px\" \/><\/a>118 ml<\/h3>\n<p>Un tratamiento de estilo genial que le permite peinar y tratar en un solo paso para lograr suavidad, volumen, acondicionamiento, resistencia y pulido.<\/p>\n<p>Estilos con volumen y suavidad.<br \/>\nCondiciona y fortalece.<br \/>\nAgrega brillo.<br \/>\nProtecci\u00f3n contra el calor (hasta 450 \u00b0 F \/ 230 \u00b0 C).<\/p>\n<p>PhD Styling Treatment es para todos aquellos que buscan el equilibrio perfecto de tratamiento y beneficios de estilo en un solo producto para lograr suavidad, volumen, acondicionamiento, resistencia y pulido.<\/p>\n<p>PhD Styling Treatment funciona bien cuando se seca al aire y por secado. Cada t\u00e9cnica le da un aspecto diferente. Seque el cabello secci\u00f3n por secci\u00f3n para una mayor suavidad y \/ o cuerpo y volumen. Para un revent\u00f3n m\u00e1s corporal, use un cepillo redondo. Para un revent\u00f3n elegante, use un cepillo plano. Aplique PhD Styling sobre el cabello h\u00famedo y permita que el cabello se seque al aire para un estilo suave y saludable con un cuerpo natural y un patr\u00f3n de rizo mejorado.<\/p>\n","protected":false},"excerpt":{"rendered":"<p><a href=\"https:\/\/robertabudasalon.com\/?attachment_id=10006\" rel=\"attachment wp-att-10006\"><img loading=\"lazy\" decoding=\"async\" class=\"alignleft size-medium wp-image-10006\" src=\"https:\/\/robertabudasalon.com\/wp-content\/uploads\/2020\/04\/living-proof-5-in-1-300x300.jpg\" alt=\"Living Proof 5 in 1\" width=\"300\" height=\"300\" srcset=\"https:\/\/robertabudasalon.com\/wp-content\/uploads\/2020\/04\/living-proof-5-in-1.jpg 300w, https:\/\/robertabudasalon.com\/wp-content\/uploads\/2020\/04\/living-proof-5-in-1.jpg 150w, https:\/\/robertabudasalon.com\/wp-content\/uploads\/2020\/04\/living-proof-5-in-1.jpg 768w, https:\/\/robertabudasalon.com\/wp-content\/uploads\/2020\/04\/living-proof-5-in-1.jpg 600w, https:\/\/robertabudasalon.com\/wp-content\/uploads\/2020\/04\/living-proof-5-in-1.jpg 100w, https:\/\/robertabudasalon.com\/wp-content\/uploads\/2020\/04\/living-proof-5-in-1.jpg 1000w\" sizes=\"auto, (max-width: 300px) 100vw, 300px\" \/><\/a>118 ml<\/p>\n<p>Un tratamiento de estilo genial que le permite peinar y tratar en un solo paso para lograr suavidad, volumen, acondicionamiento, resistencia y pulido.<\/p>\n<p>Estilos con volumen y suavidad.<br \/>\nCondiciona y fortalece.<br \/>\nAgrega brillo.<br \/>\nProtecci\u00f3n contra el calor (hasta 450 \u00b0 F \/ 230 \u00b0 C).<\/p>\n","protected":false},"featured_media":10007,"comment_status":"open","ping_status":"closed","template":"","meta":{"nf_dc_page":"","jetpack_post_was_ever_published":false,"jetpack_publicize_message":"","jetpack_publicize_feature_enabled":true,"jetpack_social_post_already_shared":false,"jetpack_social_options":{"image_generator_settings":{"template":"highway","default_image_id":0,"font":"","enabled":false},"version":2}},"product_brand":[],"product_cat":[150,454,151],"product_tag":[1157,152,456,455],"yst_prominent_words":[2836,2830,313,2831,2833,2827,2823,2832,2826,2822,2838,1149,1147,2837,2834,2828,2824,2835,2829,2825],"class_list":{"0":"post-10182","1":"product","2":"type-product","3":"status-publish","4":"has-post-thumbnail","6":"product_cat-living-proof-es","7":"product_cat-perfect-hair-day-es","8":"product_cat-shop-es","9":"product_tag-5-in-1-styling-crema","10":"product_tag-living-proof-es","11":"product_tag-perfect-hair-day-es","12":"product_tag-phd-es","13":"entry","15":"first","16":"instock","17":"shipping-taxable","18":"purchasable","19":"product-type-simple"},"jetpack_publicize_connections":[],"yoast_head":"<!-- This site is optimized with the Yoast SEO Premium plugin v14.4.1 - https:\/\/yoast.com\/wordpress\/plugins\/seo\/ -->\n<title>Living Proof PhD 5 en 1 Styling | Robert Abuda Merida Hair Salon<\/title>\n<meta name=\"description\" content=\"Living Proof PhD 5 en 1 Styling | Robert Abuda Merida Hair Salon de Belleza ubicado en 470C Paseo de Montejo, Centro, Merida, Yucatan, Mexico.\" \/>\n<meta name=\"robots\" content=\"index, follow\" \/>\n<meta name=\"googlebot\" content=\"index, follow, max-snippet:-1, max-image-preview:large, max-video-preview:-1\" \/>\n<meta name=\"bingbot\" content=\"index, follow, max-snippet:-1, max-image-preview:large, max-video-preview:-1\" \/>\n<link rel=\"canonical\" href=\"https:\/\/www.robertabudasalon.com\/es\/producto\/phd-styling-tratamiento\/\" \/>\n<meta property=\"og:locale\" content=\"es_ES\" \/>\n<meta property=\"og:type\" content=\"article\" \/>\n<meta property=\"og:title\" content=\"Living Proof PhD 5 en 1 Styling | Robert Abuda Merida Hair Salon\" \/>\n<meta property=\"og:description\" content=\"Living Proof PhD 5 en 1 Styling | Robert Abuda Merida Hair Salon de Belleza ubicado en 470C Paseo de Montejo, Centro, Merida, Yucatan, Mexico.\" \/>\n<meta property=\"og:url\" content=\"https:\/\/www.robertabudasalon.com\/es\/producto\/phd-styling-tratamiento\/\" \/>\n<meta property=\"og:site_name\" content=\"Robert Abuda Merida Hair Salon\" \/>\n<meta property=\"article:publisher\" content=\"https:\/\/www.facebook.com\/RobertAbudaSalondeBellezaMerida\" \/>\n<meta property=\"article:author\" content=\"https:\/\/www.facebook.com\/RobertAbudaSalondeBellezaMerida\" \/>\n<meta property=\"article:modified_time\" content=\"2020-06-03T03:54:39+00:00\" \/>\n<meta property=\"og:image\" content=\"https:\/\/robertabudasalon.com\/wp-content\/uploads\/2020\/04\/living-proof-5-in-1.jpg\" \/>\n\t<meta property=\"og:image:width\" content=\"1000\" \/>\n\t<meta property=\"og:image:height\" content=\"1000\" \/>\n<meta property=\"fb:app_id\" content=\"https:\/\/www.facebook.com\/RobertAbudaSalondeBellezaMerida\" \/>\n<meta name=\"twitter:card\" content=\"summary\" \/>\n<meta name=\"twitter:creator\" content=\"@RobAbudaSalon\" \/>\n<meta name=\"twitter:site\" content=\"@RobAbudaSalon\" \/>\n<script type=\"application\/ld+json\" class=\"yoast-schema-graph\">{\"@context\":\"https:\/\/schema.org\",\"@graph\":[{\"@type\":\"WebSite\",\"@id\":\"https:\/\/robertabudasalon.com\/es\/#website\",\"url\":\"https:\/\/robertabudasalon.com\/es\/\",\"name\":\"Robert Abuda Merida Hair Salon\",\"description\":\"Hair Salon Merida, Salon de Belleza Merida +52 999 926 3015, #470C Paseo de Montejo, Peluqueria y SPA.\",\"potentialAction\":[{\"@type\":\"SearchAction\",\"target\":\"https:\/\/robertabudasalon.com\/es\/?s={search_term_string}\",\"query-input\":\"required name=search_term_string\"}],\"inLanguage\":\"es-ES\"},{\"@type\":\"ImageObject\",\"@id\":\"https:\/\/www.robertabudasalon.com\/es\/producto\/phd-styling-tratamiento\/#primaryimage\",\"inLanguage\":\"es-ES\",\"url\":\"https:\/\/robertabudasalon.com\/wp-content\/uploads\/2020\/04\/living-proof-5-in-1.jpg\",\"width\":1000,\"height\":1000,\"caption\":\"Living Proof 5 en 1\"},{\"@type\":\"WebPage\",\"@id\":\"https:\/\/www.robertabudasalon.com\/es\/producto\/phd-styling-tratamiento\/#webpage\",\"url\":\"https:\/\/www.robertabudasalon.com\/es\/producto\/phd-styling-tratamiento\/\",\"name\":\"Living Proof PhD 5 en 1 Styling | Robert Abuda Merida Hair Salon\",\"isPartOf\":{\"@id\":\"https:\/\/robertabudasalon.com\/es\/#website\"},\"primaryImageOfPage\":{\"@id\":\"https:\/\/www.robertabudasalon.com\/es\/producto\/phd-styling-tratamiento\/#primaryimage\"},\"datePublished\":\"2020-04-05T17:45:41+00:00\",\"dateModified\":\"2020-06-03T03:54:39+00:00\",\"description\":\"Living Proof PhD 5 en 1 Styling | Robert Abuda Merida Hair Salon de Belleza ubicado en 470C Paseo de Montejo, Centro, Merida, Yucatan, Mexico.\",\"inLanguage\":\"es-ES\",\"potentialAction\":[{\"@type\":\"ReadAction\",\"target\":[\"https:\/\/www.robertabudasalon.com\/es\/producto\/phd-styling-tratamiento\/\"]}]}]}<\/script>\n<!-- \/ Yoast SEO Premium plugin. -->","jetpack_sharing_enabled":true,"_links":{"self":[{"href":"https:\/\/robertabudasalon.com\/es\/wp-json\/wp\/v2\/product\/10182","targetHints":{"allow":["GET"]}}],"collection":[{"href":"https:\/\/robertabudasalon.com\/es\/wp-json\/wp\/v2\/product"}],"about":[{"href":"https:\/\/robertabudasalon.com\/es\/wp-json\/wp\/v2\/types\/product"}],"replies":[{"embeddable":true,"href":"https:\/\/robertabudasalon.com\/es\/wp-json\/wp\/v2\/comments?post=10182"}],"wp:featuredmedia":[{"embeddable":true,"href":"https:\/\/robertabudasalon.com\/es\/wp-json\/wp\/v2\/media\/10007"}],"wp:attachment":[{"href":"https:\/\/robertabudasalon.com\/es\/wp-json\/wp\/v2\/media?parent=10182"}],"wp:term":[{"taxonomy":"product_brand","embeddable":true,"href":"https:\/\/robertabudasalon.com\/es\/wp-json\/wp\/v2\/product_brand?post=10182"},{"taxonomy":"product_cat","embeddable":true,"href":"https:\/\/robertabudasalon.com\/es\/wp-json\/wp\/v2\/product_cat?post=10182"},{"taxonomy":"product_tag","embeddable":true,"href":"https:\/\/robertabudasalon.com\/es\/wp-json\/wp\/v2\/product_tag?post=10182"},{"taxonomy":"yst_prominent_words","embeddable":true,"href":"https:\/\/robertabudasalon.com\/es\/wp-json\/wp\/v2\/yst_prominent_words?post=10182"}],"curies":[{"name":"wp","href":"https:\/\/api.w.org\/{rel}","templated":true}]}}