{"id":10177,"date":"2020-04-05T12:56:58","date_gmt":"2020-04-05T17:56:58","guid":{"rendered":"https:\/\/www.robertabudasalon.com\/product\/living-proof-style-lab-amp-textura-volumizante\/"},"modified":"2020-06-16T13:15:53","modified_gmt":"2020-06-16T18:15:53","slug":"lp-textura-volumizante","status":"publish","type":"product","link":"https:\/\/robertabudasalon.com\/es\/shop\/lp-textura-volumizante\/","title":{"rendered":"Living Proof Style Lab Textura Volumizante"},"content":{"rendered":"<h3><img loading=\"lazy\" decoding=\"async\" class=\"alignleft size-medium wp-image-10000\" src=\"https:\/\/robertabudasalon.com\/wp-content\/uploads\/2020\/04\/style-lab-amp-texture-volumizer-300x300.jpg\" alt=\"living proof texture volumizer\" width=\"300\" height=\"300\" srcset=\"https:\/\/robertabudasalon.com\/wp-content\/uploads\/2020\/04\/style-lab-amp-texture-volumizer.jpg 300w, https:\/\/robertabudasalon.com\/wp-content\/uploads\/2020\/04\/style-lab-amp-texture-volumizer.jpg 150w, https:\/\/robertabudasalon.com\/wp-content\/uploads\/2020\/04\/style-lab-amp-texture-volumizer.jpg 100w, https:\/\/robertabudasalon.com\/wp-content\/uploads\/2020\/04\/style-lab-amp-texture-volumizer.jpg 500w\" sizes=\"auto, (max-width: 300px) 100vw, 300px\" \/>Style Lab Textura Volumizante 57 g<\/h3>\n<p>Style Lab Textura Volumizante es un producto de peinado instant\u00e1neo, multifac\u00e9tico, f\u00e1cil de usar, impulsado por nuestra mol\u00e9cula milagrosa, para proporcionar volumen amplificado, textura t\u00e1ctil y fijaci\u00f3n flexible para el cabello seco. Los resultados son instant\u00e1neos y recuperables por hasta 36 horas. Sin <a href=\"https:\/\/www.livingproof.es\/blogliving\/las-siliconas-y-sus-efectos\/\">siliconas ni aceites<\/a>.<\/p>\n<p>Crea volumen instant\u00e1neo y textura en el cabello seco.<br \/>\nEs flexible y reestilizable.<br \/>\nTiene una capacidad de recuperaci\u00f3n duradera.<br \/>\nRetenci\u00f3n de luz.<br \/>\nAcabado natural.<\/p>\n<h4>\u00bfLas instrucciones de uso de Amp\u00b2 Texture Volumizer var\u00edan seg\u00fan el estilo de cabello?<\/h4>\n<p>S\u00ed, el uso de Amp\u00b2 Texture Volumizer var\u00eda ligeramente seg\u00fan la longitud y el corte del cabello. Todos deber\u00edan comenzar con una cantidad del tama\u00f1o de una moneda de diez centavos agregando gradualmente m\u00e1s seg\u00fan sea necesario. Se pueden lograr varios efectos a trav\u00e9s de t\u00e9cnicas de aplicaci\u00f3n ligeramente diferentes. En cortes de pelo m\u00e1s cortos, aplique Amp\u00b2 Texture Volumizer directamente a las ra\u00edces para obtener el m\u00e1ximo volumen y rastrille hasta los extremos para obtener una definici\u00f3n y textura suaves. Aplicar directamente a los extremos para la definici\u00f3n de la pieza. En cortes de cabello m\u00e1s largos, aplique Amp\u00b2 Texture Volumizer en las secciones debajo del cabello en una direcci\u00f3n hacia arriba para aumentar el volumen y trabajar en capas y frotar para agregar textura. Gira y juega para a\u00f1adir definici\u00f3n y movimiento.<\/p>\n<p><a href=\"http:\/\/www.robertabudasalon.com\/products\/living-proof\/\">SHOP MORE LIVING PROOF PRODUCTS<\/a><\/p>\n","protected":false},"excerpt":{"rendered":"<p><a href=\"https:\/\/robertabudasalon.com\/?attachment_id=10000\" rel=\"attachment wp-att-10000\"><img loading=\"lazy\" decoding=\"async\" class=\"alignleft size-medium wp-image-10000\" src=\"https:\/\/robertabudasalon.com\/wp-content\/uploads\/2020\/04\/style-lab-amp-texture-volumizer-300x300.jpg\" alt=\"living proof texture volumizer\" width=\"300\" height=\"300\" srcset=\"https:\/\/robertabudasalon.com\/wp-content\/uploads\/2020\/04\/style-lab-amp-texture-volumizer.jpg 300w, https:\/\/robertabudasalon.com\/wp-content\/uploads\/2020\/04\/style-lab-amp-texture-volumizer.jpg 150w, https:\/\/robertabudasalon.com\/wp-content\/uploads\/2020\/04\/style-lab-amp-texture-volumizer.jpg 100w, https:\/\/robertabudasalon.com\/wp-content\/uploads\/2020\/04\/style-lab-amp-texture-volumizer.jpg 500w\" sizes=\"auto, (max-width: 300px) 100vw, 300px\" \/><\/a>57 g<\/p>\n<p>Una crema para peinar que crea un volumen amplificado, una textura t\u00e1ctil y una fijaci\u00f3n flexible sobre el cabello seco para una revitalizaci\u00f3n duradera.<\/p>\n<p>Crea volumen instant\u00e1neo y textura en el cabello seco.<br \/>\nEs flexible y reestilizable.<br \/>\nTiene una capacidad de recuperaci\u00f3n duradera.<br \/>\nRetenci\u00f3n de luz.<br \/>\nAcabado natural.<\/p>\n","protected":false},"featured_media":10001,"comment_status":"open","ping_status":"closed","template":"","meta":{"nf_dc_page":"","jetpack_post_was_ever_published":false,"jetpack_publicize_message":"","jetpack_publicize_feature_enabled":true,"jetpack_social_post_already_shared":false,"jetpack_social_options":{"image_generator_settings":{"template":"highway","default_image_id":0,"font":"","enabled":false},"version":2}},"product_brand":[],"product_cat":[150,151,1126],"product_tag":[495,1128,1127,1125,284,1133],"yst_prominent_words":[1782,1773,1780,1776,1778,1775,313,1760,1779,1769,1768,1781,1757,1767,1766,1770,811,1777,1774,1772],"class_list":{"0":"post-10177","1":"product","2":"type-product","3":"status-publish","4":"has-post-thumbnail","6":"product_cat-living-proof-es","7":"product_cat-shop-es","8":"product_cat-style-lab-es","9":"product_tag-hair-salon-merida-es","10":"product_tag-salon-de-belleza-merida-es-2","11":"product_tag-style-lab-es","12":"product_tag-styling-product-es","13":"product_tag-textura","14":"product_tag-volumizer-es","15":"entry","17":"first","18":"outofstock","19":"sale","20":"shipping-taxable","21":"purchasable","22":"product-type-simple"},"jetpack_publicize_connections":[],"yoast_head":"<!-- This site is optimized with the Yoast SEO Premium plugin v14.4.1 - https:\/\/yoast.com\/wordpress\/plugins\/seo\/ -->\n<title>Living Proof Style Lab Textura Volumizante | Robert Abuda Merida Hair Salon<\/title>\n<meta name=\"description\" content=\"Style Lab Textura Volumizante | Robert Abuda Salon | Hair &amp; Beauty Salon ubicacion en el Paseo de Montejo, Merida Mexico.\" \/>\n<meta name=\"robots\" content=\"index, follow\" \/>\n<meta name=\"googlebot\" content=\"index, follow, max-snippet:-1, max-image-preview:large, max-video-preview:-1\" \/>\n<meta name=\"bingbot\" content=\"index, follow, max-snippet:-1, max-image-preview:large, max-video-preview:-1\" \/>\n<link rel=\"canonical\" href=\"https:\/\/www.robertabudasalon.com\/es\/producto\/lp-textura-volumizante\/\" \/>\n<meta property=\"og:locale\" content=\"es_ES\" \/>\n<meta property=\"og:type\" content=\"article\" \/>\n<meta property=\"og:title\" content=\"Living Proof Style Lab Textura Volumizante | Robert Abuda Merida Hair Salon\" \/>\n<meta property=\"og:description\" content=\"Style Lab Textura Volumizante | Robert Abuda Salon | Hair &amp; Beauty Salon ubicacion en el Paseo de Montejo, Merida Mexico.\" \/>\n<meta property=\"og:url\" content=\"https:\/\/www.robertabudasalon.com\/es\/producto\/lp-textura-volumizante\/\" \/>\n<meta property=\"og:site_name\" content=\"Robert Abuda Merida Hair Salon\" \/>\n<meta property=\"article:publisher\" content=\"https:\/\/www.facebook.com\/RobertAbudaSalondeBellezaMerida\" \/>\n<meta property=\"article:author\" content=\"https:\/\/www.facebook.com\/RobertAbudaSalondeBellezaMerida\" \/>\n<meta property=\"article:modified_time\" content=\"2020-06-16T18:15:53+00:00\" \/>\n<meta property=\"og:image\" content=\"https:\/\/robertabudasalon.com\/wp-content\/uploads\/2020\/04\/style-lab-amp-texture-volumizer.jpg\" \/>\n\t<meta property=\"og:image:width\" content=\"500\" \/>\n\t<meta property=\"og:image:height\" content=\"500\" \/>\n<meta property=\"fb:app_id\" content=\"https:\/\/www.facebook.com\/RobertAbudaSalondeBellezaMerida\" \/>\n<meta name=\"twitter:card\" content=\"summary\" \/>\n<meta name=\"twitter:creator\" content=\"@RobAbudaSalon\" \/>\n<meta name=\"twitter:site\" content=\"@RobAbudaSalon\" \/>\n<script type=\"application\/ld+json\" class=\"yoast-schema-graph\">{\"@context\":\"https:\/\/schema.org\",\"@graph\":[{\"@type\":\"WebSite\",\"@id\":\"https:\/\/robertabudasalon.com\/es\/#website\",\"url\":\"https:\/\/robertabudasalon.com\/es\/\",\"name\":\"Robert Abuda Merida Hair Salon\",\"description\":\"Hair Salon Merida, Salon de Belleza Merida +52 999 926 3015, #470C Paseo de Montejo, Peluqueria y SPA.\",\"potentialAction\":[{\"@type\":\"SearchAction\",\"target\":\"https:\/\/robertabudasalon.com\/es\/?s={search_term_string}\",\"query-input\":\"required name=search_term_string\"}],\"inLanguage\":\"es-ES\"},{\"@type\":\"ImageObject\",\"@id\":\"https:\/\/www.robertabudasalon.com\/es\/producto\/lp-textura-volumizante\/#primaryimage\",\"inLanguage\":\"es-ES\",\"url\":\"https:\/\/robertabudasalon.com\/wp-content\/uploads\/2020\/04\/style-lab-amp-texture-volumizer.jpg\",\"width\":500,\"height\":500,\"caption\":\"living proof textura volumizante\"},{\"@type\":\"WebPage\",\"@id\":\"https:\/\/www.robertabudasalon.com\/es\/producto\/lp-textura-volumizante\/#webpage\",\"url\":\"https:\/\/www.robertabudasalon.com\/es\/producto\/lp-textura-volumizante\/\",\"name\":\"Living Proof Style Lab Textura Volumizante | Robert Abuda Merida Hair Salon\",\"isPartOf\":{\"@id\":\"https:\/\/robertabudasalon.com\/es\/#website\"},\"primaryImageOfPage\":{\"@id\":\"https:\/\/www.robertabudasalon.com\/es\/producto\/lp-textura-volumizante\/#primaryimage\"},\"datePublished\":\"2020-04-05T17:56:58+00:00\",\"dateModified\":\"2020-06-16T18:15:53+00:00\",\"description\":\"Style Lab Textura Volumizante | Robert Abuda Salon | Hair & Beauty Salon ubicacion en el Paseo de Montejo, Merida Mexico.\",\"inLanguage\":\"es-ES\",\"potentialAction\":[{\"@type\":\"ReadAction\",\"target\":[\"https:\/\/www.robertabudasalon.com\/es\/producto\/lp-textura-volumizante\/\"]}]}]}<\/script>\n<!-- \/ Yoast SEO Premium plugin. -->","jetpack_sharing_enabled":true,"_links":{"self":[{"href":"https:\/\/robertabudasalon.com\/es\/wp-json\/wp\/v2\/product\/10177","targetHints":{"allow":["GET"]}}],"collection":[{"href":"https:\/\/robertabudasalon.com\/es\/wp-json\/wp\/v2\/product"}],"about":[{"href":"https:\/\/robertabudasalon.com\/es\/wp-json\/wp\/v2\/types\/product"}],"replies":[{"embeddable":true,"href":"https:\/\/robertabudasalon.com\/es\/wp-json\/wp\/v2\/comments?post=10177"}],"wp:featuredmedia":[{"embeddable":true,"href":"https:\/\/robertabudasalon.com\/es\/wp-json\/wp\/v2\/media\/10001"}],"wp:attachment":[{"href":"https:\/\/robertabudasalon.com\/es\/wp-json\/wp\/v2\/media?parent=10177"}],"wp:term":[{"taxonomy":"product_brand","embeddable":true,"href":"https:\/\/robertabudasalon.com\/es\/wp-json\/wp\/v2\/product_brand?post=10177"},{"taxonomy":"product_cat","embeddable":true,"href":"https:\/\/robertabudasalon.com\/es\/wp-json\/wp\/v2\/product_cat?post=10177"},{"taxonomy":"product_tag","embeddable":true,"href":"https:\/\/robertabudasalon.com\/es\/wp-json\/wp\/v2\/product_tag?post=10177"},{"taxonomy":"yst_prominent_words","embeddable":true,"href":"https:\/\/robertabudasalon.com\/es\/wp-json\/wp\/v2\/yst_prominent_words?post=10177"}],"curies":[{"name":"wp","href":"https:\/\/api.w.org\/{rel}","templated":true}]}}