{"id":10168,"date":"2020-04-04T14:50:04","date_gmt":"2020-04-04T20:50:04","guid":{"rendered":"https:\/\/www.robertabudasalon.com\/product\/olaplex-no-7-bonding-oil\/"},"modified":"2020-06-21T14:32:44","modified_gmt":"2020-06-21T19:32:44","slug":"olaplex-no-7-bonding-aceite","status":"publish","type":"product","link":"https:\/\/robertabudasalon.com\/es\/shop\/olaplex-no-7-bonding-aceite\/","title":{"rendered":"#1 Olaplex Bonding Aceite No. 7"},"content":{"rendered":"<h3><span style=\"font-size: 1rem;\"><a href=\"https:\/\/robertabudasalon.com\/es\/?attachment_id=9806\" rel=\"attachment wp-att-9806\"><img loading=\"lazy\" decoding=\"async\" class=\"alignleft wp-image-9806 size-medium\" src=\"http:\/\/robertabudasalon.com\/wp-content\/uploads\/2020\/04\/olaplex-7-300x300.jpg\" alt=\"Olaplex Bonding Aceite\" width=\"300\" height=\"300\" srcset=\"https:\/\/robertabudasalon.com\/wp-content\/uploads\/2020\/04\/olaplex-7.jpg 300w, https:\/\/robertabudasalon.com\/wp-content\/uploads\/2020\/04\/olaplex-7.jpg 150w, https:\/\/robertabudasalon.com\/wp-content\/uploads\/2020\/04\/olaplex-7.jpg 768w, https:\/\/robertabudasalon.com\/wp-content\/uploads\/2020\/04\/olaplex-7.jpg 1024w, https:\/\/robertabudasalon.com\/wp-content\/uploads\/2020\/04\/olaplex-7.jpg 600w, https:\/\/robertabudasalon.com\/wp-content\/uploads\/2020\/04\/olaplex-7.jpg 100w, https:\/\/robertabudasalon.com\/wp-content\/uploads\/2020\/04\/olaplex-7.jpg 1600w, http:\/\/robertabudasalon.com\/wp-content\/uploads\/2020\/04\/olaplex-7.jpg 1428w\" sizes=\"auto, (max-width: 300px) 100vw, 300px\" \/><\/a>Shop by Brand \u2013\u00a0<a href=\"https:\/\/robertabudasalon.com\/product-category\/olaplex\/\" target=\"_blank\" rel=\"noreferrer noopener\">OLAPLEX<\/a>\u00a0|\u00a0<a href=\"https:\/\/robertabudasalon.com\/product-category\/living-proof\/\" target=\"_blank\" rel=\"noreferrer noopener\">LIVING PROOF<\/a>\u00a0|\u00a0<a href=\"https:\/\/robertabudasalon.com\/product-category\/balmain\/\" target=\"_blank\" rel=\"noreferrer noopener\">BALMAIN<\/a>\u00a0|\u00a0<a href=\"https:\/\/robertabudasalon.com\/product-category\/malibu-c\/\" target=\"_blank\" rel=\"noreferrer noopener\">MALIBU C<\/a><\/span><\/h3>\n<h3>Olaplex Bonding Aceite <span style=\"font-size: 1rem;\">30 ml<\/span><\/h3>\n<p><strong><span style=\"font-size: 1rem;\"><a href=\"http:\/\/www.olaplex.es\">Olaplex<\/a> Bonding Aceite No 7. <\/span><\/strong>Un aceite reparador altamente concentrado y sin peso. Aumenta dr\u00e1sticamente el brillo, la suavidad y la vitalidad del color. Reduce al m\u00ednimo el vuelo y el encrespamiento. Proporciona protecci\u00f3n t\u00e9rmica de hasta 450 \u00b0.<\/p>\n<p>Beneficios clave:<br \/>\n&#8211; Repara el cabello da\u00f1ado y comprometido<br \/>\n&#8211; Fortalece y protege la estructura del cabello.<br \/>\n&#8211; Restaura la apariencia y textura saludable<br \/>\n&#8211; Brillo, brillo y manejabilidad mejorados<\/p>\n<h4>Uso sugerido de Olaplex Bonding Aceite:<\/h4>\n<p>Quite la tapa.<br \/>\nGire la botella al rev\u00e9s y toque suavemente el dedo \u00edndice en la parte inferior de la botella para dispensar una gota dosificada.<br \/>\nAplique una peque\u00f1a cantidad sobre el cabello h\u00famedo o seco, peine como desee.<br \/>\n* Funciona en cabello h\u00famedo, h\u00famedo o seco.<\/p>\n<p>Adecuado y beneficioso para todo tipo de cabello.<br \/>\nLibre de parabeno.<br \/>\nSin sulfatos.<br \/>\nLibre de ftalato.<br \/>\nLibre de crueldad.<\/p>\n<p>El\u00a0<strong>No.4 Bond Maintenance Shampoo<\/strong>\u00a0de\u00a0<strong>Olaplex<\/strong>\u00a0es un shampoo para cuidado y mantenimiento de cabello con el tratamiento\u00a0<strong>No. 3<\/strong>\u00a0de\u00a0<strong>Olaplex,\u00a0<\/strong>que adem\u00e1s de cuidar, hidratar, fortalecer y reparar tu cabello, lo dejar\u00e1 mucho m\u00e1s manejable, suave, saludable y sin\u00a0<em>frizz<\/em>\u00a0con cada uso.<\/p>\n<p>Para mejor resultado y mantenimiento, usa tambi\u00e9n el<strong>\u00a0No. 4 Bond Maintenance Conditioner.<\/strong><\/p>\n<h4 style=\"text-align: center;\">Shop by Brand \u2013\u00a0<a href=\"https:\/\/robertabudasalon.com\/product-category\/olaplex\/\" target=\"_blank\" rel=\"noreferrer noopener\">OLAPLEX<\/a>\u00a0|\u00a0<a href=\"https:\/\/robertabudasalon.com\/product-category\/living-proof\/\" target=\"_blank\" rel=\"noreferrer noopener\">LIVING PROOF<\/a>\u00a0|\u00a0<a href=\"https:\/\/robertabudasalon.com\/product-category\/balmain\/\" target=\"_blank\" rel=\"noreferrer noopener\">BALMAIN<\/a>\u00a0|\u00a0<a href=\"https:\/\/robertabudasalon.com\/product-category\/malibu-c\/\" target=\"_blank\" rel=\"noreferrer noopener\">MALIBU C<\/a><\/h4>\n","protected":false},"excerpt":{"rendered":"<p>30 ml<img loading=\"lazy\" decoding=\"async\" class=\"alignleft size-medium wp-image-9806\" src=\"https:\/\/robertabudasalon.com\/wp-content\/uploads\/2020\/04\/olaplex-7-300x300.jpg\" alt=\"Olaplex No. 7 Bonding Oil\" width=\"300\" height=\"300\" srcset=\"https:\/\/robertabudasalon.com\/wp-content\/uploads\/2020\/04\/olaplex-7.jpg 300w, https:\/\/robertabudasalon.com\/wp-content\/uploads\/2020\/04\/olaplex-7.jpg 150w, https:\/\/robertabudasalon.com\/wp-content\/uploads\/2020\/04\/olaplex-7.jpg 768w, https:\/\/robertabudasalon.com\/wp-content\/uploads\/2020\/04\/olaplex-7.jpg 1024w, https:\/\/robertabudasalon.com\/wp-content\/uploads\/2020\/04\/olaplex-7.jpg 600w, https:\/\/robertabudasalon.com\/wp-content\/uploads\/2020\/04\/olaplex-7.jpg 100w, https:\/\/robertabudasalon.com\/wp-content\/uploads\/2020\/04\/olaplex-7.jpg 1600w, http:\/\/robertabudasalon.com\/wp-content\/uploads\/2020\/04\/olaplex-7.jpg 1428w\" sizes=\"auto, (max-width: 300px) 100vw, 300px\" \/><\/p>\n<p>Un aceite reparador altamente concentrado y sin peso. Aumenta dr\u00e1sticamente el brillo, la suavidad y la vitalidad del color. Reduce al m\u00ednimo el vuelo y el encrespamiento. Proporciona protecci\u00f3n t\u00e9rmica de hasta 450 \u00b0.<\/p>\n<p>Beneficios clave:<br \/>\n&#8211; Repara el cabello da\u00f1ado y comprometido.<br \/>\n&#8211; Fortalece y protege la estructura del cabello.<br \/>\n&#8211; Restaura la apariencia y textura saludable.<br \/>\n&#8211; Brillo, brillo y manejabilidad mejorados.<\/p>\n","protected":false},"featured_media":9807,"comment_status":"closed","ping_status":"closed","template":"","meta":{"nf_dc_page":"","jetpack_post_was_ever_published":false,"jetpack_publicize_message":"","jetpack_publicize_feature_enabled":true,"jetpack_social_post_already_shared":false,"jetpack_social_options":{"image_generator_settings":{"template":"highway","default_image_id":0,"font":"","enabled":false},"version":2}},"product_brand":[],"product_cat":[494,151],"product_tag":[293,495,490,1093,1084,491,1094,1083,1095],"yst_prominent_words":[2191,2195,2929,672,1567,2192,313,2184,1436,2183,1437,791,1489,2185,2189,2194,2928,2919,2193,2190],"class_list":{"0":"post-10168","1":"product","2":"type-product","3":"status-publish","4":"has-post-thumbnail","6":"product_cat-olaplex-es","7":"product_cat-shop-es","8":"product_tag-aceite-de-argan","9":"product_tag-hair-salon-merida-es","10":"product_tag-olaplex-es","11":"product_tag-olaplex-bond-oil-es","12":"product_tag-olaplex-conditioner-es","13":"product_tag-olaplex-hair-es","14":"product_tag-olaplex-hair-salon-merida-es","15":"product_tag-olaplex-merida-es","16":"product_tag-olaplex-no-7-es","17":"entry","19":"first","20":"instock","21":"sale","22":"featured","23":"purchasable","24":"product-type-simple"},"jetpack_publicize_connections":[],"yoast_head":"<!-- This site is optimized with the Yoast SEO Premium plugin v14.4.1 - https:\/\/yoast.com\/wordpress\/plugins\/seo\/ -->\n<title>#1 Olaplex Bonding Aceite No. 7 | Robert Abuda Merida Hair Salon Merida<\/title>\n<meta name=\"description\" content=\"#1 Olaplex Bonding Aceite No. 7 | Robert Abuda Merida Hair Salon Merida | Olaplex Mexico se vende en linea. Servicio a Domicilio Gratuito Merida.\" \/>\n<meta name=\"robots\" content=\"index, follow\" \/>\n<meta name=\"googlebot\" content=\"index, follow, max-snippet:-1, max-image-preview:large, max-video-preview:-1\" \/>\n<meta name=\"bingbot\" content=\"index, follow, max-snippet:-1, max-image-preview:large, max-video-preview:-1\" \/>\n<link rel=\"canonical\" href=\"https:\/\/robertabudasalon.com\/es\/shop\/olaplex-no-7-bonding-aceite\/\" \/>\n<meta property=\"og:locale\" content=\"es_ES\" \/>\n<meta property=\"og:type\" content=\"article\" \/>\n<meta property=\"og:title\" content=\"#1 Olaplex Bonding Aceite No. 7 | Robert Abuda Merida Hair Salon Merida\" \/>\n<meta property=\"og:description\" content=\"#1 Olaplex Bonding Aceite No. 7 | Robert Abuda Merida Hair Salon Merida | Olaplex Mexico se vende en linea. Servicio a Domicilio Gratuito Merida.\" \/>\n<meta property=\"og:url\" content=\"https:\/\/robertabudasalon.com\/es\/shop\/olaplex-no-7-bonding-aceite\/\" \/>\n<meta property=\"og:site_name\" content=\"Robert Abuda Merida Hair Salon\" \/>\n<meta property=\"article:publisher\" content=\"https:\/\/www.facebook.com\/RobertAbudaSalondeBellezaMerida\" \/>\n<meta property=\"article:author\" content=\"https:\/\/www.facebook.com\/RobertAbudaSalondeBellezaMerida\" \/>\n<meta property=\"article:modified_time\" content=\"2020-06-21T19:32:44+00:00\" \/>\n<meta property=\"og:image\" content=\"https:\/\/robertabudasalon.com\/wp-content\/uploads\/2020\/04\/olaplex-7.jpg\" \/>\n\t<meta property=\"og:image:width\" content=\"1600\" \/>\n\t<meta property=\"og:image:height\" content=\"1600\" \/>\n<meta property=\"fb:app_id\" content=\"https:\/\/www.facebook.com\/RobertAbudaSalondeBellezaMerida\" \/>\n<meta name=\"twitter:card\" content=\"summary\" \/>\n<meta name=\"twitter:creator\" content=\"@RobAbudaSalon\" \/>\n<meta name=\"twitter:site\" content=\"@RobAbudaSalon\" \/>\n<script type=\"application\/ld+json\" class=\"yoast-schema-graph\">{\"@context\":\"https:\/\/schema.org\",\"@graph\":[{\"@type\":\"WebSite\",\"@id\":\"https:\/\/robertabudasalon.com\/es\/#website\",\"url\":\"https:\/\/robertabudasalon.com\/es\/\",\"name\":\"Robert Abuda Merida Hair Salon\",\"description\":\"Hair Salon Merida, Salon de Belleza Merida +52 999 926 3015, #470C Paseo de Montejo, Peluqueria y SPA.\",\"potentialAction\":[{\"@type\":\"SearchAction\",\"target\":\"https:\/\/robertabudasalon.com\/es\/?s={search_term_string}\",\"query-input\":\"required name=search_term_string\"}],\"inLanguage\":\"es-ES\"},{\"@type\":\"ImageObject\",\"@id\":\"https:\/\/robertabudasalon.com\/es\/shop\/olaplex-no-7-bonding-aceite\/#primaryimage\",\"inLanguage\":\"es-ES\",\"url\":\"https:\/\/robertabudasalon.com\/wp-content\/uploads\/2020\/04\/olaplex-7.jpg\",\"width\":1600,\"height\":1600,\"caption\":\"Olaplex No. 7 Bonding Oil\"},{\"@type\":\"WebPage\",\"@id\":\"https:\/\/robertabudasalon.com\/es\/shop\/olaplex-no-7-bonding-aceite\/#webpage\",\"url\":\"https:\/\/robertabudasalon.com\/es\/shop\/olaplex-no-7-bonding-aceite\/\",\"name\":\"#1 Olaplex Bonding Aceite No. 7 | Robert Abuda Merida Hair Salon Merida\",\"isPartOf\":{\"@id\":\"https:\/\/robertabudasalon.com\/es\/#website\"},\"primaryImageOfPage\":{\"@id\":\"https:\/\/robertabudasalon.com\/es\/shop\/olaplex-no-7-bonding-aceite\/#primaryimage\"},\"datePublished\":\"2020-04-04T20:50:04+00:00\",\"dateModified\":\"2020-06-21T19:32:44+00:00\",\"description\":\"#1 Olaplex Bonding Aceite No. 7 | Robert Abuda Merida Hair Salon Merida | Olaplex Mexico se vende en linea. Servicio a Domicilio Gratuito Merida.\",\"inLanguage\":\"es-ES\",\"potentialAction\":[{\"@type\":\"ReadAction\",\"target\":[\"https:\/\/robertabudasalon.com\/es\/shop\/olaplex-no-7-bonding-aceite\/\"]}]}]}<\/script>\n<!-- \/ Yoast SEO Premium plugin. -->","jetpack_sharing_enabled":true,"_links":{"self":[{"href":"https:\/\/robertabudasalon.com\/es\/wp-json\/wp\/v2\/product\/10168","targetHints":{"allow":["GET"]}}],"collection":[{"href":"https:\/\/robertabudasalon.com\/es\/wp-json\/wp\/v2\/product"}],"about":[{"href":"https:\/\/robertabudasalon.com\/es\/wp-json\/wp\/v2\/types\/product"}],"replies":[{"embeddable":true,"href":"https:\/\/robertabudasalon.com\/es\/wp-json\/wp\/v2\/comments?post=10168"}],"wp:featuredmedia":[{"embeddable":true,"href":"https:\/\/robertabudasalon.com\/es\/wp-json\/wp\/v2\/media\/9807"}],"wp:attachment":[{"href":"https:\/\/robertabudasalon.com\/es\/wp-json\/wp\/v2\/media?parent=10168"}],"wp:term":[{"taxonomy":"product_brand","embeddable":true,"href":"https:\/\/robertabudasalon.com\/es\/wp-json\/wp\/v2\/product_brand?post=10168"},{"taxonomy":"product_cat","embeddable":true,"href":"https:\/\/robertabudasalon.com\/es\/wp-json\/wp\/v2\/product_cat?post=10168"},{"taxonomy":"product_tag","embeddable":true,"href":"https:\/\/robertabudasalon.com\/es\/wp-json\/wp\/v2\/product_tag?post=10168"},{"taxonomy":"yst_prominent_words","embeddable":true,"href":"https:\/\/robertabudasalon.com\/es\/wp-json\/wp\/v2\/yst_prominent_words?post=10168"}],"curies":[{"name":"wp","href":"https:\/\/api.w.org\/{rel}","templated":true}]}}