{"id":10167,"date":"2020-04-04T14:23:38","date_gmt":"2020-04-04T20:23:38","guid":{"rendered":"https:\/\/www.robertabudasalon.com\/product\/olaplex-no-6-bond-smoother\/"},"modified":"2020-06-21T10:44:45","modified_gmt":"2020-06-21T15:44:45","slug":"olaplex-bond-smoother","status":"publish","type":"product","link":"https:\/\/robertabudasalon.com\/es\/shop\/olaplex-bond-smoother\/","title":{"rendered":"#1 Olaplex Bond Smoother No. 6"},"content":{"rendered":"<p data-gtm-vis-first-on-screen-8809160_111=\"9282\" data-gtm-vis-total-visible-time-8809160_111=\"100\" data-gtm-vis-has-fired-8809160_111=\"1\"><a href=\"https:\/\/robertabudasalon.com\/es\/?attachment_id=9804\" rel=\"attachment wp-att-9804\"><img loading=\"lazy\" decoding=\"async\" class=\"alignleft wp-image-9804 size-medium\" src=\"http:\/\/robertabudasalon.com\/wp-content\/uploads\/2020\/04\/olaplex-6-merida-300x300.jpg\" alt=\"Olaplex Bond Smoother\" width=\"300\" height=\"300\" srcset=\"https:\/\/robertabudasalon.com\/wp-content\/uploads\/2020\/04\/olaplex-6-merida.jpg 300w, https:\/\/robertabudasalon.com\/wp-content\/uploads\/2020\/04\/olaplex-6-merida.jpg 150w, https:\/\/robertabudasalon.com\/wp-content\/uploads\/2020\/04\/olaplex-6-merida.jpg 768w, https:\/\/robertabudasalon.com\/wp-content\/uploads\/2020\/04\/olaplex-6-merida.jpg 1024w, https:\/\/robertabudasalon.com\/wp-content\/uploads\/2020\/04\/olaplex-6-merida.jpg 600w, https:\/\/robertabudasalon.com\/wp-content\/uploads\/2020\/04\/olaplex-6-merida.jpg 100w, https:\/\/robertabudasalon.com\/wp-content\/uploads\/2020\/04\/olaplex-6-merida.jpg 1600w, http:\/\/robertabudasalon.com\/wp-content\/uploads\/2020\/04\/olaplex-6-merida.jpg 1428w\" sizes=\"auto, (max-width: 300px) 100vw, 300px\" \/><\/a><strong>Olaplex Bond Smoother No. 6<\/strong> es una crema reparadora de peinado sin enjuague que elimina el encrespamiento, hidrata y protege todo tipo de cabello.<\/p>\n<p><a href=\"http:\/\/www.olaplex.com\">Olaplex<\/a> Bond Smoother esta crema suavizante concentrada sin enjuague es excelente para todo tipo de cabello, incluido el cabello te\u00f1ido y tratado qu\u00edmicamente. OLAPLEX No. 6 fortalece, hidrata, hidrata y acelera los tiempos de secado mientras suaviza. Elimine el encrespamiento y los restos de vuelo por hasta 72 horas.<\/p>\n<p style=\"text-align: center;\"><a href=\"https:\/\/robertabudasalon.com\/es\/product-category\/olaplex-es\/\"><strong>SHOP OLAPLEX MEXICO, PRODUCTOS de BELLEZA<\/strong><\/a><\/p>\n<p>Un tratamiento, no un acondicionador, que reduce la rotura. Fortalece visiblemente el cabello, mejorando su aspecto y sensaci\u00f3n.<\/p>\n<h4>Beneficios clave:<\/h4>\n<p>Repara el cabello da\u00f1ado y comprometido.<br \/>\nFortalece y protege la estructura del cabello.<br \/>\nRestaura la apariencia y textura saludable.<\/p>\n<p>Uso sugerido:<br \/>\nAplique una cantidad generosa desde las ra\u00edces hasta las puntas sobre el cabello h\u00famedo y secado con toalla.<br \/>\nPeinar una vez y dejar actuar durante un m\u00ednimo de 10 minutos o m\u00e1s.<br \/>\nEnjuague del cabello, champ\u00fa y acondicione.<\/p>\n<p>Adecuado y beneficioso para todo tipo de cabello.<br \/>\nLibre de parabeno.<br \/>\nSin sulfatos.<br \/>\nLibre de ftalato.<br \/>\nLibre de crueldad.<br \/>\nVegano.<\/p>\n<h4>Olaplex Bond Smoother<\/h4>\n<p>Muchas se han enterado de la existencia del Olaplex, ese tratamiento capilar que promete proteger y sanar de a alguna forma, nuestro cabello.<\/p>\n<p>Se ha hecho m\u00e1s conocido porque muchos peluqueros profesionales lo usan en el proceso de decoloraci\u00f3n y\/o tinturaci\u00f3n del cabello mostrando los resultados que sorprenden porque el pelo, a pesar de haber sido sometido a fuertes tratamientos qu\u00edmicos como la decoloraci\u00f3n, no se da\u00f1a.<\/p>\n<p>Lamentablemente para las consumidoras finales, el negocio de Olaplex busca convertir el tratamiento con este producto, en un servicio de lujo de peluquer\u00edas, por esto mismo s\u00f3lo lo venden a quienes tengan un certificado de estilista\/peluquero.<\/p>\n","protected":false},"excerpt":{"rendered":"<p><a href=\"https:\/\/robertabudasalon.com\/?attachment_id=9804\" rel=\"attachment wp-att-9804\"><img loading=\"lazy\" decoding=\"async\" class=\"alignleft size-medium wp-image-9804\" src=\"https:\/\/robertabudasalon.com\/wp-content\/uploads\/2020\/04\/olaplex-6-merida-300x300.jpg\" alt=\"Olaplex No. 6 Bond Smoother\" width=\"300\" height=\"300\" srcset=\"https:\/\/robertabudasalon.com\/wp-content\/uploads\/2020\/04\/olaplex-6-merida.jpg 300w, https:\/\/robertabudasalon.com\/wp-content\/uploads\/2020\/04\/olaplex-6-merida.jpg 150w, https:\/\/robertabudasalon.com\/wp-content\/uploads\/2020\/04\/olaplex-6-merida.jpg 768w, https:\/\/robertabudasalon.com\/wp-content\/uploads\/2020\/04\/olaplex-6-merida.jpg 1024w, https:\/\/robertabudasalon.com\/wp-content\/uploads\/2020\/04\/olaplex-6-merida.jpg 600w, https:\/\/robertabudasalon.com\/wp-content\/uploads\/2020\/04\/olaplex-6-merida.jpg 100w, https:\/\/robertabudasalon.com\/wp-content\/uploads\/2020\/04\/olaplex-6-merida.jpg 1600w, http:\/\/robertabudasalon.com\/wp-content\/uploads\/2020\/04\/olaplex-6-merida.jpg 1428w\" sizes=\"auto, (max-width: 300px) 100vw, 300px\" \/><\/a>Esta crema suavizante concentrada sin enjuague es excelente para todo tipo de cabello, incluido el cabello te\u00f1ido y tratado qu\u00edmicamente. OLAPLEX N \u00b0 6 fortalece, hidrata, hidrata y acelera los tiempos de secado mientras suaviza. Elimine el encrespamiento y los restos de vuelo por hasta 72 horas. Un tratamiento, no un acondicionador, que reduce la rotura. Fortalece visiblemente el cabello, mejorando su aspecto y sensaci\u00f3n.<\/p>\n<p>Beneficios clave:<br \/>\nRepara el cabello da\u00f1ado y comprometido.<br \/>\nFortalece y protege la estructura del cabello.<br \/>\nRestaura la apariencia y textura saludable.<\/p>\n","protected":false},"featured_media":9805,"comment_status":"closed","ping_status":"closed","template":"","meta":{"nf_dc_page":"","jetpack_post_was_ever_published":false,"jetpack_publicize_message":"","jetpack_publicize_feature_enabled":true,"jetpack_social_post_already_shared":false,"jetpack_social_options":{"image_generator_settings":{"template":"highway","default_image_id":0,"font":"","enabled":false},"version":2}},"product_brand":[],"product_cat":[494,151],"product_tag":[490,1092,1091],"yst_prominent_words":[747,1567,669,313,1569,1570,1437,2196,2197,1572,1564,1440,1439,1568,1566,1563,1565,1562,1438,1571],"class_list":{"0":"post-10167","1":"product","2":"type-product","3":"status-publish","4":"has-post-thumbnail","6":"product_cat-olaplex-es","7":"product_cat-shop-es","8":"product_tag-olaplex-es","9":"product_tag-olaplex-bond-smoother-es","10":"product_tag-olaplex-no-6-es","11":"entry","13":"first","14":"instock","15":"sale","16":"shipping-taxable","17":"purchasable","18":"product-type-simple"},"jetpack_publicize_connections":[],"yoast_head":"<!-- This site is optimized with the Yoast SEO Premium plugin v14.4.1 - https:\/\/yoast.com\/wordpress\/plugins\/seo\/ -->\n<title>#1 Olaplex Bond Smoother No. 6 | Robert Abuda Merida Hair Salon |<\/title>\n<meta name=\"description\" content=\"#1 Olaplex Bond Smoother No. 6 | Robert Abuda Merida Hair Salon | Productos de Belleza Mexico. Balmain, Olaplex, Living Proof y mas. Servicio a domicilio gratuito MID\" \/>\n<meta name=\"robots\" content=\"index, follow\" \/>\n<meta name=\"googlebot\" content=\"index, follow, max-snippet:-1, max-image-preview:large, max-video-preview:-1\" \/>\n<meta name=\"bingbot\" content=\"index, follow, max-snippet:-1, max-image-preview:large, max-video-preview:-1\" \/>\n<link rel=\"canonical\" href=\"https:\/\/robertabudasalon.com\/es\/shop\/olaplex-bond-smoother\/\" \/>\n<meta property=\"og:locale\" content=\"es_ES\" \/>\n<meta property=\"og:type\" content=\"article\" \/>\n<meta property=\"og:title\" content=\"#1 Olaplex Bond Smoother No. 6 | Robert Abuda Merida Hair Salon |\" \/>\n<meta property=\"og:description\" content=\"#1 Olaplex Bond Smoother No. 6 | Robert Abuda Merida Hair Salon | Productos de Belleza Mexico. Balmain, Olaplex, Living Proof y mas. Servicio a domicilio gratuito MID\" \/>\n<meta property=\"og:url\" content=\"https:\/\/robertabudasalon.com\/es\/shop\/olaplex-bond-smoother\/\" \/>\n<meta property=\"og:site_name\" content=\"Robert Abuda Merida Hair Salon\" \/>\n<meta property=\"article:publisher\" content=\"https:\/\/www.facebook.com\/RobertAbudaSalondeBellezaMerida\" \/>\n<meta property=\"article:author\" content=\"https:\/\/www.facebook.com\/RobertAbudaSalondeBellezaMerida\" \/>\n<meta property=\"article:modified_time\" content=\"2020-06-21T15:44:45+00:00\" \/>\n<meta property=\"og:image\" content=\"https:\/\/robertabudasalon.com\/wp-content\/uploads\/2020\/04\/olaplex-6-merida.jpg\" \/>\n\t<meta property=\"og:image:width\" content=\"1600\" \/>\n\t<meta property=\"og:image:height\" content=\"1600\" \/>\n<meta property=\"fb:app_id\" content=\"https:\/\/www.facebook.com\/RobertAbudaSalondeBellezaMerida\" \/>\n<meta name=\"twitter:card\" content=\"summary\" \/>\n<meta name=\"twitter:creator\" content=\"@RobAbudaSalon\" \/>\n<meta name=\"twitter:site\" content=\"@RobAbudaSalon\" \/>\n<script type=\"application\/ld+json\" class=\"yoast-schema-graph\">{\"@context\":\"https:\/\/schema.org\",\"@graph\":[{\"@type\":\"WebSite\",\"@id\":\"https:\/\/robertabudasalon.com\/es\/#website\",\"url\":\"https:\/\/robertabudasalon.com\/es\/\",\"name\":\"Robert Abuda Merida Hair Salon\",\"description\":\"Hair Salon Merida, Salon de Belleza Merida +52 999 926 3015, #470C Paseo de Montejo, Peluqueria y SPA.\",\"potentialAction\":[{\"@type\":\"SearchAction\",\"target\":\"https:\/\/robertabudasalon.com\/es\/?s={search_term_string}\",\"query-input\":\"required name=search_term_string\"}],\"inLanguage\":\"es-ES\"},{\"@type\":\"ImageObject\",\"@id\":\"https:\/\/robertabudasalon.com\/es\/shop\/olaplex-bond-smoother\/#primaryimage\",\"inLanguage\":\"es-ES\",\"url\":\"https:\/\/robertabudasalon.com\/wp-content\/uploads\/2020\/04\/olaplex-6-merida.jpg\",\"width\":1600,\"height\":1600,\"caption\":\"Olaplex No. 6 Bond Smoother\"},{\"@type\":\"WebPage\",\"@id\":\"https:\/\/robertabudasalon.com\/es\/shop\/olaplex-bond-smoother\/#webpage\",\"url\":\"https:\/\/robertabudasalon.com\/es\/shop\/olaplex-bond-smoother\/\",\"name\":\"#1 Olaplex Bond Smoother No. 6 | Robert Abuda Merida Hair Salon |\",\"isPartOf\":{\"@id\":\"https:\/\/robertabudasalon.com\/es\/#website\"},\"primaryImageOfPage\":{\"@id\":\"https:\/\/robertabudasalon.com\/es\/shop\/olaplex-bond-smoother\/#primaryimage\"},\"datePublished\":\"2020-04-04T20:23:38+00:00\",\"dateModified\":\"2020-06-21T15:44:45+00:00\",\"description\":\"#1 Olaplex Bond Smoother No. 6 | Robert Abuda Merida Hair Salon | Productos de Belleza Mexico. Balmain, Olaplex, Living Proof y mas. Servicio a domicilio gratuito MID\",\"inLanguage\":\"es-ES\",\"potentialAction\":[{\"@type\":\"ReadAction\",\"target\":[\"https:\/\/robertabudasalon.com\/es\/shop\/olaplex-bond-smoother\/\"]}]}]}<\/script>\n<!-- \/ Yoast SEO Premium plugin. -->","jetpack_sharing_enabled":true,"_links":{"self":[{"href":"https:\/\/robertabudasalon.com\/es\/wp-json\/wp\/v2\/product\/10167","targetHints":{"allow":["GET"]}}],"collection":[{"href":"https:\/\/robertabudasalon.com\/es\/wp-json\/wp\/v2\/product"}],"about":[{"href":"https:\/\/robertabudasalon.com\/es\/wp-json\/wp\/v2\/types\/product"}],"replies":[{"embeddable":true,"href":"https:\/\/robertabudasalon.com\/es\/wp-json\/wp\/v2\/comments?post=10167"}],"wp:featuredmedia":[{"embeddable":true,"href":"https:\/\/robertabudasalon.com\/es\/wp-json\/wp\/v2\/media\/9805"}],"wp:attachment":[{"href":"https:\/\/robertabudasalon.com\/es\/wp-json\/wp\/v2\/media?parent=10167"}],"wp:term":[{"taxonomy":"product_brand","embeddable":true,"href":"https:\/\/robertabudasalon.com\/es\/wp-json\/wp\/v2\/product_brand?post=10167"},{"taxonomy":"product_cat","embeddable":true,"href":"https:\/\/robertabudasalon.com\/es\/wp-json\/wp\/v2\/product_cat?post=10167"},{"taxonomy":"product_tag","embeddable":true,"href":"https:\/\/robertabudasalon.com\/es\/wp-json\/wp\/v2\/product_tag?post=10167"},{"taxonomy":"yst_prominent_words","embeddable":true,"href":"https:\/\/robertabudasalon.com\/es\/wp-json\/wp\/v2\/yst_prominent_words?post=10167"}],"curies":[{"name":"wp","href":"https:\/\/api.w.org\/{rel}","templated":true}]}}