{"id":10165,"date":"2020-04-04T14:18:30","date_gmt":"2020-04-04T20:18:30","guid":{"rendered":"https:\/\/www.robertabudasalon.com\/product\/olaplex-no-5-conditioner\/"},"modified":"2020-06-18T12:01:46","modified_gmt":"2020-06-18T17:01:46","slug":"olaplex-no-5-conditioner","status":"publish","type":"product","link":"https:\/\/robertabudasalon.com\/es\/shop\/olaplex-no-5-conditioner\/","title":{"rendered":"#1 Olaplex No. 5 ACONDICIONADOR"},"content":{"rendered":"<p><a href=\"https:\/\/robertabudasalon.com\/es\/?attachment_id=9801\" rel=\"attachment wp-att-9801\"><img loading=\"lazy\" decoding=\"async\" class=\"alignleft size-medium wp-image-9801\" src=\"http:\/\/robertabudasalon.com\/wp-content\/uploads\/2020\/04\/olaplex-5-merida-300x300.jpg\" alt=\"Olaplex No. 5 Conditioner \" width=\"300\" height=\"300\" srcset=\"https:\/\/robertabudasalon.com\/wp-content\/uploads\/2020\/04\/olaplex-5-merida.jpg 300w, https:\/\/robertabudasalon.com\/wp-content\/uploads\/2020\/04\/olaplex-5-merida.jpg 150w, https:\/\/robertabudasalon.com\/wp-content\/uploads\/2020\/04\/olaplex-5-merida.jpg 768w, https:\/\/robertabudasalon.com\/wp-content\/uploads\/2020\/04\/olaplex-5-merida.jpg 1024w, https:\/\/robertabudasalon.com\/wp-content\/uploads\/2020\/04\/olaplex-5-merida.jpg 600w, https:\/\/robertabudasalon.com\/wp-content\/uploads\/2020\/04\/olaplex-5-merida.jpg 100w, https:\/\/robertabudasalon.com\/wp-content\/uploads\/2020\/04\/olaplex-5-merida.jpg 1600w, http:\/\/robertabudasalon.com\/wp-content\/uploads\/2020\/04\/olaplex-5-merida.jpg 1428w\" sizes=\"auto, (max-width: 300px) 100vw, 300px\" \/><\/a><strong>Olaplex No. 5<\/strong> protege y repara el cabello da\u00f1ado, las puntas abiertas y el frizz al volver a unir los enlaces rotos. Este es un acondicionador reparador altamente hidratante para todo tipo de cabello. Deja el cabello f\u00e1cil de manejar, brillante y saludable con cada uso. Color seguro. Fortalece y deja el cabello m\u00e1s fuerte que nunca.<\/p>\n<p>Beneficios clave:<br \/>\nRepara el cabello y mantiene lazos dentro del cabello.<br \/>\nAgrega brillo.<br \/>\nFortalece<\/p>\n<p>Si quieres saber m\u00e1s &#8230;<br \/>\nEl acondicionador Bond Mantenimiento &#x2122; N \u00b0 5 es para todo tipo de cabello y deja el cabello f\u00e1cil de manejar, brillante y m\u00e1s saludable con cada uso. Es seguro para el color, deja el cabello m\u00e1s fuerte que nunca y beneficia a todos los tipos y texturas de cabello.<\/p>\n<p>Apto para todo tipo de cabello.<br \/>\nLibre de parabeno.<br \/>\nSin sulfatos.<br \/>\nLibre de ftalato.<\/p>\n","protected":false},"excerpt":{"rendered":"<p><a href=\"https:\/\/robertabudasalon.com\/?attachment_id=9801\" rel=\"attachment wp-att-9801\"><img loading=\"lazy\" decoding=\"async\" class=\"alignleft size-medium wp-image-9801\" src=\"https:\/\/robertabudasalon.com\/wp-content\/uploads\/2020\/04\/olaplex-5-merida-300x300.jpg\" alt=\"Olaplex No. 5 Conditioner\" width=\"300\" height=\"300\" srcset=\"https:\/\/robertabudasalon.com\/wp-content\/uploads\/2020\/04\/olaplex-5-merida.jpg 300w, https:\/\/robertabudasalon.com\/wp-content\/uploads\/2020\/04\/olaplex-5-merida.jpg 150w, https:\/\/robertabudasalon.com\/wp-content\/uploads\/2020\/04\/olaplex-5-merida.jpg 768w, https:\/\/robertabudasalon.com\/wp-content\/uploads\/2020\/04\/olaplex-5-merida.jpg 1024w, https:\/\/robertabudasalon.com\/wp-content\/uploads\/2020\/04\/olaplex-5-merida.jpg 600w, https:\/\/robertabudasalon.com\/wp-content\/uploads\/2020\/04\/olaplex-5-merida.jpg 100w, https:\/\/robertabudasalon.com\/wp-content\/uploads\/2020\/04\/olaplex-5-merida.jpg 1600w, http:\/\/robertabudasalon.com\/wp-content\/uploads\/2020\/04\/olaplex-5-merida.jpg 1428w\" sizes=\"auto, (max-width: 300px) 100vw, 300px\" \/><\/a>Olaplex No. 5 protege y repara el cabello da\u00f1ado, las puntas abiertas y el frizz al volver a unir los enlaces rotos. Este es un acondicionador reparador altamente hidratante para todo tipo de cabello. Deja el cabello f\u00e1cil de manejar, brillante y saludable con cada uso. Color seguro. Fortalece y deja el cabello m\u00e1s fuerte que nunca.<\/p>\n<p>Beneficios clave:<br \/>\nRepara el cabello y mantiene lazos dentro del cabello.<br \/>\nAgrega brillo.<br \/>\nFortalece<\/p>\n<p><a href=\"https:\/\/robertabudasalon.com\/?attachment_id=9801\" rel=\"attachment wp-att-9801\"><img loading=\"lazy\" decoding=\"async\" class=\"alignleft size-medium wp-image-9801\" src=\"https:\/\/robertabudasalon.com\/wp-content\/uploads\/2020\/04\/olaplex-5-merida-300x300.jpg\" alt=\"Olaplex No. 5 Conditioner\" width=\"300\" height=\"300\" srcset=\"https:\/\/robertabudasalon.com\/wp-content\/uploads\/2020\/04\/olaplex-5-merida.jpg 300w, https:\/\/robertabudasalon.com\/wp-content\/uploads\/2020\/04\/olaplex-5-merida.jpg 150w, https:\/\/robertabudasalon.com\/wp-content\/uploads\/2020\/04\/olaplex-5-merida.jpg 768w, https:\/\/robertabudasalon.com\/wp-content\/uploads\/2020\/04\/olaplex-5-merida.jpg 1024w, https:\/\/robertabudasalon.com\/wp-content\/uploads\/2020\/04\/olaplex-5-merida.jpg 600w, https:\/\/robertabudasalon.com\/wp-content\/uploads\/2020\/04\/olaplex-5-merida.jpg 100w, https:\/\/robertabudasalon.com\/wp-content\/uploads\/2020\/04\/olaplex-5-merida.jpg 1600w, http:\/\/robertabudasalon.com\/wp-content\/uploads\/2020\/04\/olaplex-5-merida.jpg 1428w\" sizes=\"auto, (max-width: 300px) 100vw, 300px\" \/><\/a><\/p>\n","protected":false},"featured_media":9802,"comment_status":"closed","ping_status":"closed","template":"","meta":{"nf_dc_page":"","jetpack_post_was_ever_published":false,"jetpack_publicize_message":"","jetpack_publicize_feature_enabled":true,"jetpack_social_post_already_shared":false,"jetpack_social_options":{"image_generator_settings":{"template":"highway","default_image_id":0,"font":"","enabled":false},"version":2}},"product_brand":[],"product_cat":[261,494,254,151],"product_tag":[155,490,1084,1083,1085],"yst_prominent_words":[1451,1443,1447,1453,1448,1449,1441,1456,1445,1450,1442,1457,1446,1452,1444,1440,1439,1454,1438,1455],"class_list":{"0":"post-10165","1":"product","2":"type-product","3":"status-publish","4":"has-post-thumbnail","6":"product_cat-acondicionador","7":"product_cat-olaplex-es","8":"product_cat-seco-y-danado","9":"product_cat-shop-es","10":"product_tag-acondicionador","11":"product_tag-olaplex-es","12":"product_tag-olaplex-conditioner-es","13":"product_tag-olaplex-merida-es","14":"product_tag-olaplex-no-5-es","15":"entry","17":"first","18":"instock","19":"sale","20":"purchasable","21":"product-type-simple"},"jetpack_publicize_connections":[],"yoast_head":"<!-- This site is optimized with the Yoast SEO Premium plugin v14.4.1 - https:\/\/yoast.com\/wordpress\/plugins\/seo\/ -->\n<title>#1 Olaplex No. 5 ACONDICIONADOR | Robert Abuda Merida Hair Salon<\/title>\n<meta name=\"description\" content=\"Olaplex No. 5 acondicionador | Robert Abuda Salon, Hair and Beauty Salon Merida Yucatan Mexico. www.robertabudasalon.com\/es\" \/>\n<meta name=\"robots\" content=\"index, follow\" \/>\n<meta name=\"googlebot\" content=\"index, follow, max-snippet:-1, max-image-preview:large, max-video-preview:-1\" \/>\n<meta name=\"bingbot\" content=\"index, follow, max-snippet:-1, max-image-preview:large, max-video-preview:-1\" \/>\n<link rel=\"canonical\" href=\"https:\/\/robertabudasalon.com\/es\/shop\/olaplex-no-5-conditioner\/\" \/>\n<meta property=\"og:locale\" content=\"es_ES\" \/>\n<meta property=\"og:type\" content=\"article\" \/>\n<meta property=\"og:title\" content=\"#1 Olaplex No. 5 ACONDICIONADOR | Robert Abuda Merida Hair Salon\" \/>\n<meta property=\"og:description\" content=\"Olaplex No. 5 acondicionador | Robert Abuda Salon, Hair and Beauty Salon Merida Yucatan Mexico. www.robertabudasalon.com\/es\" \/>\n<meta property=\"og:url\" content=\"https:\/\/robertabudasalon.com\/es\/shop\/olaplex-no-5-conditioner\/\" \/>\n<meta property=\"og:site_name\" content=\"Robert Abuda Merida Hair Salon\" \/>\n<meta property=\"article:publisher\" content=\"https:\/\/www.facebook.com\/RobertAbudaSalondeBellezaMerida\" \/>\n<meta property=\"article:author\" content=\"https:\/\/www.facebook.com\/RobertAbudaSalondeBellezaMerida\" \/>\n<meta property=\"article:modified_time\" content=\"2020-06-18T17:01:46+00:00\" \/>\n<meta property=\"og:image\" content=\"https:\/\/robertabudasalon.com\/wp-content\/uploads\/2020\/04\/olaplex-5-merida.jpg\" \/>\n\t<meta property=\"og:image:width\" content=\"1600\" \/>\n\t<meta property=\"og:image:height\" content=\"1600\" \/>\n<meta property=\"fb:app_id\" content=\"https:\/\/www.facebook.com\/RobertAbudaSalondeBellezaMerida\" \/>\n<meta name=\"twitter:card\" content=\"summary\" \/>\n<meta name=\"twitter:creator\" content=\"@RobAbudaSalon\" \/>\n<meta name=\"twitter:site\" content=\"@RobAbudaSalon\" \/>\n<script type=\"application\/ld+json\" class=\"yoast-schema-graph\">{\"@context\":\"https:\/\/schema.org\",\"@graph\":[{\"@type\":\"WebSite\",\"@id\":\"https:\/\/robertabudasalon.com\/es\/#website\",\"url\":\"https:\/\/robertabudasalon.com\/es\/\",\"name\":\"Robert Abuda Merida Hair Salon\",\"description\":\"Hair Salon Merida, Salon de Belleza Merida +52 999 926 3015, #470C Paseo de Montejo, Peluqueria y SPA.\",\"potentialAction\":[{\"@type\":\"SearchAction\",\"target\":\"https:\/\/robertabudasalon.com\/es\/?s={search_term_string}\",\"query-input\":\"required name=search_term_string\"}],\"inLanguage\":\"es-ES\"},{\"@type\":\"ImageObject\",\"@id\":\"https:\/\/robertabudasalon.com\/es\/shop\/olaplex-no-5-conditioner\/#primaryimage\",\"inLanguage\":\"es-ES\",\"url\":\"https:\/\/robertabudasalon.com\/wp-content\/uploads\/2020\/04\/olaplex-5-merida.jpg\",\"width\":1600,\"height\":1600,\"caption\":\"Olaplex No. 5 Conditioner\"},{\"@type\":\"WebPage\",\"@id\":\"https:\/\/robertabudasalon.com\/es\/shop\/olaplex-no-5-conditioner\/#webpage\",\"url\":\"https:\/\/robertabudasalon.com\/es\/shop\/olaplex-no-5-conditioner\/\",\"name\":\"#1 Olaplex No. 5 ACONDICIONADOR | Robert Abuda Merida Hair Salon\",\"isPartOf\":{\"@id\":\"https:\/\/robertabudasalon.com\/es\/#website\"},\"primaryImageOfPage\":{\"@id\":\"https:\/\/robertabudasalon.com\/es\/shop\/olaplex-no-5-conditioner\/#primaryimage\"},\"datePublished\":\"2020-04-04T20:18:30+00:00\",\"dateModified\":\"2020-06-18T17:01:46+00:00\",\"description\":\"Olaplex No. 5 acondicionador | Robert Abuda Salon, Hair and Beauty Salon Merida Yucatan Mexico. www.robertabudasalon.com\/es\",\"inLanguage\":\"es-ES\",\"potentialAction\":[{\"@type\":\"ReadAction\",\"target\":[\"https:\/\/robertabudasalon.com\/es\/shop\/olaplex-no-5-conditioner\/\"]}]}]}<\/script>\n<!-- \/ Yoast SEO Premium plugin. -->","jetpack_sharing_enabled":true,"_links":{"self":[{"href":"https:\/\/robertabudasalon.com\/es\/wp-json\/wp\/v2\/product\/10165","targetHints":{"allow":["GET"]}}],"collection":[{"href":"https:\/\/robertabudasalon.com\/es\/wp-json\/wp\/v2\/product"}],"about":[{"href":"https:\/\/robertabudasalon.com\/es\/wp-json\/wp\/v2\/types\/product"}],"replies":[{"embeddable":true,"href":"https:\/\/robertabudasalon.com\/es\/wp-json\/wp\/v2\/comments?post=10165"}],"wp:featuredmedia":[{"embeddable":true,"href":"https:\/\/robertabudasalon.com\/es\/wp-json\/wp\/v2\/media\/9802"}],"wp:attachment":[{"href":"https:\/\/robertabudasalon.com\/es\/wp-json\/wp\/v2\/media?parent=10165"}],"wp:term":[{"taxonomy":"product_brand","embeddable":true,"href":"https:\/\/robertabudasalon.com\/es\/wp-json\/wp\/v2\/product_brand?post=10165"},{"taxonomy":"product_cat","embeddable":true,"href":"https:\/\/robertabudasalon.com\/es\/wp-json\/wp\/v2\/product_cat?post=10165"},{"taxonomy":"product_tag","embeddable":true,"href":"https:\/\/robertabudasalon.com\/es\/wp-json\/wp\/v2\/product_tag?post=10165"},{"taxonomy":"yst_prominent_words","embeddable":true,"href":"https:\/\/robertabudasalon.com\/es\/wp-json\/wp\/v2\/yst_prominent_words?post=10165"}],"curies":[{"name":"wp","href":"https:\/\/api.w.org\/{rel}","templated":true}]}}