{"id":10159,"date":"2020-04-12T15:57:31","date_gmt":"2020-04-12T20:57:31","guid":{"rendered":"https:\/\/robertabudasalon.com\/product\/balmain-styling-powder\/"},"modified":"2020-05-31T00:18:18","modified_gmt":"2020-05-31T05:18:18","slug":"balmain-styling-powder","status":"publish","type":"product","link":"https:\/\/robertabudasalon.com\/es\/shop\/balmain-styling-powder\/","title":{"rendered":"Balmain STYLING POLVO"},"content":{"rendered":"<p><a href=\"https:\/\/robertabudasalon.com\/?attachment_id=10041\" rel=\"attachment wp-att-10041\"><img loading=\"lazy\" decoding=\"async\" class=\"alignleft size-medium wp-image-10041\" src=\"https:\/\/robertabudasalon.com\/wp-content\/uploads\/2020\/04\/balmain-styling-powder-merida-hair-salon-300x300.jpg\" alt=\"Balmain Styling Powder\" width=\"300\" height=\"300\" srcset=\"https:\/\/robertabudasalon.com\/wp-content\/uploads\/2020\/04\/balmain-styling-powder-merida-hair-salon.jpg 300w, https:\/\/robertabudasalon.com\/wp-content\/uploads\/2020\/04\/balmain-styling-powder-merida-hair-salon.jpg 1024w, https:\/\/robertabudasalon.com\/wp-content\/uploads\/2020\/04\/balmain-styling-powder-merida-hair-salon.jpg 150w, https:\/\/robertabudasalon.com\/wp-content\/uploads\/2020\/04\/balmain-styling-powder-merida-hair-salon.jpg 768w, https:\/\/robertabudasalon.com\/wp-content\/uploads\/2020\/04\/balmain-styling-powder-merida-hair-salon.jpg 1536w, https:\/\/robertabudasalon.com\/wp-content\/uploads\/2020\/04\/balmain-styling-powder-merida-hair-salon.jpg 600w, https:\/\/robertabudasalon.com\/wp-content\/uploads\/2020\/04\/balmain-styling-powder-merida-hair-salon.jpg 100w, https:\/\/robertabudasalon.com\/wp-content\/uploads\/2020\/04\/balmain-styling-powder-merida-hair-salon.jpg 1600w, http:\/\/robertabudasalon.com\/wp-content\/uploads\/2020\/04\/balmain-styling-powder-merida-hair-salon.jpg 1428w\" sizes=\"auto, (max-width: 300px) 100vw, 300px\" \/><\/a>11 g<\/p>\n<p><strong>Polvo de peinado<\/strong><br \/>\nEl Styling Powder es un polvo para el cabello que proporciona textura y volumen en la ra\u00edz para peinados duraderos con una fijaci\u00f3n flexible. La f\u00f3rmula ligera texturiza cada mech\u00f3n de cabello para crear un volumen m\u00e1ximo en las ra\u00edces.<\/p>\n<p>Ideal para cabello corto y largo.<\/p>\n<p>Crea un volumen m\u00e1ximo en las ra\u00edces.<br \/>\nEfecto texturizante directo.<br \/>\nDa definici\u00f3n.<\/p>\n<p>Ideal para trenzas y peinados texturizados o para un aspecto voluminoso natural con un acabado mate e invisible. Apto para uso diario y para todo tipo de cabello.<\/p>\n<p><strong>Secreto entre bastidores:<\/strong> para agregar m\u00e1s cuerpo y definici\u00f3n a las medias y puntas, aplique un poco de Styling Powder en las longitudes y frote.<\/p>\n","protected":false},"excerpt":{"rendered":"<p><a href=\"https:\/\/robertabudasalon.com\/?attachment_id=10041\" rel=\"attachment wp-att-10041\"><img loading=\"lazy\" decoding=\"async\" class=\"alignleft size-medium wp-image-10041\" src=\"https:\/\/robertabudasalon.com\/wp-content\/uploads\/2020\/04\/balmain-styling-powder-merida-hair-salon-300x300.jpg\" alt=\"Balmain Styling Powder\" width=\"300\" height=\"300\" srcset=\"https:\/\/robertabudasalon.com\/wp-content\/uploads\/2020\/04\/balmain-styling-powder-merida-hair-salon.jpg 300w, https:\/\/robertabudasalon.com\/wp-content\/uploads\/2020\/04\/balmain-styling-powder-merida-hair-salon.jpg 1024w, https:\/\/robertabudasalon.com\/wp-content\/uploads\/2020\/04\/balmain-styling-powder-merida-hair-salon.jpg 150w, https:\/\/robertabudasalon.com\/wp-content\/uploads\/2020\/04\/balmain-styling-powder-merida-hair-salon.jpg 768w, https:\/\/robertabudasalon.com\/wp-content\/uploads\/2020\/04\/balmain-styling-powder-merida-hair-salon.jpg 1536w, https:\/\/robertabudasalon.com\/wp-content\/uploads\/2020\/04\/balmain-styling-powder-merida-hair-salon.jpg 600w, https:\/\/robertabudasalon.com\/wp-content\/uploads\/2020\/04\/balmain-styling-powder-merida-hair-salon.jpg 100w, https:\/\/robertabudasalon.com\/wp-content\/uploads\/2020\/04\/balmain-styling-powder-merida-hair-salon.jpg 1600w, http:\/\/robertabudasalon.com\/wp-content\/uploads\/2020\/04\/balmain-styling-powder-merida-hair-salon.jpg 1428w\" sizes=\"auto, (max-width: 300px) 100vw, 300px\" \/><\/a>11 g<\/p>\n<p>Ideal para cabello corto y largo.<\/p>\n<p>Crea un volumen m\u00e1ximo en las ra\u00edces.<br \/>\nEfecto texturizante directo.<br \/>\nDa definici\u00f3n.<\/p>\n","protected":false},"featured_media":10042,"comment_status":"closed","ping_status":"closed","template":"","meta":{"nf_dc_page":"","jetpack_post_was_ever_published":false,"jetpack_publicize_message":"","jetpack_publicize_feature_enabled":true,"jetpack_social_post_already_shared":false,"jetpack_social_options":{"image_generator_settings":{"template":"highway","default_image_id":0,"font":"","enabled":false},"version":2}},"product_brand":[],"product_cat":[251],"product_tag":[252,508],"yst_prominent_words":[],"class_list":{"0":"post-10159","1":"product","2":"type-product","3":"status-publish","4":"has-post-thumbnail","6":"product_cat-balmain-es","7":"product_tag-balmain-es","8":"product_tag-styling-powder-es","9":"entry","11":"first","12":"instock","13":"shipping-taxable","14":"purchasable","15":"product-type-simple"},"jetpack_publicize_connections":[],"yoast_head":"<!-- This site is optimized with the Yoast SEO Premium plugin v14.4.1 - https:\/\/yoast.com\/wordpress\/plugins\/seo\/ -->\n<title>Balmain STYLING POLVO | Robert Abuda Merida Hair Salon<\/title>\n<meta name=\"description\" content=\"Balmain STYLING POLVO | Robert Abuda Merida Hair Salon | Hair &amp; Beauty Products Online, Shipping to total Mexican Republic. Balmain, Olaplex. etc.\" \/>\n<meta name=\"robots\" content=\"index, follow\" \/>\n<meta name=\"googlebot\" content=\"index, follow, max-snippet:-1, max-image-preview:large, max-video-preview:-1\" \/>\n<meta name=\"bingbot\" content=\"index, follow, max-snippet:-1, max-image-preview:large, max-video-preview:-1\" \/>\n<link rel=\"canonical\" href=\"https:\/\/www.robertabudasalon.com\/es\/producto\/balmain-styling-powder\/\" \/>\n<meta property=\"og:locale\" content=\"es_ES\" \/>\n<meta property=\"og:type\" content=\"article\" \/>\n<meta property=\"og:title\" content=\"Balmain STYLING POLVO | Robert Abuda Merida Hair Salon\" \/>\n<meta property=\"og:description\" content=\"Balmain STYLING POLVO | Robert Abuda Merida Hair Salon | Hair &amp; Beauty Products Online, Shipping to total Mexican Republic. Balmain, Olaplex. etc.\" \/>\n<meta property=\"og:url\" content=\"https:\/\/www.robertabudasalon.com\/es\/producto\/balmain-styling-powder\/\" \/>\n<meta property=\"og:site_name\" content=\"Robert Abuda Merida Hair Salon\" \/>\n<meta property=\"article:publisher\" content=\"https:\/\/www.facebook.com\/RobertAbudaSalondeBellezaMerida\" \/>\n<meta property=\"article:author\" content=\"https:\/\/www.facebook.com\/RobertAbudaSalondeBellezaMerida\" \/>\n<meta property=\"article:modified_time\" content=\"2020-05-31T05:18:18+00:00\" \/>\n<meta property=\"og:image\" content=\"https:\/\/robertabudasalon.com\/wp-content\/uploads\/2020\/04\/balmain-styling-powder-merida-hair-salon.jpg\" \/>\n\t<meta property=\"og:image:width\" content=\"1600\" \/>\n\t<meta property=\"og:image:height\" content=\"1600\" \/>\n<meta property=\"fb:app_id\" content=\"https:\/\/www.facebook.com\/RobertAbudaSalondeBellezaMerida\" \/>\n<meta name=\"twitter:card\" content=\"summary\" \/>\n<meta name=\"twitter:creator\" content=\"@RobAbudaSalon\" \/>\n<meta name=\"twitter:site\" content=\"@RobAbudaSalon\" \/>\n<script type=\"application\/ld+json\" class=\"yoast-schema-graph\">{\"@context\":\"https:\/\/schema.org\",\"@graph\":[{\"@type\":\"WebSite\",\"@id\":\"https:\/\/robertabudasalon.com\/es\/#website\",\"url\":\"https:\/\/robertabudasalon.com\/es\/\",\"name\":\"Robert Abuda Merida Hair Salon\",\"description\":\"Hair Salon Merida, Salon de Belleza Merida +52 999 926 3015, #470C Paseo de Montejo, Peluqueria y SPA.\",\"potentialAction\":[{\"@type\":\"SearchAction\",\"target\":\"https:\/\/robertabudasalon.com\/es\/?s={search_term_string}\",\"query-input\":\"required name=search_term_string\"}],\"inLanguage\":\"es-ES\"},{\"@type\":\"ImageObject\",\"@id\":\"https:\/\/www.robertabudasalon.com\/es\/producto\/balmain-styling-powder\/#primaryimage\",\"inLanguage\":\"es-ES\",\"url\":\"https:\/\/robertabudasalon.com\/wp-content\/uploads\/2020\/04\/balmain-styling-powder-merida-hair-salon.jpg\",\"width\":1600,\"height\":1600,\"caption\":\"Balmain Styling Powder\"},{\"@type\":\"WebPage\",\"@id\":\"https:\/\/www.robertabudasalon.com\/es\/producto\/balmain-styling-powder\/#webpage\",\"url\":\"https:\/\/www.robertabudasalon.com\/es\/producto\/balmain-styling-powder\/\",\"name\":\"Balmain STYLING POLVO | Robert Abuda Merida Hair Salon\",\"isPartOf\":{\"@id\":\"https:\/\/robertabudasalon.com\/es\/#website\"},\"primaryImageOfPage\":{\"@id\":\"https:\/\/www.robertabudasalon.com\/es\/producto\/balmain-styling-powder\/#primaryimage\"},\"datePublished\":\"2020-04-12T20:57:31+00:00\",\"dateModified\":\"2020-05-31T05:18:18+00:00\",\"description\":\"Balmain STYLING POLVO | Robert Abuda Merida Hair Salon | Hair & Beauty Products Online, Shipping to total Mexican Republic. Balmain, Olaplex. etc.\",\"inLanguage\":\"es-ES\",\"potentialAction\":[{\"@type\":\"ReadAction\",\"target\":[\"https:\/\/www.robertabudasalon.com\/es\/producto\/balmain-styling-powder\/\"]}]}]}<\/script>\n<!-- \/ Yoast SEO Premium plugin. -->","jetpack_sharing_enabled":true,"_links":{"self":[{"href":"https:\/\/robertabudasalon.com\/es\/wp-json\/wp\/v2\/product\/10159","targetHints":{"allow":["GET"]}}],"collection":[{"href":"https:\/\/robertabudasalon.com\/es\/wp-json\/wp\/v2\/product"}],"about":[{"href":"https:\/\/robertabudasalon.com\/es\/wp-json\/wp\/v2\/types\/product"}],"replies":[{"embeddable":true,"href":"https:\/\/robertabudasalon.com\/es\/wp-json\/wp\/v2\/comments?post=10159"}],"wp:featuredmedia":[{"embeddable":true,"href":"https:\/\/robertabudasalon.com\/es\/wp-json\/wp\/v2\/media\/10042"}],"wp:attachment":[{"href":"https:\/\/robertabudasalon.com\/es\/wp-json\/wp\/v2\/media?parent=10159"}],"wp:term":[{"taxonomy":"product_brand","embeddable":true,"href":"https:\/\/robertabudasalon.com\/es\/wp-json\/wp\/v2\/product_brand?post=10159"},{"taxonomy":"product_cat","embeddable":true,"href":"https:\/\/robertabudasalon.com\/es\/wp-json\/wp\/v2\/product_cat?post=10159"},{"taxonomy":"product_tag","embeddable":true,"href":"https:\/\/robertabudasalon.com\/es\/wp-json\/wp\/v2\/product_tag?post=10159"},{"taxonomy":"yst_prominent_words","embeddable":true,"href":"https:\/\/robertabudasalon.com\/es\/wp-json\/wp\/v2\/yst_prominent_words?post=10159"}],"curies":[{"name":"wp","href":"https:\/\/api.w.org\/{rel}","templated":true}]}}