{"id":10156,"date":"2020-04-12T16:27:08","date_gmt":"2020-04-12T21:27:08","guid":{"rendered":"https:\/\/www.robertabudasalon.com\/product\/balmain-sun-protection-spray\/"},"modified":"2023-02-15T09:23:32","modified_gmt":"2023-02-15T15:23:32","slug":"spray-de-proteccion-solar","status":"publish","type":"product","link":"https:\/\/robertabudasalon.com\/es\/shop\/spray-de-proteccion-solar\/","title":{"rendered":"Spray de Proteccion Solar"},"content":{"rendered":"<h3><a href=\"https:\/\/robertabudasalon.com\/?attachment_id=10048\" rel=\"attachment wp-att-10048\"><img loading=\"lazy\" decoding=\"async\" class=\"alignleft wp-image-10048 size-medium\" src=\"https:\/\/robertabudasalon.com\/wp-content\/uploads\/2020\/04\/balmain-sun-protection-spray-1-119x300.jpg\" alt=\"Spray de Proteccion Solar\" width=\"119\" height=\"300\" srcset=\"https:\/\/robertabudasalon.com\/wp-content\/uploads\/2020\/04\/balmain-sun-protection-spray-1.jpg 119w, https:\/\/robertabudasalon.com\/wp-content\/uploads\/2020\/04\/balmain-sun-protection-spray-1.jpg 238w\" sizes=\"auto, (max-width: 119px) 100vw, 119px\" \/><\/a>Spray de Proteccion Solar 200 ml<\/h3>\n<p><strong>Spray de protecci\u00f3n solar<\/strong><br \/>\nLa f\u00f3rmula enriquecida con filtros protectores UVA y UVB ayuda a nutrir y acondicionar el cabello expuesto al sol, al mar o al cloro. Cubra sus mechones con el Spray de protecci\u00f3n solar antes y durante la exposici\u00f3n al sol para proteger el cabello y luego apl\u00edquelo para nutrir e hidratar profundamente el cabello reseco. Previene la decoloraci\u00f3n del cabello y el da\u00f1o de la queratina. Para un cabello suave y fuerte bes\u00f3 el cabello con un brillo luminoso. Spray de Proteccion Solar<\/p>\n<p>Protecci\u00f3n UVA y UVB para todo tipo de cabello.<br \/>\nF\u00f3rmula de doble acci\u00f3n; protege y nutre profundamente.<br \/>\nAcondiciona, desenreda y agrega brillo.<br \/>\nPreviene la decoloraci\u00f3n del cabello y el da\u00f1o de la queratina.<\/p>\n<p><strong>Secreto detr\u00e1s del escenario:<\/strong> roc\u00ede el spray de protecci\u00f3n solar sobre su cabello antes de irse a dormir, trenc\u00e9elo y despi\u00e9rtese con las olas de playa protegidas contra los rayos UV.<\/p>\n<p style=\"text-align: center;\"><a href=\"http:\/\/www.robertabudasalon.com\/es\/shop\">COMPRAR PRODUCTOS DE BELLEZA MEXICO<\/a><\/p>\n<h4>EXCELENTES PRODUCTOS Y SERVICIOS<\/h4>\n<p>Balmain Paris Hair Couture se esfuerza continuamente por obtener, seleccionar y procesar el mejor cabello del mundo. Este impulso por la excelencia permite a la empresa presentar una garant\u00eda \u00fanica de 6 meses en todos los productos para el cabello humano. Sin embargo, la b\u00fasqueda de la excelencia va m\u00e1s all\u00e1 de la calidad de nuestros productos; abarca la selecci\u00f3n de nuestros socios, el dise\u00f1o y la ubicaci\u00f3n de nuestras tiendas asociadas, la presentaci\u00f3n de nuestros productos y la capacidad de nuestros socios para sumergir a sus clientes en el mundo de Hair Couture.<\/p>\n<h4>EN LOS MEDIOS<\/h4>\n<p>Balmain Paris Hair Couture es acogido por los m\u00e1s grandes estilistas, influencers y celebrities de todo el mundo. Los productos se pueden encontrar en las p\u00e1ginas de belleza de las publicaciones impresas y digitales m\u00e1s influyentes del mundo. Donde la calidad y el aroma caracter\u00edstico son reconocidos como puro lujo por los editores y profesionales de la industria. No hay otra marca de cabello con un v\u00ednculo tan fuerte con la moda. La llegada de Olivier Rousteing realmente impuls\u00f3 a Balmain a ser el centro de atenci\u00f3n. Desde que fue nombrado Director Creativo, Balmain ha ganado exposici\u00f3n mundial con una base de seguidores grande y diversa. Balmain Paris Hair Couture contin\u00faa apoyando este gran \u00e9xito mientras se mantiene fiel a la herencia que comenz\u00f3 hace m\u00e1s de 45 a\u00f1os.<\/p>\n","protected":false},"excerpt":{"rendered":"<p><a href=\"https:\/\/robertabudasalon.com\/?attachment_id=10048\" rel=\"attachment wp-att-10048\"><img loading=\"lazy\" decoding=\"async\" class=\"alignleft size-medium wp-image-10048\" src=\"https:\/\/robertabudasalon.com\/wp-content\/uploads\/2020\/04\/balmain-sun-protection-spray-1-119x300.jpg\" alt=\"Balmain Sun Protection\" width=\"119\" height=\"300\" srcset=\"https:\/\/robertabudasalon.com\/wp-content\/uploads\/2020\/04\/balmain-sun-protection-spray-1.jpg 119w, https:\/\/robertabudasalon.com\/wp-content\/uploads\/2020\/04\/balmain-sun-protection-spray-1.jpg 238w\" sizes=\"auto, (max-width: 119px) 100vw, 119px\" \/><\/a>200 ml<\/p>\n<p>Protecci\u00f3n UVA y UVB para todo tipo de cabello.<br \/>\nF\u00f3rmula de doble acci\u00f3n; protege y nutre profundamente.<br \/>\nAcondiciona, desenreda y agrega brillo.<br \/>\nPreviene la decoloraci\u00f3n del cabello y el da\u00f1o de la queratina.<\/p>\n","protected":false},"featured_media":10049,"comment_status":"closed","ping_status":"closed","template":"","meta":{"nf_dc_page":"","jetpack_post_was_ever_published":false,"jetpack_publicize_message":"","jetpack_publicize_feature_enabled":true,"jetpack_social_post_already_shared":false,"jetpack_social_options":{"image_generator_settings":{"template":"highway","default_image_id":0,"font":"","enabled":false},"version":2}},"product_brand":[],"product_cat":[251,151],"product_tag":[252,488,487,489],"yst_prominent_words":[2370,2770,2763,2773,2768,2761,2769,2762,2772,2765,2200,2758,2767,2760,2766,2759,2757,2771,2764],"class_list":{"0":"post-10156","1":"product","2":"type-product","3":"status-publish","4":"has-post-thumbnail","6":"product_cat-balmain-es","7":"product_cat-shop-es","8":"product_tag-balmain-es","9":"product_tag-sun-es","10":"product_tag-sun-protectant-es","11":"product_tag-sun-protection-spray-es","12":"entry","14":"first","15":"outofstock","16":"shipping-taxable","17":"purchasable","18":"product-type-simple"},"jetpack_publicize_connections":[],"yoast_head":"<!-- This site is optimized with the Yoast SEO Premium plugin v14.4.1 - https:\/\/yoast.com\/wordpress\/plugins\/seo\/ -->\n<title>Spray de Proteccion Solar BALMAIN | Robert Abuda Merida Hair Salon<\/title>\n<meta name=\"description\" content=\"Spray de Proteccion Solar | Balmain | Robert Abuda Merida Hair Salon | Balmain Productos de Belleza se vende Mexico. Envios todo en Mexico.\" \/>\n<meta name=\"robots\" content=\"index, follow\" \/>\n<meta name=\"googlebot\" content=\"index, follow, max-snippet:-1, max-image-preview:large, max-video-preview:-1\" \/>\n<meta name=\"bingbot\" content=\"index, follow, max-snippet:-1, max-image-preview:large, max-video-preview:-1\" \/>\n<link rel=\"canonical\" href=\"https:\/\/www.robertabudasalon.com\/es\/producto\/spray-de-proteccion-solar\/\" \/>\n<meta property=\"og:locale\" content=\"es_ES\" \/>\n<meta property=\"og:type\" content=\"article\" \/>\n<meta property=\"og:title\" content=\"Spray de Proteccion Solar BALMAIN | Robert Abuda Merida Hair Salon\" \/>\n<meta property=\"og:description\" content=\"Spray de Proteccion Solar | Balmain | Robert Abuda Merida Hair Salon | Balmain Productos de Belleza se vende Mexico. Envios todo en Mexico.\" \/>\n<meta property=\"og:url\" content=\"https:\/\/www.robertabudasalon.com\/es\/producto\/spray-de-proteccion-solar\/\" \/>\n<meta property=\"og:site_name\" content=\"Robert Abuda Merida Hair Salon\" \/>\n<meta property=\"article:publisher\" content=\"https:\/\/www.facebook.com\/RobertAbudaSalondeBellezaMerida\" \/>\n<meta property=\"article:author\" content=\"https:\/\/www.facebook.com\/RobertAbudaSalondeBellezaMerida\" \/>\n<meta property=\"article:modified_time\" content=\"2023-02-15T15:23:32+00:00\" \/>\n<meta property=\"og:image\" content=\"https:\/\/robertabudasalon.com\/wp-content\/uploads\/2020\/04\/balmain-sun-protection-spray-1.jpg\" \/>\n\t<meta property=\"og:image:width\" content=\"238\" \/>\n\t<meta property=\"og:image:height\" content=\"600\" \/>\n<meta property=\"fb:app_id\" content=\"https:\/\/www.facebook.com\/RobertAbudaSalondeBellezaMerida\" \/>\n<meta name=\"twitter:card\" content=\"summary\" \/>\n<meta name=\"twitter:creator\" content=\"@RobAbudaSalon\" \/>\n<meta name=\"twitter:site\" content=\"@RobAbudaSalon\" \/>\n<script type=\"application\/ld+json\" class=\"yoast-schema-graph\">{\"@context\":\"https:\/\/schema.org\",\"@graph\":[{\"@type\":\"WebSite\",\"@id\":\"https:\/\/robertabudasalon.com\/es\/#website\",\"url\":\"https:\/\/robertabudasalon.com\/es\/\",\"name\":\"Robert Abuda Merida Hair Salon\",\"description\":\"Hair Salon Merida, Salon de Belleza Merida +52 999 926 3015, #470C Paseo de Montejo, Peluqueria y SPA.\",\"potentialAction\":[{\"@type\":\"SearchAction\",\"target\":\"https:\/\/robertabudasalon.com\/es\/?s={search_term_string}\",\"query-input\":\"required name=search_term_string\"}],\"inLanguage\":\"es-ES\"},{\"@type\":\"ImageObject\",\"@id\":\"https:\/\/www.robertabudasalon.com\/es\/producto\/spray-de-proteccion-solar\/#primaryimage\",\"inLanguage\":\"es-ES\",\"url\":\"https:\/\/robertabudasalon.com\/wp-content\/uploads\/2020\/04\/balmain-sun-protection-spray-1.jpg\",\"width\":238,\"height\":600,\"caption\":\"Balmain Sun Protection\"},{\"@type\":\"WebPage\",\"@id\":\"https:\/\/www.robertabudasalon.com\/es\/producto\/spray-de-proteccion-solar\/#webpage\",\"url\":\"https:\/\/www.robertabudasalon.com\/es\/producto\/spray-de-proteccion-solar\/\",\"name\":\"Spray de Proteccion Solar BALMAIN | Robert Abuda Merida Hair Salon\",\"isPartOf\":{\"@id\":\"https:\/\/robertabudasalon.com\/es\/#website\"},\"primaryImageOfPage\":{\"@id\":\"https:\/\/www.robertabudasalon.com\/es\/producto\/spray-de-proteccion-solar\/#primaryimage\"},\"datePublished\":\"2020-04-12T21:27:08+00:00\",\"dateModified\":\"2023-02-15T15:23:32+00:00\",\"description\":\"Spray de Proteccion Solar | Balmain | Robert Abuda Merida Hair Salon | Balmain Productos de Belleza se vende Mexico. Envios todo en Mexico.\",\"inLanguage\":\"es-ES\",\"potentialAction\":[{\"@type\":\"ReadAction\",\"target\":[\"https:\/\/www.robertabudasalon.com\/es\/producto\/spray-de-proteccion-solar\/\"]}]}]}<\/script>\n<!-- \/ Yoast SEO Premium plugin. -->","jetpack_sharing_enabled":true,"_links":{"self":[{"href":"https:\/\/robertabudasalon.com\/es\/wp-json\/wp\/v2\/product\/10156","targetHints":{"allow":["GET"]}}],"collection":[{"href":"https:\/\/robertabudasalon.com\/es\/wp-json\/wp\/v2\/product"}],"about":[{"href":"https:\/\/robertabudasalon.com\/es\/wp-json\/wp\/v2\/types\/product"}],"replies":[{"embeddable":true,"href":"https:\/\/robertabudasalon.com\/es\/wp-json\/wp\/v2\/comments?post=10156"}],"wp:featuredmedia":[{"embeddable":true,"href":"https:\/\/robertabudasalon.com\/es\/wp-json\/wp\/v2\/media\/10049"}],"wp:attachment":[{"href":"https:\/\/robertabudasalon.com\/es\/wp-json\/wp\/v2\/media?parent=10156"}],"wp:term":[{"taxonomy":"product_brand","embeddable":true,"href":"https:\/\/robertabudasalon.com\/es\/wp-json\/wp\/v2\/product_brand?post=10156"},{"taxonomy":"product_cat","embeddable":true,"href":"https:\/\/robertabudasalon.com\/es\/wp-json\/wp\/v2\/product_cat?post=10156"},{"taxonomy":"product_tag","embeddable":true,"href":"https:\/\/robertabudasalon.com\/es\/wp-json\/wp\/v2\/product_tag?post=10156"},{"taxonomy":"yst_prominent_words","embeddable":true,"href":"https:\/\/robertabudasalon.com\/es\/wp-json\/wp\/v2\/yst_prominent_words?post=10156"}],"curies":[{"name":"wp","href":"https:\/\/api.w.org\/{rel}","templated":true}]}}