{"id":10153,"date":"2020-04-12T21:26:14","date_gmt":"2020-04-13T02:26:14","guid":{"rendered":"https:\/\/www.robertabudasalon.com\/product\/balmain-dry-shampoo\/"},"modified":"2020-05-20T17:44:47","modified_gmt":"2020-05-20T22:44:47","slug":"balmain-dry-shampoo","status":"publish","type":"product","link":"https:\/\/robertabudasalon.com\/es\/shop\/balmain-dry-shampoo\/","title":{"rendered":"Balmain Shampoo Seco"},"content":{"rendered":"<h3><a href=\"https:\/\/robertabudasalon.com\/?attachment_id=10072\" rel=\"attachment wp-att-10072\"><img loading=\"lazy\" decoding=\"async\" class=\"alignleft wp-image-10072 size-medium\" src=\"https:\/\/robertabudasalon.com\/wp-content\/uploads\/2020\/04\/balmainhair_styling_dryshampoo_800x800-300x300.jpg\" alt=\"Balmain Shampoo Seco\" width=\"300\" height=\"300\" srcset=\"https:\/\/robertabudasalon.com\/wp-content\/uploads\/2020\/04\/balmainhair_styling_dryshampoo_800x800.jpg 300w, https:\/\/robertabudasalon.com\/wp-content\/uploads\/2020\/04\/balmainhair_styling_dryshampoo_800x800.jpg 150w, https:\/\/robertabudasalon.com\/wp-content\/uploads\/2020\/04\/balmainhair_styling_dryshampoo_800x800.jpg 768w, https:\/\/robertabudasalon.com\/wp-content\/uploads\/2020\/04\/balmainhair_styling_dryshampoo_800x800.jpg 600w, https:\/\/robertabudasalon.com\/wp-content\/uploads\/2020\/04\/balmainhair_styling_dryshampoo_800x800.jpg 100w, https:\/\/robertabudasalon.com\/wp-content\/uploads\/2020\/04\/balmainhair_styling_dryshampoo_800x800.jpg 800w\" sizes=\"auto, (max-width: 300px) 100vw, 300px\" \/><\/a><strong>Balmain Shampoo Seco <\/strong>300 ml<\/h3>\n<p><strong>Balmain Shampoo Seco<\/strong><br \/>\nEste spray de limpieza en seco instant\u00e1neamente refrescante absorbe el aceite y mejora tu estilo sin lavarlo. Perfecto para crear cabello voluminoso con textura mate y cuerpo completo. Ideal para todos los hairtypes. Los ingredientes, la prote\u00edna de seda y el aceite de arg\u00e1n, estimulan una retenci\u00f3n de humedad \u00f3ptima dentro de la c\u00e9lula capilar, reparan y protegen el cabello da\u00f1ado, seco y d\u00e9bil de los extremos ambientales. The Care Line tiene una fragancia maravillosa y exclusiva, una mezcla \u00fanica de notas que te llevar\u00e1n al d\u00eda perfecto de verano. Cada vez que se utilizan los productos, enriquecen el cabello con ingredientes nutritivos y perfuman el cabello con este aroma misterioso, femenino y sexy.<\/p>\n<p>Refresca el cabello para esa apariencia de &#8220;reci\u00e9n lavado&#8221;.<br \/>\nAbsorbe el exceso de aceites y limpia el cuero cabelludo.<br \/>\nDeja el cabello fresco, brillante y perfumado con la fragancia caracter\u00edstica de Balmain.<\/p>\n<p><strong>Consejo detr\u00e1s del escenario:<\/strong> \u00daselo como un producto de peinado para crear cabello mate con textura y cuerpo completo.<\/p>\n<p><a href=\"http:\/\/www.robertabudasalon.com\/es\/balmain\">COMPRA PRODUCTOS de BELLEZA BALMAIN<\/a><\/p>\n","protected":false},"excerpt":{"rendered":"<p>300 m<a href=\"https:\/\/robertabudasalon.com\/?attachment_id=10072\" rel=\"attachment wp-att-10072\"><img loading=\"lazy\" decoding=\"async\" class=\"alignleft size-medium wp-image-10072\" src=\"https:\/\/robertabudasalon.com\/wp-content\/uploads\/2020\/04\/balmainhair_styling_dryshampoo_800x800-300x300.jpg\" alt=\"dry shampoo\" width=\"300\" height=\"300\" srcset=\"https:\/\/robertabudasalon.com\/wp-content\/uploads\/2020\/04\/balmainhair_styling_dryshampoo_800x800.jpg 300w, https:\/\/robertabudasalon.com\/wp-content\/uploads\/2020\/04\/balmainhair_styling_dryshampoo_800x800.jpg 150w, https:\/\/robertabudasalon.com\/wp-content\/uploads\/2020\/04\/balmainhair_styling_dryshampoo_800x800.jpg 768w, https:\/\/robertabudasalon.com\/wp-content\/uploads\/2020\/04\/balmainhair_styling_dryshampoo_800x800.jpg 600w, https:\/\/robertabudasalon.com\/wp-content\/uploads\/2020\/04\/balmainhair_styling_dryshampoo_800x800.jpg 100w, https:\/\/robertabudasalon.com\/wp-content\/uploads\/2020\/04\/balmainhair_styling_dryshampoo_800x800.jpg 800w\" sizes=\"auto, (max-width: 300px) 100vw, 300px\" \/><\/a>l<\/p>\n<p>Refresca el cabello para esa apariencia de &#8220;reci\u00e9n lavado&#8221;.<br \/>\nAbsorbe el exceso de aceites y limpia el cuero cabelludo.<br \/>\nDeja el cabello fresco, brillante y perfumado con la fragancia caracter\u00edstica de Balmain.<\/p>\n<p>&nbsp;<\/p>\n","protected":false},"featured_media":10062,"comment_status":"open","ping_status":"closed","template":"","meta":{"nf_dc_page":"","jetpack_post_was_ever_published":false,"jetpack_publicize_message":"","jetpack_publicize_feature_enabled":true,"jetpack_social_post_already_shared":false,"jetpack_social_options":{"image_generator_settings":{"template":"highway","default_image_id":0,"font":"","enabled":false},"version":2}},"product_brand":[],"product_cat":[251,461,250,151],"product_tag":[252,292,253,248],"yst_prominent_words":[2083,332,2039,2090,276,317,323,2087,2086,2089,277,318,2084,313,1955,2085,2081,2091,2088,2082],"class_list":{"0":"post-10153","1":"product","2":"type-product","3":"status-publish","4":"has-post-thumbnail","6":"product_cat-balmain-es","7":"product_cat-dry-shampoo-es","8":"product_cat-shampoo-es","9":"product_cat-shop-es","10":"product_tag-balmain-es","11":"product_tag-dry-shampoo-es","12":"product_tag-seco","13":"product_tag-shampoo-es","14":"entry","16":"first","17":"instock","18":"shipping-taxable","19":"purchasable","20":"product-type-simple"},"jetpack_publicize_connections":[],"yoast_head":"<!-- This site is optimized with the Yoast SEO Premium plugin v14.4.1 - https:\/\/yoast.com\/wordpress\/plugins\/seo\/ -->\n<title>Balmain Shampoo Seco | Robert Abuda Merida Hair Salon | Salud y Belleza<\/title>\n<meta name=\"description\" content=\"Balmain Shampoo Seco | Robert Abuda Merida Hair Salon Productos de Belleza Mexico. Balmain, Olaplex, Living Proof.\" \/>\n<meta name=\"robots\" content=\"index, follow\" \/>\n<meta name=\"googlebot\" content=\"index, follow, max-snippet:-1, max-image-preview:large, max-video-preview:-1\" \/>\n<meta name=\"bingbot\" content=\"index, follow, max-snippet:-1, max-image-preview:large, max-video-preview:-1\" \/>\n<link rel=\"canonical\" href=\"https:\/\/www.robertabudasalon.com\/es\/producto\/balmain-dry-shampoo\/\" \/>\n<meta property=\"og:locale\" content=\"es_ES\" \/>\n<meta property=\"og:type\" content=\"article\" \/>\n<meta property=\"og:title\" content=\"Balmain Shampoo Seco | Robert Abuda Merida Hair Salon | Salud y Belleza\" \/>\n<meta property=\"og:description\" content=\"Balmain Shampoo Seco | Robert Abuda Merida Hair Salon Productos de Belleza Mexico. Balmain, Olaplex, Living Proof.\" \/>\n<meta property=\"og:url\" content=\"https:\/\/www.robertabudasalon.com\/es\/producto\/balmain-dry-shampoo\/\" \/>\n<meta property=\"og:site_name\" content=\"Robert Abuda Merida Hair Salon\" \/>\n<meta property=\"article:publisher\" content=\"https:\/\/www.facebook.com\/RobertAbudaSalondeBellezaMerida\" \/>\n<meta property=\"article:author\" content=\"https:\/\/www.facebook.com\/RobertAbudaSalondeBellezaMerida\" \/>\n<meta property=\"article:modified_time\" content=\"2020-05-20T22:44:47+00:00\" \/>\n<meta property=\"og:image\" content=\"https:\/\/robertabudasalon.com\/wp-content\/uploads\/2020\/04\/balmainhair_care_dryshampoo_travelsize_800x800.jpg\" \/>\n\t<meta property=\"og:image:width\" content=\"600\" \/>\n\t<meta property=\"og:image:height\" content=\"600\" \/>\n<meta property=\"fb:app_id\" content=\"https:\/\/www.facebook.com\/RobertAbudaSalondeBellezaMerida\" \/>\n<meta name=\"twitter:card\" content=\"summary\" \/>\n<meta name=\"twitter:creator\" content=\"@RobAbudaSalon\" \/>\n<meta name=\"twitter:site\" content=\"@RobAbudaSalon\" \/>\n<script type=\"application\/ld+json\" class=\"yoast-schema-graph\">{\"@context\":\"https:\/\/schema.org\",\"@graph\":[{\"@type\":\"WebSite\",\"@id\":\"https:\/\/robertabudasalon.com\/es\/#website\",\"url\":\"https:\/\/robertabudasalon.com\/es\/\",\"name\":\"Robert Abuda Merida Hair Salon\",\"description\":\"Hair Salon Merida, Salon de Belleza Merida +52 999 926 3015, #470C Paseo de Montejo, Peluqueria y SPA.\",\"potentialAction\":[{\"@type\":\"SearchAction\",\"target\":\"https:\/\/robertabudasalon.com\/es\/?s={search_term_string}\",\"query-input\":\"required name=search_term_string\"}],\"inLanguage\":\"es-ES\"},{\"@type\":\"ImageObject\",\"@id\":\"https:\/\/www.robertabudasalon.com\/es\/producto\/balmain-dry-shampoo\/#primaryimage\",\"inLanguage\":\"es-ES\",\"url\":\"https:\/\/robertabudasalon.com\/wp-content\/uploads\/2020\/04\/balmainhair_care_dryshampoo_travelsize_800x800.jpg\",\"width\":600,\"height\":600},{\"@type\":\"WebPage\",\"@id\":\"https:\/\/www.robertabudasalon.com\/es\/producto\/balmain-dry-shampoo\/#webpage\",\"url\":\"https:\/\/www.robertabudasalon.com\/es\/producto\/balmain-dry-shampoo\/\",\"name\":\"Balmain Shampoo Seco | Robert Abuda Merida Hair Salon | Salud y Belleza\",\"isPartOf\":{\"@id\":\"https:\/\/robertabudasalon.com\/es\/#website\"},\"primaryImageOfPage\":{\"@id\":\"https:\/\/www.robertabudasalon.com\/es\/producto\/balmain-dry-shampoo\/#primaryimage\"},\"datePublished\":\"2020-04-13T02:26:14+00:00\",\"dateModified\":\"2020-05-20T22:44:47+00:00\",\"description\":\"Balmain Shampoo Seco | Robert Abuda Merida Hair Salon Productos de Belleza Mexico. Balmain, Olaplex, Living Proof.\",\"inLanguage\":\"es-ES\",\"potentialAction\":[{\"@type\":\"ReadAction\",\"target\":[\"https:\/\/www.robertabudasalon.com\/es\/producto\/balmain-dry-shampoo\/\"]}]}]}<\/script>\n<!-- \/ Yoast SEO Premium plugin. -->","jetpack_sharing_enabled":true,"_links":{"self":[{"href":"https:\/\/robertabudasalon.com\/es\/wp-json\/wp\/v2\/product\/10153","targetHints":{"allow":["GET"]}}],"collection":[{"href":"https:\/\/robertabudasalon.com\/es\/wp-json\/wp\/v2\/product"}],"about":[{"href":"https:\/\/robertabudasalon.com\/es\/wp-json\/wp\/v2\/types\/product"}],"replies":[{"embeddable":true,"href":"https:\/\/robertabudasalon.com\/es\/wp-json\/wp\/v2\/comments?post=10153"}],"wp:featuredmedia":[{"embeddable":true,"href":"https:\/\/robertabudasalon.com\/es\/wp-json\/wp\/v2\/media\/10062"}],"wp:attachment":[{"href":"https:\/\/robertabudasalon.com\/es\/wp-json\/wp\/v2\/media?parent=10153"}],"wp:term":[{"taxonomy":"product_brand","embeddable":true,"href":"https:\/\/robertabudasalon.com\/es\/wp-json\/wp\/v2\/product_brand?post=10153"},{"taxonomy":"product_cat","embeddable":true,"href":"https:\/\/robertabudasalon.com\/es\/wp-json\/wp\/v2\/product_cat?post=10153"},{"taxonomy":"product_tag","embeddable":true,"href":"https:\/\/robertabudasalon.com\/es\/wp-json\/wp\/v2\/product_tag?post=10153"},{"taxonomy":"yst_prominent_words","embeddable":true,"href":"https:\/\/robertabudasalon.com\/es\/wp-json\/wp\/v2\/yst_prominent_words?post=10153"}],"curies":[{"name":"wp","href":"https:\/\/api.w.org\/{rel}","templated":true}]}}