{"id":10152,"date":"2020-04-12T16:32:30","date_gmt":"2020-04-12T21:32:30","guid":{"rendered":"https:\/\/www.robertabudasalon.com\/product\/balmain-texturizing-salt-spray\/"},"modified":"2020-06-02T22:08:09","modified_gmt":"2020-06-03T03:08:09","slug":"balmain-sal-texturizante","status":"publish","type":"product","link":"https:\/\/robertabudasalon.com\/es\/shop\/balmain-sal-texturizante\/","title":{"rendered":"Balmain Spray Sal Texturizante"},"content":{"rendered":"<h3><a href=\"https:\/\/robertabudasalon.com\/?attachment_id=10051\" rel=\"attachment wp-att-10051\"><img loading=\"lazy\" decoding=\"async\" class=\"alignleft wp-image-10051 size-medium\" src=\"https:\/\/robertabudasalon.com\/wp-content\/uploads\/2020\/04\/balmain-salt-spray-merida-217x300.jpg\" alt=\"balmain texturizing salt spray\" width=\"217\" height=\"300\" srcset=\"https:\/\/robertabudasalon.com\/wp-content\/uploads\/2020\/04\/balmain-salt-spray-merida.jpg 217w, https:\/\/robertabudasalon.com\/wp-content\/uploads\/2020\/04\/balmain-salt-spray-merida.jpg 742w, https:\/\/robertabudasalon.com\/wp-content\/uploads\/2020\/04\/balmain-salt-spray-merida.jpg 600w, https:\/\/robertabudasalon.com\/wp-content\/uploads\/2020\/04\/balmain-salt-spray-merida.jpg 768w\" sizes=\"auto, (max-width: 217px) 100vw, 217px\" \/><\/a><strong>Balmain Spray Sal Texturizante <\/strong>200 ml<\/h3>\n<p><strong>Balmain Spray Sal Texturizante<\/strong><br \/>\nLa sal marina bodificante ofrece una fijaci\u00f3n flexible, agrega textura, control y es resistente a la humedad. Con este producto se logra f\u00e1cilmente un estilo veraniego fresco con textura. \u00a1Balmain Spray Sal Texturizante es el producto perfecto para estar a la moda!<\/p>\n<p>Da textura y cuerpo al cabello.<br \/>\nCrea hermosas olas en la playa.<br \/>\nResistente a la humedad.<\/p>\n<p>Los ingredientes, la prote\u00edna de seda y el aceite de arg\u00e1n, estimulan una retenci\u00f3n de humedad \u00f3ptima dentro de la c\u00e9lula capilar, reparan y protegen el cabello da\u00f1ado, seco y d\u00e9bil de los extremos ambientales. <a href=\"http:\/\/www.balmainhair.com\">The Styling Line<\/a> tiene una fragancia maravillosa y exclusiva, una mezcla \u00fanica de notas que te llevar\u00e1n al d\u00eda perfecto de verano. Cada vez que se utilizan los productos, enriquecen el cabello con ingredientes nutritivos y perfuman el cabello con este aroma misterioso, femenino y sexy.<\/p>\n<p style=\"text-align: center;\"><a href=\"http:\/\/www.robertabudasalon.com\/es\/products\/balmain\/\">COMPRA PROUCTOS de BELLEZA, MEXICO<\/a><\/p>\n<p>Consejo entre bastidores: Texturizing Salt Spray es un excelente producto para animar las capas sin vida cuando tienes prisa. Solo roc\u00edalo en tu cabello y arr\u00fajalo.<\/p>\n<h4><b>Texturizing Salt Spray<\/b><\/h4>\n<p>La sal marina a\u00f1ade cuerpo, as\u00ed como sujeci\u00f3n, control, textura y resistencia a la humedad. Un refrescante estilo veraniego al alcance de la mano gracias a este producto. \u00a1El Salt Spray de Balmain Paris es perfecto para ir a la \u00faltima!\u00a0Sus ingredientes, Prote\u00edna de Seda y Aceite de Arg\u00e1n, estimulan una retenci\u00f3n \u00f3ptima de la humedad en el interior de las c\u00e9lulas capilares, contribuyendo a la recuperaci\u00f3n y protecci\u00f3n del cabello da\u00f1ado contra las agresiones medioambientales. La Styling Line contiene una maravillosa fragancia de autor, con una mezcla \u00fanica de notas que te transportar\u00e1 a un perfecto d\u00eda de verano. Cada vez que usas nuestros productos nutres tu cabello y lo adornas con aromas de misterio y sensualidad.<\/p>\n<p>Aporta textura y cuerpo.<br \/>\nCrea hermosas olas playeras.<br \/>\nResistente a la humedad.<\/p>\n<p><b>Modo de uso<\/b>: atomiza ligeramente sobre el cabello h\u00famedo en la zona de la ra\u00edz para aumentar cuerpo o en el cabello seco para a\u00f1adir textura \u00e1spera.<\/p>\n<p><b>Consejo:<\/b>\u00a0Texturizing Salt Spray es un producto perfecto para alegrar las capas sin vida de tu cabello en poco tiempo. Simplemente apl\u00edcalo y estruja.<\/p>\n","protected":false},"excerpt":{"rendered":"<p><a href=\"https:\/\/robertabudasalon.com\/?attachment_id=10051\" rel=\"attachment wp-att-10051\"><img loading=\"lazy\" decoding=\"async\" class=\"alignleft size-medium wp-image-10051\" src=\"https:\/\/robertabudasalon.com\/wp-content\/uploads\/2020\/04\/balmain-salt-spray-merida-217x300.jpg\" alt=\"Balmain Salt Spray\" width=\"217\" height=\"300\" srcset=\"https:\/\/robertabudasalon.com\/wp-content\/uploads\/2020\/04\/balmain-salt-spray-merida.jpg 217w, https:\/\/robertabudasalon.com\/wp-content\/uploads\/2020\/04\/balmain-salt-spray-merida.jpg 742w, https:\/\/robertabudasalon.com\/wp-content\/uploads\/2020\/04\/balmain-salt-spray-merida.jpg 600w, https:\/\/robertabudasalon.com\/wp-content\/uploads\/2020\/04\/balmain-salt-spray-merida.jpg 768w\" sizes=\"auto, (max-width: 217px) 100vw, 217px\" \/><\/a>200 ml<\/p>\n<p>Da textura y cuerpo al cabello.<br \/>\nCrea hermosas olas en la playa.<br \/>\nResistente a la humedad.<\/p>\n","protected":false},"featured_media":10052,"comment_status":"closed","ping_status":"closed","template":"","meta":{"nf_dc_page":"","jetpack_post_was_ever_published":false,"jetpack_publicize_message":"","jetpack_publicize_feature_enabled":true,"jetpack_social_post_already_shared":false,"jetpack_social_options":{"image_generator_settings":{"template":"highway","default_image_id":0,"font":"","enabled":false},"version":2}},"product_brand":[],"product_cat":[251,151],"product_tag":[252,284,460],"yst_prominent_words":[336,2223,2222,276,317,2219,277,318,313,1955,278,2218,2217,2215,2227,2226,298,2225,2224,321],"class_list":{"0":"post-10152","1":"product","2":"type-product","3":"status-publish","4":"has-post-thumbnail","6":"product_cat-balmain-es","7":"product_cat-shop-es","8":"product_tag-balmain-es","9":"product_tag-textura","10":"product_tag-texture-salt-spray-es","11":"entry","13":"first","14":"instock","15":"shipping-taxable","16":"purchasable","17":"product-type-simple"},"jetpack_publicize_connections":[],"yoast_head":"<!-- This site is optimized with the Yoast SEO Premium plugin v14.4.1 - https:\/\/yoast.com\/wordpress\/plugins\/seo\/ -->\n<title>Balmain Spray Sal Texturizante | Robert Abuda Merida Hair Salon |<\/title>\n<meta name=\"description\" content=\"Balmain Spray Sal Texturizante | Robert Abuda Merida Hair Salon | Productos de Belleza, Env\u00edos Gratis* a Toda la Rep\u00fablica | Compra 100% Segura.\" \/>\n<meta name=\"robots\" content=\"index, follow\" \/>\n<meta name=\"googlebot\" content=\"index, follow, max-snippet:-1, max-image-preview:large, max-video-preview:-1\" \/>\n<meta name=\"bingbot\" content=\"index, follow, max-snippet:-1, max-image-preview:large, max-video-preview:-1\" \/>\n<link rel=\"canonical\" href=\"https:\/\/www.robertabudasalon.com\/es\/producto\/balmain-sal-texturizante\/\" \/>\n<meta property=\"og:locale\" content=\"es_ES\" \/>\n<meta property=\"og:type\" content=\"article\" \/>\n<meta property=\"og:title\" content=\"Balmain Spray Sal Texturizante | Robert Abuda Merida Hair Salon |\" \/>\n<meta property=\"og:description\" content=\"Balmain Spray Sal Texturizante | Robert Abuda Merida Hair Salon | Productos de Belleza, Env\u00edos Gratis* a Toda la Rep\u00fablica | Compra 100% Segura.\" \/>\n<meta property=\"og:url\" content=\"https:\/\/www.robertabudasalon.com\/es\/producto\/balmain-sal-texturizante\/\" \/>\n<meta property=\"og:site_name\" content=\"Robert Abuda Merida Hair Salon\" \/>\n<meta property=\"article:publisher\" content=\"https:\/\/www.facebook.com\/RobertAbudaSalondeBellezaMerida\" \/>\n<meta property=\"article:author\" content=\"https:\/\/www.facebook.com\/RobertAbudaSalondeBellezaMerida\" \/>\n<meta property=\"article:modified_time\" content=\"2020-06-03T03:08:09+00:00\" \/>\n<meta property=\"og:image\" content=\"https:\/\/robertabudasalon.com\/wp-content\/uploads\/2020\/04\/balmain-salt-spray-merida.jpg\" \/>\n\t<meta property=\"og:image:width\" content=\"768\" \/>\n\t<meta property=\"og:image:height\" content=\"1060\" \/>\n<meta property=\"fb:app_id\" content=\"https:\/\/www.facebook.com\/RobertAbudaSalondeBellezaMerida\" \/>\n<meta name=\"twitter:card\" content=\"summary\" \/>\n<meta name=\"twitter:creator\" content=\"@RobAbudaSalon\" \/>\n<meta name=\"twitter:site\" content=\"@RobAbudaSalon\" \/>\n<script type=\"application\/ld+json\" class=\"yoast-schema-graph\">{\"@context\":\"https:\/\/schema.org\",\"@graph\":[{\"@type\":\"WebSite\",\"@id\":\"https:\/\/robertabudasalon.com\/es\/#website\",\"url\":\"https:\/\/robertabudasalon.com\/es\/\",\"name\":\"Robert Abuda Merida Hair Salon\",\"description\":\"Hair Salon Merida, Salon de Belleza Merida +52 999 926 3015, #470C Paseo de Montejo, Peluqueria y SPA.\",\"potentialAction\":[{\"@type\":\"SearchAction\",\"target\":\"https:\/\/robertabudasalon.com\/es\/?s={search_term_string}\",\"query-input\":\"required name=search_term_string\"}],\"inLanguage\":\"es-ES\"},{\"@type\":\"ImageObject\",\"@id\":\"https:\/\/www.robertabudasalon.com\/es\/producto\/balmain-sal-texturizante\/#primaryimage\",\"inLanguage\":\"es-ES\",\"url\":\"https:\/\/robertabudasalon.com\/wp-content\/uploads\/2020\/04\/balmain-salt-spray-merida.jpg\",\"width\":768,\"height\":1060,\"caption\":\"Balmain Salt Spray\"},{\"@type\":\"WebPage\",\"@id\":\"https:\/\/www.robertabudasalon.com\/es\/producto\/balmain-sal-texturizante\/#webpage\",\"url\":\"https:\/\/www.robertabudasalon.com\/es\/producto\/balmain-sal-texturizante\/\",\"name\":\"Balmain Spray Sal Texturizante | Robert Abuda Merida Hair Salon |\",\"isPartOf\":{\"@id\":\"https:\/\/robertabudasalon.com\/es\/#website\"},\"primaryImageOfPage\":{\"@id\":\"https:\/\/www.robertabudasalon.com\/es\/producto\/balmain-sal-texturizante\/#primaryimage\"},\"datePublished\":\"2020-04-12T21:32:30+00:00\",\"dateModified\":\"2020-06-03T03:08:09+00:00\",\"description\":\"Balmain Spray Sal Texturizante | Robert Abuda Merida Hair Salon | Productos de Belleza, Env\\u00edos Gratis* a Toda la Rep\\u00fablica | Compra 100% Segura.\",\"inLanguage\":\"es-ES\",\"potentialAction\":[{\"@type\":\"ReadAction\",\"target\":[\"https:\/\/www.robertabudasalon.com\/es\/producto\/balmain-sal-texturizante\/\"]}]}]}<\/script>\n<!-- \/ Yoast SEO Premium plugin. -->","jetpack_sharing_enabled":true,"_links":{"self":[{"href":"https:\/\/robertabudasalon.com\/es\/wp-json\/wp\/v2\/product\/10152","targetHints":{"allow":["GET"]}}],"collection":[{"href":"https:\/\/robertabudasalon.com\/es\/wp-json\/wp\/v2\/product"}],"about":[{"href":"https:\/\/robertabudasalon.com\/es\/wp-json\/wp\/v2\/types\/product"}],"replies":[{"embeddable":true,"href":"https:\/\/robertabudasalon.com\/es\/wp-json\/wp\/v2\/comments?post=10152"}],"wp:featuredmedia":[{"embeddable":true,"href":"https:\/\/robertabudasalon.com\/es\/wp-json\/wp\/v2\/media\/10052"}],"wp:attachment":[{"href":"https:\/\/robertabudasalon.com\/es\/wp-json\/wp\/v2\/media?parent=10152"}],"wp:term":[{"taxonomy":"product_brand","embeddable":true,"href":"https:\/\/robertabudasalon.com\/es\/wp-json\/wp\/v2\/product_brand?post=10152"},{"taxonomy":"product_cat","embeddable":true,"href":"https:\/\/robertabudasalon.com\/es\/wp-json\/wp\/v2\/product_cat?post=10152"},{"taxonomy":"product_tag","embeddable":true,"href":"https:\/\/robertabudasalon.com\/es\/wp-json\/wp\/v2\/product_tag?post=10152"},{"taxonomy":"yst_prominent_words","embeddable":true,"href":"https:\/\/robertabudasalon.com\/es\/wp-json\/wp\/v2\/yst_prominent_words?post=10152"}],"curies":[{"name":"wp","href":"https:\/\/api.w.org\/{rel}","templated":true}]}}