{"id":10151,"date":"2020-04-12T14:40:57","date_gmt":"2020-04-12T19:40:57","guid":{"rendered":"https:\/\/robertabudasalon.com\/product\/perfect-hair-day-phd-fresh-cut-mender\/"},"modified":"2020-06-03T13:34:36","modified_gmt":"2020-06-03T18:34:36","slug":"phd-fresh-cut-mender","status":"publish","type":"product","link":"https:\/\/robertabudasalon.com\/es\/shop\/phd-fresh-cut-mender\/","title":{"rendered":"Living Proof PhD Fresh Cut Mender"},"content":{"rendered":"<h3><a href=\"https:\/\/robertabudasalon.com\/es\/?attachment_id=10031\" rel=\"attachment wp-att-10031\"><img loading=\"lazy\" decoding=\"async\" class=\"alignleft size-medium wp-image-10031\" src=\"https:\/\/robertabudasalon.com\/wp-content\/uploads\/2020\/04\/fresh-cut-split-end-mender-196x300.jpeg\" alt=\"fresh cut split end mender\" width=\"196\" height=\"300\" srcset=\"https:\/\/robertabudasalon.com\/wp-content\/uploads\/2020\/04\/fresh-cut-split-end-mender.jpeg 196w, https:\/\/robertabudasalon.com\/wp-content\/uploads\/2020\/04\/fresh-cut-split-end-mender.jpeg 668w, https:\/\/robertabudasalon.com\/wp-content\/uploads\/2020\/04\/fresh-cut-split-end-mender.jpeg 768w, https:\/\/robertabudasalon.com\/wp-content\/uploads\/2020\/04\/fresh-cut-split-end-mender.jpeg 600w, https:\/\/robertabudasalon.com\/wp-content\/uploads\/2020\/04\/fresh-cut-split-end-mender.jpeg 780w\" sizes=\"auto, (max-width: 196px) 100vw, 196px\" \/><\/a>236 ml<\/h3>\n<p>Cierre las puntas abiertas instant\u00e1neamente con esta loci\u00f3n liviana para mantener el cabello luciendo y sinti\u00e9ndose reci\u00e9n cortado. No r\u00edgido ni pegajoso.<\/p>\n","protected":false},"excerpt":{"rendered":"<p><a href=\"https:\/\/robertabudasalon.com\/?attachment_id=10031\" rel=\"attachment wp-att-10031\"><img loading=\"lazy\" decoding=\"async\" class=\"alignleft size-medium wp-image-10031\" src=\"https:\/\/robertabudasalon.com\/wp-content\/uploads\/2020\/04\/fresh-cut-split-end-mender-196x300.jpeg\" alt=\"fresh cut split end mender\" width=\"196\" height=\"300\" srcset=\"https:\/\/robertabudasalon.com\/wp-content\/uploads\/2020\/04\/fresh-cut-split-end-mender.jpeg 196w, https:\/\/robertabudasalon.com\/wp-content\/uploads\/2020\/04\/fresh-cut-split-end-mender.jpeg 668w, https:\/\/robertabudasalon.com\/wp-content\/uploads\/2020\/04\/fresh-cut-split-end-mender.jpeg 768w, https:\/\/robertabudasalon.com\/wp-content\/uploads\/2020\/04\/fresh-cut-split-end-mender.jpeg 600w, https:\/\/robertabudasalon.com\/wp-content\/uploads\/2020\/04\/fresh-cut-split-end-mender.jpeg 780w\" sizes=\"auto, (max-width: 196px) 100vw, 196px\" \/><\/a>236 ml<\/p>\n","protected":false},"featured_media":10032,"comment_status":"open","ping_status":"closed","template":"","meta":{"nf_dc_page":"","jetpack_post_was_ever_published":false,"jetpack_publicize_message":"","jetpack_publicize_feature_enabled":true,"jetpack_social_post_already_shared":false,"jetpack_social_options":{"image_generator_settings":{"template":"highway","default_image_id":0,"font":"","enabled":false},"version":2}},"product_brand":[],"product_cat":[261,150,454,151],"product_tag":[459,152,456,455,457,458],"yst_prominent_words":[],"class_list":{"0":"post-10151","1":"product","2":"type-product","3":"status-publish","4":"has-post-thumbnail","6":"product_cat-acondicionador","7":"product_cat-living-proof-es","8":"product_cat-perfect-hair-day-es","9":"product_cat-shop-es","10":"product_tag-fresh-cut-es","11":"product_tag-living-proof-es","12":"product_tag-perfect-hair-day-es","13":"product_tag-phd-es","14":"product_tag-split-end-es","15":"product_tag-split-end-mender-es","16":"entry","18":"first","19":"instock","20":"shipping-taxable","21":"purchasable","22":"product-type-simple"},"jetpack_publicize_connections":[],"yoast_head":"<!-- This site is optimized with the Yoast SEO Premium plugin v14.4.1 - https:\/\/yoast.com\/wordpress\/plugins\/seo\/ -->\n<title>Living Proof PhD Fresh Cut Mender | Robert Abuda Merida Hair Salon<\/title>\n<meta name=\"description\" content=\"Living Proof PhD Fresh Cut Mender | Robert Abuda Merida Hair Salon de Belleza. Productos de Belleza Mexico. Living Proof, Balmain, Olaplex.\" \/>\n<meta name=\"robots\" content=\"index, follow\" \/>\n<meta name=\"googlebot\" content=\"index, follow, max-snippet:-1, max-image-preview:large, max-video-preview:-1\" \/>\n<meta name=\"bingbot\" content=\"index, follow, max-snippet:-1, max-image-preview:large, max-video-preview:-1\" \/>\n<link rel=\"canonical\" href=\"https:\/\/www.robertabudasalon.com\/es\/producto\/phd-fresh-cut-mender\/\" \/>\n<meta property=\"og:locale\" content=\"es_ES\" \/>\n<meta property=\"og:type\" content=\"article\" \/>\n<meta property=\"og:title\" content=\"Living Proof PhD Fresh Cut Mender | Robert Abuda Merida Hair Salon\" \/>\n<meta property=\"og:description\" content=\"Living Proof PhD Fresh Cut Mender | Robert Abuda Merida Hair Salon de Belleza. Productos de Belleza Mexico. Living Proof, Balmain, Olaplex.\" \/>\n<meta property=\"og:url\" content=\"https:\/\/www.robertabudasalon.com\/es\/producto\/phd-fresh-cut-mender\/\" \/>\n<meta property=\"og:site_name\" content=\"Robert Abuda Merida Hair Salon\" \/>\n<meta property=\"article:publisher\" content=\"https:\/\/www.facebook.com\/RobertAbudaSalondeBellezaMerida\" \/>\n<meta property=\"article:author\" content=\"https:\/\/www.facebook.com\/RobertAbudaSalondeBellezaMerida\" \/>\n<meta property=\"article:modified_time\" content=\"2020-06-03T18:34:36+00:00\" \/>\n<meta property=\"og:image\" content=\"https:\/\/robertabudasalon.com\/wp-content\/uploads\/2020\/04\/fresh-cut-split-end-mender.jpeg\" \/>\n\t<meta property=\"og:image:width\" content=\"780\" \/>\n\t<meta property=\"og:image:height\" content=\"1196\" \/>\n<meta property=\"fb:app_id\" content=\"https:\/\/www.facebook.com\/RobertAbudaSalondeBellezaMerida\" \/>\n<meta name=\"twitter:card\" content=\"summary\" \/>\n<meta name=\"twitter:creator\" content=\"@RobAbudaSalon\" \/>\n<meta name=\"twitter:site\" content=\"@RobAbudaSalon\" \/>\n<script type=\"application\/ld+json\" class=\"yoast-schema-graph\">{\"@context\":\"https:\/\/schema.org\",\"@graph\":[{\"@type\":\"WebSite\",\"@id\":\"https:\/\/robertabudasalon.com\/es\/#website\",\"url\":\"https:\/\/robertabudasalon.com\/es\/\",\"name\":\"Robert Abuda Merida Hair Salon\",\"description\":\"Hair Salon Merida, Salon de Belleza Merida +52 999 926 3015, #470C Paseo de Montejo, Peluqueria y SPA.\",\"potentialAction\":[{\"@type\":\"SearchAction\",\"target\":\"https:\/\/robertabudasalon.com\/es\/?s={search_term_string}\",\"query-input\":\"required name=search_term_string\"}],\"inLanguage\":\"es-ES\"},{\"@type\":\"ImageObject\",\"@id\":\"https:\/\/www.robertabudasalon.com\/es\/producto\/phd-fresh-cut-mender\/#primaryimage\",\"inLanguage\":\"es-ES\",\"url\":\"https:\/\/robertabudasalon.com\/wp-content\/uploads\/2020\/04\/fresh-cut-split-end-mender.jpeg\",\"width\":780,\"height\":1196,\"caption\":\"fresh cut split end mender\"},{\"@type\":\"WebPage\",\"@id\":\"https:\/\/www.robertabudasalon.com\/es\/producto\/phd-fresh-cut-mender\/#webpage\",\"url\":\"https:\/\/www.robertabudasalon.com\/es\/producto\/phd-fresh-cut-mender\/\",\"name\":\"Living Proof PhD Fresh Cut Mender | Robert Abuda Merida Hair Salon\",\"isPartOf\":{\"@id\":\"https:\/\/robertabudasalon.com\/es\/#website\"},\"primaryImageOfPage\":{\"@id\":\"https:\/\/www.robertabudasalon.com\/es\/producto\/phd-fresh-cut-mender\/#primaryimage\"},\"datePublished\":\"2020-04-12T19:40:57+00:00\",\"dateModified\":\"2020-06-03T18:34:36+00:00\",\"description\":\"Living Proof PhD Fresh Cut Mender | Robert Abuda Merida Hair Salon de Belleza. Productos de Belleza Mexico. Living Proof, Balmain, Olaplex.\",\"inLanguage\":\"es-ES\",\"potentialAction\":[{\"@type\":\"ReadAction\",\"target\":[\"https:\/\/www.robertabudasalon.com\/es\/producto\/phd-fresh-cut-mender\/\"]}]}]}<\/script>\n<!-- \/ Yoast SEO Premium plugin. -->","jetpack_sharing_enabled":true,"_links":{"self":[{"href":"https:\/\/robertabudasalon.com\/es\/wp-json\/wp\/v2\/product\/10151","targetHints":{"allow":["GET"]}}],"collection":[{"href":"https:\/\/robertabudasalon.com\/es\/wp-json\/wp\/v2\/product"}],"about":[{"href":"https:\/\/robertabudasalon.com\/es\/wp-json\/wp\/v2\/types\/product"}],"replies":[{"embeddable":true,"href":"https:\/\/robertabudasalon.com\/es\/wp-json\/wp\/v2\/comments?post=10151"}],"wp:featuredmedia":[{"embeddable":true,"href":"https:\/\/robertabudasalon.com\/es\/wp-json\/wp\/v2\/media\/10032"}],"wp:attachment":[{"href":"https:\/\/robertabudasalon.com\/es\/wp-json\/wp\/v2\/media?parent=10151"}],"wp:term":[{"taxonomy":"product_brand","embeddable":true,"href":"https:\/\/robertabudasalon.com\/es\/wp-json\/wp\/v2\/product_brand?post=10151"},{"taxonomy":"product_cat","embeddable":true,"href":"https:\/\/robertabudasalon.com\/es\/wp-json\/wp\/v2\/product_cat?post=10151"},{"taxonomy":"product_tag","embeddable":true,"href":"https:\/\/robertabudasalon.com\/es\/wp-json\/wp\/v2\/product_tag?post=10151"},{"taxonomy":"yst_prominent_words","embeddable":true,"href":"https:\/\/robertabudasalon.com\/es\/wp-json\/wp\/v2\/yst_prominent_words?post=10151"}],"curies":[{"name":"wp","href":"https:\/\/api.w.org\/{rel}","templated":true}]}}