{"id":10136,"date":"2020-04-12T16:42:30","date_gmt":"2020-04-12T21:42:30","guid":{"rendered":"https:\/\/www.robertabudasalon.com\/product\/balmain-thermal-protection-spray\/"},"modified":"2020-05-27T12:09:02","modified_gmt":"2020-05-27T17:09:02","slug":"balmain-proteccion-termica","status":"publish","type":"product","link":"https:\/\/robertabudasalon.com\/es\/shop\/balmain-proteccion-termica\/","title":{"rendered":"Balmain Protecci\u00f3n T\u00e9rmica"},"content":{"rendered":"<h3><a href=\"https:\/\/robertabudasalon.com\/es\/?attachment_id=10054\" rel=\"attachment wp-att-10054\"><img loading=\"lazy\" decoding=\"async\" class=\"alignleft size-medium wp-image-10054\" src=\"https:\/\/robertabudasalon.com\/wp-content\/uploads\/2020\/04\/BalmainHair_Styling_ThermalProtectionSpray-173x300.jpg\" alt=\"balmain thermal spray\" width=\"173\" height=\"300\" srcset=\"https:\/\/robertabudasalon.com\/wp-content\/uploads\/2020\/04\/BalmainHair_Styling_ThermalProtectionSpray-scaled.jpg 173w, https:\/\/robertabudasalon.com\/wp-content\/uploads\/2020\/04\/BalmainHair_Styling_ThermalProtectionSpray-scaled.jpg 592w, https:\/\/robertabudasalon.com\/wp-content\/uploads\/2020\/04\/BalmainHair_Styling_ThermalProtectionSpray-scaled.jpg 768w, https:\/\/robertabudasalon.com\/wp-content\/uploads\/2020\/04\/BalmainHair_Styling_ThermalProtectionSpray-scaled.jpg 888w, https:\/\/robertabudasalon.com\/wp-content\/uploads\/2020\/04\/BalmainHair_Styling_ThermalProtectionSpray-scaled.jpg 1184w, https:\/\/robertabudasalon.com\/wp-content\/uploads\/2020\/04\/BalmainHair_Styling_ThermalProtectionSpray-scaled.jpg 600w, https:\/\/robertabudasalon.com\/wp-content\/uploads\/2020\/04\/BalmainHair_Styling_ThermalProtectionSpray-scaled.jpg 1480w, http:\/\/robertabudasalon.com\/wp-content\/uploads\/2020\/04\/BalmainHair_Styling_ThermalProtectionSpray-scaled.jpg 1428w\" sizes=\"auto, (max-width: 173px) 100vw, 173px\" \/><\/a><strong>Balmain protecci\u00f3n t\u00e9rmica <\/strong>200 ml<\/h3>\n<p><strong><a href=\"http:\/\/www.balmain.com\">Balmain<\/a> protecci\u00f3n t\u00e9rmica<\/strong><br \/>\nLas herramientas de peinado pueden alcanzar temperaturas de hasta 220 \u00b0 C \/ 428 \u00b0 F y pueden da\u00f1ar el cabello sin protecci\u00f3n. El spray de protecci\u00f3n t\u00e9rmica protege el cabello contra el calor de las herramientas calientes y reduce la rotura del cabello tanto natural como te\u00f1ido. La f\u00f3rmula enriquecida con Pro-vitamina B5 y prote\u00edna de seda acondiciona, repara y fortalece el cabello. Los beneficios de desenredar y alisar las cut\u00edculas del cabello aseguran que las herramientas de peinado se deslicen por el cabello con mayor facilidad, lo que resulta en un cabello suave con un brillo luminoso.<\/p>\n<p>Protecci\u00f3n contra el calor hasta 220 \u00b0 C \/ 428 \u00b0 F.<br \/>\nElimina el frizz y las puntas abiertas.<br \/>\nF\u00f3rmula ligera.<\/p>\n<p>Ideal para: El spray de protecci\u00f3n t\u00e9rmica se puede usar en todo tipo de cabello antes de usar herramientas de pei\u00f1ado.<\/p>\n<p><strong>Backstage Secret:<\/strong> roc\u00ede el Balmain protecci\u00f3n t\u00e9rmica sobre el cabello mojado para una distribuci\u00f3n \u00f3ptima del producto.<\/p>\n","protected":false},"excerpt":{"rendered":"<p><a href=\"https:\/\/robertabudasalon.com\/?attachment_id=10054\" rel=\"attachment wp-att-10054\"><img loading=\"lazy\" decoding=\"async\" class=\"alignleft size-medium wp-image-10054\" src=\"https:\/\/robertabudasalon.com\/wp-content\/uploads\/2020\/04\/BalmainHair_Styling_ThermalProtectionSpray-173x300.jpg\" alt=\"balmain thermal spray\" width=\"173\" height=\"300\" srcset=\"https:\/\/robertabudasalon.com\/wp-content\/uploads\/2020\/04\/BalmainHair_Styling_ThermalProtectionSpray-scaled.jpg 173w, https:\/\/robertabudasalon.com\/wp-content\/uploads\/2020\/04\/BalmainHair_Styling_ThermalProtectionSpray-scaled.jpg 592w, https:\/\/robertabudasalon.com\/wp-content\/uploads\/2020\/04\/BalmainHair_Styling_ThermalProtectionSpray-scaled.jpg 768w, https:\/\/robertabudasalon.com\/wp-content\/uploads\/2020\/04\/BalmainHair_Styling_ThermalProtectionSpray-scaled.jpg 888w, https:\/\/robertabudasalon.com\/wp-content\/uploads\/2020\/04\/BalmainHair_Styling_ThermalProtectionSpray-scaled.jpg 1184w, https:\/\/robertabudasalon.com\/wp-content\/uploads\/2020\/04\/BalmainHair_Styling_ThermalProtectionSpray-scaled.jpg 600w, https:\/\/robertabudasalon.com\/wp-content\/uploads\/2020\/04\/BalmainHair_Styling_ThermalProtectionSpray-scaled.jpg 1480w, http:\/\/robertabudasalon.com\/wp-content\/uploads\/2020\/04\/BalmainHair_Styling_ThermalProtectionSpray-scaled.jpg 1428w\" sizes=\"auto, (max-width: 173px) 100vw, 173px\" \/><\/a>200 ml<\/p>\n<p>Protecci\u00f3n contra el calor hasta 220 \u00b0 C \/ 428 \u00b0 F.<br \/>\nElimina el frizz y las puntas abiertas.<br \/>\nF\u00f3rmula ligera.<\/p>\n","protected":false},"featured_media":10055,"comment_status":"closed","ping_status":"closed","template":"","meta":{"nf_dc_page":"","jetpack_post_was_ever_published":false,"jetpack_publicize_message":"","jetpack_publicize_feature_enabled":true,"jetpack_social_post_already_shared":false,"jetpack_social_options":{"image_generator_settings":{"template":"highway","default_image_id":0,"font":"","enabled":false},"version":2}},"product_brand":[],"product_cat":[251,151],"product_tag":[252,297,296],"yst_prominent_words":[2209,2210,2554,2553,1959,2202,313,2206,2200,2198,2208,2204,2551,2205,2214,2207,2203,2213,2201,2199],"class_list":{"0":"post-10136","1":"product","2":"type-product","3":"status-publish","4":"has-post-thumbnail","6":"product_cat-balmain-es","7":"product_cat-shop-es","8":"product_tag-balmain-es","9":"product_tag-spray-de-proteccion-termica","10":"product_tag-termica","11":"entry","13":"first","14":"instock","15":"shipping-taxable","16":"purchasable","17":"product-type-simple"},"jetpack_publicize_connections":[],"yoast_head":"<!-- This site is optimized with the Yoast SEO Premium plugin v14.4.1 - https:\/\/yoast.com\/wordpress\/plugins\/seo\/ -->\n<title>Balmain Protecci\u00f3n T\u00e9rmica | Robert Abuda Merida Hair Salon |<\/title>\n<meta name=\"description\" content=\"Balmain Protecci\u00f3n T\u00e9rmica | Robert Abuda Merida Hair Salon | Productos de Belleza Mexico. Envios a todo M\u00e9xico. Balmain, Olapex, Dermalogica.\" \/>\n<meta name=\"robots\" content=\"index, follow\" \/>\n<meta name=\"googlebot\" content=\"index, follow, max-snippet:-1, max-image-preview:large, max-video-preview:-1\" \/>\n<meta name=\"bingbot\" content=\"index, follow, max-snippet:-1, max-image-preview:large, max-video-preview:-1\" \/>\n<link rel=\"canonical\" href=\"https:\/\/www.robertabudasalon.com\/es\/producto\/balmain-proteccion-termica\/\" \/>\n<meta property=\"og:locale\" content=\"es_ES\" \/>\n<meta property=\"og:type\" content=\"article\" \/>\n<meta property=\"og:title\" content=\"Balmain Protecci\u00f3n T\u00e9rmica | Robert Abuda Merida Hair Salon |\" \/>\n<meta property=\"og:description\" content=\"Balmain Protecci\u00f3n T\u00e9rmica | Robert Abuda Merida Hair Salon | Productos de Belleza Mexico. Envios a todo M\u00e9xico. Balmain, Olapex, Dermalogica.\" \/>\n<meta property=\"og:url\" content=\"https:\/\/www.robertabudasalon.com\/es\/producto\/balmain-proteccion-termica\/\" \/>\n<meta property=\"og:site_name\" content=\"Robert Abuda Merida Hair Salon\" \/>\n<meta property=\"article:publisher\" content=\"https:\/\/www.facebook.com\/RobertAbudaSalondeBellezaMerida\" \/>\n<meta property=\"article:author\" content=\"https:\/\/www.facebook.com\/RobertAbudaSalondeBellezaMerida\" \/>\n<meta property=\"article:modified_time\" content=\"2020-05-27T17:09:02+00:00\" \/>\n<meta property=\"og:image\" content=\"https:\/\/robertabudasalon.com\/wp-content\/uploads\/2020\/04\/BalmainHair_Styling_ThermalProtectionSpray.jpg\" \/>\n\t<meta property=\"og:image:width\" content=\"1480\" \/>\n\t<meta property=\"og:image:height\" content=\"2560\" \/>\n<meta property=\"fb:app_id\" content=\"https:\/\/www.facebook.com\/RobertAbudaSalondeBellezaMerida\" \/>\n<meta name=\"twitter:card\" content=\"summary\" \/>\n<meta name=\"twitter:creator\" content=\"@RobAbudaSalon\" \/>\n<meta name=\"twitter:site\" content=\"@RobAbudaSalon\" \/>\n<script type=\"application\/ld+json\" class=\"yoast-schema-graph\">{\"@context\":\"https:\/\/schema.org\",\"@graph\":[{\"@type\":\"WebSite\",\"@id\":\"https:\/\/robertabudasalon.com\/es\/#website\",\"url\":\"https:\/\/robertabudasalon.com\/es\/\",\"name\":\"Robert Abuda Merida Hair Salon\",\"description\":\"Hair Salon Merida, Salon de Belleza Merida +52 999 926 3015, #470C Paseo de Montejo, Peluqueria y SPA.\",\"potentialAction\":[{\"@type\":\"SearchAction\",\"target\":\"https:\/\/robertabudasalon.com\/es\/?s={search_term_string}\",\"query-input\":\"required name=search_term_string\"}],\"inLanguage\":\"es-ES\"},{\"@type\":\"ImageObject\",\"@id\":\"https:\/\/www.robertabudasalon.com\/es\/producto\/balmain-proteccion-termica\/#primaryimage\",\"inLanguage\":\"es-ES\",\"url\":\"https:\/\/robertabudasalon.com\/wp-content\/uploads\/2020\/04\/BalmainHair_Styling_ThermalProtectionSpray.jpg\",\"width\":1480,\"height\":2560,\"caption\":\"balmain thermal spray\"},{\"@type\":\"WebPage\",\"@id\":\"https:\/\/www.robertabudasalon.com\/es\/producto\/balmain-proteccion-termica\/#webpage\",\"url\":\"https:\/\/www.robertabudasalon.com\/es\/producto\/balmain-proteccion-termica\/\",\"name\":\"Balmain Protecci\\u00f3n T\\u00e9rmica | Robert Abuda Merida Hair Salon |\",\"isPartOf\":{\"@id\":\"https:\/\/robertabudasalon.com\/es\/#website\"},\"primaryImageOfPage\":{\"@id\":\"https:\/\/www.robertabudasalon.com\/es\/producto\/balmain-proteccion-termica\/#primaryimage\"},\"datePublished\":\"2020-04-12T21:42:30+00:00\",\"dateModified\":\"2020-05-27T17:09:02+00:00\",\"description\":\"Balmain Protecci\\u00f3n T\\u00e9rmica | Robert Abuda Merida Hair Salon | Productos de Belleza Mexico. Envios a todo M\\u00e9xico. Balmain, Olapex, Dermalogica.\",\"inLanguage\":\"es-ES\",\"potentialAction\":[{\"@type\":\"ReadAction\",\"target\":[\"https:\/\/www.robertabudasalon.com\/es\/producto\/balmain-proteccion-termica\/\"]}]}]}<\/script>\n<!-- \/ Yoast SEO Premium plugin. -->","jetpack_sharing_enabled":true,"_links":{"self":[{"href":"https:\/\/robertabudasalon.com\/es\/wp-json\/wp\/v2\/product\/10136","targetHints":{"allow":["GET"]}}],"collection":[{"href":"https:\/\/robertabudasalon.com\/es\/wp-json\/wp\/v2\/product"}],"about":[{"href":"https:\/\/robertabudasalon.com\/es\/wp-json\/wp\/v2\/types\/product"}],"replies":[{"embeddable":true,"href":"https:\/\/robertabudasalon.com\/es\/wp-json\/wp\/v2\/comments?post=10136"}],"wp:featuredmedia":[{"embeddable":true,"href":"https:\/\/robertabudasalon.com\/es\/wp-json\/wp\/v2\/media\/10055"}],"wp:attachment":[{"href":"https:\/\/robertabudasalon.com\/es\/wp-json\/wp\/v2\/media?parent=10136"}],"wp:term":[{"taxonomy":"product_brand","embeddable":true,"href":"https:\/\/robertabudasalon.com\/es\/wp-json\/wp\/v2\/product_brand?post=10136"},{"taxonomy":"product_cat","embeddable":true,"href":"https:\/\/robertabudasalon.com\/es\/wp-json\/wp\/v2\/product_cat?post=10136"},{"taxonomy":"product_tag","embeddable":true,"href":"https:\/\/robertabudasalon.com\/es\/wp-json\/wp\/v2\/product_tag?post=10136"},{"taxonomy":"yst_prominent_words","embeddable":true,"href":"https:\/\/robertabudasalon.com\/es\/wp-json\/wp\/v2\/yst_prominent_words?post=10136"}],"curies":[{"name":"wp","href":"https:\/\/api.w.org\/{rel}","templated":true}]}}