{"id":10135,"date":"2020-04-12T17:18:59","date_gmt":"2020-04-12T22:18:59","guid":{"rendered":"https:\/\/www.robertabudasalon.com\/product\/balmain-argan-moisturizing-elixir\/"},"modified":"2020-05-29T23:02:00","modified_gmt":"2020-05-30T04:02:00","slug":"balmain-elixir-argan","status":"publish","type":"product","link":"https:\/\/robertabudasalon.com\/es\/shop\/balmain-elixir-argan\/","title":{"rendered":"Balmain Elixir Arg\u00e1n"},"content":{"rendered":"<h3><a href=\"https:\/\/robertabudasalon.com\/es\/?attachment_id=10058\" rel=\"attachment wp-att-10058\"><img loading=\"lazy\" decoding=\"async\" class=\"alignleft wp-image-10058 size-medium\" src=\"https:\/\/robertabudasalon.com\/wp-content\/uploads\/2020\/04\/ARGAN-OIL-200x300.jpg\" alt=\"Balmain Elixir Arg\u00e1n\" width=\"200\" height=\"300\" srcset=\"https:\/\/robertabudasalon.com\/wp-content\/uploads\/2020\/04\/ARGAN-OIL.jpg 200w, https:\/\/robertabudasalon.com\/wp-content\/uploads\/2020\/04\/ARGAN-OIL.jpg 683w, https:\/\/robertabudasalon.com\/wp-content\/uploads\/2020\/04\/ARGAN-OIL.jpg 768w, https:\/\/robertabudasalon.com\/wp-content\/uploads\/2020\/04\/ARGAN-OIL.jpg 600w, https:\/\/robertabudasalon.com\/wp-content\/uploads\/2020\/04\/ARGAN-OIL.jpg 920w\" sizes=\"auto, (max-width: 200px) 100vw, 200px\" \/><\/a><strong>Balmain Elixir Arg\u00e1n <\/strong>100 ml<\/h3>\n<p>Balmain Elxir Argan &#8211; Suero de aceite de arg\u00e1n org\u00e1nico puro rejuvenecedor para un brillo brillante. Da un impulso instant\u00e1neo; creando un aspecto suave y saludable sin residuos. Los ingredientes, la prote\u00edna de seda y el aceite de arg\u00e1n, estimulan una retenci\u00f3n de humedad \u00f3ptima dentro de la c\u00e9lula capilar, reparan y protegen el cabello da\u00f1ado, seco y d\u00e9bil de los extremos ambientales. The <a href=\"https:\/\/store.balmainhair.com\/es\/care-styling\/styling\/shop-all-styling.html\">Styling Line<\/a> tiene una fragancia maravillosa y exclusiva, una mezcla \u00fanica de notas que te llevar\u00e1n al d\u00eda perfecto de verano. Cada vez que se utilizan los productos, enriquecen el cabello con ingredientes nutritivos y perfuman el cabello con este aroma misterioso, femenino y sexy.<\/p>\n<p>Agrega un brillo brillante.<br \/>\nHidratante.<br \/>\nAlisa el cabello da\u00f1ado.<\/p>\n<p>Consejo detr\u00e1s del escenario: aplique unas gotas de elixir hidratante de arg\u00e1n de manera uniforme antes de lavarse el cabello. Esto absorber\u00e1 el aceite y evitar\u00e1 que la humedad penetre en la cut\u00edcula del cabello poroso y expulsar\u00e1 el agua. Esto reducir\u00e1 el tiempo de secado del cabello.<\/p>\n<p style=\"text-align: center;\"><a href=\"http:\/\/www.robertabudasalon.com\/es\/products\/balmain\/\">SHOP PRODUCTOS DE BELLEZA MEXICO, BALMAIN<\/a><\/p>\n<p>Este serum rejuvenecedor a base de puro Arg\u00e1n org\u00e1nico aporta un&#8230;\u00a0brillo lustroso y da un impulso instant\u00e1neo a tu cabello, d\u00e1ndole un aspecto saludable sin dejar residuos. Sus ingredientes, Prote\u00edna de Seda y Aceite de Arg\u00e1n, estimulan una retenci\u00f3n \u00f3ptima de la humedad en el interior de las c\u00e9lulas capilares, contribuyendo a la recuperaci\u00f3n y protecci\u00f3n del cabello da\u00f1ado contra las agresiones medioambientales. La Styling Line contiene una maravillosa fragancia de autor, con una mezcla \u00fanica de notas que te transportar\u00e1 a un perfecto d\u00eda de verano. Cada vez que usas nuestros productos nutres tu cabello y lo adornas con aromas de misterio y sensualidad.<\/p>\n<h4><strong><em>Modo de uso:<\/em><\/strong><\/h4>\n<p>Utiliza distribuy\u00e9ndolo en el cabello h\u00famedo o seco. No aclarar.<\/p>\n<p><strong><em>Consejo:<\/em><\/strong><\/p>\n<p>Aplica unos ml. de Balmain Elixir Argan homog\u00e9neamente antes del lavado. Esto reducir\u00e1 el tiempo de secado.<\/p>\n<p>&nbsp;<\/p>\n<p>&nbsp;<\/p>\n<p>&nbsp;<\/p>\n","protected":false},"excerpt":{"rendered":"<p><a href=\"https:\/\/robertabudasalon.com\/?attachment_id=10058\" rel=\"attachment wp-att-10058\"><img loading=\"lazy\" decoding=\"async\" class=\"alignleft size-medium wp-image-10058\" src=\"https:\/\/robertabudasalon.com\/wp-content\/uploads\/2020\/04\/ARGAN-OIL-200x300.jpg\" alt=\"\" width=\"200\" height=\"300\" srcset=\"https:\/\/robertabudasalon.com\/wp-content\/uploads\/2020\/04\/ARGAN-OIL.jpg 200w, https:\/\/robertabudasalon.com\/wp-content\/uploads\/2020\/04\/ARGAN-OIL.jpg 683w, https:\/\/robertabudasalon.com\/wp-content\/uploads\/2020\/04\/ARGAN-OIL.jpg 768w, https:\/\/robertabudasalon.com\/wp-content\/uploads\/2020\/04\/ARGAN-OIL.jpg 600w, https:\/\/robertabudasalon.com\/wp-content\/uploads\/2020\/04\/ARGAN-OIL.jpg 920w\" sizes=\"auto, (max-width: 200px) 100vw, 200px\" \/><\/a>100 ml<\/p>\n<p><span class=\"tlid-translation translation\" lang=\"es\"><span class=\"\" title=\"\">Agrega un brillo brillante.<\/span><br \/>\n<span title=\"\">Hidratante.<\/span><br \/>\n<span title=\"\">Alisa el cabello da\u00f1ado.<\/span><\/span><\/p>\n<p>&nbsp;<\/p>\n","protected":false},"featured_media":10059,"comment_status":"open","ping_status":"closed","template":"","meta":{"nf_dc_page":"","jetpack_post_was_ever_published":false,"jetpack_publicize_message":"","jetpack_publicize_feature_enabled":true,"jetpack_social_post_already_shared":false,"jetpack_social_options":{"image_generator_settings":{"template":"highway","default_image_id":0,"font":"","enabled":false},"version":2}},"product_brand":[],"product_cat":[251,151],"product_tag":[293,252,295,294],"yst_prominent_words":[2151,2113,2102,2115,2166,2114,2103,2124,2598,2170,2164,2122,2109,2112,2171,2165,2121,2108,2123,2110],"class_list":{"0":"post-10135","1":"product","2":"type-product","3":"status-publish","4":"has-post-thumbnail","6":"product_cat-balmain-es","7":"product_cat-shop-es","8":"product_tag-aceite-de-argan","9":"product_tag-balmain-es","10":"product_tag-elixir-es","11":"product_tag-moisturizing-oil-es","12":"entry","14":"first","15":"outofstock","16":"shipping-taxable","17":"purchasable","18":"product-type-simple"},"jetpack_publicize_connections":[],"yoast_head":"<!-- This site is optimized with the Yoast SEO Premium plugin v14.4.1 - https:\/\/yoast.com\/wordpress\/plugins\/seo\/ -->\n<title>Balmain Elixir Arg\u00e1n | Robert Abuda Merida Hair Salon | Belleza Mexico<\/title>\n<meta name=\"description\" content=\"Balmain Elixir Arg\u00e1n | Robert Abuda Merida Hair Salon | de Belleza Merida y Productos de Belleza Mexico. Peluqueria Merida. Balmain, Olaplex, y mas.\" \/>\n<meta name=\"robots\" content=\"index, follow\" \/>\n<meta name=\"googlebot\" content=\"index, follow, max-snippet:-1, max-image-preview:large, max-video-preview:-1\" \/>\n<meta name=\"bingbot\" content=\"index, follow, max-snippet:-1, max-image-preview:large, max-video-preview:-1\" \/>\n<link rel=\"canonical\" href=\"https:\/\/www.robertabudasalon.com\/es\/producto\/balmain-elixir-argan\/\" \/>\n<meta property=\"og:locale\" content=\"es_ES\" \/>\n<meta property=\"og:type\" content=\"article\" \/>\n<meta property=\"og:title\" content=\"Balmain Elixir Arg\u00e1n | Robert Abuda Merida Hair Salon | Belleza Mexico\" \/>\n<meta property=\"og:description\" content=\"Balmain Elixir Arg\u00e1n | Robert Abuda Merida Hair Salon | de Belleza Merida y Productos de Belleza Mexico. Peluqueria Merida. Balmain, Olaplex, y mas.\" \/>\n<meta property=\"og:url\" content=\"https:\/\/www.robertabudasalon.com\/es\/producto\/balmain-elixir-argan\/\" \/>\n<meta property=\"og:site_name\" content=\"Robert Abuda Merida Hair Salon\" \/>\n<meta property=\"article:publisher\" content=\"https:\/\/www.facebook.com\/RobertAbudaSalondeBellezaMerida\" \/>\n<meta property=\"article:author\" content=\"https:\/\/www.facebook.com\/RobertAbudaSalondeBellezaMerida\" \/>\n<meta property=\"article:modified_time\" content=\"2020-05-30T04:02:00+00:00\" \/>\n<meta property=\"og:image\" content=\"https:\/\/robertabudasalon.com\/wp-content\/uploads\/2020\/04\/ARGAN-OIL.jpg\" \/>\n\t<meta property=\"og:image:width\" content=\"920\" \/>\n\t<meta property=\"og:image:height\" content=\"1380\" \/>\n<meta property=\"fb:app_id\" content=\"https:\/\/www.facebook.com\/RobertAbudaSalondeBellezaMerida\" \/>\n<meta name=\"twitter:card\" content=\"summary\" \/>\n<meta name=\"twitter:creator\" content=\"@RobAbudaSalon\" \/>\n<meta name=\"twitter:site\" content=\"@RobAbudaSalon\" \/>\n<script type=\"application\/ld+json\" class=\"yoast-schema-graph\">{\"@context\":\"https:\/\/schema.org\",\"@graph\":[{\"@type\":\"WebSite\",\"@id\":\"https:\/\/robertabudasalon.com\/es\/#website\",\"url\":\"https:\/\/robertabudasalon.com\/es\/\",\"name\":\"Robert Abuda Merida Hair Salon\",\"description\":\"Hair Salon Merida, Salon de Belleza Merida +52 999 926 3015, #470C Paseo de Montejo, Peluqueria y SPA.\",\"potentialAction\":[{\"@type\":\"SearchAction\",\"target\":\"https:\/\/robertabudasalon.com\/es\/?s={search_term_string}\",\"query-input\":\"required name=search_term_string\"}],\"inLanguage\":\"es-ES\"},{\"@type\":\"ImageObject\",\"@id\":\"https:\/\/www.robertabudasalon.com\/es\/producto\/balmain-elixir-argan\/#primaryimage\",\"inLanguage\":\"es-ES\",\"url\":\"https:\/\/robertabudasalon.com\/wp-content\/uploads\/2020\/04\/ARGAN-OIL.jpg\",\"width\":920,\"height\":1380},{\"@type\":\"WebPage\",\"@id\":\"https:\/\/www.robertabudasalon.com\/es\/producto\/balmain-elixir-argan\/#webpage\",\"url\":\"https:\/\/www.robertabudasalon.com\/es\/producto\/balmain-elixir-argan\/\",\"name\":\"Balmain Elixir Arg\\u00e1n | Robert Abuda Merida Hair Salon | Belleza Mexico\",\"isPartOf\":{\"@id\":\"https:\/\/robertabudasalon.com\/es\/#website\"},\"primaryImageOfPage\":{\"@id\":\"https:\/\/www.robertabudasalon.com\/es\/producto\/balmain-elixir-argan\/#primaryimage\"},\"datePublished\":\"2020-04-12T22:18:59+00:00\",\"dateModified\":\"2020-05-30T04:02:00+00:00\",\"description\":\"Balmain Elixir Arg\\u00e1n | Robert Abuda Merida Hair Salon | de Belleza Merida y Productos de Belleza Mexico. Peluqueria Merida. Balmain, Olaplex, y mas.\",\"inLanguage\":\"es-ES\",\"potentialAction\":[{\"@type\":\"ReadAction\",\"target\":[\"https:\/\/www.robertabudasalon.com\/es\/producto\/balmain-elixir-argan\/\"]}]}]}<\/script>\n<!-- \/ Yoast SEO Premium plugin. -->","jetpack_sharing_enabled":true,"_links":{"self":[{"href":"https:\/\/robertabudasalon.com\/es\/wp-json\/wp\/v2\/product\/10135","targetHints":{"allow":["GET"]}}],"collection":[{"href":"https:\/\/robertabudasalon.com\/es\/wp-json\/wp\/v2\/product"}],"about":[{"href":"https:\/\/robertabudasalon.com\/es\/wp-json\/wp\/v2\/types\/product"}],"replies":[{"embeddable":true,"href":"https:\/\/robertabudasalon.com\/es\/wp-json\/wp\/v2\/comments?post=10135"}],"wp:featuredmedia":[{"embeddable":true,"href":"https:\/\/robertabudasalon.com\/es\/wp-json\/wp\/v2\/media\/10059"}],"wp:attachment":[{"href":"https:\/\/robertabudasalon.com\/es\/wp-json\/wp\/v2\/media?parent=10135"}],"wp:term":[{"taxonomy":"product_brand","embeddable":true,"href":"https:\/\/robertabudasalon.com\/es\/wp-json\/wp\/v2\/product_brand?post=10135"},{"taxonomy":"product_cat","embeddable":true,"href":"https:\/\/robertabudasalon.com\/es\/wp-json\/wp\/v2\/product_cat?post=10135"},{"taxonomy":"product_tag","embeddable":true,"href":"https:\/\/robertabudasalon.com\/es\/wp-json\/wp\/v2\/product_tag?post=10135"},{"taxonomy":"yst_prominent_words","embeddable":true,"href":"https:\/\/robertabudasalon.com\/es\/wp-json\/wp\/v2\/yst_prominent_words?post=10135"}],"curies":[{"name":"wp","href":"https:\/\/api.w.org\/{rel}","templated":true}]}}