{"id":10134,"date":"2020-04-12T18:22:57","date_gmt":"2020-04-12T23:22:57","guid":{"rendered":"https:\/\/www.robertabudasalon.com\/product\/balmain-dry-shampoo-travel\/"},"modified":"2020-05-17T14:45:08","modified_gmt":"2020-05-17T19:45:08","slug":"balmain-shampoo-seco-travel","status":"publish","type":"product","link":"https:\/\/robertabudasalon.com\/es\/shop\/balmain-shampoo-seco-travel\/","title":{"rendered":"Balmain Shampoo Seco TRAVEL"},"content":{"rendered":"<h3><a href=\"https:\/\/robertabudasalon.com\/?attachment_id=10061\" rel=\"attachment wp-att-10061\"><img loading=\"lazy\" decoding=\"async\" class=\"alignleft wp-image-10061 size-medium\" src=\"https:\/\/robertabudasalon.com\/wp-content\/uploads\/2020\/04\/balmainhair_care_dryshampoo_travelsize_800x800-300x300.jpg\" alt=\"Balmain Shampoo Seco Travel\" width=\"300\" height=\"300\" srcset=\"https:\/\/robertabudasalon.com\/wp-content\/uploads\/2020\/04\/balmainhair_care_dryshampoo_travelsize_800x800.jpg 300w, https:\/\/robertabudasalon.com\/wp-content\/uploads\/2020\/04\/balmainhair_care_dryshampoo_travelsize_800x800.jpg 150w, https:\/\/robertabudasalon.com\/wp-content\/uploads\/2020\/04\/balmainhair_care_dryshampoo_travelsize_800x800.jpg 100w, https:\/\/robertabudasalon.com\/wp-content\/uploads\/2020\/04\/balmainhair_care_dryshampoo_travelsize_800x800.jpg 600w\" sizes=\"auto, (max-width: 300px) 100vw, 300px\" \/><\/a><strong>Balmain Shampoo Seco Travel <\/strong>75 ml<\/h3>\n<p><strong>Balmain Shampoo Seco Travel<\/strong><br \/>\nEste <a href=\"https:\/\/store.balmainhair.com\/en\/dry-shampoo-75ml.html\">spray de limpieza en seco<\/a> instant\u00e1neamente refrescante absorbe el aceite y mejora tu estilo sin lavarlo. Perfecto para crear cabello voluminoso con textura mate y cuerpo completo. Los ingredientes, la prote\u00edna de seda y el aceite de arg\u00e1n, estimulan una retenci\u00f3n de humedad \u00f3ptima dentro de la c\u00e9lula capilar, reparan y protegen el cabello da\u00f1ado, seco y d\u00e9bil de los extremos ambientales. The Care Line tiene una fragancia maravillosa y exclusiva, una mezcla \u00fanica de notas que te llevar\u00e1n al d\u00eda perfecto de verano. Cada vez que se utilizan los productos, enriquecen el cabello con ingredientes nutritivos y perfuman el cabello con este aroma misterioso, femenino y sexy.<\/p>\n<p>Refresca el cabello para esa apariencia de &#8220;reci\u00e9n lavado&#8221;.<br \/>\nAbsorbe el exceso de aceites y limpia el cuero cabelludo.<br \/>\nDeja el cabello fresco, brillante y perfumado con la fragancia caracter\u00edstica de <a href=\"https:\/\/store.balmainhair.com\/es\/\">Balmain<\/a>.<\/p>\n<p><strong>Consejo detr\u00e1s del escenario:<\/strong> \u00daselo como un producto de peinado para crear cabello mate con textura y cuerpo completo.<\/p>\n<p>\u00a1Tus productos de estilizado y tratamiento favoritos est\u00e1n disponibles AHORA en formato de viaje! Los Tama\u00f1os Viaje de la Care Line son perfectos para viajar o para tener listos en tu bolso al salir de la oficina directa hacia una fiesta.<\/p>\n<h4><b>Dry Shampoo<\/b><\/h4>\n<p>Este champ\u00fa seco refresca instant\u00e1neamente absorbiendo la grasa y renovando tu peinado sin necesidad de lavado. Perfecto para crear texturas mate y volumen en tu cabello. Apto para todo tipo de cabello. Sus ingredientes, Prote\u00edna de Seda y Aceite de Arg\u00e1n, estimulan una retenci\u00f3n \u00f3ptima de la humedad en el interior de las c\u00e9lulas capilares, contribuyendo a la recuperaci\u00f3n y protecci\u00f3n del cabello da\u00f1ado contra las agresiones medioambientales. La Care Line contiene una maravillosa fragancia de autor, con una mezcla \u00fanica de notas que te transportar\u00e1 a un perfecto d\u00eda de verano. Cada vez que usas nuestros productos nutres tu cabello y lo adornas con aromas de misterio y sensualidad.<\/p>\n<p>\u2022 Revive el cabello como reci\u00e9n lavado<br \/>\n\u2022 Lava el cuero cabelludo y retira el exceso de grasa<br \/>\n\u2022 Aporta brillo y frscor, dejando el aroma exclusivo de la casa Balmain<\/p>\n<p><b>Modo de uso:\u00a0<\/b>Agitar bien. Sostener a 25-30 cm de la cabeza y aplicar a capas con toques suaves y homog\u00e9neos. Dejar secar y retirar el exceso a mano o usando el cepillo.<\/p>\n","protected":false},"excerpt":{"rendered":"<p><a href=\"https:\/\/robertabudasalon.com\/?attachment_id=10061\" rel=\"attachment wp-att-10061\"><img loading=\"lazy\" decoding=\"async\" class=\"alignleft size-medium wp-image-10061\" src=\"https:\/\/robertabudasalon.com\/wp-content\/uploads\/2020\/04\/balmainhair_care_dryshampoo_travelsize_800x800-300x300.jpg\" alt=\"\" width=\"300\" height=\"300\" srcset=\"https:\/\/robertabudasalon.com\/wp-content\/uploads\/2020\/04\/balmainhair_care_dryshampoo_travelsize_800x800.jpg 300w, https:\/\/robertabudasalon.com\/wp-content\/uploads\/2020\/04\/balmainhair_care_dryshampoo_travelsize_800x800.jpg 150w, https:\/\/robertabudasalon.com\/wp-content\/uploads\/2020\/04\/balmainhair_care_dryshampoo_travelsize_800x800.jpg 100w, https:\/\/robertabudasalon.com\/wp-content\/uploads\/2020\/04\/balmainhair_care_dryshampoo_travelsize_800x800.jpg 600w\" sizes=\"auto, (max-width: 300px) 100vw, 300px\" \/><\/a>75 ml<\/p>\n<p>Refresca el cabello para esa apariencia de &#8220;reci\u00e9n lavado&#8221;.<br \/>\nAbsorbe el exceso de aceites y limpia el cuero cabelludo.<br \/>\nDeja el cabello fresco, brillante y perfumado con la fragancia exclusiva de Balmain.<\/p>\n<p>&nbsp;<\/p>\n","protected":false},"featured_media":10062,"comment_status":"open","ping_status":"closed","template":"","meta":{"nf_dc_page":"","jetpack_post_was_ever_published":false,"jetpack_publicize_message":"","jetpack_publicize_feature_enabled":true,"jetpack_social_post_already_shared":false,"jetpack_social_options":{"image_generator_settings":{"template":"highway","default_image_id":0,"font":"","enabled":false},"version":2}},"product_brand":[],"product_cat":[251,250,151,1136],"product_tag":[252,292,253,248,1178],"yst_prominent_words":[2113,2102,2115,2090,2118,2114,2103,2031,2124,313,2122,2109,2081,2125,2112,2119,2121,2108,2123,2110],"class_list":{"0":"post-10134","1":"product","2":"type-product","3":"status-publish","4":"has-post-thumbnail","6":"product_cat-balmain-es","7":"product_cat-shampoo-es","8":"product_cat-shop-es","9":"product_cat-travel-es","10":"product_tag-balmain-es","11":"product_tag-dry-shampoo-es","12":"product_tag-seco","13":"product_tag-shampoo-es","14":"product_tag-viaje","15":"entry","17":"first","18":"instock","19":"shipping-taxable","20":"purchasable","21":"product-type-simple"},"jetpack_publicize_connections":[],"yoast_head":"<!-- This site is optimized with the Yoast SEO Premium plugin v14.4.1 - https:\/\/yoast.com\/wordpress\/plugins\/seo\/ -->\n<title>Balmain Shampoo Seco TRAVEL | Robert Abuda Merida Hair Salon<\/title>\n<meta name=\"description\" content=\"Balmain Shampoo Seco TRAVEL | Robert Abuda Merida Hair Salon | Productos de Belleza, Balmain se vende en Mexico en linea. www.robertabudasalon.com\/es\/\" \/>\n<meta name=\"robots\" content=\"index, follow, noarchive\" \/>\n<meta name=\"googlebot\" content=\"index, follow, noarchive, max-snippet:-1, max-image-preview:large, max-video-preview:-1\" \/>\n<meta name=\"bingbot\" content=\"index, follow, noarchive, max-snippet:-1, max-image-preview:large, max-video-preview:-1\" \/>\n<link rel=\"canonical\" href=\"https:\/\/www.robertabudasalon.com\/es\/shop\/balmain-shampoo-seco-travel\/\" \/>\n<meta property=\"og:locale\" content=\"es_ES\" \/>\n<meta property=\"og:type\" content=\"article\" \/>\n<meta property=\"og:title\" content=\"Balmain Shampoo Seco TRAVEL | Robert Abuda Merida Hair Salon\" \/>\n<meta property=\"og:description\" content=\"Balmain Shampoo Seco TRAVEL | Robert Abuda Merida Hair Salon | Productos de Belleza, Balmain se vende en Mexico en linea. www.robertabudasalon.com\/es\/\" \/>\n<meta property=\"og:url\" content=\"https:\/\/www.robertabudasalon.com\/es\/shop\/balmain-shampoo-seco-travel\/\" \/>\n<meta property=\"og:site_name\" content=\"Robert Abuda Merida Hair Salon\" \/>\n<meta property=\"article:publisher\" content=\"https:\/\/www.facebook.com\/RobertAbudaSalondeBellezaMerida\" \/>\n<meta property=\"article:author\" content=\"https:\/\/www.facebook.com\/RobertAbudaSalondeBellezaMerida\" \/>\n<meta property=\"article:modified_time\" content=\"2020-05-17T19:45:08+00:00\" \/>\n<meta property=\"og:image\" content=\"https:\/\/robertabudasalon.com\/wp-content\/uploads\/2020\/04\/balmainhair_care_dryshampoo_travelsize_800x800.jpg\" \/>\n\t<meta property=\"og:image:width\" content=\"600\" \/>\n\t<meta property=\"og:image:height\" content=\"600\" \/>\n<meta property=\"fb:app_id\" content=\"https:\/\/www.facebook.com\/RobertAbudaSalondeBellezaMerida\" \/>\n<meta name=\"twitter:card\" content=\"summary\" \/>\n<meta name=\"twitter:creator\" content=\"@RobAbudaSalon\" \/>\n<meta name=\"twitter:site\" content=\"@RobAbudaSalon\" \/>\n<script type=\"application\/ld+json\" class=\"yoast-schema-graph\">{\"@context\":\"https:\/\/schema.org\",\"@graph\":[{\"@type\":\"WebSite\",\"@id\":\"https:\/\/robertabudasalon.com\/es\/#website\",\"url\":\"https:\/\/robertabudasalon.com\/es\/\",\"name\":\"Robert Abuda Merida Hair Salon\",\"description\":\"Hair Salon Merida, Salon de Belleza Merida +52 999 926 3015, #470C Paseo de Montejo, Peluqueria y SPA.\",\"potentialAction\":[{\"@type\":\"SearchAction\",\"target\":\"https:\/\/robertabudasalon.com\/es\/?s={search_term_string}\",\"query-input\":\"required name=search_term_string\"}],\"inLanguage\":\"es-ES\"},{\"@type\":\"ImageObject\",\"@id\":\"https:\/\/www.robertabudasalon.com\/es\/shop\/balmain-shampoo-seco-travel\/#primaryimage\",\"inLanguage\":\"es-ES\",\"url\":\"https:\/\/robertabudasalon.com\/wp-content\/uploads\/2020\/04\/balmainhair_care_dryshampoo_travelsize_800x800.jpg\",\"width\":600,\"height\":600},{\"@type\":\"WebPage\",\"@id\":\"https:\/\/www.robertabudasalon.com\/es\/shop\/balmain-shampoo-seco-travel\/#webpage\",\"url\":\"https:\/\/www.robertabudasalon.com\/es\/shop\/balmain-shampoo-seco-travel\/\",\"name\":\"Balmain Shampoo Seco TRAVEL | Robert Abuda Merida Hair Salon\",\"isPartOf\":{\"@id\":\"https:\/\/robertabudasalon.com\/es\/#website\"},\"primaryImageOfPage\":{\"@id\":\"https:\/\/www.robertabudasalon.com\/es\/shop\/balmain-shampoo-seco-travel\/#primaryimage\"},\"datePublished\":\"2020-04-12T23:22:57+00:00\",\"dateModified\":\"2020-05-17T19:45:08+00:00\",\"description\":\"Balmain Shampoo Seco TRAVEL | Robert Abuda Merida Hair Salon | Productos de Belleza, Balmain se vende en Mexico en linea. www.robertabudasalon.com\/es\/\",\"inLanguage\":\"es-ES\",\"potentialAction\":[{\"@type\":\"ReadAction\",\"target\":[\"https:\/\/www.robertabudasalon.com\/es\/shop\/balmain-shampoo-seco-travel\/\"]}]}]}<\/script>\n<!-- \/ Yoast SEO Premium plugin. -->","jetpack_sharing_enabled":true,"_links":{"self":[{"href":"https:\/\/robertabudasalon.com\/es\/wp-json\/wp\/v2\/product\/10134","targetHints":{"allow":["GET"]}}],"collection":[{"href":"https:\/\/robertabudasalon.com\/es\/wp-json\/wp\/v2\/product"}],"about":[{"href":"https:\/\/robertabudasalon.com\/es\/wp-json\/wp\/v2\/types\/product"}],"replies":[{"embeddable":true,"href":"https:\/\/robertabudasalon.com\/es\/wp-json\/wp\/v2\/comments?post=10134"}],"wp:featuredmedia":[{"embeddable":true,"href":"https:\/\/robertabudasalon.com\/es\/wp-json\/wp\/v2\/media\/10062"}],"wp:attachment":[{"href":"https:\/\/robertabudasalon.com\/es\/wp-json\/wp\/v2\/media?parent=10134"}],"wp:term":[{"taxonomy":"product_brand","embeddable":true,"href":"https:\/\/robertabudasalon.com\/es\/wp-json\/wp\/v2\/product_brand?post=10134"},{"taxonomy":"product_cat","embeddable":true,"href":"https:\/\/robertabudasalon.com\/es\/wp-json\/wp\/v2\/product_cat?post=10134"},{"taxonomy":"product_tag","embeddable":true,"href":"https:\/\/robertabudasalon.com\/es\/wp-json\/wp\/v2\/product_tag?post=10134"},{"taxonomy":"yst_prominent_words","embeddable":true,"href":"https:\/\/robertabudasalon.com\/es\/wp-json\/wp\/v2\/yst_prominent_words?post=10134"}],"curies":[{"name":"wp","href":"https:\/\/api.w.org\/{rel}","templated":true}]}}