{"id":10133,"date":"2020-04-12T15:38:28","date_gmt":"2020-04-12T20:38:28","guid":{"rendered":"https:\/\/www.robertabudasalon.com\/product\/living-proof-restore-smooth-blowout-concentrate\/"},"modified":"2020-05-29T23:41:26","modified_gmt":"2020-05-30T04:41:26","slug":"living-proof-restore-blowout","status":"publish","type":"product","link":"https:\/\/robertabudasalon.com\/es\/shop\/living-proof-restore-blowout\/","title":{"rendered":"Living Proof RESTORE Smooth Blowout"},"content":{"rendered":"<h3><a href=\"https:\/\/robertabudasalon.com\/es\/?attachment_id=10160\" rel=\"attachment wp-att-10160\"><img loading=\"lazy\" decoding=\"async\" class=\"alignleft size-medium wp-image-10160\" src=\"https:\/\/robertabudasalon.com\/wp-content\/uploads\/2020\/04\/restore_smooth_blowout_concentrate_reg-300x300.jpg\" alt=\"\" width=\"300\" height=\"300\" srcset=\"https:\/\/robertabudasalon.com\/wp-content\/uploads\/2020\/04\/restore_smooth_blowout_concentrate_reg.jpg 300w, https:\/\/robertabudasalon.com\/wp-content\/uploads\/2020\/04\/restore_smooth_blowout_concentrate_reg.jpg 1024w, https:\/\/robertabudasalon.com\/wp-content\/uploads\/2020\/04\/restore_smooth_blowout_concentrate_reg.jpg 150w, https:\/\/robertabudasalon.com\/wp-content\/uploads\/2020\/04\/restore_smooth_blowout_concentrate_reg.jpg 768w, https:\/\/robertabudasalon.com\/wp-content\/uploads\/2020\/04\/restore_smooth_blowout_concentrate_reg.jpg 1536w, https:\/\/robertabudasalon.com\/wp-content\/uploads\/2020\/04\/restore_smooth_blowout_concentrate_reg.jpg 600w, https:\/\/robertabudasalon.com\/wp-content\/uploads\/2020\/04\/restore_smooth_blowout_concentrate_reg.jpg 100w, https:\/\/robertabudasalon.com\/wp-content\/uploads\/2020\/04\/restore_smooth_blowout_concentrate_reg.jpg 2000w, http:\/\/robertabudasalon.com\/wp-content\/uploads\/2020\/04\/restore_smooth_blowout_concentrate_reg.jpg 1428w\" sizes=\"auto, (max-width: 300px) 100vw, 300px\" \/><\/a>188 ml<\/h3>\n<p>Un tratamiento de peinado transformador que ahorra tiempo y proporciona a los tipos de cabello grueso o grueso un cabello liso, f\u00e1cil y visiblemente m\u00e1s saludable *.<\/p>\n<p>* Dos tercios de las mujeres acordaron reducir el tiempo de revent\u00f3n a la mitad.<\/p>\n<p>Transforma el cabello grueso o grueso en un estilo suave, brillante y m\u00e1s manejable.<br \/>\nReduce el tiempo de revent\u00f3n a la mitad<br \/>\nProtecci\u00f3n contra el calor (hasta 450 \u00b0 F \/ 230 \u00b0 C).<br \/>\nRestore Smooth Blowout Concentrate es un tratamiento de peinado transformador que ahorra tiempo y est\u00e1 dise\u00f1ado para dar a los tipos de cabello grueso o grueso un revent\u00f3n suave, f\u00e1cil y visiblemente m\u00e1s saludable. Libre de silicona con protecci\u00f3n contra el calor, este producto reduce significativamente el tiempo de secado y transforma el cabello en un estilo m\u00e1s suave, brillante y manejable. Para un revent\u00f3n digno de admiraci\u00f3n en mucho menos tiempo.<\/p>\n","protected":false},"excerpt":{"rendered":"<p><a href=\"https:\/\/robertabudasalon.com\/?attachment_id=10160\" rel=\"attachment wp-att-10160\"><img loading=\"lazy\" decoding=\"async\" class=\"alignleft size-medium wp-image-10160\" src=\"https:\/\/robertabudasalon.com\/wp-content\/uploads\/2020\/04\/restore_smooth_blowout_concentrate_reg-300x300.jpg\" alt=\"\" width=\"300\" height=\"300\" srcset=\"https:\/\/robertabudasalon.com\/wp-content\/uploads\/2020\/04\/restore_smooth_blowout_concentrate_reg.jpg 300w, https:\/\/robertabudasalon.com\/wp-content\/uploads\/2020\/04\/restore_smooth_blowout_concentrate_reg.jpg 1024w, https:\/\/robertabudasalon.com\/wp-content\/uploads\/2020\/04\/restore_smooth_blowout_concentrate_reg.jpg 150w, https:\/\/robertabudasalon.com\/wp-content\/uploads\/2020\/04\/restore_smooth_blowout_concentrate_reg.jpg 768w, https:\/\/robertabudasalon.com\/wp-content\/uploads\/2020\/04\/restore_smooth_blowout_concentrate_reg.jpg 1536w, https:\/\/robertabudasalon.com\/wp-content\/uploads\/2020\/04\/restore_smooth_blowout_concentrate_reg.jpg 600w, https:\/\/robertabudasalon.com\/wp-content\/uploads\/2020\/04\/restore_smooth_blowout_concentrate_reg.jpg 100w, https:\/\/robertabudasalon.com\/wp-content\/uploads\/2020\/04\/restore_smooth_blowout_concentrate_reg.jpg 2000w, http:\/\/robertabudasalon.com\/wp-content\/uploads\/2020\/04\/restore_smooth_blowout_concentrate_reg.jpg 1428w\" sizes=\"auto, (max-width: 300px) 100vw, 300px\" \/><\/a>188 ml<\/p>\n<p>Un tratamiento de peinado transformador que ahorra tiempo y proporciona a los tipos de cabello grueso o grueso un cabello liso, f\u00e1cil y visiblemente m\u00e1s saludable *.<\/p>\n<p>* Dos tercios de las mujeres acordaron reducir el tiempo de revent\u00f3n a la mitad.<\/p>\n<p>Transforma el cabello grueso o grueso en un estilo suave, brillante y m\u00e1s manejable.<br \/>\nReduce el tiempo de revent\u00f3n a la mitad.<br \/>\nProtecci\u00f3n contra el calor (hasta 450 \u00b0 F \/ 230 \u00b0 C).<\/p>\n<p>&nbsp;<\/p>\n","protected":false},"featured_media":10161,"comment_status":"closed","ping_status":"closed","template":"","meta":{"nf_dc_page":"","jetpack_post_was_ever_published":false,"jetpack_publicize_message":"","jetpack_publicize_feature_enabled":true,"jetpack_social_post_already_shared":false,"jetpack_social_options":{"image_generator_settings":{"template":"highway","default_image_id":0,"font":"","enabled":false},"version":2}},"product_brand":[],"product_cat":[150,286,151],"product_tag":[155,290,291,287,288,289],"yst_prominent_words":[2625,2634,2633,2640,2628,2637,2635,2605,2631,2641,2629,2643,2636,2632,2642,2630,2639,2627,2638,2626],"class_list":{"0":"post-10133","1":"product","2":"type-product","3":"status-publish","4":"has-post-thumbnail","6":"product_cat-living-proof-es","7":"product_cat-restore-es","8":"product_cat-shop-es","9":"product_tag-acondicionador","10":"product_tag-heat-protectant-es","11":"product_tag-heat-protection-es","12":"product_tag-living-proof-restore-es","13":"product_tag-restore-es","14":"product_tag-uv-protection-es","15":"entry","17":"first","18":"instock","19":"shipping-taxable","20":"purchasable","21":"product-type-simple"},"jetpack_publicize_connections":[],"yoast_head":"<!-- This site is optimized with the Yoast SEO Premium plugin v14.4.1 - https:\/\/yoast.com\/wordpress\/plugins\/seo\/ -->\n<title>Living Proof RESTORE Smooth Blowout | Robert Abuda Merida Hair Salon |<\/title>\n<meta name=\"description\" content=\"Living Proof RESTORE Smooth Blowout | Robert Abuda Merida Hair Salon | Productos Salon de Belleza Merida, Yucatan Mexico. Living Proof, Olaplex.\" \/>\n<meta name=\"robots\" content=\"index, follow\" \/>\n<meta name=\"googlebot\" content=\"index, follow, max-snippet:-1, max-image-preview:large, max-video-preview:-1\" \/>\n<meta name=\"bingbot\" content=\"index, follow, max-snippet:-1, max-image-preview:large, max-video-preview:-1\" \/>\n<link rel=\"canonical\" href=\"https:\/\/www.robertabudasalon.com\/es\/producto\/living-proof-restore-blowout\/\" \/>\n<meta property=\"og:locale\" content=\"es_ES\" \/>\n<meta property=\"og:type\" content=\"article\" \/>\n<meta property=\"og:title\" content=\"Living Proof RESTORE Smooth Blowout | Robert Abuda Merida Hair Salon |\" \/>\n<meta property=\"og:description\" content=\"Living Proof RESTORE Smooth Blowout | Robert Abuda Merida Hair Salon | Productos Salon de Belleza Merida, Yucatan Mexico. Living Proof, Olaplex.\" \/>\n<meta property=\"og:url\" content=\"https:\/\/www.robertabudasalon.com\/es\/producto\/living-proof-restore-blowout\/\" \/>\n<meta property=\"og:site_name\" content=\"Robert Abuda Merida Hair Salon\" \/>\n<meta property=\"article:publisher\" content=\"https:\/\/www.facebook.com\/RobertAbudaSalondeBellezaMerida\" \/>\n<meta property=\"article:author\" content=\"https:\/\/www.facebook.com\/RobertAbudaSalondeBellezaMerida\" \/>\n<meta property=\"article:modified_time\" content=\"2020-05-30T04:41:26+00:00\" \/>\n<meta property=\"og:image\" content=\"https:\/\/robertabudasalon.com\/wp-content\/uploads\/2020\/04\/restore_smooth_blowout_concentrate_reg.jpg\" \/>\n\t<meta property=\"og:image:width\" content=\"2000\" \/>\n\t<meta property=\"og:image:height\" content=\"2000\" \/>\n<meta property=\"fb:app_id\" content=\"https:\/\/www.facebook.com\/RobertAbudaSalondeBellezaMerida\" \/>\n<meta name=\"twitter:card\" content=\"summary\" \/>\n<meta name=\"twitter:creator\" content=\"@RobAbudaSalon\" \/>\n<meta name=\"twitter:site\" content=\"@RobAbudaSalon\" \/>\n<script type=\"application\/ld+json\" class=\"yoast-schema-graph\">{\"@context\":\"https:\/\/schema.org\",\"@graph\":[{\"@type\":\"WebSite\",\"@id\":\"https:\/\/robertabudasalon.com\/es\/#website\",\"url\":\"https:\/\/robertabudasalon.com\/es\/\",\"name\":\"Robert Abuda Merida Hair Salon\",\"description\":\"Hair Salon Merida, Salon de Belleza Merida +52 999 926 3015, #470C Paseo de Montejo, Peluqueria y SPA.\",\"potentialAction\":[{\"@type\":\"SearchAction\",\"target\":\"https:\/\/robertabudasalon.com\/es\/?s={search_term_string}\",\"query-input\":\"required name=search_term_string\"}],\"inLanguage\":\"es-ES\"},{\"@type\":\"ImageObject\",\"@id\":\"https:\/\/www.robertabudasalon.com\/es\/producto\/living-proof-restore-blowout\/#primaryimage\",\"inLanguage\":\"es-ES\",\"url\":\"https:\/\/robertabudasalon.com\/wp-content\/uploads\/2020\/04\/restore_smooth_blowout_concentrate_reg.jpg\",\"width\":2000,\"height\":2000},{\"@type\":\"WebPage\",\"@id\":\"https:\/\/www.robertabudasalon.com\/es\/producto\/living-proof-restore-blowout\/#webpage\",\"url\":\"https:\/\/www.robertabudasalon.com\/es\/producto\/living-proof-restore-blowout\/\",\"name\":\"Living Proof RESTORE Smooth Blowout | Robert Abuda Merida Hair Salon |\",\"isPartOf\":{\"@id\":\"https:\/\/robertabudasalon.com\/es\/#website\"},\"primaryImageOfPage\":{\"@id\":\"https:\/\/www.robertabudasalon.com\/es\/producto\/living-proof-restore-blowout\/#primaryimage\"},\"datePublished\":\"2020-04-12T20:38:28+00:00\",\"dateModified\":\"2020-05-30T04:41:26+00:00\",\"description\":\"Living Proof RESTORE Smooth Blowout | Robert Abuda Merida Hair Salon | Productos Salon de Belleza Merida, Yucatan Mexico. Living Proof, Olaplex.\",\"inLanguage\":\"es-ES\",\"potentialAction\":[{\"@type\":\"ReadAction\",\"target\":[\"https:\/\/www.robertabudasalon.com\/es\/producto\/living-proof-restore-blowout\/\"]}]}]}<\/script>\n<!-- \/ Yoast SEO Premium plugin. -->","jetpack_sharing_enabled":true,"_links":{"self":[{"href":"https:\/\/robertabudasalon.com\/es\/wp-json\/wp\/v2\/product\/10133","targetHints":{"allow":["GET"]}}],"collection":[{"href":"https:\/\/robertabudasalon.com\/es\/wp-json\/wp\/v2\/product"}],"about":[{"href":"https:\/\/robertabudasalon.com\/es\/wp-json\/wp\/v2\/types\/product"}],"replies":[{"embeddable":true,"href":"https:\/\/robertabudasalon.com\/es\/wp-json\/wp\/v2\/comments?post=10133"}],"wp:featuredmedia":[{"embeddable":true,"href":"https:\/\/robertabudasalon.com\/es\/wp-json\/wp\/v2\/media\/10161"}],"wp:attachment":[{"href":"https:\/\/robertabudasalon.com\/es\/wp-json\/wp\/v2\/media?parent=10133"}],"wp:term":[{"taxonomy":"product_brand","embeddable":true,"href":"https:\/\/robertabudasalon.com\/es\/wp-json\/wp\/v2\/product_brand?post=10133"},{"taxonomy":"product_cat","embeddable":true,"href":"https:\/\/robertabudasalon.com\/es\/wp-json\/wp\/v2\/product_cat?post=10133"},{"taxonomy":"product_tag","embeddable":true,"href":"https:\/\/robertabudasalon.com\/es\/wp-json\/wp\/v2\/product_tag?post=10133"},{"taxonomy":"yst_prominent_words","embeddable":true,"href":"https:\/\/robertabudasalon.com\/es\/wp-json\/wp\/v2\/yst_prominent_words?post=10133"}],"curies":[{"name":"wp","href":"https:\/\/api.w.org\/{rel}","templated":true}]}}