{"id":10132,"date":"2020-04-12T18:34:15","date_gmt":"2020-04-12T23:34:15","guid":{"rendered":"https:\/\/www.robertabudasalon.com\/product\/balmain-texturizing-volume-spray\/"},"modified":"2020-06-02T22:09:29","modified_gmt":"2020-06-03T03:09:29","slug":"balmain-volumen-texturizante","status":"publish","type":"product","link":"https:\/\/robertabudasalon.com\/es\/shop\/balmain-volumen-texturizante\/","title":{"rendered":"Balmain Spray Volumen Texturizante"},"content":{"rendered":"<h3><a href=\"https:\/\/robertabudasalon.com\/es\/?attachment_id=10064\" rel=\"attachment wp-att-10064\"><img loading=\"lazy\" decoding=\"async\" class=\"alignleft wp-image-10064 size-medium\" title=\"Balmain Spray Volumen Texturizante\" src=\"https:\/\/robertabudasalon.com\/wp-content\/uploads\/2020\/04\/balmain-hair-texturizing-volume-spray-300x300.jpg\" alt=\"Balmain Spray Volumen\" width=\"300\" height=\"300\" srcset=\"https:\/\/robertabudasalon.com\/wp-content\/uploads\/2020\/04\/balmain-hair-texturizing-volume-spray.jpg 300w, https:\/\/robertabudasalon.com\/wp-content\/uploads\/2020\/04\/balmain-hair-texturizing-volume-spray.jpg 150w, https:\/\/robertabudasalon.com\/wp-content\/uploads\/2020\/04\/balmain-hair-texturizing-volume-spray.jpg 100w, https:\/\/robertabudasalon.com\/wp-content\/uploads\/2020\/04\/balmain-hair-texturizing-volume-spray.jpg 550w\" sizes=\"auto, (max-width: 300px) 100vw, 300px\" \/><\/a>200 ml<\/h3>\n<p><strong>Balmain Spray Volumen Texturizante<\/strong>\u00a0Proporciona un levantamiento de ra\u00edz instant\u00e1neo con una fijaci\u00f3n fuerte para un volumen m\u00e1ximo. Como resultado, el producto agrega volumen, definici\u00f3n y textura duraderos. Da nueva vida al cabello y los resultados se ven en minutos. Apto para uso diario.<\/p>\n<p>Levantamiento de ra\u00edces instant\u00e1neo.<br \/>\nFuerte agarre.<br \/>\nDuradero.<\/p>\n<p>Los ingredientes, la prote\u00edna de seda y el aceite de arg\u00e1n, estimulan una retenci\u00f3n de humedad \u00f3ptima dentro de la c\u00e9lula capilar. Repara y protege el cabello da\u00f1ado, seco y d\u00e9bil de los extremos ambientales. The Styling Line tiene una maravillosa fragancia exclusiva, una combinaci\u00f3n \u00fanica de notas que te recuerdan el d\u00eda perfecto para el verano. Los productos de peinado de Balmain enriquecen su cabello con ingredientes nutritivos y perfuman el cabello con este aroma misterioso, femenino y sexy.<\/p>\n<p>Consejo detr\u00e1s del escenario: separe el cabello y roc\u00ede en las ra\u00edces mech\u00f3n por mech\u00f3n. Mientras tanto, espere unos segundos, luego baje los hilos, creando un volumen masivo.<\/p>\n<h4>Balmain Spray Volumen Texturizante<\/h4>\n<p>Un vers\u00e1til spray que realza instant\u00e1neamente el cabello desde la ra\u00edz para lograr un volumen definitivo y una sujeci\u00f3n firme. Este producto a\u00f1ade volumen duradero, definici\u00f3n y textura al cabello en cuesti\u00f3n de minutos. Da nueva vida a tu pelo con resultados evidentes. Apto para uso diario.<\/p>\n<p>Sus ingredientes, Prote\u00edna de Seda y Aceite de Arg\u00e1n, estimulan una retenci\u00f3n \u00f3ptima de la humedad en el interior de las c\u00e9lulas capilares, contribuyendo a la recuperaci\u00f3n y protecci\u00f3n del cabello da\u00f1ado contra las agresiones medioambientales. <a href=\"https:\/\/store.balmainhair.com\/es\/care-styling\/styling\/shop-all-styling.html\">La Styling Line<\/a> contiene una maravillosa fragancia de autor, con una mezcla \u00fanica de notas que te transportar\u00e1 a un perfecto d\u00eda de verano. Cada vez que usas nuestros productos nutres tu cabello y lo adornas con aromas de misterio y sensualidad.<\/p>\n<p><strong><em>Beneficios:<\/em><\/strong><\/p>\n<p>Realza desde la ra\u00edz<\/p>\n<p>Sujeci\u00f3n fuerte<\/p>\n<p>Efecto duradero<\/p>\n<p><strong><em>Modo de uso:<\/em><\/strong><\/p>\n<p>Agita firmemente y atomiza en el cabello a una distancia de 15-20 cm en la ra\u00edz del cabello h\u00famedo o seco.<\/p>\n<p><strong><em>Consejo<\/em><\/strong>:<\/p>\n<p>Separa el cabello en secciones y aplica el spray mech\u00f3n a mech\u00f3n en la ra\u00edz; d\u00e9jalo reposar unos segundos antes de unir todo el cabello para lograr un efecto m\u00e1ximo.<\/p>\n<p><strong><em>Contiene<\/em><\/strong>: 200 ml | 6,76 FL.OZ<\/p>\n<p><em>Ingredientes: butano, alcohol desnaturalizado, isobutano, propano, VP \/ VA copolimero, aluminio octenilsuccinato, s\u00edlice, almid\u00f3n de Solanum tuberosum, cocotrimonio metasulfato, agua, tocoferol,<\/em><\/p>\n","protected":false},"excerpt":{"rendered":"<p><a href=\"https:\/\/robertabudasalon.com\/?attachment_id=10064\" rel=\"attachment wp-att-10064\"><img loading=\"lazy\" decoding=\"async\" class=\"alignleft size-medium wp-image-10064\" src=\"https:\/\/robertabudasalon.com\/wp-content\/uploads\/2020\/04\/balmain-hair-texturizing-volume-spray-300x300.jpg\" alt=\"\" width=\"300\" height=\"300\" srcset=\"https:\/\/robertabudasalon.com\/wp-content\/uploads\/2020\/04\/balmain-hair-texturizing-volume-spray.jpg 300w, https:\/\/robertabudasalon.com\/wp-content\/uploads\/2020\/04\/balmain-hair-texturizing-volume-spray.jpg 150w, https:\/\/robertabudasalon.com\/wp-content\/uploads\/2020\/04\/balmain-hair-texturizing-volume-spray.jpg 100w, https:\/\/robertabudasalon.com\/wp-content\/uploads\/2020\/04\/balmain-hair-texturizing-volume-spray.jpg 550w\" sizes=\"auto, (max-width: 300px) 100vw, 300px\" \/><\/a>200 ml<\/p>\n<p>Elevaci\u00f3n de ra\u00edz instant\u00e1nea.<br \/>\nFuerte Agarre.<br \/>\nDuradero.<\/p>\n<p>&nbsp;<\/p>\n","protected":false},"featured_media":10065,"comment_status":"closed","ping_status":"closed","template":"","meta":{"nf_dc_page":"","jetpack_post_was_ever_published":false,"jetpack_publicize_message":"","jetpack_publicize_feature_enabled":true,"jetpack_social_post_already_shared":false,"jetpack_social_options":{"image_generator_settings":{"template":"highway","default_image_id":0,"font":"","enabled":false},"version":2}},"product_brand":[],"product_cat":[251,151],"product_tag":[252,285,284,153],"yst_prominent_words":[2113,2102,2143,2140,2115,334,333,2142,2114,2103,2124,2146,2141,313,2144,2145,2112,335,2123,2110],"class_list":{"0":"post-10132","1":"product","2":"type-product","3":"status-publish","4":"has-post-thumbnail","6":"product_cat-balmain-es","7":"product_cat-shop-es","8":"product_tag-balmain-es","9":"product_tag-spray-de-volumen-texturizante","10":"product_tag-textura","11":"product_tag-volume-es","12":"entry","14":"first","15":"instock","16":"shipping-taxable","17":"purchasable","18":"product-type-simple"},"jetpack_publicize_connections":[],"yoast_head":"<!-- This site is optimized with the Yoast SEO Premium plugin v14.4.1 - https:\/\/yoast.com\/wordpress\/plugins\/seo\/ -->\n<title>Balmain Spray Volumen Texturizante | Robert Abuda Merida Hair Salon<\/title>\n<meta name=\"description\" content=\"Balmain Spray de Volumen texturizante | robert abuda salon | Salon de Belleza en Merida, Yucatan, Mexico. 470C Paseo de Montejo y C. 39 TEL 999 926 3015\" \/>\n<meta name=\"robots\" content=\"index, follow\" \/>\n<meta name=\"googlebot\" content=\"index, follow, max-snippet:-1, max-image-preview:large, max-video-preview:-1\" \/>\n<meta name=\"bingbot\" content=\"index, follow, max-snippet:-1, max-image-preview:large, max-video-preview:-1\" \/>\n<link rel=\"canonical\" href=\"https:\/\/www.robertabudasalon.com\/es\/producto\/balmain-volumen-texturizante\/\" \/>\n<meta property=\"og:locale\" content=\"es_ES\" \/>\n<meta property=\"og:type\" content=\"article\" \/>\n<meta property=\"og:title\" content=\"Balmain Spray Volumen Texturizante | Robert Abuda Merida Hair Salon\" \/>\n<meta property=\"og:description\" content=\"Balmain Spray de Volumen texturizante | robert abuda salon | Salon de Belleza en Merida, Yucatan, Mexico. 470C Paseo de Montejo y C. 39 TEL 999 926 3015\" \/>\n<meta property=\"og:url\" content=\"https:\/\/www.robertabudasalon.com\/es\/producto\/balmain-volumen-texturizante\/\" \/>\n<meta property=\"og:site_name\" content=\"Robert Abuda Merida Hair Salon\" \/>\n<meta property=\"article:publisher\" content=\"https:\/\/www.facebook.com\/RobertAbudaSalondeBellezaMerida\" \/>\n<meta property=\"article:author\" content=\"https:\/\/www.facebook.com\/RobertAbudaSalondeBellezaMerida\" \/>\n<meta property=\"article:modified_time\" content=\"2020-06-03T03:09:29+00:00\" \/>\n<meta property=\"og:image\" content=\"https:\/\/robertabudasalon.com\/wp-content\/uploads\/2020\/04\/balmain-hair-texturizing-volume-spray.jpg\" \/>\n\t<meta property=\"og:image:width\" content=\"550\" \/>\n\t<meta property=\"og:image:height\" content=\"550\" \/>\n<meta property=\"fb:app_id\" content=\"https:\/\/www.facebook.com\/RobertAbudaSalondeBellezaMerida\" \/>\n<meta name=\"twitter:card\" content=\"summary\" \/>\n<meta name=\"twitter:creator\" content=\"@RobAbudaSalon\" \/>\n<meta name=\"twitter:site\" content=\"@RobAbudaSalon\" \/>\n<script type=\"application\/ld+json\" class=\"yoast-schema-graph\">{\"@context\":\"https:\/\/schema.org\",\"@graph\":[{\"@type\":\"WebSite\",\"@id\":\"https:\/\/robertabudasalon.com\/es\/#website\",\"url\":\"https:\/\/robertabudasalon.com\/es\/\",\"name\":\"Robert Abuda Merida Hair Salon\",\"description\":\"Hair Salon Merida, Salon de Belleza Merida +52 999 926 3015, #470C Paseo de Montejo, Peluqueria y SPA.\",\"potentialAction\":[{\"@type\":\"SearchAction\",\"target\":\"https:\/\/robertabudasalon.com\/es\/?s={search_term_string}\",\"query-input\":\"required name=search_term_string\"}],\"inLanguage\":\"es-ES\"},{\"@type\":\"ImageObject\",\"@id\":\"https:\/\/www.robertabudasalon.com\/es\/producto\/balmain-volumen-texturizante\/#primaryimage\",\"inLanguage\":\"es-ES\",\"url\":\"https:\/\/robertabudasalon.com\/wp-content\/uploads\/2020\/04\/balmain-hair-texturizing-volume-spray.jpg\",\"width\":550,\"height\":550},{\"@type\":\"WebPage\",\"@id\":\"https:\/\/www.robertabudasalon.com\/es\/producto\/balmain-volumen-texturizante\/#webpage\",\"url\":\"https:\/\/www.robertabudasalon.com\/es\/producto\/balmain-volumen-texturizante\/\",\"name\":\"Balmain Spray Volumen Texturizante | Robert Abuda Merida Hair Salon\",\"isPartOf\":{\"@id\":\"https:\/\/robertabudasalon.com\/es\/#website\"},\"primaryImageOfPage\":{\"@id\":\"https:\/\/www.robertabudasalon.com\/es\/producto\/balmain-volumen-texturizante\/#primaryimage\"},\"datePublished\":\"2020-04-12T23:34:15+00:00\",\"dateModified\":\"2020-06-03T03:09:29+00:00\",\"description\":\"Balmain Spray de Volumen texturizante | robert abuda salon | Salon de Belleza en Merida, Yucatan, Mexico. 470C Paseo de Montejo y C. 39 TEL 999 926 3015\",\"inLanguage\":\"es-ES\",\"potentialAction\":[{\"@type\":\"ReadAction\",\"target\":[\"https:\/\/www.robertabudasalon.com\/es\/producto\/balmain-volumen-texturizante\/\"]}]}]}<\/script>\n<!-- \/ Yoast SEO Premium plugin. -->","jetpack_sharing_enabled":true,"_links":{"self":[{"href":"https:\/\/robertabudasalon.com\/es\/wp-json\/wp\/v2\/product\/10132","targetHints":{"allow":["GET"]}}],"collection":[{"href":"https:\/\/robertabudasalon.com\/es\/wp-json\/wp\/v2\/product"}],"about":[{"href":"https:\/\/robertabudasalon.com\/es\/wp-json\/wp\/v2\/types\/product"}],"replies":[{"embeddable":true,"href":"https:\/\/robertabudasalon.com\/es\/wp-json\/wp\/v2\/comments?post=10132"}],"wp:featuredmedia":[{"embeddable":true,"href":"https:\/\/robertabudasalon.com\/es\/wp-json\/wp\/v2\/media\/10065"}],"wp:attachment":[{"href":"https:\/\/robertabudasalon.com\/es\/wp-json\/wp\/v2\/media?parent=10132"}],"wp:term":[{"taxonomy":"product_brand","embeddable":true,"href":"https:\/\/robertabudasalon.com\/es\/wp-json\/wp\/v2\/product_brand?post=10132"},{"taxonomy":"product_cat","embeddable":true,"href":"https:\/\/robertabudasalon.com\/es\/wp-json\/wp\/v2\/product_cat?post=10132"},{"taxonomy":"product_tag","embeddable":true,"href":"https:\/\/robertabudasalon.com\/es\/wp-json\/wp\/v2\/product_tag?post=10132"},{"taxonomy":"yst_prominent_words","embeddable":true,"href":"https:\/\/robertabudasalon.com\/es\/wp-json\/wp\/v2\/yst_prominent_words?post=10132"}],"curies":[{"name":"wp","href":"https:\/\/api.w.org\/{rel}","templated":true}]}}