{"id":10131,"date":"2020-04-12T21:09:25","date_gmt":"2020-04-13T02:09:25","guid":{"rendered":"https:\/\/www.robertabudasalon.com\/product\/balmain-matt-clay-fuerte\/"},"modified":"2020-05-31T15:53:38","modified_gmt":"2020-05-31T20:53:38","slug":"balmain-matt-clay-fuerte","status":"publish","type":"product","link":"https:\/\/robertabudasalon.com\/es\/shop\/balmain-matt-clay-fuerte\/","title":{"rendered":"Balmain MATT CLAY &#8211; FUERTE"},"content":{"rendered":"<h3><a href=\"https:\/\/robertabudasalon.com\/?attachment_id=10067\" rel=\"attachment wp-att-10067\"><img loading=\"lazy\" decoding=\"async\" class=\"alignleft size-medium wp-image-10067\" src=\"https:\/\/robertabudasalon.com\/wp-content\/uploads\/2020\/04\/clay-matt-strong-balmain-merida-hair-salon-300x300.jpg\" alt=\"Matt Clay Strong\" width=\"300\" height=\"300\" srcset=\"https:\/\/robertabudasalon.com\/wp-content\/uploads\/2020\/04\/clay-matt-strong-balmain-merida-hair-salon.jpg 300w, https:\/\/robertabudasalon.com\/wp-content\/uploads\/2020\/04\/clay-matt-strong-balmain-merida-hair-salon.jpg 1024w, https:\/\/robertabudasalon.com\/wp-content\/uploads\/2020\/04\/clay-matt-strong-balmain-merida-hair-salon.jpg 150w, https:\/\/robertabudasalon.com\/wp-content\/uploads\/2020\/04\/clay-matt-strong-balmain-merida-hair-salon.jpg 768w, https:\/\/robertabudasalon.com\/wp-content\/uploads\/2020\/04\/clay-matt-strong-balmain-merida-hair-salon.jpg 1536w, https:\/\/robertabudasalon.com\/wp-content\/uploads\/2020\/04\/clay-matt-strong-balmain-merida-hair-salon.jpg 2048w, https:\/\/robertabudasalon.com\/wp-content\/uploads\/2020\/04\/clay-matt-strong-balmain-merida-hair-salon.jpg 600w, https:\/\/robertabudasalon.com\/wp-content\/uploads\/2020\/04\/clay-matt-strong-balmain-merida-hair-salon.jpg 100w, http:\/\/robertabudasalon.com\/wp-content\/uploads\/2020\/04\/clay-matt-strong-balmain-merida-hair-salon.jpg 1428w\" sizes=\"auto, (max-width: 300px) 100vw, 300px\" \/><\/a>100 ml<\/h3>\n<p>\u00a1El producto para crear el aspecto definitivo mate definido con la m\u00e1xima textura! La arcilla de fijaci\u00f3n dura se vuelve pr\u00e1ctica en las manos y alisa el encrespamiento para proporcionar una fijaci\u00f3n duradera con un acabado seco. Vigorizado con la fragancia caracter\u00edstica de Balmain, esta arcilla de fijaci\u00f3n fuerte es imprescindible tanto para hombres como para mujeres.<\/p>\n<p>Textura m\u00e1xima.<br \/>\nAgarre fuerte.<br \/>\nAspecto natural y aburrido.<\/p>\n","protected":false},"excerpt":{"rendered":"<p><a href=\"https:\/\/robertabudasalon.com\/?attachment_id=10067\" rel=\"attachment wp-att-10067\"><img loading=\"lazy\" decoding=\"async\" class=\"alignleft size-medium wp-image-10067\" src=\"https:\/\/robertabudasalon.com\/wp-content\/uploads\/2020\/04\/clay-matt-strong-balmain-merida-hair-salon-300x300.jpg\" alt=\"Matt Clay Strong\" width=\"300\" height=\"300\" srcset=\"https:\/\/robertabudasalon.com\/wp-content\/uploads\/2020\/04\/clay-matt-strong-balmain-merida-hair-salon.jpg 300w, https:\/\/robertabudasalon.com\/wp-content\/uploads\/2020\/04\/clay-matt-strong-balmain-merida-hair-salon.jpg 1024w, https:\/\/robertabudasalon.com\/wp-content\/uploads\/2020\/04\/clay-matt-strong-balmain-merida-hair-salon.jpg 150w, https:\/\/robertabudasalon.com\/wp-content\/uploads\/2020\/04\/clay-matt-strong-balmain-merida-hair-salon.jpg 768w, https:\/\/robertabudasalon.com\/wp-content\/uploads\/2020\/04\/clay-matt-strong-balmain-merida-hair-salon.jpg 1536w, https:\/\/robertabudasalon.com\/wp-content\/uploads\/2020\/04\/clay-matt-strong-balmain-merida-hair-salon.jpg 2048w, https:\/\/robertabudasalon.com\/wp-content\/uploads\/2020\/04\/clay-matt-strong-balmain-merida-hair-salon.jpg 600w, https:\/\/robertabudasalon.com\/wp-content\/uploads\/2020\/04\/clay-matt-strong-balmain-merida-hair-salon.jpg 100w, http:\/\/robertabudasalon.com\/wp-content\/uploads\/2020\/04\/clay-matt-strong-balmain-merida-hair-salon.jpg 1428w\" sizes=\"auto, (max-width: 300px) 100vw, 300px\" \/><\/a>100 ml<\/p>\n<p>Textura m\u00e1xima.<br \/>\nAgarre fuerte.<br \/>\nAspecto natural y aburrido.<\/p>\n<p>&nbsp;<\/p>\n","protected":false},"featured_media":10068,"comment_status":"closed","ping_status":"closed","template":"","meta":{"nf_dc_page":"","jetpack_post_was_ever_published":false,"jetpack_publicize_message":"","jetpack_publicize_feature_enabled":true,"jetpack_social_post_already_shared":false,"jetpack_social_options":{"image_generator_settings":{"template":"highway","default_image_id":0,"font":"","enabled":false},"version":2}},"product_brand":[],"product_cat":[251,279,151],"product_tag":[252,280,281,282,283],"yst_prominent_words":[2749,2744,2742,2747,323,2743,277,2745,318,2746,327,278,2748,324,1764],"class_list":{"0":"post-10131","1":"product","2":"type-product","3":"status-publish","4":"has-post-thumbnail","6":"product_cat-balmain-es","7":"product_cat-clay-es","8":"product_cat-shop-es","9":"product_tag-balmain-es","10":"product_tag-clay-es","11":"product_tag-moulding-clay-es","12":"product_tag-paste-es","13":"product_tag-wax-es","14":"entry","16":"first","17":"outofstock","18":"shipping-taxable","19":"purchasable","20":"product-type-simple"},"jetpack_publicize_connections":[],"yoast_head":"<!-- This site is optimized with the Yoast SEO Premium plugin v14.4.1 - https:\/\/yoast.com\/wordpress\/plugins\/seo\/ -->\n<title>Balmain MATT CLAY - FUERTE | Robert Abuda Merida Hair Salon<\/title>\n<meta name=\"description\" content=\"Balmain MATT CLAY - FUERTE | Robert Abuda Merida Hair Salon | Productos de Belleza, Balmain se vende en Mexico. Envios todo en Mexico Republic.\" \/>\n<meta name=\"robots\" content=\"index, follow\" \/>\n<meta name=\"googlebot\" content=\"index, follow, max-snippet:-1, max-image-preview:large, max-video-preview:-1\" \/>\n<meta name=\"bingbot\" content=\"index, follow, max-snippet:-1, max-image-preview:large, max-video-preview:-1\" \/>\n<link rel=\"canonical\" href=\"https:\/\/www.robertabudasalon.com\/es\/producto\/balmain-matt-clay-fuerte\/\" \/>\n<meta property=\"og:locale\" content=\"es_ES\" \/>\n<meta property=\"og:type\" content=\"article\" \/>\n<meta property=\"og:title\" content=\"Balmain MATT CLAY - FUERTE | Robert Abuda Merida Hair Salon\" \/>\n<meta property=\"og:description\" content=\"Balmain MATT CLAY - FUERTE | Robert Abuda Merida Hair Salon | Productos de Belleza, Balmain se vende en Mexico. Envios todo en Mexico Republic.\" \/>\n<meta property=\"og:url\" content=\"https:\/\/www.robertabudasalon.com\/es\/producto\/balmain-matt-clay-fuerte\/\" \/>\n<meta property=\"og:site_name\" content=\"Robert Abuda Merida Hair Salon\" \/>\n<meta property=\"article:publisher\" content=\"https:\/\/www.facebook.com\/RobertAbudaSalondeBellezaMerida\" \/>\n<meta property=\"article:author\" content=\"https:\/\/www.facebook.com\/RobertAbudaSalondeBellezaMerida\" \/>\n<meta property=\"article:modified_time\" content=\"2020-05-31T20:53:38+00:00\" \/>\n<meta property=\"og:image\" content=\"https:\/\/robertabudasalon.com\/wp-content\/uploads\/2020\/04\/clay-matt-strong-balmain-merida-hair-salon.jpg\" \/>\n\t<meta property=\"og:image:width\" content=\"2048\" \/>\n\t<meta property=\"og:image:height\" content=\"2048\" \/>\n<meta property=\"fb:app_id\" content=\"https:\/\/www.facebook.com\/RobertAbudaSalondeBellezaMerida\" \/>\n<meta name=\"twitter:card\" content=\"summary\" \/>\n<meta name=\"twitter:creator\" content=\"@RobAbudaSalon\" \/>\n<meta name=\"twitter:site\" content=\"@RobAbudaSalon\" \/>\n<script type=\"application\/ld+json\" class=\"yoast-schema-graph\">{\"@context\":\"https:\/\/schema.org\",\"@graph\":[{\"@type\":\"WebSite\",\"@id\":\"https:\/\/robertabudasalon.com\/es\/#website\",\"url\":\"https:\/\/robertabudasalon.com\/es\/\",\"name\":\"Robert Abuda Merida Hair Salon\",\"description\":\"Hair Salon Merida, Salon de Belleza Merida +52 999 926 3015, #470C Paseo de Montejo, Peluqueria y SPA.\",\"potentialAction\":[{\"@type\":\"SearchAction\",\"target\":\"https:\/\/robertabudasalon.com\/es\/?s={search_term_string}\",\"query-input\":\"required name=search_term_string\"}],\"inLanguage\":\"es-ES\"},{\"@type\":\"ImageObject\",\"@id\":\"https:\/\/www.robertabudasalon.com\/es\/producto\/balmain-matt-clay-fuerte\/#primaryimage\",\"inLanguage\":\"es-ES\",\"url\":\"https:\/\/robertabudasalon.com\/wp-content\/uploads\/2020\/04\/clay-matt-strong-balmain-merida-hair-salon.jpg\",\"width\":2048,\"height\":2048,\"caption\":\"Matt Clay Strong\"},{\"@type\":\"WebPage\",\"@id\":\"https:\/\/www.robertabudasalon.com\/es\/producto\/balmain-matt-clay-fuerte\/#webpage\",\"url\":\"https:\/\/www.robertabudasalon.com\/es\/producto\/balmain-matt-clay-fuerte\/\",\"name\":\"Balmain MATT CLAY - FUERTE | Robert Abuda Merida Hair Salon\",\"isPartOf\":{\"@id\":\"https:\/\/robertabudasalon.com\/es\/#website\"},\"primaryImageOfPage\":{\"@id\":\"https:\/\/www.robertabudasalon.com\/es\/producto\/balmain-matt-clay-fuerte\/#primaryimage\"},\"datePublished\":\"2020-04-13T02:09:25+00:00\",\"dateModified\":\"2020-05-31T20:53:38+00:00\",\"description\":\"Balmain MATT CLAY - FUERTE | Robert Abuda Merida Hair Salon | Productos de Belleza, Balmain se vende en Mexico. Envios todo en Mexico Republic.\",\"inLanguage\":\"es-ES\",\"potentialAction\":[{\"@type\":\"ReadAction\",\"target\":[\"https:\/\/www.robertabudasalon.com\/es\/producto\/balmain-matt-clay-fuerte\/\"]}]}]}<\/script>\n<!-- \/ Yoast SEO Premium plugin. -->","jetpack_sharing_enabled":true,"_links":{"self":[{"href":"https:\/\/robertabudasalon.com\/es\/wp-json\/wp\/v2\/product\/10131","targetHints":{"allow":["GET"]}}],"collection":[{"href":"https:\/\/robertabudasalon.com\/es\/wp-json\/wp\/v2\/product"}],"about":[{"href":"https:\/\/robertabudasalon.com\/es\/wp-json\/wp\/v2\/types\/product"}],"replies":[{"embeddable":true,"href":"https:\/\/robertabudasalon.com\/es\/wp-json\/wp\/v2\/comments?post=10131"}],"wp:featuredmedia":[{"embeddable":true,"href":"https:\/\/robertabudasalon.com\/es\/wp-json\/wp\/v2\/media\/10068"}],"wp:attachment":[{"href":"https:\/\/robertabudasalon.com\/es\/wp-json\/wp\/v2\/media?parent=10131"}],"wp:term":[{"taxonomy":"product_brand","embeddable":true,"href":"https:\/\/robertabudasalon.com\/es\/wp-json\/wp\/v2\/product_brand?post=10131"},{"taxonomy":"product_cat","embeddable":true,"href":"https:\/\/robertabudasalon.com\/es\/wp-json\/wp\/v2\/product_cat?post=10131"},{"taxonomy":"product_tag","embeddable":true,"href":"https:\/\/robertabudasalon.com\/es\/wp-json\/wp\/v2\/product_tag?post=10131"},{"taxonomy":"yst_prominent_words","embeddable":true,"href":"https:\/\/robertabudasalon.com\/es\/wp-json\/wp\/v2\/yst_prominent_words?post=10131"}],"curies":[{"name":"wp","href":"https:\/\/api.w.org\/{rel}","templated":true}]}}