{"id":10130,"date":"2020-04-13T13:41:38","date_gmt":"2020-04-13T18:41:38","guid":{"rendered":"https:\/\/www.robertabudasalon.com\/product\/balmain-acondicionador-hidratante\/"},"modified":"2020-06-16T13:08:04","modified_gmt":"2020-06-16T18:08:04","slug":"balmain-acon-hidratante","status":"publish","type":"product","link":"https:\/\/robertabudasalon.com\/es\/shop\/balmain-acon-hidratante\/","title":{"rendered":"Balmain Acondicionador Hidratante"},"content":{"rendered":"<h3><a href=\"https:\/\/robertabudasalon.com\/es\/?attachment_id=10097\" rel=\"attachment wp-att-10097\"><img loading=\"lazy\" decoding=\"async\" class=\"alignleft size-medium wp-image-10097\" src=\"https:\/\/robertabudasalon.com\/wp-content\/uploads\/2020\/04\/balmain-hair-moisturizing-conditioner-300x300.jpg\" alt=\"Balmain Moisturizing Conditioner\" width=\"300\" height=\"300\" srcset=\"https:\/\/robertabudasalon.com\/wp-content\/uploads\/2020\/04\/balmain-hair-moisturizing-conditioner.jpg 300w, https:\/\/robertabudasalon.com\/wp-content\/uploads\/2020\/04\/balmain-hair-moisturizing-conditioner.jpg 150w, https:\/\/robertabudasalon.com\/wp-content\/uploads\/2020\/04\/balmain-hair-moisturizing-conditioner.jpg 100w, https:\/\/robertabudasalon.com\/wp-content\/uploads\/2020\/04\/balmain-hair-moisturizing-conditioner.jpg 550w\" sizes=\"auto, (max-width: 300px) 100vw, 300px\" \/><\/a><strong>Balmain Acondicionador Hidratante <\/strong>300 ml<\/h3>\n<p><strong>Balmain Acondicionador Hidratante<\/strong><br \/>\nEste b\u00e1lsamo profundamente nutritivo est\u00e1 enriquecido con aceite de arg\u00e1n org\u00e1nico puro y la fragancia caracter\u00edstica de Balmain. El acondicionador hidratante es adecuado para cabellos naturales y te\u00f1idos. El acondicionador le da a tu cabello brillo y elasticidad naturales. La l\u00ednea de cuidado hidratante protege el cabello contra la radiaci\u00f3n UV y mejora el color del cabello debido a los protectores UV. \u00a1Este es el tratamiento revitalizante que necesita tu cabello! El Acondicionador Hidratante es parte de la L\u00ednea de Cuidado Hidratante. Use el acondicionador en combinaci\u00f3n con el champ\u00fa hidratante y la m\u00e1scara reparadora para obtener el mejor resultado.<\/p>\n<p>\u00a1Cabello perfectamente hidratado y nutrido con la nueva f\u00f3rmula mejorada!<br \/>\nAcondicionador revitalizante y nutritivo.<br \/>\nFortalece y protege el cabello.<\/p>\n<p>La l\u00ednea de cuidado hidratante est\u00e1 enriquecida con los mejores ingredientes para alcanzar resultados \u00f3ptimos. Los protectores UV protegen el cabello contra la radiaci\u00f3n UV y mejoran la retenci\u00f3n del color. Proporciona colores duraderos al cabello te\u00f1ido y le da un brillo brillante. Pro-vitamin B5 funciona mejorando los efectos de la retenci\u00f3n de humedad, la elasticidad y flexibilidad del cabello. Calma el cuero cabelludo irritado y sensible, suaviza el cabello y crea mucho brillo. Este ingrediente le da al cabello un impulso extra de vitamina B que lo espesa y estimula el crecimiento del cabello.<\/p>\n<p>Enriquecido con la fragancia exclusiva de Balmain, brinda una experiencia \u00fanica de spa.<\/p>\n<p>Secreto entre bastidores: \u00a1Apl\u00edcalo en la mitad de la longitud y las puntas de tu cabello, ahora rel\u00e1jate durante tres minutos y piensa en Par\u00eds!<\/p>\n","protected":false},"excerpt":{"rendered":"<p><a href=\"https:\/\/robertabudasalon.com\/?attachment_id=10097\" rel=\"attachment wp-att-10097\"><img loading=\"lazy\" decoding=\"async\" class=\"alignleft size-medium wp-image-10097\" src=\"https:\/\/robertabudasalon.com\/wp-content\/uploads\/2020\/04\/balmain-hair-moisturizing-conditioner-300x300.jpg\" alt=\"Balmain Moisturizing Conditioner\" width=\"300\" height=\"300\" srcset=\"https:\/\/robertabudasalon.com\/wp-content\/uploads\/2020\/04\/balmain-hair-moisturizing-conditioner.jpg 300w, https:\/\/robertabudasalon.com\/wp-content\/uploads\/2020\/04\/balmain-hair-moisturizing-conditioner.jpg 150w, https:\/\/robertabudasalon.com\/wp-content\/uploads\/2020\/04\/balmain-hair-moisturizing-conditioner.jpg 100w, https:\/\/robertabudasalon.com\/wp-content\/uploads\/2020\/04\/balmain-hair-moisturizing-conditioner.jpg 550w\" sizes=\"auto, (max-width: 300px) 100vw, 300px\" \/><\/a>300 ml<\/p>\n<p>\u00a1Cabello perfectamente hidratado y nutrido con la nueva f\u00f3rmula mejorada!<br \/>\nAcondicionador revitalizante y nutritivo.<br \/>\nFortalece y protege el cabello.<\/p>\n","protected":false},"featured_media":10098,"comment_status":"open","ping_status":"closed","template":"","meta":{"nf_dc_page":"","jetpack_post_was_ever_published":false,"jetpack_publicize_message":"","jetpack_publicize_feature_enabled":true,"jetpack_social_post_already_shared":false,"jetpack_social_options":{"image_generator_settings":{"template":"highway","default_image_id":0,"font":"","enabled":false},"version":2}},"product_brand":[],"product_cat":[261,251,258,254,151],"product_tag":[155,252,158,263,259],"yst_prominent_words":[2051,2056,2054,2047,2043,2048,2044,2024,2050,2045,2053,2046,2042,2022,2020,2019,2049,2023,2021,2052],"class_list":{"0":"post-10130","1":"product","2":"type-product","3":"status-publish","4":"has-post-thumbnail","6":"product_cat-acondicionador","7":"product_cat-balmain-es","8":"product_cat-color-es","9":"product_cat-seco-y-danado","10":"product_cat-shop-es","11":"product_tag-acondicionador","12":"product_tag-balmain-es","13":"product_tag-cabello-fino","14":"product_tag-fino","15":"product_tag-hidratante","16":"entry","18":"first","19":"instock","20":"shipping-taxable","21":"purchasable","22":"product-type-simple"},"jetpack_publicize_connections":[],"yoast_head":"<!-- This site is optimized with the Yoast SEO Premium plugin v14.4.1 - https:\/\/yoast.com\/wordpress\/plugins\/seo\/ -->\n<title>Balmain Acondicionador Hidratante | Robert Abuda Merida Hair Salon | Belleza<\/title>\n<meta name=\"description\" content=\"Balmain Acondicionador Hidratante | Robert Abuda Merida Hair Salon | Productos de Belleza, Merida, Mexico Yucatan. Balmain, Olaplex, Malibu, y Living Proof\" \/>\n<meta name=\"robots\" content=\"index, follow\" \/>\n<meta name=\"googlebot\" content=\"index, follow, max-snippet:-1, max-image-preview:large, max-video-preview:-1\" \/>\n<meta name=\"bingbot\" content=\"index, follow, max-snippet:-1, max-image-preview:large, max-video-preview:-1\" \/>\n<link rel=\"canonical\" href=\"https:\/\/www.robertabudasalon.com\/es\/producto\/balmain-acon-hidratante\/\" \/>\n<meta property=\"og:locale\" content=\"es_ES\" \/>\n<meta property=\"og:type\" content=\"article\" \/>\n<meta property=\"og:title\" content=\"Balmain Acondicionador Hidratante | Robert Abuda Merida Hair Salon | Belleza\" \/>\n<meta property=\"og:description\" content=\"Balmain Acondicionador Hidratante | Robert Abuda Merida Hair Salon | Productos de Belleza, Merida, Mexico Yucatan. Balmain, Olaplex, Malibu, y Living Proof\" \/>\n<meta property=\"og:url\" content=\"https:\/\/www.robertabudasalon.com\/es\/producto\/balmain-acon-hidratante\/\" \/>\n<meta property=\"og:site_name\" content=\"Robert Abuda Merida Hair Salon\" \/>\n<meta property=\"article:publisher\" content=\"https:\/\/www.facebook.com\/RobertAbudaSalondeBellezaMerida\" \/>\n<meta property=\"article:author\" content=\"https:\/\/www.facebook.com\/RobertAbudaSalondeBellezaMerida\" \/>\n<meta property=\"article:modified_time\" content=\"2020-06-16T18:08:04+00:00\" \/>\n<meta property=\"og:image\" content=\"https:\/\/robertabudasalon.com\/wp-content\/uploads\/2020\/04\/balmain-hair-moisturizing-conditioner.jpg\" \/>\n\t<meta property=\"og:image:width\" content=\"550\" \/>\n\t<meta property=\"og:image:height\" content=\"550\" \/>\n<meta property=\"fb:app_id\" content=\"https:\/\/www.facebook.com\/RobertAbudaSalondeBellezaMerida\" \/>\n<meta name=\"twitter:card\" content=\"summary\" \/>\n<meta name=\"twitter:creator\" content=\"@RobAbudaSalon\" \/>\n<meta name=\"twitter:site\" content=\"@RobAbudaSalon\" \/>\n<script type=\"application\/ld+json\" class=\"yoast-schema-graph\">{\"@context\":\"https:\/\/schema.org\",\"@graph\":[{\"@type\":\"WebSite\",\"@id\":\"https:\/\/robertabudasalon.com\/es\/#website\",\"url\":\"https:\/\/robertabudasalon.com\/es\/\",\"name\":\"Robert Abuda Merida Hair Salon\",\"description\":\"Hair Salon Merida, Salon de Belleza Merida +52 999 926 3015, #470C Paseo de Montejo, Peluqueria y SPA.\",\"potentialAction\":[{\"@type\":\"SearchAction\",\"target\":\"https:\/\/robertabudasalon.com\/es\/?s={search_term_string}\",\"query-input\":\"required name=search_term_string\"}],\"inLanguage\":\"es-ES\"},{\"@type\":\"ImageObject\",\"@id\":\"https:\/\/www.robertabudasalon.com\/es\/producto\/balmain-acon-hidratante\/#primaryimage\",\"inLanguage\":\"es-ES\",\"url\":\"https:\/\/robertabudasalon.com\/wp-content\/uploads\/2020\/04\/balmain-hair-moisturizing-conditioner.jpg\",\"width\":550,\"height\":550,\"caption\":\"Balmain Moisturizing Conditioner\"},{\"@type\":\"WebPage\",\"@id\":\"https:\/\/www.robertabudasalon.com\/es\/producto\/balmain-acon-hidratante\/#webpage\",\"url\":\"https:\/\/www.robertabudasalon.com\/es\/producto\/balmain-acon-hidratante\/\",\"name\":\"Balmain Acondicionador Hidratante | Robert Abuda Merida Hair Salon | Belleza\",\"isPartOf\":{\"@id\":\"https:\/\/robertabudasalon.com\/es\/#website\"},\"primaryImageOfPage\":{\"@id\":\"https:\/\/www.robertabudasalon.com\/es\/producto\/balmain-acon-hidratante\/#primaryimage\"},\"datePublished\":\"2020-04-13T18:41:38+00:00\",\"dateModified\":\"2020-06-16T18:08:04+00:00\",\"description\":\"Balmain Acondicionador Hidratante | Robert Abuda Merida Hair Salon | Productos de Belleza, Merida, Mexico Yucatan. Balmain, Olaplex, Malibu, y Living Proof\",\"inLanguage\":\"es-ES\",\"potentialAction\":[{\"@type\":\"ReadAction\",\"target\":[\"https:\/\/www.robertabudasalon.com\/es\/producto\/balmain-acon-hidratante\/\"]}]}]}<\/script>\n<!-- \/ Yoast SEO Premium plugin. -->","jetpack_sharing_enabled":true,"_links":{"self":[{"href":"https:\/\/robertabudasalon.com\/es\/wp-json\/wp\/v2\/product\/10130","targetHints":{"allow":["GET"]}}],"collection":[{"href":"https:\/\/robertabudasalon.com\/es\/wp-json\/wp\/v2\/product"}],"about":[{"href":"https:\/\/robertabudasalon.com\/es\/wp-json\/wp\/v2\/types\/product"}],"replies":[{"embeddable":true,"href":"https:\/\/robertabudasalon.com\/es\/wp-json\/wp\/v2\/comments?post=10130"}],"wp:featuredmedia":[{"embeddable":true,"href":"https:\/\/robertabudasalon.com\/es\/wp-json\/wp\/v2\/media\/10098"}],"wp:attachment":[{"href":"https:\/\/robertabudasalon.com\/es\/wp-json\/wp\/v2\/media?parent=10130"}],"wp:term":[{"taxonomy":"product_brand","embeddable":true,"href":"https:\/\/robertabudasalon.com\/es\/wp-json\/wp\/v2\/product_brand?post=10130"},{"taxonomy":"product_cat","embeddable":true,"href":"https:\/\/robertabudasalon.com\/es\/wp-json\/wp\/v2\/product_cat?post=10130"},{"taxonomy":"product_tag","embeddable":true,"href":"https:\/\/robertabudasalon.com\/es\/wp-json\/wp\/v2\/product_tag?post=10130"},{"taxonomy":"yst_prominent_words","embeddable":true,"href":"https:\/\/robertabudasalon.com\/es\/wp-json\/wp\/v2\/yst_prominent_words?post=10130"}],"curies":[{"name":"wp","href":"https:\/\/api.w.org\/{rel}","templated":true}]}}