{"id":10129,"date":"2020-04-13T13:51:15","date_gmt":"2020-04-13T18:51:15","guid":{"rendered":"https:\/\/www.robertabudasalon.com\/product\/balmain-acondicionador-revitalizante\/"},"modified":"2020-06-01T11:47:13","modified_gmt":"2020-06-01T16:47:13","slug":"acondicionador-revitalizante","status":"publish","type":"product","link":"https:\/\/robertabudasalon.com\/es\/shop\/acondicionador-revitalizante\/","title":{"rendered":"Balmain Acondicionador Revitalizante"},"content":{"rendered":"<h3><a href=\"https:\/\/robertabudasalon.com\/es\/?attachment_id=10103\" rel=\"attachment wp-att-10103\"><img loading=\"lazy\" decoding=\"async\" class=\"alignleft wp-image-10103 size-full\" src=\"https:\/\/robertabudasalon.com\/wp-content\/uploads\/2020\/04\/balmain-hair-revitalizing-conditioner.jpg\" alt=\"Balmain Acondicionador Revitalizante\" width=\"550\" height=\"550\" srcset=\"https:\/\/robertabudasalon.com\/wp-content\/uploads\/2020\/04\/balmain-hair-revitalizing-conditioner.jpg 550w, https:\/\/robertabudasalon.com\/wp-content\/uploads\/2020\/04\/balmain-hair-revitalizing-conditioner.jpg 300w, https:\/\/robertabudasalon.com\/wp-content\/uploads\/2020\/04\/balmain-hair-revitalizing-conditioner.jpg 150w, https:\/\/robertabudasalon.com\/wp-content\/uploads\/2020\/04\/balmain-hair-revitalizing-conditioner.jpg 100w\" sizes=\"auto, (max-width: 550px) 100vw, 550px\" \/><\/a>300 ml<\/h3>\n<p>Acondicionador Revitalizante<br \/>\nEl Acondicionador Revitalizante es el acondicionador nutritivo, ligero y definitivo para cabello seco y da\u00f1ado. La f\u00f3rmula revitalizante restaura la vitalidad del cabello sin agregar peso.<\/p>\n<p>Para cabello seco y da\u00f1ado. Selecci\u00f3n perfecta de ingredientes para un cabello brillante y saludable.<br \/>\nNutrici\u00f3n \u00f3ptima para cabello da\u00f1ado.<br \/>\nCrea cabello liso y pulido.<\/p>\n<p>La l\u00ednea revitalizante est\u00e1 enriquecida con ingredientes de la mejor calidad para revitalizar el cabello desde el interior. La f\u00f3rmula revitalizante incluye una excelente selecci\u00f3n de vitaminas E, F y P. La vitamina E da un impulso al cabello y revitaliza el cabello desde adentro. La vitamina F mantiene el cuero cabelludo sano, mientras que la vitamina P repara el cabello seco y da\u00f1ado, fortalece las fibras capilares y nutre el cabello desde la ra\u00edz. Debido a los ingredientes de cachemira y seda en la lujosa l\u00ednea revitalizante, el cabello se sentir\u00e1 suave y sedoso. Los mejores ingredientes para cerraduras brillantes y brillantes.<\/p>\n<p>Backstage Secret: disfruta del tratamiento completo de Revitalizing Care para darle a tu cabello el m\u00e1ximo impulso de energ\u00eda.<\/p>\n","protected":false},"excerpt":{"rendered":"<p><a href=\"https:\/\/robertabudasalon.com\/?attachment_id=10103\" rel=\"attachment wp-att-10103\"><img loading=\"lazy\" decoding=\"async\" class=\"alignleft size-medium wp-image-10103\" src=\"https:\/\/robertabudasalon.com\/wp-content\/uploads\/2020\/04\/balmain-hair-revitalizing-conditioner-300x300.jpg\" alt=\"revitalizing conditioner\" width=\"300\" height=\"300\" srcset=\"https:\/\/robertabudasalon.com\/wp-content\/uploads\/2020\/04\/balmain-hair-revitalizing-conditioner.jpg 300w, https:\/\/robertabudasalon.com\/wp-content\/uploads\/2020\/04\/balmain-hair-revitalizing-conditioner.jpg 150w, https:\/\/robertabudasalon.com\/wp-content\/uploads\/2020\/04\/balmain-hair-revitalizing-conditioner.jpg 100w, https:\/\/robertabudasalon.com\/wp-content\/uploads\/2020\/04\/balmain-hair-revitalizing-conditioner.jpg 550w\" sizes=\"auto, (max-width: 300px) 100vw, 300px\" \/><\/a>300 ml<\/p>\n<p>Para cabello seco y da\u00f1ado. Selecci\u00f3n perfecta de ingredientes para un cabello brillante y saludable.<br \/>\nNutrici\u00f3n \u00f3ptima para cabello da\u00f1ado.<br \/>\nCrea cabello liso y pulido.<\/p>\n","protected":false},"featured_media":10104,"comment_status":"open","ping_status":"closed","template":"","meta":{"nf_dc_page":"","jetpack_post_was_ever_published":false,"jetpack_publicize_message":"","jetpack_publicize_feature_enabled":true,"jetpack_social_post_already_shared":false,"jetpack_social_options":{"image_generator_settings":{"template":"highway","default_image_id":0,"font":"","enabled":false},"version":2}},"product_brand":[],"product_cat":[261,251,254,151],"product_tag":[155,252,257,255,253,256],"yst_prominent_words":[2017,276,2015,1761,2007,2004,318,2018,313,2009,278,2011,2016,2012,2010,2006,2005,2013,2008,2014],"class_list":{"0":"post-10129","1":"product","2":"type-product","3":"status-publish","4":"has-post-thumbnail","6":"product_cat-acondicionador","7":"product_cat-balmain-es","8":"product_cat-seco-y-danado","9":"product_cat-shop-es","10":"product_tag-acondicionador","11":"product_tag-balmain-es","12":"product_tag-danado","13":"product_tag-revitalizing-es","14":"product_tag-seco","15":"product_tag-seco-y-danado","16":"entry","18":"first","19":"outofstock","20":"shipping-taxable","21":"purchasable","22":"product-type-simple"},"jetpack_publicize_connections":[],"yoast_head":"<!-- This site is optimized with the Yoast SEO Premium plugin v14.4.1 - https:\/\/yoast.com\/wordpress\/plugins\/seo\/ -->\n<title>Balmain Acondicionador Revitalizante | Robert Abuda Merida Hair Salon<\/title>\n<meta name=\"description\" content=\"Balmain Acondicionador Revitalizante | Robert Abuda Merida Hair Salon Productos de Belleza Mexico, Balmain, Living Proof, Olaplex, Envios todo MX\" \/>\n<meta name=\"robots\" content=\"index, follow\" \/>\n<meta name=\"googlebot\" content=\"index, follow, max-snippet:-1, max-image-preview:large, max-video-preview:-1\" \/>\n<meta name=\"bingbot\" content=\"index, follow, max-snippet:-1, max-image-preview:large, max-video-preview:-1\" \/>\n<link rel=\"canonical\" href=\"https:\/\/www.robertabudasalon.com\/es\/producto\/acondicionador-revitalizante\/\" \/>\n<meta property=\"og:locale\" content=\"es_ES\" \/>\n<meta property=\"og:type\" content=\"article\" \/>\n<meta property=\"og:title\" content=\"Balmain Acondicionador Revitalizante | Robert Abuda Merida Hair Salon\" \/>\n<meta property=\"og:description\" content=\"Balmain Acondicionador Revitalizante | Robert Abuda Merida Hair Salon Productos de Belleza Mexico, Balmain, Living Proof, Olaplex, Envios todo MX\" \/>\n<meta property=\"og:url\" content=\"https:\/\/www.robertabudasalon.com\/es\/producto\/acondicionador-revitalizante\/\" \/>\n<meta property=\"og:site_name\" content=\"Robert Abuda Merida Hair Salon\" \/>\n<meta property=\"article:publisher\" content=\"https:\/\/www.facebook.com\/RobertAbudaSalondeBellezaMerida\" \/>\n<meta property=\"article:author\" content=\"https:\/\/www.facebook.com\/RobertAbudaSalondeBellezaMerida\" \/>\n<meta property=\"article:modified_time\" content=\"2020-06-01T16:47:13+00:00\" \/>\n<meta property=\"og:image\" content=\"https:\/\/robertabudasalon.com\/wp-content\/uploads\/2020\/04\/balmain-hair-revitalizing-conditioner.jpg\" \/>\n\t<meta property=\"og:image:width\" content=\"550\" \/>\n\t<meta property=\"og:image:height\" content=\"550\" \/>\n<meta property=\"fb:app_id\" content=\"https:\/\/www.facebook.com\/RobertAbudaSalondeBellezaMerida\" \/>\n<meta name=\"twitter:card\" content=\"summary\" \/>\n<meta name=\"twitter:creator\" content=\"@RobAbudaSalon\" \/>\n<meta name=\"twitter:site\" content=\"@RobAbudaSalon\" \/>\n<script type=\"application\/ld+json\" class=\"yoast-schema-graph\">{\"@context\":\"https:\/\/schema.org\",\"@graph\":[{\"@type\":\"WebSite\",\"@id\":\"https:\/\/robertabudasalon.com\/es\/#website\",\"url\":\"https:\/\/robertabudasalon.com\/es\/\",\"name\":\"Robert Abuda Merida Hair Salon\",\"description\":\"Hair Salon Merida, Salon de Belleza Merida +52 999 926 3015, #470C Paseo de Montejo, Peluqueria y SPA.\",\"potentialAction\":[{\"@type\":\"SearchAction\",\"target\":\"https:\/\/robertabudasalon.com\/es\/?s={search_term_string}\",\"query-input\":\"required name=search_term_string\"}],\"inLanguage\":\"es-ES\"},{\"@type\":\"ImageObject\",\"@id\":\"https:\/\/www.robertabudasalon.com\/es\/producto\/acondicionador-revitalizante\/#primaryimage\",\"inLanguage\":\"es-ES\",\"url\":\"https:\/\/robertabudasalon.com\/wp-content\/uploads\/2020\/04\/balmain-hair-revitalizing-conditioner.jpg\",\"width\":550,\"height\":550,\"caption\":\"revitalizing conditioner\"},{\"@type\":\"WebPage\",\"@id\":\"https:\/\/www.robertabudasalon.com\/es\/producto\/acondicionador-revitalizante\/#webpage\",\"url\":\"https:\/\/www.robertabudasalon.com\/es\/producto\/acondicionador-revitalizante\/\",\"name\":\"Balmain Acondicionador Revitalizante | Robert Abuda Merida Hair Salon\",\"isPartOf\":{\"@id\":\"https:\/\/robertabudasalon.com\/es\/#website\"},\"primaryImageOfPage\":{\"@id\":\"https:\/\/www.robertabudasalon.com\/es\/producto\/acondicionador-revitalizante\/#primaryimage\"},\"datePublished\":\"2020-04-13T18:51:15+00:00\",\"dateModified\":\"2020-06-01T16:47:13+00:00\",\"description\":\"Balmain Acondicionador Revitalizante | Robert Abuda Merida Hair Salon Productos de Belleza Mexico, Balmain, Living Proof, Olaplex, Envios todo MX\",\"inLanguage\":\"es-ES\",\"potentialAction\":[{\"@type\":\"ReadAction\",\"target\":[\"https:\/\/www.robertabudasalon.com\/es\/producto\/acondicionador-revitalizante\/\"]}]}]}<\/script>\n<!-- \/ Yoast SEO Premium plugin. -->","jetpack_sharing_enabled":true,"_links":{"self":[{"href":"https:\/\/robertabudasalon.com\/es\/wp-json\/wp\/v2\/product\/10129","targetHints":{"allow":["GET"]}}],"collection":[{"href":"https:\/\/robertabudasalon.com\/es\/wp-json\/wp\/v2\/product"}],"about":[{"href":"https:\/\/robertabudasalon.com\/es\/wp-json\/wp\/v2\/types\/product"}],"replies":[{"embeddable":true,"href":"https:\/\/robertabudasalon.com\/es\/wp-json\/wp\/v2\/comments?post=10129"}],"wp:featuredmedia":[{"embeddable":true,"href":"https:\/\/robertabudasalon.com\/es\/wp-json\/wp\/v2\/media\/10104"}],"wp:attachment":[{"href":"https:\/\/robertabudasalon.com\/es\/wp-json\/wp\/v2\/media?parent=10129"}],"wp:term":[{"taxonomy":"product_brand","embeddable":true,"href":"https:\/\/robertabudasalon.com\/es\/wp-json\/wp\/v2\/product_brand?post=10129"},{"taxonomy":"product_cat","embeddable":true,"href":"https:\/\/robertabudasalon.com\/es\/wp-json\/wp\/v2\/product_cat?post=10129"},{"taxonomy":"product_tag","embeddable":true,"href":"https:\/\/robertabudasalon.com\/es\/wp-json\/wp\/v2\/product_tag?post=10129"},{"taxonomy":"yst_prominent_words","embeddable":true,"href":"https:\/\/robertabudasalon.com\/es\/wp-json\/wp\/v2\/yst_prominent_words?post=10129"}],"curies":[{"name":"wp","href":"https:\/\/api.w.org\/{rel}","templated":true}]}}