{"id":10124,"date":"2020-04-12T21:47:31","date_gmt":"2020-04-13T02:47:31","guid":{"rendered":"https:\/\/www.robertabudasalon.com\/product\/balmain-mascara-de-reparacion\/"},"modified":"2020-05-17T16:09:06","modified_gmt":"2020-05-17T21:09:06","slug":"balmain-mascara-reparacion","status":"publish","type":"product","link":"https:\/\/robertabudasalon.com\/es\/shop\/balmain-mascara-reparacion\/","title":{"rendered":"Balmain Mascara de Reparacion"},"content":{"rendered":"<h3><a href=\"https:\/\/robertabudasalon.com\/?attachment_id=10079\" rel=\"attachment wp-att-10079\"><img loading=\"lazy\" decoding=\"async\" class=\"alignleft size-medium wp-image-10079\" src=\"https:\/\/robertabudasalon.com\/wp-content\/uploads\/2020\/04\/repair-mask-300x300.jpg\" alt=\"repair mask\" width=\"300\" height=\"300\" srcset=\"https:\/\/robertabudasalon.com\/wp-content\/uploads\/2020\/04\/repair-mask.jpg 300w, https:\/\/robertabudasalon.com\/wp-content\/uploads\/2020\/04\/repair-mask.jpg 150w, https:\/\/robertabudasalon.com\/wp-content\/uploads\/2020\/04\/repair-mask.jpg 768w, https:\/\/robertabudasalon.com\/wp-content\/uploads\/2020\/04\/repair-mask.jpg 600w, https:\/\/robertabudasalon.com\/wp-content\/uploads\/2020\/04\/repair-mask.jpg 100w, https:\/\/robertabudasalon.com\/wp-content\/uploads\/2020\/04\/repair-mask.jpg 960w\" sizes=\"auto, (max-width: 300px) 100vw, 300px\" \/><\/a>Balmain Mascara de Reparacion 200 ml<\/h3>\n<p>Balmain Mascara Reparacion<br \/>\nCuando tu cabello necesita algo de nutrici\u00f3n adicional de vez en cuando, este es el producto que necesitas. La m\u00e1scara reparadora de Balmain repara el cabello seco y d\u00e9bil y le da a tu cabello una sensaci\u00f3n suave y lujosa. La m\u00e1scara est\u00e1 enriquecida con la fragancia caracter\u00edstica de Balmain y se siente como el tratamiento de sal\u00f3n instant\u00e1neo. La m\u00e1scara de reparaci\u00f3n es parte de la l\u00ednea de cuidado hidratante. Use la m\u00e1scara en combinaci\u00f3n con el Champ\u00fa Hidratante y el Acondicionador Hidratante para obtener el mejor resultado.<\/p>\n<p>Cabello perfectamente hidratado y nutrido.<br \/>\nIndicado para cabellos tratados y te\u00f1idos.<br \/>\nRepara la elasticidad y flexibilidad del cabello.<\/p>\n<p>La l\u00ednea de cuidado hidratante est\u00e1 enriquecida con los mejores ingredientes para alcanzar resultados \u00f3ptimos. Los protectores UV protegen el cabello contra la radiaci\u00f3n UV y mejoran la retenci\u00f3n del color. Proporciona colores duraderos al cabello te\u00f1ido y le da un brillo brillante. Pro-vitamin B5 funciona mejorando los efectos de la retenci\u00f3n de humedad, la elasticidad y flexibilidad del cabello. Calma el cuero cabelludo irritado y sensible, suaviza el cabello y crea mucho brillo. Este ingrediente le da al cabello un impulso extra de vitamina B que lo espesa y estimula el crecimiento del cabello.<\/p>\n<p>Enriquecido con la fragancia exclusiva de Balmain, brinda una experiencia \u00fanica de spa.<\/p>\n<p>Secreto entre bastidores: extiende la m\u00e1scara de manera uniforme por tu cabello, deja que absorba mech\u00f3n por mech\u00f3n. \u00a1Disfruta de tu cabello suave e hidratado!<\/p>\n<p><a href=\"http:\/\/www.robertabudasalon.com\/es\/shop\/\">SHOP PRODUCTOS de BELLEZA MEXICO EN LINEA<\/a><\/p>\n","protected":false},"excerpt":{"rendered":"<p><a href=\"https:\/\/robertabudasalon.com\/?attachment_id=10079\" rel=\"attachment wp-att-10079\"><img loading=\"lazy\" decoding=\"async\" class=\"alignleft size-medium wp-image-10079\" src=\"https:\/\/robertabudasalon.com\/wp-content\/uploads\/2020\/04\/repair-mask-300x300.jpg\" alt=\"repair mask\" width=\"300\" height=\"300\" srcset=\"https:\/\/robertabudasalon.com\/wp-content\/uploads\/2020\/04\/repair-mask.jpg 300w, https:\/\/robertabudasalon.com\/wp-content\/uploads\/2020\/04\/repair-mask.jpg 150w, https:\/\/robertabudasalon.com\/wp-content\/uploads\/2020\/04\/repair-mask.jpg 768w, https:\/\/robertabudasalon.com\/wp-content\/uploads\/2020\/04\/repair-mask.jpg 600w, https:\/\/robertabudasalon.com\/wp-content\/uploads\/2020\/04\/repair-mask.jpg 100w, https:\/\/robertabudasalon.com\/wp-content\/uploads\/2020\/04\/repair-mask.jpg 960w\" sizes=\"auto, (max-width: 300px) 100vw, 300px\" \/><\/a>200 ml<\/p>\n<p>Cabello perfectamente hidratado y nutrido.<br \/>\nAdecuado para cabellos tratados y te\u00f1idos.<br \/>\nRepara la elasticidad y flexibilidad del cabello.<\/p>\n","protected":false},"featured_media":10080,"comment_status":"closed","ping_status":"closed","template":"","meta":{"nf_dc_page":"","jetpack_post_was_ever_published":false,"jetpack_publicize_message":"","jetpack_publicize_feature_enabled":true,"jetpack_social_post_already_shared":false,"jetpack_social_options":{"image_generator_settings":{"template":"highway","default_image_id":0,"font":"","enabled":false},"version":2}},"product_brand":[],"product_cat":[251,272],"product_tag":[252,274,273,412],"yst_prominent_words":[2134,2024,2137,2129,2127,2133,2139,2136,2128,2126,2022,2020,2019,2131,2135,2023,2021,2138,2130,2132],"class_list":{"0":"post-10124","1":"product","2":"type-product","3":"status-publish","4":"has-post-thumbnail","6":"product_cat-balmain-es","7":"product_cat-mascara","8":"product_tag-balmain-es","9":"product_tag-macara","10":"product_tag-mascara-de-reparacion","11":"product_tag-reparadora","12":"entry","14":"first","15":"outofstock","16":"shipping-taxable","17":"purchasable","18":"product-type-simple"},"jetpack_publicize_connections":[],"yoast_head":"<!-- This site is optimized with the Yoast SEO Premium plugin v14.4.1 - https:\/\/yoast.com\/wordpress\/plugins\/seo\/ -->\n<title>Balmain Mascara de Reparacion | Robert Abuda Merida Hair Salon<\/title>\n<meta name=\"description\" content=\"Balmain Mascara de Reparacion | Robert Abuda Merida Hair Salon | Productos de Belleza Mexico, Balmain, Olaplex, Living Proof. Servicio a domicilio gratuito.\" \/>\n<meta name=\"robots\" content=\"index, follow\" \/>\n<meta name=\"googlebot\" content=\"index, follow, max-snippet:-1, max-image-preview:large, max-video-preview:-1\" \/>\n<meta name=\"bingbot\" content=\"index, follow, max-snippet:-1, max-image-preview:large, max-video-preview:-1\" \/>\n<link rel=\"canonical\" href=\"https:\/\/www.robertabudasalon.com\/es\/producto\/balmain-mascara-reparacion\/\" \/>\n<meta property=\"og:locale\" content=\"es_ES\" \/>\n<meta property=\"og:type\" content=\"article\" \/>\n<meta property=\"og:title\" content=\"Balmain Mascara de Reparacion | Robert Abuda Merida Hair Salon\" \/>\n<meta property=\"og:description\" content=\"Balmain Mascara de Reparacion | Robert Abuda Merida Hair Salon | Productos de Belleza Mexico, Balmain, Olaplex, Living Proof. Servicio a domicilio gratuito.\" \/>\n<meta property=\"og:url\" content=\"https:\/\/www.robertabudasalon.com\/es\/producto\/balmain-mascara-reparacion\/\" \/>\n<meta property=\"og:site_name\" content=\"Robert Abuda Merida Hair Salon\" \/>\n<meta property=\"article:publisher\" content=\"https:\/\/www.facebook.com\/RobertAbudaSalondeBellezaMerida\" \/>\n<meta property=\"article:author\" content=\"https:\/\/www.facebook.com\/RobertAbudaSalondeBellezaMerida\" \/>\n<meta property=\"article:modified_time\" content=\"2020-05-17T21:09:06+00:00\" \/>\n<meta property=\"og:image\" content=\"https:\/\/robertabudasalon.com\/wp-content\/uploads\/2020\/04\/repair-mask.jpg\" \/>\n\t<meta property=\"og:image:width\" content=\"960\" \/>\n\t<meta property=\"og:image:height\" content=\"960\" \/>\n<meta property=\"fb:app_id\" content=\"https:\/\/www.facebook.com\/RobertAbudaSalondeBellezaMerida\" \/>\n<meta name=\"twitter:card\" content=\"summary\" \/>\n<meta name=\"twitter:creator\" content=\"@RobAbudaSalon\" \/>\n<meta name=\"twitter:site\" content=\"@RobAbudaSalon\" \/>\n<script type=\"application\/ld+json\" class=\"yoast-schema-graph\">{\"@context\":\"https:\/\/schema.org\",\"@graph\":[{\"@type\":\"WebSite\",\"@id\":\"https:\/\/robertabudasalon.com\/es\/#website\",\"url\":\"https:\/\/robertabudasalon.com\/es\/\",\"name\":\"Robert Abuda Merida Hair Salon\",\"description\":\"Hair Salon Merida, Salon de Belleza Merida +52 999 926 3015, #470C Paseo de Montejo, Peluqueria y SPA.\",\"potentialAction\":[{\"@type\":\"SearchAction\",\"target\":\"https:\/\/robertabudasalon.com\/es\/?s={search_term_string}\",\"query-input\":\"required name=search_term_string\"}],\"inLanguage\":\"es-ES\"},{\"@type\":\"ImageObject\",\"@id\":\"https:\/\/www.robertabudasalon.com\/es\/producto\/balmain-mascara-reparacion\/#primaryimage\",\"inLanguage\":\"es-ES\",\"url\":\"https:\/\/robertabudasalon.com\/wp-content\/uploads\/2020\/04\/repair-mask.jpg\",\"width\":960,\"height\":960,\"caption\":\"repair mask\"},{\"@type\":\"WebPage\",\"@id\":\"https:\/\/www.robertabudasalon.com\/es\/producto\/balmain-mascara-reparacion\/#webpage\",\"url\":\"https:\/\/www.robertabudasalon.com\/es\/producto\/balmain-mascara-reparacion\/\",\"name\":\"Balmain Mascara de Reparacion | Robert Abuda Merida Hair Salon\",\"isPartOf\":{\"@id\":\"https:\/\/robertabudasalon.com\/es\/#website\"},\"primaryImageOfPage\":{\"@id\":\"https:\/\/www.robertabudasalon.com\/es\/producto\/balmain-mascara-reparacion\/#primaryimage\"},\"datePublished\":\"2020-04-13T02:47:31+00:00\",\"dateModified\":\"2020-05-17T21:09:06+00:00\",\"description\":\"Balmain Mascara de Reparacion | Robert Abuda Merida Hair Salon | Productos de Belleza Mexico, Balmain, Olaplex, Living Proof. Servicio a domicilio gratuito.\",\"inLanguage\":\"es-ES\",\"potentialAction\":[{\"@type\":\"ReadAction\",\"target\":[\"https:\/\/www.robertabudasalon.com\/es\/producto\/balmain-mascara-reparacion\/\"]}]}]}<\/script>\n<!-- \/ Yoast SEO Premium plugin. -->","jetpack_sharing_enabled":true,"_links":{"self":[{"href":"https:\/\/robertabudasalon.com\/es\/wp-json\/wp\/v2\/product\/10124","targetHints":{"allow":["GET"]}}],"collection":[{"href":"https:\/\/robertabudasalon.com\/es\/wp-json\/wp\/v2\/product"}],"about":[{"href":"https:\/\/robertabudasalon.com\/es\/wp-json\/wp\/v2\/types\/product"}],"replies":[{"embeddable":true,"href":"https:\/\/robertabudasalon.com\/es\/wp-json\/wp\/v2\/comments?post=10124"}],"wp:featuredmedia":[{"embeddable":true,"href":"https:\/\/robertabudasalon.com\/es\/wp-json\/wp\/v2\/media\/10080"}],"wp:attachment":[{"href":"https:\/\/robertabudasalon.com\/es\/wp-json\/wp\/v2\/media?parent=10124"}],"wp:term":[{"taxonomy":"product_brand","embeddable":true,"href":"https:\/\/robertabudasalon.com\/es\/wp-json\/wp\/v2\/product_brand?post=10124"},{"taxonomy":"product_cat","embeddable":true,"href":"https:\/\/robertabudasalon.com\/es\/wp-json\/wp\/v2\/product_cat?post=10124"},{"taxonomy":"product_tag","embeddable":true,"href":"https:\/\/robertabudasalon.com\/es\/wp-json\/wp\/v2\/product_tag?post=10124"},{"taxonomy":"yst_prominent_words","embeddable":true,"href":"https:\/\/robertabudasalon.com\/es\/wp-json\/wp\/v2\/yst_prominent_words?post=10124"}],"curies":[{"name":"wp","href":"https:\/\/api.w.org\/{rel}","templated":true}]}}