{"id":10122,"date":"2020-04-12T22:01:42","date_gmt":"2020-04-13T03:01:42","guid":{"rendered":"https:\/\/www.robertabudasalon.com\/product\/balmain-volumen-mousse-fuerte\/"},"modified":"2020-06-30T18:48:29","modified_gmt":"2020-06-30T23:48:29","slug":"balmain-mousse-volumen-fuerte","status":"publish","type":"product","link":"https:\/\/robertabudasalon.com\/es\/shop\/balmain-mousse-volumen-fuerte\/","title":{"rendered":"Balmain Mousse Volumen Fuerte"},"content":{"rendered":"<h3>Balmain Mousse Volumen Fuerte 300 ml<a href=\"https:\/\/robertabudasalon.com\/?attachment_id=10083\" rel=\"attachment wp-att-10083\"><img loading=\"lazy\" decoding=\"async\" class=\"alignleft size-medium wp-image-10083\" src=\"https:\/\/robertabudasalon.com\/wp-content\/uploads\/2020\/04\/balmainhair_styling_volumemoussestrong_800x800_1-300x300.jpg\" alt=\"Balmain Mousse\" width=\"300\" height=\"300\" srcset=\"https:\/\/robertabudasalon.com\/wp-content\/uploads\/2020\/04\/balmainhair_styling_volumemoussestrong_800x800_1.jpg 300w, https:\/\/robertabudasalon.com\/wp-content\/uploads\/2020\/04\/balmainhair_styling_volumemoussestrong_800x800_1.jpg 150w, https:\/\/robertabudasalon.com\/wp-content\/uploads\/2020\/04\/balmainhair_styling_volumemoussestrong_800x800_1.jpg 768w, https:\/\/robertabudasalon.com\/wp-content\/uploads\/2020\/04\/balmainhair_styling_volumemoussestrong_800x800_1.jpg 600w, https:\/\/robertabudasalon.com\/wp-content\/uploads\/2020\/04\/balmainhair_styling_volumemoussestrong_800x800_1.jpg 100w, https:\/\/robertabudasalon.com\/wp-content\/uploads\/2020\/04\/balmainhair_styling_volumemoussestrong_800x800_1.jpg 800w\" sizes=\"auto, (max-width: 300px) 100vw, 300px\" \/><\/a><\/h3>\n<p>Balmain Mousse Volumen Fuerte<br \/>\nMousse de peinado de volumen flexible, da volumen, acondiciona, repara da\u00f1os, protege el cabello y es antiest\u00e1tico. Los ingredientes, la prote\u00edna de seda y el aceite de arg\u00e1n, estimulan una retenci\u00f3n \u00f3ptima de la humedad dentro de la c\u00e9lula capilar, reparan y protegen el cabello da\u00f1ado, seco y d\u00e9bil de los extremos ambientales. Styling Line tiene una maravillosa fragancia exclusiva, una mezcla \u00fanica de notas que te robar\u00e1 lejos para el perfecto d\u00eda de verano. Cada vez que se utilizan los productos, enriquecen el cabello con ingredientes nutritivos y perfuman el cabello con este aroma misterioso, femenino y sexy.<\/p>\n<p>Espuma voluminizadora.<br \/>\nCondiciones y reparaciones del cabello da\u00f1ado.<br \/>\nEstilo vers\u00e1til sin comprometer la espera.<\/p>\n<p>Consejo entre bastidores: para crear volumen, distribuya uniformemente la espuma en todo el cabello y luego s\u00e9quelo. Para crear un &#8220;estilo de scrunch&#8221;, aprieta solo las puntas del cabello con un poco de espuma en la palma de la mano y deja que se seque. Balmain Mousse Volumen Fuerte.<\/p>\n<h4><strong>Volume Mousse Strong<\/strong><\/h4>\n<p>Mousse de moldeado flexible y anti-est\u00e1tica que proporciona volumen, acondiciona, repara y protege el cabello. Sus ingredientes, Prote\u00edna de Seda y Aceite de Arg\u00e1n, estimulan una retenci\u00f3n \u00f3ptima de la humedad en el interior de las c\u00e9lulas capilares, contribuyendo a la recuperaci\u00f3n y protecci\u00f3n del cabello da\u00f1ado contra las agresiones medioambientales. La Styling Line contiene una maravillosa fragancia de autor, con una mezcla \u00fanica de notas que te transportar\u00e1 a un perfecto d\u00eda de verano. Cada vez que usas nuestros productos nutres tu cabello y lo adornas con aromas de misterio y sensualidad.<\/p>\n<p><strong><em>Beneficios:<\/em><\/strong><\/p>\n<p>Espuma moldeadora voluminizadora.<\/p>\n<p>Acondiciona y repara el cabello da\u00f1ado.<\/p>\n<p>Peinado vers\u00e1til sin comprometer la fijaci\u00f3n.<\/p>\n<p><strong><em>Modo de uso:<\/em><\/strong><\/p>\n<p>Aplica una peque\u00f1a cantidad en las palmas de las manos y distrib\u00fayelo suavemente por el cabello h\u00famedo.<\/p>\n<p><strong><em>Consejo:<\/em><\/strong><\/p>\n<p>Para crear volumen, distribuye la espuma de forma homog\u00e9nea por tu cabello y despu\u00e9s aplica el secador. Para crear un \u2018look estrujado\u2019, distrib\u00fayelo s\u00f3lo en las puntas apretando y deja que se seque al aire.<\/p>\n<p style=\"text-align: left;\">SHOP PRODUCTOS BALMAIN MEXICO<\/p>\n","protected":false},"excerpt":{"rendered":"<p><img loading=\"lazy\" decoding=\"async\" class=\"alignleft size-medium wp-image-10083\" src=\"https:\/\/robertabudasalon.com\/wp-content\/uploads\/2020\/04\/balmainhair_styling_volumemoussestrong_800x800_1-300x300.jpg\" alt=\"Balmain Mousse\" width=\"300\" height=\"300\" srcset=\"https:\/\/robertabudasalon.com\/wp-content\/uploads\/2020\/04\/balmainhair_styling_volumemoussestrong_800x800_1.jpg 300w, https:\/\/robertabudasalon.com\/wp-content\/uploads\/2020\/04\/balmainhair_styling_volumemoussestrong_800x800_1.jpg 150w, https:\/\/robertabudasalon.com\/wp-content\/uploads\/2020\/04\/balmainhair_styling_volumemoussestrong_800x800_1.jpg 768w, https:\/\/robertabudasalon.com\/wp-content\/uploads\/2020\/04\/balmainhair_styling_volumemoussestrong_800x800_1.jpg 600w, https:\/\/robertabudasalon.com\/wp-content\/uploads\/2020\/04\/balmainhair_styling_volumemoussestrong_800x800_1.jpg 100w, https:\/\/robertabudasalon.com\/wp-content\/uploads\/2020\/04\/balmainhair_styling_volumemoussestrong_800x800_1.jpg 800w\" sizes=\"auto, (max-width: 300px) 100vw, 300px\" \/>300 ml<\/p>\n<p>Espuma voluminizadora.<br \/>\nCondiciones y reparaciones del cabello da\u00f1ado.<br \/>\nEstilo vers\u00e1til sin comprometer la espera.<\/p>\n","protected":false},"featured_media":10084,"comment_status":"closed","ping_status":"closed","template":"","meta":{"nf_dc_page":"","jetpack_post_was_ever_published":false,"jetpack_publicize_message":"","jetpack_publicize_feature_enabled":true,"jetpack_social_post_already_shared":false,"jetpack_social_options":{"image_generator_settings":{"template":"highway","default_image_id":0,"font":"","enabled":false},"version":2}},"product_brand":[],"product_cat":[251,262],"product_tag":[252,264,153],"yst_prominent_words":[2099,2097,2096,276,317,2093,316,277,2031,669,318,313,1955,2092,2095,2100,2098,2085,2094,2101],"class_list":{"0":"post-10122","1":"product","2":"type-product","3":"status-publish","4":"has-post-thumbnail","6":"product_cat-balmain-es","7":"product_cat-volumen","8":"product_tag-balmain-es","9":"product_tag-mousse-es","10":"product_tag-volume-es","11":"entry","13":"first","14":"outofstock","15":"shipping-taxable","16":"purchasable","17":"product-type-simple"},"jetpack_publicize_connections":[],"yoast_head":"<!-- This site is optimized with the Yoast SEO Premium plugin v14.4.1 - https:\/\/yoast.com\/wordpress\/plugins\/seo\/ -->\n<title>Balmain Mousse Volumen Fuerte | Robert Abuda Merida Hair Salon<\/title>\n<meta name=\"description\" content=\"Balmain Mousse Volumen Fuerte | Robert Abuda Merida Hair Salon | Productos de Belleza y Peluqueria Merida. Balmain Mexico. TEL 999 926 3015.\" \/>\n<meta name=\"robots\" content=\"index, follow\" \/>\n<meta name=\"googlebot\" content=\"index, follow, max-snippet:-1, max-image-preview:large, max-video-preview:-1\" \/>\n<meta name=\"bingbot\" content=\"index, follow, max-snippet:-1, max-image-preview:large, max-video-preview:-1\" \/>\n<link rel=\"canonical\" href=\"https:\/\/www.robertabudasalon.com\/es\/producto\/balmain-mousse-volumen-fuerte\/\" \/>\n<meta property=\"og:locale\" content=\"es_ES\" \/>\n<meta property=\"og:type\" content=\"article\" \/>\n<meta property=\"og:title\" content=\"Balmain Mousse Volumen Fuerte | Robert Abuda Merida Hair Salon\" \/>\n<meta property=\"og:description\" content=\"Balmain Mousse Volumen Fuerte | Robert Abuda Merida Hair Salon | Productos de Belleza y Peluqueria Merida. Balmain Mexico. TEL 999 926 3015.\" \/>\n<meta property=\"og:url\" content=\"https:\/\/www.robertabudasalon.com\/es\/producto\/balmain-mousse-volumen-fuerte\/\" \/>\n<meta property=\"og:site_name\" content=\"Robert Abuda Merida Hair Salon\" \/>\n<meta property=\"article:publisher\" content=\"https:\/\/www.facebook.com\/RobertAbudaSalondeBellezaMerida\" \/>\n<meta property=\"article:author\" content=\"https:\/\/www.facebook.com\/RobertAbudaSalondeBellezaMerida\" \/>\n<meta property=\"article:modified_time\" content=\"2020-06-30T23:48:29+00:00\" \/>\n<meta property=\"og:image\" content=\"https:\/\/robertabudasalon.com\/wp-content\/uploads\/2020\/04\/balmainhair_styling_volumemoussestrong_800x800_1.jpg\" \/>\n\t<meta property=\"og:image:width\" content=\"800\" \/>\n\t<meta property=\"og:image:height\" content=\"800\" \/>\n<meta property=\"fb:app_id\" content=\"https:\/\/www.facebook.com\/RobertAbudaSalondeBellezaMerida\" \/>\n<meta name=\"twitter:card\" content=\"summary\" \/>\n<meta name=\"twitter:creator\" content=\"@RobAbudaSalon\" \/>\n<meta name=\"twitter:site\" content=\"@RobAbudaSalon\" \/>\n<script type=\"application\/ld+json\" class=\"yoast-schema-graph\">{\"@context\":\"https:\/\/schema.org\",\"@graph\":[{\"@type\":\"WebSite\",\"@id\":\"https:\/\/robertabudasalon.com\/es\/#website\",\"url\":\"https:\/\/robertabudasalon.com\/es\/\",\"name\":\"Robert Abuda Merida Hair Salon\",\"description\":\"Hair Salon Merida, Salon de Belleza Merida +52 999 926 3015, #470C Paseo de Montejo, Peluqueria y SPA.\",\"potentialAction\":[{\"@type\":\"SearchAction\",\"target\":\"https:\/\/robertabudasalon.com\/es\/?s={search_term_string}\",\"query-input\":\"required name=search_term_string\"}],\"inLanguage\":\"es-ES\"},{\"@type\":\"ImageObject\",\"@id\":\"https:\/\/www.robertabudasalon.com\/es\/producto\/balmain-mousse-volumen-fuerte\/#primaryimage\",\"inLanguage\":\"es-ES\",\"url\":\"https:\/\/robertabudasalon.com\/wp-content\/uploads\/2020\/04\/balmainhair_styling_volumemoussestrong_800x800_1.jpg\",\"width\":800,\"height\":800,\"caption\":\"Balmain Mousse\"},{\"@type\":\"WebPage\",\"@id\":\"https:\/\/www.robertabudasalon.com\/es\/producto\/balmain-mousse-volumen-fuerte\/#webpage\",\"url\":\"https:\/\/www.robertabudasalon.com\/es\/producto\/balmain-mousse-volumen-fuerte\/\",\"name\":\"Balmain Mousse Volumen Fuerte | Robert Abuda Merida Hair Salon\",\"isPartOf\":{\"@id\":\"https:\/\/robertabudasalon.com\/es\/#website\"},\"primaryImageOfPage\":{\"@id\":\"https:\/\/www.robertabudasalon.com\/es\/producto\/balmain-mousse-volumen-fuerte\/#primaryimage\"},\"datePublished\":\"2020-04-13T03:01:42+00:00\",\"dateModified\":\"2020-06-30T23:48:29+00:00\",\"description\":\"Balmain Mousse Volumen Fuerte | Robert Abuda Merida Hair Salon | Productos de Belleza y Peluqueria Merida. Balmain Mexico. TEL 999 926 3015.\",\"inLanguage\":\"es-ES\",\"potentialAction\":[{\"@type\":\"ReadAction\",\"target\":[\"https:\/\/www.robertabudasalon.com\/es\/producto\/balmain-mousse-volumen-fuerte\/\"]}]}]}<\/script>\n<!-- \/ Yoast SEO Premium plugin. -->","jetpack_sharing_enabled":true,"_links":{"self":[{"href":"https:\/\/robertabudasalon.com\/es\/wp-json\/wp\/v2\/product\/10122","targetHints":{"allow":["GET"]}}],"collection":[{"href":"https:\/\/robertabudasalon.com\/es\/wp-json\/wp\/v2\/product"}],"about":[{"href":"https:\/\/robertabudasalon.com\/es\/wp-json\/wp\/v2\/types\/product"}],"replies":[{"embeddable":true,"href":"https:\/\/robertabudasalon.com\/es\/wp-json\/wp\/v2\/comments?post=10122"}],"wp:featuredmedia":[{"embeddable":true,"href":"https:\/\/robertabudasalon.com\/es\/wp-json\/wp\/v2\/media\/10084"}],"wp:attachment":[{"href":"https:\/\/robertabudasalon.com\/es\/wp-json\/wp\/v2\/media?parent=10122"}],"wp:term":[{"taxonomy":"product_brand","embeddable":true,"href":"https:\/\/robertabudasalon.com\/es\/wp-json\/wp\/v2\/product_brand?post=10122"},{"taxonomy":"product_cat","embeddable":true,"href":"https:\/\/robertabudasalon.com\/es\/wp-json\/wp\/v2\/product_cat?post=10122"},{"taxonomy":"product_tag","embeddable":true,"href":"https:\/\/robertabudasalon.com\/es\/wp-json\/wp\/v2\/product_tag?post=10122"},{"taxonomy":"yst_prominent_words","embeddable":true,"href":"https:\/\/robertabudasalon.com\/es\/wp-json\/wp\/v2\/yst_prominent_words?post=10122"}],"curies":[{"name":"wp","href":"https:\/\/api.w.org\/{rel}","templated":true}]}}