{"id":10121,"date":"2020-04-13T12:01:36","date_gmt":"2020-04-13T17:01:36","guid":{"rendered":"https:\/\/www.robertabudasalon.com\/product\/balmain-shampoo-volumen\/"},"modified":"2020-06-01T08:55:54","modified_gmt":"2020-06-01T13:55:54","slug":"balmain-volumen","status":"publish","type":"product","link":"https:\/\/robertabudasalon.com\/es\/shop\/balmain-volumen\/","title":{"rendered":"Balmain Shampoo Volumen"},"content":{"rendered":"<h3><a href=\"https:\/\/robertabudasalon.com\/es\/?attachment_id=10087\" rel=\"attachment wp-att-10087\"><img loading=\"lazy\" decoding=\"async\" class=\"alignleft wp-image-10087 size-medium\" src=\"https:\/\/robertabudasalon.com\/wp-content\/uploads\/2020\/04\/volume-shampoo-balmain-300x300.jpg\" alt=\"Balmain Shampoo Volumen\" width=\"300\" height=\"300\" srcset=\"https:\/\/robertabudasalon.com\/wp-content\/uploads\/2020\/04\/volume-shampoo-balmain.jpg 300w, https:\/\/robertabudasalon.com\/wp-content\/uploads\/2020\/04\/volume-shampoo-balmain.jpg 150w, https:\/\/robertabudasalon.com\/wp-content\/uploads\/2020\/04\/volume-shampoo-balmain.jpg 100w, https:\/\/robertabudasalon.com\/wp-content\/uploads\/2020\/04\/volume-shampoo-balmain.jpg 500w\" sizes=\"auto, (max-width: 300px) 100vw, 300px\" \/><\/a><strong><span style=\"font-size: 1rem;\">Balmain Shampoo Volumen <\/span><\/strong>300 ml<\/h3>\n<div class=\"tlid-input input\">\n<div class=\"source-wrap\">\n<div class=\"input-full-height-wrapper tlid-input-full-height-wrapper\">\n<div class=\"source-input\">\n<div class=\"source-footer-wrap source-or-target-footer\">\n<div class=\"character-count tlid-character-count\">\n<div class=\"cc-ctr normal\"><strong><span style=\"font-size: 1rem;\">Balmain Shampoo Volumen<\/span><\/strong><\/div>\n<\/div>\n<\/div>\n<\/div>\n<\/div>\n<\/div>\n<\/div>\n<div class=\"tlid-results-container results-container\">\n<div class=\"tlid-result result-dict-wrapper\">\n<div class=\"result tlid-copy-target\">\n<div class=\"text-wrap tlid-copy-target\">\n<div class=\"result-shield-container tlid-copy-target\" tabindex=\"0\">\n<p><span class=\"tlid-translation translation\" lang=\"es\"><span title=\"\">Volumen Balmain Shampoo &#8211; Este champ\u00fa liviano da volumen y cuerpo a todo tipo de cabello.<\/span> <span title=\"\">Un champ\u00fa diario de lujo y suave;<\/span> <span title=\"\">F\u00e1cil manejable.<\/span> <span title=\"\">Para cabello brillante y perfectamente peinado.<\/span> <span title=\"\">Los ingredientes, la prote\u00edna de seda y el aceite de <a href=\"https:\/\/www.healthline.com\/nutrition\/argan-oil\" target=\"_blank\" rel=\"noopener noreferrer\">arg\u00e1n<\/a>, estimulan una retenci\u00f3n de humedad \u00f3ptima dentro de la c\u00e9lula capilar, reparan y protegen el cabello da\u00f1ado, seco y d\u00e9bil de los extremos ambientales.<\/span> <span title=\"\">The Care Line tiene una fragancia maravillosa y exclusiva, una mezcla \u00fanica de notas que te llevar\u00e1n al d\u00eda perfecto de verano.<\/span> <span title=\"\">Cada vez que se utilizan los productos, enriquecen el cabello con ingredientes nutritivos y perfuman el cabello con este aroma misterioso, femenino y sexy.<\/span><\/span><\/p>\n<p><span title=\"\">Champ\u00fa de volumen ligero.<\/span><br \/>\n<span title=\"\">Crea un cabello brillante y con cuerpo con volumen adicional.<\/span><br \/>\n<span title=\"\">Champ\u00fa diario.<\/span><\/p>\n<p><span title=\"\">Consejo detr\u00e1s del escenario: Sea amable con su cuero cabelludo, masajee suavemente.<\/span> <span class=\"\" title=\"\">Usa agua tibia para abrir las cut\u00edculas de tu cabello y deja que el champ\u00fa entre y limpie.<\/span><\/p>\n<\/div>\n<\/div>\n<\/div>\n<\/div>\n<\/div>\n","protected":false},"excerpt":{"rendered":"<p><a href=\"https:\/\/robertabudasalon.com\/?attachment_id=10087\" rel=\"attachment wp-att-10087\"><img loading=\"lazy\" decoding=\"async\" class=\"alignleft size-medium wp-image-10087\" src=\"https:\/\/robertabudasalon.com\/wp-content\/uploads\/2020\/04\/volume-shampoo-balmain-300x300.jpg\" alt=\"balmain volume shampoo\" width=\"300\" height=\"300\" srcset=\"https:\/\/robertabudasalon.com\/wp-content\/uploads\/2020\/04\/volume-shampoo-balmain.jpg 300w, https:\/\/robertabudasalon.com\/wp-content\/uploads\/2020\/04\/volume-shampoo-balmain.jpg 150w, https:\/\/robertabudasalon.com\/wp-content\/uploads\/2020\/04\/volume-shampoo-balmain.jpg 100w, https:\/\/robertabudasalon.com\/wp-content\/uploads\/2020\/04\/volume-shampoo-balmain.jpg 500w\" sizes=\"auto, (max-width: 300px) 100vw, 300px\" \/><\/a>300 ml<\/p>\n<p>Para cabello fino. Champ\u00fa de volumen ligero.<br \/>\nCrea un cabello brillante y con cuerpo con volumen adicional.<br \/>\nChamp\u00fa diario.<\/p>\n","protected":false},"featured_media":10088,"comment_status":"closed","ping_status":"closed","template":"","meta":{"nf_dc_page":"","jetpack_post_was_ever_published":false,"jetpack_publicize_message":"","jetpack_publicize_feature_enabled":true,"jetpack_social_post_already_shared":false,"jetpack_social_options":{"image_generator_settings":{"template":"highway","default_image_id":0,"font":"","enabled":false},"version":2}},"product_brand":[],"product_cat":[251,250,151,262],"product_tag":[252,158,263,248,153],"yst_prominent_words":[332,2039,2079,2075,276,2074,2072,317,2076,2073,323,277,318,313,1955,319,346,2080,321,320],"class_list":{"0":"post-10121","1":"product","2":"type-product","3":"status-publish","4":"has-post-thumbnail","6":"product_cat-balmain-es","7":"product_cat-shampoo-es","8":"product_cat-shop-es","9":"product_cat-volumen","10":"product_tag-balmain-es","11":"product_tag-cabello-fino","12":"product_tag-fino","13":"product_tag-shampoo-es","14":"product_tag-volume-es","15":"entry","17":"first","18":"instock","19":"shipping-taxable","20":"purchasable","21":"product-type-simple"},"jetpack_publicize_connections":[],"yoast_head":"<!-- This site is optimized with the Yoast SEO Premium plugin v14.4.1 - https:\/\/yoast.com\/wordpress\/plugins\/seo\/ -->\n<title>Balmain Shampoo Volumen | Robert Abuda Merida Hair Salon de Belleza<\/title>\n<meta name=\"description\" content=\"Balmain Shampoo Volumen | Robert Abuda Merida Hair Salon | Salon de belleza Merida MX. Productos de Belleza, Balmain y Olaplex se vende en Mexico.\" \/>\n<meta name=\"robots\" content=\"index, follow\" \/>\n<meta name=\"googlebot\" content=\"index, follow, max-snippet:-1, max-image-preview:large, max-video-preview:-1\" \/>\n<meta name=\"bingbot\" content=\"index, follow, max-snippet:-1, max-image-preview:large, max-video-preview:-1\" \/>\n<link rel=\"canonical\" href=\"https:\/\/www.robertabudasalon.com\/es\/producto\/balmain-volumen\/\" \/>\n<meta property=\"og:locale\" content=\"es_ES\" \/>\n<meta property=\"og:type\" content=\"article\" \/>\n<meta property=\"og:title\" content=\"Balmain Shampoo Volumen | Robert Abuda Merida Hair Salon de Belleza\" \/>\n<meta property=\"og:description\" content=\"Balmain Shampoo Volumen | Robert Abuda Merida Hair Salon | Salon de belleza Merida MX. Productos de Belleza, Balmain y Olaplex se vende en Mexico.\" \/>\n<meta property=\"og:url\" content=\"https:\/\/www.robertabudasalon.com\/es\/producto\/balmain-volumen\/\" \/>\n<meta property=\"og:site_name\" content=\"Robert Abuda Merida Hair Salon\" \/>\n<meta property=\"article:publisher\" content=\"https:\/\/www.facebook.com\/RobertAbudaSalondeBellezaMerida\" \/>\n<meta property=\"article:author\" content=\"https:\/\/www.facebook.com\/RobertAbudaSalondeBellezaMerida\" \/>\n<meta property=\"article:modified_time\" content=\"2020-06-01T13:55:54+00:00\" \/>\n<meta property=\"og:image\" content=\"https:\/\/robertabudasalon.com\/wp-content\/uploads\/2020\/04\/volume-shampoo-balmain.jpg\" \/>\n\t<meta property=\"og:image:width\" content=\"500\" \/>\n\t<meta property=\"og:image:height\" content=\"500\" \/>\n<meta property=\"fb:app_id\" content=\"https:\/\/www.facebook.com\/RobertAbudaSalondeBellezaMerida\" \/>\n<meta name=\"twitter:card\" content=\"summary\" \/>\n<meta name=\"twitter:creator\" content=\"@RobAbudaSalon\" \/>\n<meta name=\"twitter:site\" content=\"@RobAbudaSalon\" \/>\n<script type=\"application\/ld+json\" class=\"yoast-schema-graph\">{\"@context\":\"https:\/\/schema.org\",\"@graph\":[{\"@type\":\"WebSite\",\"@id\":\"https:\/\/robertabudasalon.com\/es\/#website\",\"url\":\"https:\/\/robertabudasalon.com\/es\/\",\"name\":\"Robert Abuda Merida Hair Salon\",\"description\":\"Hair Salon Merida, Salon de Belleza Merida +52 999 926 3015, #470C Paseo de Montejo, Peluqueria y SPA.\",\"potentialAction\":[{\"@type\":\"SearchAction\",\"target\":\"https:\/\/robertabudasalon.com\/es\/?s={search_term_string}\",\"query-input\":\"required name=search_term_string\"}],\"inLanguage\":\"es-ES\"},{\"@type\":\"ImageObject\",\"@id\":\"https:\/\/www.robertabudasalon.com\/es\/producto\/balmain-volumen\/#primaryimage\",\"inLanguage\":\"es-ES\",\"url\":\"https:\/\/robertabudasalon.com\/wp-content\/uploads\/2020\/04\/volume-shampoo-balmain.jpg\",\"width\":500,\"height\":500,\"caption\":\"balmain volume shampoo\"},{\"@type\":\"WebPage\",\"@id\":\"https:\/\/www.robertabudasalon.com\/es\/producto\/balmain-volumen\/#webpage\",\"url\":\"https:\/\/www.robertabudasalon.com\/es\/producto\/balmain-volumen\/\",\"name\":\"Balmain Shampoo Volumen | Robert Abuda Merida Hair Salon de Belleza\",\"isPartOf\":{\"@id\":\"https:\/\/robertabudasalon.com\/es\/#website\"},\"primaryImageOfPage\":{\"@id\":\"https:\/\/www.robertabudasalon.com\/es\/producto\/balmain-volumen\/#primaryimage\"},\"datePublished\":\"2020-04-13T17:01:36+00:00\",\"dateModified\":\"2020-06-01T13:55:54+00:00\",\"description\":\"Balmain Shampoo Volumen | Robert Abuda Merida Hair Salon | Salon de belleza Merida MX. Productos de Belleza, Balmain y Olaplex se vende en Mexico.\",\"inLanguage\":\"es-ES\",\"potentialAction\":[{\"@type\":\"ReadAction\",\"target\":[\"https:\/\/www.robertabudasalon.com\/es\/producto\/balmain-volumen\/\"]}]}]}<\/script>\n<!-- \/ Yoast SEO Premium plugin. -->","jetpack_sharing_enabled":true,"_links":{"self":[{"href":"https:\/\/robertabudasalon.com\/es\/wp-json\/wp\/v2\/product\/10121","targetHints":{"allow":["GET"]}}],"collection":[{"href":"https:\/\/robertabudasalon.com\/es\/wp-json\/wp\/v2\/product"}],"about":[{"href":"https:\/\/robertabudasalon.com\/es\/wp-json\/wp\/v2\/types\/product"}],"replies":[{"embeddable":true,"href":"https:\/\/robertabudasalon.com\/es\/wp-json\/wp\/v2\/comments?post=10121"}],"wp:featuredmedia":[{"embeddable":true,"href":"https:\/\/robertabudasalon.com\/es\/wp-json\/wp\/v2\/media\/10088"}],"wp:attachment":[{"href":"https:\/\/robertabudasalon.com\/es\/wp-json\/wp\/v2\/media?parent=10121"}],"wp:term":[{"taxonomy":"product_brand","embeddable":true,"href":"https:\/\/robertabudasalon.com\/es\/wp-json\/wp\/v2\/product_brand?post=10121"},{"taxonomy":"product_cat","embeddable":true,"href":"https:\/\/robertabudasalon.com\/es\/wp-json\/wp\/v2\/product_cat?post=10121"},{"taxonomy":"product_tag","embeddable":true,"href":"https:\/\/robertabudasalon.com\/es\/wp-json\/wp\/v2\/product_tag?post=10121"},{"taxonomy":"yst_prominent_words","embeddable":true,"href":"https:\/\/robertabudasalon.com\/es\/wp-json\/wp\/v2\/yst_prominent_words?post=10121"}],"curies":[{"name":"wp","href":"https:\/\/api.w.org\/{rel}","templated":true}]}}