{"id":10116,"date":"2020-04-13T13:47:56","date_gmt":"2020-04-14T01:59:38","guid":{"rendered":"https:\/\/www.robertabudasalon.com\/product\/balmain-shampoo-hidratante\/"},"modified":"2020-05-16T16:41:47","modified_gmt":"2020-05-16T21:41:47","slug":"balmain-shampoo-hidratante","status":"publish","type":"product","link":"https:\/\/robertabudasalon.com\/es\/shop\/balmain-shampoo-hidratante\/","title":{"rendered":"Balmain Shampoo Hidratante"},"content":{"rendered":"<h3><a href=\"https:\/\/robertabudasalon.com\/es\/?attachment_id=10100\" rel=\"attachment wp-att-10100\"><img loading=\"lazy\" decoding=\"async\" class=\"alignleft wp-image-10100 size-medium\" src=\"https:\/\/robertabudasalon.com\/wp-content\/uploads\/2020\/04\/balmain-hair-moisturizing-shampoo-300x300.jpg\" alt=\"Balmain shampoo hidratante\" width=\"300\" height=\"300\" srcset=\"https:\/\/robertabudasalon.com\/wp-content\/uploads\/2020\/04\/balmain-hair-moisturizing-shampoo.jpg 300w, https:\/\/robertabudasalon.com\/wp-content\/uploads\/2020\/04\/balmain-hair-moisturizing-shampoo.jpg 150w, https:\/\/robertabudasalon.com\/wp-content\/uploads\/2020\/04\/balmain-hair-moisturizing-shampoo.jpg 100w, https:\/\/robertabudasalon.com\/wp-content\/uploads\/2020\/04\/balmain-hair-moisturizing-shampoo.jpg 550w\" sizes=\"auto, (max-width: 300px) 100vw, 300px\" \/><\/a>Balmain shampoo hidratante 300 ml<\/h3>\n<p>Balmain shampoo hidratante<br \/>\nEste champ\u00fa profundamente nutritivo est\u00e1 enriquecido con aceite de arg\u00e1n org\u00e1nico puro y es adecuado tanto para cabellos naturales como te\u00f1idos. El champ\u00fa crea un cabello fuerte, brillante y manejable y es intensamente nutritivo para el cabello. El champ\u00fa hidratante es parte de la l\u00ednea de cuidado hidratante. Use el champ\u00fa en combinaci\u00f3n con el acondicionador hidratante y la m\u00e1scara reparadora para obtener el mejor resultado.<\/p>\n<p>Cabello perfectamente hidratado y nutrido.<br \/>\nCrea un brillo natural y elasticidad.<br \/>\nImpulso instant\u00e1neo rejuvenecedor.<\/p>\n<p>La l\u00ednea de cuidado hidratante est\u00e1 enriquecida con los mejores ingredientes para alcanzar resultados \u00f3ptimos. Los protectores UV protegen el cabello contra la radiaci\u00f3n UV y mejoran la retenci\u00f3n del color. Proporciona colores duraderos al cabello te\u00f1ido y le da un brillo brillante. Pro-vitamin B5 funciona mejorando los efectos de la retenci\u00f3n de humedad, la elasticidad y flexibilidad del cabello. Calma el cuero cabelludo irritado y sensible, suaviza el cabello y crea mucho brillo. Este ingrediente le da al cabello un impulso extra de vitamina B que lo espesa y estimula el crecimiento del cabello.<\/p>\n<p>Enriquecido con la fragancia exclusiva de Balmain, brinda una experiencia \u00fanica de spa.<\/p>\n<p>Secreto entre bastidores: use agua fr\u00eda para el enjuague final, bloquear\u00e1 los ingredientes en cada mech\u00f3n de cabello y har\u00e1 que su cabello brille.<\/p>\n","protected":false},"excerpt":{"rendered":"<p><a href=\"https:\/\/robertabudasalon.com\/?attachment_id=10100\" rel=\"attachment wp-att-10100\"><img loading=\"lazy\" decoding=\"async\" class=\"alignleft size-medium wp-image-10100\" src=\"https:\/\/robertabudasalon.com\/wp-content\/uploads\/2020\/04\/balmain-hair-moisturizing-shampoo-300x300.jpg\" alt=\"Balmain Shampoo\" width=\"300\" height=\"300\" srcset=\"https:\/\/robertabudasalon.com\/wp-content\/uploads\/2020\/04\/balmain-hair-moisturizing-shampoo.jpg 300w, https:\/\/robertabudasalon.com\/wp-content\/uploads\/2020\/04\/balmain-hair-moisturizing-shampoo.jpg 150w, https:\/\/robertabudasalon.com\/wp-content\/uploads\/2020\/04\/balmain-hair-moisturizing-shampoo.jpg 100w, https:\/\/robertabudasalon.com\/wp-content\/uploads\/2020\/04\/balmain-hair-moisturizing-shampoo.jpg 550w\" sizes=\"auto, (max-width: 300px) 100vw, 300px\" \/><\/a>300 ml<\/p>\n<p>Cabello perfectamente hidratado y nutrido.<br \/>\nCrea un brillo natural y elasticidad.<br \/>\nImpulso instant\u00e1neo rejuvenecedor.<\/p>\n","protected":false},"featured_media":10101,"comment_status":"open","ping_status":"closed","template":"","meta":{"nf_dc_page":"","jetpack_post_was_ever_published":false,"jetpack_publicize_message":"","jetpack_publicize_feature_enabled":true,"jetpack_social_post_already_shared":true,"jetpack_social_options":{"image_generator_settings":{"template":"highway","default_image_id":0,"font":"","enabled":false},"version":2}},"product_brand":[],"product_cat":[251,258,250,151],"product_tag":[252,260,259,248,153],"yst_prominent_words":[2039,2040,2029,2035,2034,2024,2031,313,2025,2027,2032,2022,2020,2019,2033,2023,2021,2030,2041,2028],"class_list":{"0":"post-10116","1":"product","2":"type-product","3":"status-publish","4":"has-post-thumbnail","6":"product_cat-balmain-es","7":"product_cat-color-es","8":"product_cat-shampoo-es","9":"product_cat-shop-es","10":"product_tag-balmain-es","11":"product_tag-color-es","12":"product_tag-hidratante","13":"product_tag-shampoo-es","14":"product_tag-volume-es","15":"entry","17":"first","18":"instock","19":"shipping-taxable","20":"purchasable","21":"product-type-simple"},"jetpack_publicize_connections":[],"yoast_head":"<!-- This site is optimized with the Yoast SEO Premium plugin v14.4.1 - https:\/\/yoast.com\/wordpress\/plugins\/seo\/ -->\n<title>Balmain Shampoo Hidratante | Robert Abuda Merida Hair Salon<\/title>\n<meta name=\"description\" content=\"Balmain Shampoo Hidratante | Robert Abuda Merida Hair Salon | Productos de Belleza se vende en linea en Mexico. Servicilio a domicilio gratuito.\" \/>\n<meta name=\"robots\" content=\"index, follow\" \/>\n<meta name=\"googlebot\" content=\"index, follow, max-snippet:-1, max-image-preview:large, max-video-preview:-1\" \/>\n<meta name=\"bingbot\" content=\"index, follow, max-snippet:-1, max-image-preview:large, max-video-preview:-1\" \/>\n<link rel=\"canonical\" href=\"https:\/\/www.robertabudasalon.com\/es\/producto\/balmain-shampoo-hidratante\/\" \/>\n<meta property=\"og:locale\" content=\"es_ES\" \/>\n<meta property=\"og:type\" content=\"article\" \/>\n<meta property=\"og:title\" content=\"Balmain Shampoo Hidratante | Robert Abuda Merida Hair Salon\" \/>\n<meta property=\"og:description\" content=\"Balmain Shampoo Hidratante | Robert Abuda Merida Hair Salon | Productos de Belleza se vende en linea en Mexico. Servicilio a domicilio gratuito.\" \/>\n<meta property=\"og:url\" content=\"https:\/\/www.robertabudasalon.com\/es\/producto\/balmain-shampoo-hidratante\/\" \/>\n<meta property=\"og:site_name\" content=\"Robert Abuda Merida Hair Salon\" \/>\n<meta property=\"article:publisher\" content=\"https:\/\/www.facebook.com\/RobertAbudaSalondeBellezaMerida\" \/>\n<meta property=\"article:author\" content=\"https:\/\/www.facebook.com\/RobertAbudaSalondeBellezaMerida\" \/>\n<meta property=\"article:modified_time\" content=\"2020-05-16T21:41:47+00:00\" \/>\n<meta property=\"og:image\" content=\"https:\/\/robertabudasalon.com\/wp-content\/uploads\/2020\/04\/balmain-hair-moisturizing-shampoo.jpg\" \/>\n\t<meta property=\"og:image:width\" content=\"550\" \/>\n\t<meta property=\"og:image:height\" content=\"550\" \/>\n<meta property=\"fb:app_id\" content=\"https:\/\/www.facebook.com\/RobertAbudaSalondeBellezaMerida\" \/>\n<meta name=\"twitter:card\" content=\"summary\" \/>\n<meta name=\"twitter:creator\" content=\"@RobAbudaSalon\" \/>\n<meta name=\"twitter:site\" content=\"@RobAbudaSalon\" \/>\n<script type=\"application\/ld+json\" class=\"yoast-schema-graph\">{\"@context\":\"https:\/\/schema.org\",\"@graph\":[{\"@type\":\"WebSite\",\"@id\":\"https:\/\/robertabudasalon.com\/es\/#website\",\"url\":\"https:\/\/robertabudasalon.com\/es\/\",\"name\":\"Robert Abuda Merida Hair Salon\",\"description\":\"Hair Salon Merida, Salon de Belleza Merida +52 999 926 3015, #470C Paseo de Montejo, Peluqueria y SPA.\",\"potentialAction\":[{\"@type\":\"SearchAction\",\"target\":\"https:\/\/robertabudasalon.com\/es\/?s={search_term_string}\",\"query-input\":\"required name=search_term_string\"}],\"inLanguage\":\"es-ES\"},{\"@type\":\"ImageObject\",\"@id\":\"https:\/\/www.robertabudasalon.com\/es\/producto\/balmain-shampoo-hidratante\/#primaryimage\",\"inLanguage\":\"es-ES\",\"url\":\"https:\/\/robertabudasalon.com\/wp-content\/uploads\/2020\/04\/balmain-hair-moisturizing-shampoo.jpg\",\"width\":550,\"height\":550,\"caption\":\"Balmain Shampoo\"},{\"@type\":\"WebPage\",\"@id\":\"https:\/\/www.robertabudasalon.com\/es\/producto\/balmain-shampoo-hidratante\/#webpage\",\"url\":\"https:\/\/www.robertabudasalon.com\/es\/producto\/balmain-shampoo-hidratante\/\",\"name\":\"Balmain Shampoo Hidratante | Robert Abuda Merida Hair Salon\",\"isPartOf\":{\"@id\":\"https:\/\/robertabudasalon.com\/es\/#website\"},\"primaryImageOfPage\":{\"@id\":\"https:\/\/www.robertabudasalon.com\/es\/producto\/balmain-shampoo-hidratante\/#primaryimage\"},\"datePublished\":\"2020-04-14T01:59:38+00:00\",\"dateModified\":\"2020-05-16T21:41:47+00:00\",\"description\":\"Balmain Shampoo Hidratante | Robert Abuda Merida Hair Salon | Productos de Belleza se vende en linea en Mexico. Servicilio a domicilio gratuito.\",\"inLanguage\":\"es-ES\",\"potentialAction\":[{\"@type\":\"ReadAction\",\"target\":[\"https:\/\/www.robertabudasalon.com\/es\/producto\/balmain-shampoo-hidratante\/\"]}]}]}<\/script>\n<!-- \/ Yoast SEO Premium plugin. -->","jetpack_sharing_enabled":true,"_links":{"self":[{"href":"https:\/\/robertabudasalon.com\/es\/wp-json\/wp\/v2\/product\/10116","targetHints":{"allow":["GET"]}}],"collection":[{"href":"https:\/\/robertabudasalon.com\/es\/wp-json\/wp\/v2\/product"}],"about":[{"href":"https:\/\/robertabudasalon.com\/es\/wp-json\/wp\/v2\/types\/product"}],"replies":[{"embeddable":true,"href":"https:\/\/robertabudasalon.com\/es\/wp-json\/wp\/v2\/comments?post=10116"}],"wp:featuredmedia":[{"embeddable":true,"href":"https:\/\/robertabudasalon.com\/es\/wp-json\/wp\/v2\/media\/10101"}],"wp:attachment":[{"href":"https:\/\/robertabudasalon.com\/es\/wp-json\/wp\/v2\/media?parent=10116"}],"wp:term":[{"taxonomy":"product_brand","embeddable":true,"href":"https:\/\/robertabudasalon.com\/es\/wp-json\/wp\/v2\/product_brand?post=10116"},{"taxonomy":"product_cat","embeddable":true,"href":"https:\/\/robertabudasalon.com\/es\/wp-json\/wp\/v2\/product_cat?post=10116"},{"taxonomy":"product_tag","embeddable":true,"href":"https:\/\/robertabudasalon.com\/es\/wp-json\/wp\/v2\/product_tag?post=10116"},{"taxonomy":"yst_prominent_words","embeddable":true,"href":"https:\/\/robertabudasalon.com\/es\/wp-json\/wp\/v2\/yst_prominent_words?post=10116"}],"curies":[{"name":"wp","href":"https:\/\/api.w.org\/{rel}","templated":true}]}}