{"id":10115,"date":"2020-04-13T14:06:26","date_gmt":"2020-04-14T01:52:36","guid":{"rendered":"https:\/\/www.robertabudasalon.com\/product\/balmain-revitalizante-shampoo\/"},"modified":"2020-05-31T16:09:22","modified_gmt":"2020-05-31T21:09:22","slug":"balmain-revitalizante-shampoo","status":"publish","type":"product","link":"https:\/\/robertabudasalon.com\/es\/shop\/balmain-revitalizante-shampoo\/","title":{"rendered":"Balmain SHAMPOO REVITALIZANTE"},"content":{"rendered":"<h3><a href=\"https:\/\/robertabudasalon.com\/es\/?attachment_id=10103\" rel=\"attachment wp-att-10103\"><img loading=\"lazy\" decoding=\"async\" class=\"alignleft wp-image-10103 size-medium\" src=\"https:\/\/robertabudasalon.com\/wp-content\/uploads\/2020\/04\/balmain-hair-revitalizing-conditioner-300x300.jpg\" alt=\"Balmain Shampoo Revitalizante\" width=\"300\" height=\"300\" srcset=\"https:\/\/robertabudasalon.com\/wp-content\/uploads\/2020\/04\/balmain-hair-revitalizing-conditioner.jpg 300w, https:\/\/robertabudasalon.com\/wp-content\/uploads\/2020\/04\/balmain-hair-revitalizing-conditioner.jpg 150w, https:\/\/robertabudasalon.com\/wp-content\/uploads\/2020\/04\/balmain-hair-revitalizing-conditioner.jpg 100w, https:\/\/robertabudasalon.com\/wp-content\/uploads\/2020\/04\/balmain-hair-revitalizing-conditioner.jpg 550w\" sizes=\"auto, (max-width: 300px) 100vw, 300px\" \/><\/a>Balmain Shampoo Revitalizante 300 ml<\/h3>\n<p>seco y da\u00f1ado<\/p>\n<p><a href=\"http:\/\/www.balmainhair.com\">Balmain<\/a> Shampoo Revitalizante &#8211; El champ\u00fa revitalizante es el champ\u00fa supremo para reparar el cabello seco y da\u00f1ado. La f\u00f3rmula limpia suavemente mientras proporciona una nutrici\u00f3n \u00f3ptima al cabello. Hidrata, nutre y reconstruye la fuerza del cabello desde el interior.<\/p>\n<p>Para cabello seco, da\u00f1ado. Selecci\u00f3n perfecta de ingredientes para un cabello brillante y saludable.<br \/>\nNutrici\u00f3n \u00f3ptima para cabello da\u00f1ado.<br \/>\nCrea un cabello suave y manejable.<\/p>\n<p>La l\u00ednea revitalizante est\u00e1 enriquecida con ingredientes de la mejor calidad para revitalizar el cabello desde el interior. La f\u00f3rmula revitalizante incluye una excelente selecci\u00f3n de vitaminas E, F y P. La vitamina E da un impulso al cabello y revitaliza el cabello desde adentro. La vitamina F mantiene el cuero cabelludo sano, mientras que la vitamina P repara el cabello seco y da\u00f1ado, fortalece las fibras capilares y nutre el cabello desde la ra\u00edz. Debido a los ingredientes de cachemira y seda en la lujosa l\u00ednea revitalizante, el cabello se siente suave y sedoso. Los mejores ingredientes para cerraduras brillantes y brillantes.<\/p>\n<p>Backstage Secret: disfruta del tratamiento completo de Revitalizing Care para darle a tu cabello el m\u00e1ximo impulso de energ\u00eda.<\/p>\n","protected":false},"excerpt":{"rendered":"<p><a href=\"https:\/\/robertabudasalon.com\/?attachment_id=10111\" rel=\"attachment wp-att-10111\"><img loading=\"lazy\" decoding=\"async\" class=\"alignleft size-medium wp-image-10111\" src=\"https:\/\/robertabudasalon.com\/wp-content\/uploads\/2020\/04\/balmain-hair-revitalizing-shampoo-300x300.jpg\" alt=\"shampoo revitalizante\" width=\"300\" height=\"300\" srcset=\"https:\/\/robertabudasalon.com\/wp-content\/uploads\/2020\/04\/balmain-hair-revitalizing-shampoo.jpg 300w, https:\/\/robertabudasalon.com\/wp-content\/uploads\/2020\/04\/balmain-hair-revitalizing-shampoo.jpg 150w, https:\/\/robertabudasalon.com\/wp-content\/uploads\/2020\/04\/balmain-hair-revitalizing-shampoo.jpg 100w, https:\/\/robertabudasalon.com\/wp-content\/uploads\/2020\/04\/balmain-hair-revitalizing-shampoo.jpg 550w\" sizes=\"auto, (max-width: 300px) 100vw, 300px\" \/><\/a>300 ml<\/p>\n<p>Para cabello seco, da\u00f1ado. Selecci\u00f3n perfecta de ingredientes para un cabello brillante y saludable.<br \/>\nNutrici\u00f3n \u00f3ptima para cabello da\u00f1ado.<br \/>\nCrea un cabello suave y manejable.<\/p>\n","protected":false},"featured_media":10112,"comment_status":"open","ping_status":"closed","template":"","meta":{"nf_dc_page":"","jetpack_post_was_ever_published":false,"jetpack_publicize_message":"","jetpack_publicize_feature_enabled":true,"jetpack_social_post_already_shared":true,"jetpack_social_options":{"image_generator_settings":{"template":"highway","default_image_id":0,"font":"","enabled":false},"version":2}},"product_brand":[],"product_cat":[251,254,250,151],"product_tag":[252,257,255,253,256,248],"yst_prominent_words":[2756,276,2015,2753,2752,1761,2007,2004,2754,318,313,2009,1760,2751,2750,278,2016,2013,2008,2014],"class_list":{"0":"post-10115","1":"product","2":"type-product","3":"status-publish","4":"has-post-thumbnail","6":"product_cat-balmain-es","7":"product_cat-seco-y-danado","8":"product_cat-shampoo-es","9":"product_cat-shop-es","10":"product_tag-balmain-es","11":"product_tag-danado","12":"product_tag-revitalizing-es","13":"product_tag-seco","14":"product_tag-seco-y-danado","15":"product_tag-shampoo-es","16":"entry","18":"first","19":"outofstock","20":"shipping-taxable","21":"purchasable","22":"product-type-simple"},"jetpack_publicize_connections":[],"yoast_head":"<!-- This site is optimized with the Yoast SEO Premium plugin v14.4.1 - https:\/\/yoast.com\/wordpress\/plugins\/seo\/ -->\n<title>Balmain SHAMPOO REVITALIZANTE | Robert Abuda Merida Hair Salon<\/title>\n<meta name=\"description\" content=\"Balmain SHAMPOO REVITALIZANTE | Robert Abuda Merida Hair Salon | C\u00f3mpra Ahora | Env\u00edos a Todo M\u00e9xico. Balmain Productos de Belleza, Merida MX\" \/>\n<meta name=\"robots\" content=\"index, follow\" \/>\n<meta name=\"googlebot\" content=\"index, follow, max-snippet:-1, max-image-preview:large, max-video-preview:-1\" \/>\n<meta name=\"bingbot\" content=\"index, follow, max-snippet:-1, max-image-preview:large, max-video-preview:-1\" \/>\n<link rel=\"canonical\" href=\"https:\/\/www.robertabudasalon.com\/es\/producto\/balmain-revitalizante-shampoo\/\" \/>\n<meta property=\"og:locale\" content=\"es_ES\" \/>\n<meta property=\"og:type\" content=\"article\" \/>\n<meta property=\"og:title\" content=\"Balmain SHAMPOO REVITALIZANTE | Robert Abuda Merida Hair Salon\" \/>\n<meta property=\"og:description\" content=\"Balmain SHAMPOO REVITALIZANTE | Robert Abuda Merida Hair Salon | C\u00f3mpra Ahora | Env\u00edos a Todo M\u00e9xico. Balmain Productos de Belleza, Merida MX\" \/>\n<meta property=\"og:url\" content=\"https:\/\/www.robertabudasalon.com\/es\/producto\/balmain-revitalizante-shampoo\/\" \/>\n<meta property=\"og:site_name\" content=\"Robert Abuda Merida Hair Salon\" \/>\n<meta property=\"article:publisher\" content=\"https:\/\/www.facebook.com\/RobertAbudaSalondeBellezaMerida\" \/>\n<meta property=\"article:author\" content=\"https:\/\/www.facebook.com\/RobertAbudaSalondeBellezaMerida\" \/>\n<meta property=\"article:modified_time\" content=\"2020-05-31T21:09:22+00:00\" \/>\n<meta property=\"og:image\" content=\"https:\/\/robertabudasalon.com\/wp-content\/uploads\/2020\/04\/balmain-hair-revitalizing-shampoo.jpg\" \/>\n\t<meta property=\"og:image:width\" content=\"550\" \/>\n\t<meta property=\"og:image:height\" content=\"550\" \/>\n<meta property=\"fb:app_id\" content=\"https:\/\/www.facebook.com\/RobertAbudaSalondeBellezaMerida\" \/>\n<meta name=\"twitter:card\" content=\"summary\" \/>\n<meta name=\"twitter:creator\" content=\"@RobAbudaSalon\" \/>\n<meta name=\"twitter:site\" content=\"@RobAbudaSalon\" \/>\n<script type=\"application\/ld+json\" class=\"yoast-schema-graph\">{\"@context\":\"https:\/\/schema.org\",\"@graph\":[{\"@type\":\"WebSite\",\"@id\":\"https:\/\/robertabudasalon.com\/es\/#website\",\"url\":\"https:\/\/robertabudasalon.com\/es\/\",\"name\":\"Robert Abuda Merida Hair Salon\",\"description\":\"Hair Salon Merida, Salon de Belleza Merida +52 999 926 3015, #470C Paseo de Montejo, Peluqueria y SPA.\",\"potentialAction\":[{\"@type\":\"SearchAction\",\"target\":\"https:\/\/robertabudasalon.com\/es\/?s={search_term_string}\",\"query-input\":\"required name=search_term_string\"}],\"inLanguage\":\"es-ES\"},{\"@type\":\"ImageObject\",\"@id\":\"https:\/\/www.robertabudasalon.com\/es\/producto\/balmain-revitalizante-shampoo\/#primaryimage\",\"inLanguage\":\"es-ES\",\"url\":\"https:\/\/robertabudasalon.com\/wp-content\/uploads\/2020\/04\/balmain-hair-revitalizing-shampoo.jpg\",\"width\":550,\"height\":550,\"caption\":\"Revitalizing Shampoo\"},{\"@type\":\"WebPage\",\"@id\":\"https:\/\/www.robertabudasalon.com\/es\/producto\/balmain-revitalizante-shampoo\/#webpage\",\"url\":\"https:\/\/www.robertabudasalon.com\/es\/producto\/balmain-revitalizante-shampoo\/\",\"name\":\"Balmain SHAMPOO REVITALIZANTE | Robert Abuda Merida Hair Salon\",\"isPartOf\":{\"@id\":\"https:\/\/robertabudasalon.com\/es\/#website\"},\"primaryImageOfPage\":{\"@id\":\"https:\/\/www.robertabudasalon.com\/es\/producto\/balmain-revitalizante-shampoo\/#primaryimage\"},\"datePublished\":\"2020-04-14T01:52:36+00:00\",\"dateModified\":\"2020-05-31T21:09:22+00:00\",\"description\":\"Balmain SHAMPOO REVITALIZANTE | Robert Abuda Merida Hair Salon | C\\u00f3mpra Ahora | Env\\u00edos a Todo M\\u00e9xico. Balmain Productos de Belleza, Merida MX\",\"inLanguage\":\"es-ES\",\"potentialAction\":[{\"@type\":\"ReadAction\",\"target\":[\"https:\/\/www.robertabudasalon.com\/es\/producto\/balmain-revitalizante-shampoo\/\"]}]}]}<\/script>\n<!-- \/ Yoast SEO Premium plugin. -->","jetpack_sharing_enabled":true,"_links":{"self":[{"href":"https:\/\/robertabudasalon.com\/es\/wp-json\/wp\/v2\/product\/10115","targetHints":{"allow":["GET"]}}],"collection":[{"href":"https:\/\/robertabudasalon.com\/es\/wp-json\/wp\/v2\/product"}],"about":[{"href":"https:\/\/robertabudasalon.com\/es\/wp-json\/wp\/v2\/types\/product"}],"replies":[{"embeddable":true,"href":"https:\/\/robertabudasalon.com\/es\/wp-json\/wp\/v2\/comments?post=10115"}],"wp:featuredmedia":[{"embeddable":true,"href":"https:\/\/robertabudasalon.com\/es\/wp-json\/wp\/v2\/media\/10112"}],"wp:attachment":[{"href":"https:\/\/robertabudasalon.com\/es\/wp-json\/wp\/v2\/media?parent=10115"}],"wp:term":[{"taxonomy":"product_brand","embeddable":true,"href":"https:\/\/robertabudasalon.com\/es\/wp-json\/wp\/v2\/product_brand?post=10115"},{"taxonomy":"product_cat","embeddable":true,"href":"https:\/\/robertabudasalon.com\/es\/wp-json\/wp\/v2\/product_cat?post=10115"},{"taxonomy":"product_tag","embeddable":true,"href":"https:\/\/robertabudasalon.com\/es\/wp-json\/wp\/v2\/product_tag?post=10115"},{"taxonomy":"yst_prominent_words","embeddable":true,"href":"https:\/\/robertabudasalon.com\/es\/wp-json\/wp\/v2\/yst_prominent_words?post=10115"}],"curies":[{"name":"wp","href":"https:\/\/api.w.org\/{rel}","templated":true}]}}