{"id":10025,"date":"2020-04-12T12:08:30","date_gmt":"2020-04-12T17:08:30","guid":{"rendered":"https:\/\/www.robertabudasalon.com\/?post_type=product&#038;p=10025"},"modified":"2020-05-31T22:13:52","modified_gmt":"2020-06-01T03:13:52","slug":"living-proof-color-glaze","status":"publish","type":"product","link":"https:\/\/robertabudasalon.com\/es\/shop\/living-proof-color-glaze\/","title":{"rendered":"Living Proof COLOR Blonde Glaze"},"content":{"rendered":"<h3><a href=\"https:\/\/robertabudasalon.com\/es\/?attachment_id=10013\" rel=\"attachment wp-att-10013\"><img loading=\"lazy\" decoding=\"async\" class=\"alignleft wp-image-10013 size-medium\" src=\"https:\/\/robertabudasalon.com\/wp-content\/uploads\/2020\/04\/2445127-54103-color-care-whipped-glaze-light-145-ml-240x300.jpg\" alt=\"Color Care Blonde Glaze\" width=\"240\" height=\"300\" srcset=\"https:\/\/robertabudasalon.com\/wp-content\/uploads\/2020\/04\/2445127-54103-color-care-whipped-glaze-light-145-ml.jpg 240w, https:\/\/robertabudasalon.com\/wp-content\/uploads\/2020\/04\/2445127-54103-color-care-whipped-glaze-light-145-ml.jpg 600w\" sizes=\"auto, (max-width: 240px) 100vw, 240px\" \/><\/a>Color Blonde Glaze 145 ml<\/h3>\n<p>Un esmalte batido innovador que mejora el color y que reduce instant\u00e1neamente el bronceado al tiempo que aumenta la vitalidad del color. Tu cabello se ver\u00e1 saludable, suave y brillante. Proporciona protecci\u00f3n UV. Sin sulfato y sin silicona. Color Care Blonde Glaze.<\/p>\n<p>Ideal para rubias y reflejos, ideal para sombras multidimensionales, reflejos, balayage, etc.<\/p>\n<h4><a href=\"https:\/\/www.livingproof.es\/blogliving\/que-son-las-whipped-glazes\/\">Que son las whipped glazes?<\/a><\/h4>\n<p class=\"paragraph-with-dropcap\"><span class=\"dropcap\">S<\/span>on las nuevas espumas de color de la l\u00ednea Color Care. Se trata de dos esmaltes batidos de color violeta, uno m\u00e1s claro para cabellos rubios y otro m\u00e1s oscuro para el resto de cabellos. Estos pigmentos se depositan directamente en la fibra\u00a0<strong>gracias a la carga i\u00f3nica.<\/strong> Poseen y son una soluci\u00f3n temporal para matizar los tonos cobres que aparecen en el cabello con los lavados.<\/p>\n<h4><em>Qu\u00e9 aportan?<\/em><\/h4>\n<p>CUIDAN, ya que tienen una base acondicionadora ligera que aporta suavidad y\u00a0<strong>ayuda a desenredar<\/strong>. Su mezcla de emolientes realza el brillo.<\/p>\n<p>PROTEGEN gracias a los filtros UV y al agente quelante que\u00a0<strong>elimina los metales del agua dura<\/strong>.<\/p>\n<p>REALZAN y MEJORAN con los<strong>\u00a0pigmentos temporales<\/strong>\u00a0cati\u00f3nicos, que se fijan mucho mejor que otros pigmentos de otros productos del mercado.<\/p>\n<h4><em>\u00bfPor qu\u00e9 el morado?<\/em><\/h4>\n<p>El pelo rubio var\u00eda su tono a cobrizo f\u00e1cilmente, pero otros tonos del cabello te\u00f1ido, como el negro, el casta\u00f1o y el caoba, tambi\u00e9n contienen\u00a0<strong>pigmentos rojos y azules<\/strong>. Estos pigmentos\u00a0<strong>desaparecen f\u00e1cilmente<\/strong>\u00a0y son menos estables a los rayos UV, lo que provoca que el color cambie de tono con el tiempo.<\/p>\n<p>Entonces, \u00bfpor qu\u00e9 violeta? Porque aporta, tanto un componente rojo como uno azul (opuesto al amarillo y naranja en la rueda de color), que compensa el que el cabello te\u00f1ido ha perdido, equilibrando y optimizando el tono.<\/p>\n<p><strong>Color Care Blonde Glaze Light<\/strong><\/p>\n<p>Es para tonos rubios, con mechas o con canas. Se debe usar cuando empieces a ver un cambio de color en tu pelo.<\/p>\n<p>Si lo utilizas sobre el cabello reci\u00e9n coloreado puedes tonificarlo en exceso. Y si tienes el cabello claro y utilizas Whipped Glaze Dark existe la probabilidad de que tu pelo se sobre-entone con reflejos morados.<\/p>\n<p><strong>Color Care Whipped Glaze Dark<\/strong><\/p>\n<p>Es para el resto de colores de pelo: casta\u00f1os, rojos, caobas y negros.<\/p>\n<p>Si tienes el cabello oscuro y utilizas la espuma del tono claro, los efectos ser\u00e1n poco apreciables.<\/p>\n<p><em>\u00bfComo usar el sistema Color Care?<\/em><\/p>\n<p>El orden debe ser Color Care Shampoo y Conditioner seguido de la espuma Color Care Whipped Glaze. Despu\u00e9s puedes utilizar cualquier producto sin aclarado.<\/p>\n<p>En el caso que quieras emplear Restore Perfecting Spray para desenredar, tienes que hacerlo antes de utilizar la espuma.<\/p>\n","protected":false},"excerpt":{"rendered":"<p><a href=\"https:\/\/robertabudasalon.com\/?attachment_id=10013\" rel=\"attachment wp-att-10013\"><img loading=\"lazy\" decoding=\"async\" class=\"alignleft size-medium wp-image-10013\" src=\"https:\/\/robertabudasalon.com\/wp-content\/uploads\/2020\/04\/2445127-54103-color-care-whipped-glaze-light-145-ml-240x300.jpg\" alt=\"living proof color care\" width=\"240\" height=\"300\" srcset=\"https:\/\/robertabudasalon.com\/wp-content\/uploads\/2020\/04\/2445127-54103-color-care-whipped-glaze-light-145-ml.jpg 240w, https:\/\/robertabudasalon.com\/wp-content\/uploads\/2020\/04\/2445127-54103-color-care-whipped-glaze-light-145-ml.jpg 600w\" sizes=\"auto, (max-width: 240px) 100vw, 240px\" \/><\/a>145 ml<\/p>\n<p>Aumenta la vitalidad del color para rubias, reflejos y balayage. Detiene Brassiness.<\/p>\n","protected":false},"featured_media":10027,"comment_status":"open","ping_status":"closed","template":"","meta":{"nf_dc_page":"","jetpack_post_was_ever_published":false,"jetpack_publicize_message":"","jetpack_publicize_feature_enabled":true,"jetpack_social_post_already_shared":false,"jetpack_social_options":{"image_generator_settings":{"template":"highway","default_image_id":0,"font":"","enabled":false},"version":2}},"product_brand":[],"product_cat":[261,204,150,151],"product_tag":[210,152,203,205],"yst_prominent_words":[1800,1799,1798,1815,848,1797,1796,1814,1808,1788,313,1810,1816,1809,1806,1811,1807,1812,859,1813],"class_list":{"0":"post-10025","1":"product","2":"type-product","3":"status-publish","4":"has-post-thumbnail","6":"product_cat-acondicionador","7":"product_cat-color-care-es","8":"product_cat-living-proof-es","9":"product_cat-shop-es","10":"product_tag-color-care-es","11":"product_tag-living-proof-es","12":"product_tag-living-proof-hair-es","13":"product_tag-whipped-glaze-es","14":"entry","16":"first","17":"instock","18":"shipping-taxable","19":"purchasable","20":"product-type-simple"},"jetpack_publicize_connections":[],"yoast_head":"<!-- This site is optimized with the Yoast SEO Premium plugin v14.4.1 - https:\/\/yoast.com\/wordpress\/plugins\/seo\/ -->\n<title>Living Proof COLOR Blonde Glaze | Robert Abuda Merida Hair Salon<\/title>\n<meta name=\"description\" content=\"Living Proof COLOR Blonde Glaze | Robert Abuda Merida Hair Salon | Productos de Belleza, en linea, servicio a domicilio gratuito en Merida.\" \/>\n<meta name=\"robots\" content=\"index, follow\" \/>\n<meta name=\"googlebot\" content=\"index, follow, max-snippet:-1, max-image-preview:large, max-video-preview:-1\" \/>\n<meta name=\"bingbot\" content=\"index, follow, max-snippet:-1, max-image-preview:large, max-video-preview:-1\" \/>\n<link rel=\"canonical\" href=\"https:\/\/www.robertabudasalon.com\/es\/producto\/living-proof-color-glaze\/\" \/>\n<meta property=\"og:locale\" content=\"es_ES\" \/>\n<meta property=\"og:type\" content=\"article\" \/>\n<meta property=\"og:title\" content=\"Living Proof COLOR Blonde Glaze | Robert Abuda Merida Hair Salon\" \/>\n<meta property=\"og:description\" content=\"Living Proof COLOR Blonde Glaze | Robert Abuda Merida Hair Salon | Productos de Belleza, en linea, servicio a domicilio gratuito en Merida.\" \/>\n<meta property=\"og:url\" content=\"https:\/\/www.robertabudasalon.com\/es\/producto\/living-proof-color-glaze\/\" \/>\n<meta property=\"og:site_name\" content=\"Robert Abuda Merida Hair Salon\" \/>\n<meta property=\"article:publisher\" content=\"https:\/\/www.facebook.com\/RobertAbudaSalondeBellezaMerida\" \/>\n<meta property=\"article:author\" content=\"https:\/\/www.facebook.com\/RobertAbudaSalondeBellezaMerida\" \/>\n<meta property=\"article:modified_time\" content=\"2020-06-01T03:13:52+00:00\" \/>\n<meta property=\"og:image\" content=\"https:\/\/robertabudasalon.com\/wp-content\/uploads\/2020\/04\/living-proof-color-care-conditioner-236-ml.jpg\" \/>\n\t<meta property=\"og:image:width\" content=\"924\" \/>\n\t<meta property=\"og:image:height\" content=\"2560\" \/>\n<meta property=\"fb:app_id\" content=\"https:\/\/www.facebook.com\/RobertAbudaSalondeBellezaMerida\" \/>\n<meta name=\"twitter:card\" content=\"summary\" \/>\n<meta name=\"twitter:creator\" content=\"@RobAbudaSalon\" \/>\n<meta name=\"twitter:site\" content=\"@RobAbudaSalon\" \/>\n<script type=\"application\/ld+json\" class=\"yoast-schema-graph\">{\"@context\":\"https:\/\/schema.org\",\"@graph\":[{\"@type\":\"WebSite\",\"@id\":\"https:\/\/robertabudasalon.com\/es\/#website\",\"url\":\"https:\/\/robertabudasalon.com\/es\/\",\"name\":\"Robert Abuda Merida Hair Salon\",\"description\":\"Hair Salon Merida, Salon de Belleza Merida +52 999 926 3015, #470C Paseo de Montejo, Peluqueria y SPA.\",\"potentialAction\":[{\"@type\":\"SearchAction\",\"target\":\"https:\/\/robertabudasalon.com\/es\/?s={search_term_string}\",\"query-input\":\"required name=search_term_string\"}],\"inLanguage\":\"es-ES\"},{\"@type\":\"ImageObject\",\"@id\":\"https:\/\/www.robertabudasalon.com\/es\/producto\/living-proof-color-glaze\/#primaryimage\",\"inLanguage\":\"es-ES\",\"url\":\"https:\/\/robertabudasalon.com\/wp-content\/uploads\/2020\/04\/living-proof-color-care-conditioner-236-ml.jpg\",\"width\":924,\"height\":2560,\"caption\":\"Color Care Conditioner Living Proof\"},{\"@type\":\"WebPage\",\"@id\":\"https:\/\/www.robertabudasalon.com\/es\/producto\/living-proof-color-glaze\/#webpage\",\"url\":\"https:\/\/www.robertabudasalon.com\/es\/producto\/living-proof-color-glaze\/\",\"name\":\"Living Proof COLOR Blonde Glaze | Robert Abuda Merida Hair Salon\",\"isPartOf\":{\"@id\":\"https:\/\/robertabudasalon.com\/es\/#website\"},\"primaryImageOfPage\":{\"@id\":\"https:\/\/www.robertabudasalon.com\/es\/producto\/living-proof-color-glaze\/#primaryimage\"},\"datePublished\":\"2020-04-12T17:08:30+00:00\",\"dateModified\":\"2020-06-01T03:13:52+00:00\",\"description\":\"Living Proof COLOR Blonde Glaze | Robert Abuda Merida Hair Salon | Productos de Belleza, en linea, servicio a domicilio gratuito en Merida.\",\"inLanguage\":\"es-ES\",\"potentialAction\":[{\"@type\":\"ReadAction\",\"target\":[\"https:\/\/www.robertabudasalon.com\/es\/producto\/living-proof-color-glaze\/\"]}]}]}<\/script>\n<!-- \/ Yoast SEO Premium plugin. -->","jetpack_sharing_enabled":true,"_links":{"self":[{"href":"https:\/\/robertabudasalon.com\/es\/wp-json\/wp\/v2\/product\/10025","targetHints":{"allow":["GET"]}}],"collection":[{"href":"https:\/\/robertabudasalon.com\/es\/wp-json\/wp\/v2\/product"}],"about":[{"href":"https:\/\/robertabudasalon.com\/es\/wp-json\/wp\/v2\/types\/product"}],"replies":[{"embeddable":true,"href":"https:\/\/robertabudasalon.com\/es\/wp-json\/wp\/v2\/comments?post=10025"}],"wp:featuredmedia":[{"embeddable":true,"href":"https:\/\/robertabudasalon.com\/es\/wp-json\/wp\/v2\/media\/10027"}],"wp:attachment":[{"href":"https:\/\/robertabudasalon.com\/es\/wp-json\/wp\/v2\/media?parent=10025"}],"wp:term":[{"taxonomy":"product_brand","embeddable":true,"href":"https:\/\/robertabudasalon.com\/es\/wp-json\/wp\/v2\/product_brand?post=10025"},{"taxonomy":"product_cat","embeddable":true,"href":"https:\/\/robertabudasalon.com\/es\/wp-json\/wp\/v2\/product_cat?post=10025"},{"taxonomy":"product_tag","embeddable":true,"href":"https:\/\/robertabudasalon.com\/es\/wp-json\/wp\/v2\/product_tag?post=10025"},{"taxonomy":"yst_prominent_words","embeddable":true,"href":"https:\/\/robertabudasalon.com\/es\/wp-json\/wp\/v2\/yst_prominent_words?post=10025"}],"curies":[{"name":"wp","href":"https:\/\/api.w.org\/{rel}","templated":true}]}}