{"id":10019,"date":"2020-04-12T11:55:50","date_gmt":"2020-04-12T16:55:50","guid":{"rendered":"https:\/\/www.robertabudasalon.com\/?post_type=product&#038;p=10019"},"modified":"2020-06-02T21:26:05","modified_gmt":"2020-06-03T02:26:05","slug":"living-proof-glaze-oscura","status":"publish","type":"product","link":"https:\/\/robertabudasalon.com\/es\/shop\/living-proof-glaze-oscura\/","title":{"rendered":"Living Proof COLOR Glaze Oscura"},"content":{"rendered":"<h3><a href=\"https:\/\/robertabudasalon.com\/es\/?attachment_id=10022\" rel=\"attachment wp-att-10022\"><img loading=\"lazy\" decoding=\"async\" class=\"alignleft wp-image-10022 size-medium\" src=\"https:\/\/robertabudasalon.com\/wp-content\/uploads\/2020\/04\/color-care-whipped-glaze-brunette-300x300.jpg\" alt=\"Color Glaze Oscura\" width=\"300\" height=\"300\" srcset=\"https:\/\/robertabudasalon.com\/wp-content\/uploads\/2020\/04\/color-care-whipped-glaze-brunette.jpg 300w, https:\/\/robertabudasalon.com\/wp-content\/uploads\/2020\/04\/color-care-whipped-glaze-brunette.jpg 1024w, https:\/\/robertabudasalon.com\/wp-content\/uploads\/2020\/04\/color-care-whipped-glaze-brunette.jpg 150w, https:\/\/robertabudasalon.com\/wp-content\/uploads\/2020\/04\/color-care-whipped-glaze-brunette.jpg 768w, https:\/\/robertabudasalon.com\/wp-content\/uploads\/2020\/04\/color-care-whipped-glaze-brunette.jpg 600w, https:\/\/robertabudasalon.com\/wp-content\/uploads\/2020\/04\/color-care-whipped-glaze-brunette.jpg 100w\" sizes=\"auto, (max-width: 300px) 100vw, 300px\" \/><\/a>Color Glaze Oscura 145 ml<\/h3>\n<p class=\"fusion-responsive-typography-calculated\" data-fontsize=\"16\" data-lineheight=\"24px\">Color Glaze Oscura es un esmalte batido que deposita pigmentos temporales que aumentan la vitalidad del color. Contrarrestan su desvanecimiento y equilibran el tono, al instante. Para tonos <a href=\"https:\/\/www.livingproof.es\/index.php\/color-care-whipped-glaze-dark\/\">m\u00e1s oscuros<\/a>.<\/p>\n<ul>\n<li>\n<p class=\"fusion-responsive-typography-calculated\" data-fontsize=\"16\" data-lineheight=\"24px\">Repone el color y equilibra el tono instant\u00e1neamente.<\/p>\n<\/li>\n<li>\n<p class=\"fusion-responsive-typography-calculated\" data-fontsize=\"16\" data-lineheight=\"24px\">Aumenta la vibraci\u00f3n de color entre coloraciones.<\/p>\n<\/li>\n<li>\n<p class=\"fusion-responsive-typography-calculated\" data-fontsize=\"16\" data-lineheight=\"24px\">Deja el cabello con un aspecto sano, suave y brillante.<\/p>\n<\/li>\n<\/ul>\n<h4 class=\"fusion-responsive-typography-calculated\" data-fontsize=\"16\" data-lineheight=\"24px\">\u00bfPara qui\u00e9n es?<\/h4>\n<p class=\"fusion-responsive-typography-calculated\" data-fontsize=\"16\" data-lineheight=\"24px\">Tonos m\u00e1s oscuras, ideal para reflejos oscuros de un solo proceso, casta\u00f1os, rojos, caobas y negros.<\/p>\n<p class=\"paragraph-with-dropcap\"><span class=\"dropcap\">S<\/span>on las nuevas espumas de color de la l\u00ednea Color Care. Se trata de dos esmaltes batidos de color violeta, uno m\u00e1s claro para cabellos rubios y otro m\u00e1s oscura para el resto de cabellos.<\/p>\n<p>Estos pigmentos se depositan directamente en la fibra\u00a0<strong>gracias a la carga i\u00f3nica<\/strong>\u00a0que poseen y son una soluci\u00f3n temporal para matizar los tonos cobres que aparecen en el cabello con los lavados.<\/p>\n<h4><em>\u00bfQu\u00e9 aportan?<\/em><\/h4>\n<p>CUIDAN, ya que tienen una base acondicionadora ligera que aporta suavidad y\u00a0<strong>ayuda a desenredar<\/strong>. Su mezcla de emolientes realza el brillo.<\/p>\n<p>PROTEGEN gracias a los filtros UV y al agente quelante que\u00a0<strong>elimina los metales del agua dura<\/strong>.<\/p>\n<p>REALZAN y MEJORAN con los<strong>\u00a0pigmentos temporales<\/strong>\u00a0cati\u00f3nicos, que se fijan mucho mejor que otros pigmentos de otros productos del mercado.<\/p>\n<h4><em>\u00bfPor qu\u00e9 el morado?<\/em><\/h4>\n<p>El pelo rubio var\u00eda su tono a cobrizo f\u00e1cilmente, pero otros tonos del cabello te\u00f1ido, como el negro, el casta\u00f1o y el caoba, tambi\u00e9n contienen\u00a0<strong>pigmentos rojos y azules<\/strong>. Estos pigmentos\u00a0<strong>desaparecen f\u00e1cilmente<\/strong>\u00a0y son menos estables a los rayos UV, lo que provoca que el color cambie de tono con el tiempo.<\/p>\n<p>Entonces, \u00bfpor qu\u00e9 violeta? Porque aporta, tanto un componente rojo como uno azul. (Opuesto al amarillo y naranja en la rueda de color), que compensa el que el cabello te\u00f1ido ha perdido, equilibrando y optimizando el tono. Color Glaze Oscura.<\/p>\n<p>&nbsp;<\/p>\n","protected":false},"excerpt":{"rendered":"<p><a href=\"https:\/\/robertabudasalon.com\/?attachment_id=10022\" rel=\"attachment wp-att-10022\"><img loading=\"lazy\" decoding=\"async\" class=\"alignleft size-medium wp-image-10022\" src=\"https:\/\/robertabudasalon.com\/wp-content\/uploads\/2020\/04\/color-care-whipped-glaze-brunette-300x300.jpg\" alt=\"Color Care Brunette\" width=\"300\" height=\"300\" srcset=\"https:\/\/robertabudasalon.com\/wp-content\/uploads\/2020\/04\/color-care-whipped-glaze-brunette.jpg 300w, https:\/\/robertabudasalon.com\/wp-content\/uploads\/2020\/04\/color-care-whipped-glaze-brunette.jpg 1024w, https:\/\/robertabudasalon.com\/wp-content\/uploads\/2020\/04\/color-care-whipped-glaze-brunette.jpg 150w, https:\/\/robertabudasalon.com\/wp-content\/uploads\/2020\/04\/color-care-whipped-glaze-brunette.jpg 768w, https:\/\/robertabudasalon.com\/wp-content\/uploads\/2020\/04\/color-care-whipped-glaze-brunette.jpg 600w, https:\/\/robertabudasalon.com\/wp-content\/uploads\/2020\/04\/color-care-whipped-glaze-brunette.jpg 100w\" sizes=\"auto, (max-width: 300px) 100vw, 300px\" \/><\/a>145 ml<\/p>\n<p>Ideal para tonos m\u00e1s oscuros, ideal para tonos oscuros de un solo proceso, morenas, rojo, negro, etc.<\/p>\n","protected":false},"featured_media":10023,"comment_status":"open","ping_status":"closed","template":"","meta":{"nf_dc_page":"","jetpack_post_was_ever_published":false,"jetpack_publicize_message":"","jetpack_publicize_feature_enabled":true,"jetpack_social_post_already_shared":false,"jetpack_social_options":{"image_generator_settings":{"template":"highway","default_image_id":0,"font":"","enabled":false},"version":2}},"product_brand":[],"product_cat":[1109,204,150,151],"product_tag":[208,210,152,203,1110,1111,205],"yst_prominent_words":[317,1805,1947,1952,1793,1788,313,1955,1801,1948,703,1802,1953,278,1794,1956,1804,1957,1949,1803],"class_list":{"0":"post-10019","1":"product","2":"type-product","3":"status-publish","4":"has-post-thumbnail","6":"product_cat-brunette-es","7":"product_cat-color-care-es","8":"product_cat-living-proof-es","9":"product_cat-shop-es","10":"product_tag-brassiness-es","11":"product_tag-color-care-es","12":"product_tag-living-proof-es","13":"product_tag-living-proof-hair-es","14":"product_tag-oscura","15":"product_tag-rojo","16":"product_tag-whipped-glaze-es","17":"entry","19":"first","20":"instock","21":"shipping-taxable","22":"purchasable","23":"product-type-simple"},"jetpack_publicize_connections":[],"yoast_head":"<!-- This site is optimized with the Yoast SEO Premium plugin v14.4.1 - https:\/\/yoast.com\/wordpress\/plugins\/seo\/ -->\n<title>Living Proof COLOR Glaze Oscura | Robert Abuda Merida Hair Salon<\/title>\n<meta name=\"description\" content=\"Living Proof COLOR Glaze Oscura | Robert Abuda Merida Hair Salon | Salon de Belleza Productos en linea en MX. Servicio a domicilio gratuito Merida.\" \/>\n<meta name=\"robots\" content=\"index, follow\" \/>\n<meta name=\"googlebot\" content=\"index, follow, max-snippet:-1, max-image-preview:large, max-video-preview:-1\" \/>\n<meta name=\"bingbot\" content=\"index, follow, max-snippet:-1, max-image-preview:large, max-video-preview:-1\" \/>\n<link rel=\"canonical\" href=\"https:\/\/www.robertabudasalon.com\/es\/producto\/living-proof-glaze-oscura\/\" \/>\n<meta property=\"og:locale\" content=\"es_ES\" \/>\n<meta property=\"og:type\" content=\"article\" \/>\n<meta property=\"og:title\" content=\"Living Proof COLOR Glaze Oscura | Robert Abuda Merida Hair Salon\" \/>\n<meta property=\"og:description\" content=\"Living Proof COLOR Glaze Oscura | Robert Abuda Merida Hair Salon | Salon de Belleza Productos en linea en MX. Servicio a domicilio gratuito Merida.\" \/>\n<meta property=\"og:url\" content=\"https:\/\/www.robertabudasalon.com\/es\/producto\/living-proof-glaze-oscura\/\" \/>\n<meta property=\"og:site_name\" content=\"Robert Abuda Merida Hair Salon\" \/>\n<meta property=\"article:publisher\" content=\"https:\/\/www.facebook.com\/RobertAbudaSalondeBellezaMerida\" \/>\n<meta property=\"article:author\" content=\"https:\/\/www.facebook.com\/RobertAbudaSalondeBellezaMerida\" \/>\n<meta property=\"article:modified_time\" content=\"2020-06-03T02:26:05+00:00\" \/>\n<meta property=\"og:image\" content=\"https:\/\/robertabudasalon.com\/wp-content\/uploads\/2020\/04\/color-care-whipped-glaze-brunette.jpg\" \/>\n\t<meta property=\"og:image:width\" content=\"1024\" \/>\n\t<meta property=\"og:image:height\" content=\"1024\" \/>\n<meta property=\"fb:app_id\" content=\"https:\/\/www.facebook.com\/RobertAbudaSalondeBellezaMerida\" \/>\n<meta name=\"twitter:card\" content=\"summary\" \/>\n<meta name=\"twitter:creator\" content=\"@RobAbudaSalon\" \/>\n<meta name=\"twitter:site\" content=\"@RobAbudaSalon\" \/>\n<script type=\"application\/ld+json\" class=\"yoast-schema-graph\">{\"@context\":\"https:\/\/schema.org\",\"@graph\":[{\"@type\":\"WebSite\",\"@id\":\"https:\/\/robertabudasalon.com\/es\/#website\",\"url\":\"https:\/\/robertabudasalon.com\/es\/\",\"name\":\"Robert Abuda Merida Hair Salon\",\"description\":\"Hair Salon Merida, Salon de Belleza Merida +52 999 926 3015, #470C Paseo de Montejo, Peluqueria y SPA.\",\"potentialAction\":[{\"@type\":\"SearchAction\",\"target\":\"https:\/\/robertabudasalon.com\/es\/?s={search_term_string}\",\"query-input\":\"required name=search_term_string\"}],\"inLanguage\":\"es-ES\"},{\"@type\":\"ImageObject\",\"@id\":\"https:\/\/www.robertabudasalon.com\/es\/producto\/living-proof-glaze-oscura\/#primaryimage\",\"inLanguage\":\"es-ES\",\"url\":\"https:\/\/robertabudasalon.com\/wp-content\/uploads\/2020\/04\/color-care-whipped-glaze-brunette.jpg\",\"width\":1024,\"height\":1024,\"caption\":\"Color Care Brunette\"},{\"@type\":\"WebPage\",\"@id\":\"https:\/\/www.robertabudasalon.com\/es\/producto\/living-proof-glaze-oscura\/#webpage\",\"url\":\"https:\/\/www.robertabudasalon.com\/es\/producto\/living-proof-glaze-oscura\/\",\"name\":\"Living Proof COLOR Glaze Oscura | Robert Abuda Merida Hair Salon\",\"isPartOf\":{\"@id\":\"https:\/\/robertabudasalon.com\/es\/#website\"},\"primaryImageOfPage\":{\"@id\":\"https:\/\/www.robertabudasalon.com\/es\/producto\/living-proof-glaze-oscura\/#primaryimage\"},\"datePublished\":\"2020-04-12T16:55:50+00:00\",\"dateModified\":\"2020-06-03T02:26:05+00:00\",\"description\":\"Living Proof COLOR Glaze Oscura | Robert Abuda Merida Hair Salon | Salon de Belleza Productos en linea en MX. Servicio a domicilio gratuito Merida.\",\"inLanguage\":\"es-ES\",\"potentialAction\":[{\"@type\":\"ReadAction\",\"target\":[\"https:\/\/www.robertabudasalon.com\/es\/producto\/living-proof-glaze-oscura\/\"]}]}]}<\/script>\n<!-- \/ Yoast SEO Premium plugin. -->","jetpack_sharing_enabled":true,"_links":{"self":[{"href":"https:\/\/robertabudasalon.com\/es\/wp-json\/wp\/v2\/product\/10019","targetHints":{"allow":["GET"]}}],"collection":[{"href":"https:\/\/robertabudasalon.com\/es\/wp-json\/wp\/v2\/product"}],"about":[{"href":"https:\/\/robertabudasalon.com\/es\/wp-json\/wp\/v2\/types\/product"}],"replies":[{"embeddable":true,"href":"https:\/\/robertabudasalon.com\/es\/wp-json\/wp\/v2\/comments?post=10019"}],"wp:featuredmedia":[{"embeddable":true,"href":"https:\/\/robertabudasalon.com\/es\/wp-json\/wp\/v2\/media\/10023"}],"wp:attachment":[{"href":"https:\/\/robertabudasalon.com\/es\/wp-json\/wp\/v2\/media?parent=10019"}],"wp:term":[{"taxonomy":"product_brand","embeddable":true,"href":"https:\/\/robertabudasalon.com\/es\/wp-json\/wp\/v2\/product_brand?post=10019"},{"taxonomy":"product_cat","embeddable":true,"href":"https:\/\/robertabudasalon.com\/es\/wp-json\/wp\/v2\/product_cat?post=10019"},{"taxonomy":"product_tag","embeddable":true,"href":"https:\/\/robertabudasalon.com\/es\/wp-json\/wp\/v2\/product_tag?post=10019"},{"taxonomy":"yst_prominent_words","embeddable":true,"href":"https:\/\/robertabudasalon.com\/es\/wp-json\/wp\/v2\/yst_prominent_words?post=10019"}],"curies":[{"name":"wp","href":"https:\/\/api.w.org\/{rel}","templated":true}]}}