{"id":10015,"date":"2020-04-06T16:04:46","date_gmt":"2020-04-12T16:50:08","guid":{"rendered":"https:\/\/www.robertabudasalon.com\/product\/living-proof-color-care-whipped-glaze\/"},"modified":"2020-06-02T22:11:30","modified_gmt":"2020-06-03T03:11:30","slug":"living-glaze-rubio","status":"publish","type":"product","link":"https:\/\/robertabudasalon.com\/es\/shop\/living-glaze-rubio\/","title":{"rendered":"Living Proof COLOR Glaze &#8211; Rubio"},"content":{"rendered":"<h3><a href=\"https:\/\/robertabudasalon.com\/es\/?attachment_id=10013\" rel=\"attachment wp-att-10013\"><img loading=\"lazy\" decoding=\"async\" class=\"alignleft size-medium wp-image-10013\" src=\"https:\/\/robertabudasalon.com\/wp-content\/uploads\/2020\/04\/2445127-54103-color-care-whipped-glaze-light-145-ml-240x300.jpg\" alt=\"living proof color care\" width=\"240\" height=\"300\" srcset=\"https:\/\/robertabudasalon.com\/wp-content\/uploads\/2020\/04\/2445127-54103-color-care-whipped-glaze-light-145-ml.jpg 240w, https:\/\/robertabudasalon.com\/wp-content\/uploads\/2020\/04\/2445127-54103-color-care-whipped-glaze-light-145-ml.jpg 600w\" sizes=\"auto, (max-width: 240px) 100vw, 240px\" \/><\/a>145 ml<\/h3>\n<p>Un esmalte batido innovador que mejora el color y que reduce instant\u00e1neamente el bronceado al tiempo que aumenta la vitalidad del color. Tu cabello se ver\u00e1 saludable, suave y brillante. Proporciona protecci\u00f3n UV. Sin sulfato y sin silicona.<\/p>\n<p>Ideal para rubias y reflejos, ideal para sombras multidimensionales, reflejos, balayage, etc.<\/p>\n","protected":false},"excerpt":{"rendered":"<p><a href=\"https:\/\/robertabudasalon.com\/?attachment_id=10013\" rel=\"attachment wp-att-10013\"><img loading=\"lazy\" decoding=\"async\" class=\"alignleft size-medium wp-image-10013\" src=\"https:\/\/robertabudasalon.com\/wp-content\/uploads\/2020\/04\/2445127-54103-color-care-whipped-glaze-light-145-ml-240x300.jpg\" alt=\"living proof color care\" width=\"240\" height=\"300\" srcset=\"https:\/\/robertabudasalon.com\/wp-content\/uploads\/2020\/04\/2445127-54103-color-care-whipped-glaze-light-145-ml.jpg 240w, https:\/\/robertabudasalon.com\/wp-content\/uploads\/2020\/04\/2445127-54103-color-care-whipped-glaze-light-145-ml.jpg 600w\" sizes=\"auto, (max-width: 240px) 100vw, 240px\" \/><\/a>145 ml<\/p>\n<p>Aumenta la vitalidad del color para rubias, reflejos y balayage. Detiene Brassiness.<\/p>\n","protected":false},"featured_media":10014,"comment_status":"open","ping_status":"closed","template":"","meta":{"nf_dc_page":"","jetpack_post_was_ever_published":false,"jetpack_publicize_message":"","jetpack_publicize_feature_enabled":true,"jetpack_social_post_already_shared":false,"jetpack_social_options":{"image_generator_settings":{"template":"highway","default_image_id":0,"font":"","enabled":false},"version":2}},"product_brand":[],"product_cat":[204,150,209,151],"product_tag":[208,210,152,203,206,207,205],"yst_prominent_words":[629,318,1786,1783,324,1784,1787,1785],"class_list":{"0":"post-10015","1":"product","2":"type-product","3":"status-publish","4":"has-post-thumbnail","6":"product_cat-color-care-es","7":"product_cat-living-proof-es","8":"product_cat-rubias","9":"product_cat-shop-es","10":"product_tag-brassiness-es","11":"product_tag-color-care-es","12":"product_tag-living-proof-es","13":"product_tag-living-proof-hair-es","14":"product_tag-rubia","15":"product_tag-rubias","16":"product_tag-whipped-glaze-es","17":"entry","19":"first","20":"instock","21":"shipping-taxable","22":"purchasable","23":"product-type-simple"},"jetpack_publicize_connections":[],"yoast_head":"<!-- This site is optimized with the Yoast SEO Premium plugin v14.4.1 - https:\/\/yoast.com\/wordpress\/plugins\/seo\/ -->\n<title>Living Proof COLOR Glaze - Rubio | Robert Abuda Merida Hair Salon<\/title>\n<meta name=\"description\" content=\"Living Proof COLOR Glaze - Rubio | Living proof compra en tienda. Productos Living proof en un s\u00f3lo click, una gran variedad sin salir de casa.\" \/>\n<meta name=\"robots\" content=\"index, follow\" \/>\n<meta name=\"googlebot\" content=\"index, follow, max-snippet:-1, max-image-preview:large, max-video-preview:-1\" \/>\n<meta name=\"bingbot\" content=\"index, follow, max-snippet:-1, max-image-preview:large, max-video-preview:-1\" \/>\n<link rel=\"canonical\" href=\"https:\/\/www.robertabudasalon.com\/es\/producto\/living-glaze-rubio\/\" \/>\n<meta property=\"og:locale\" content=\"es_ES\" \/>\n<meta property=\"og:type\" content=\"article\" \/>\n<meta property=\"og:title\" content=\"Living Proof COLOR Glaze - Rubio | Robert Abuda Merida Hair Salon\" \/>\n<meta property=\"og:description\" content=\"Living Proof COLOR Glaze - Rubio | Living proof compra en tienda. Productos Living proof en un s\u00f3lo click, una gran variedad sin salir de casa.\" \/>\n<meta property=\"og:url\" content=\"https:\/\/www.robertabudasalon.com\/es\/producto\/living-glaze-rubio\/\" \/>\n<meta property=\"og:site_name\" content=\"Robert Abuda Merida Hair Salon\" \/>\n<meta property=\"article:publisher\" content=\"https:\/\/www.facebook.com\/RobertAbudaSalondeBellezaMerida\" \/>\n<meta property=\"article:author\" content=\"https:\/\/www.facebook.com\/RobertAbudaSalondeBellezaMerida\" \/>\n<meta property=\"article:modified_time\" content=\"2020-06-03T03:11:30+00:00\" \/>\n<meta property=\"og:image\" content=\"https:\/\/robertabudasalon.com\/wp-content\/uploads\/2020\/04\/2445127-54103-color-care-whipped-glaze-light-145-ml.jpg\" \/>\n\t<meta property=\"og:image:width\" content=\"600\" \/>\n\t<meta property=\"og:image:height\" content=\"750\" \/>\n<meta property=\"fb:app_id\" content=\"https:\/\/www.facebook.com\/RobertAbudaSalondeBellezaMerida\" \/>\n<meta name=\"twitter:card\" content=\"summary\" \/>\n<meta name=\"twitter:creator\" content=\"@RobAbudaSalon\" \/>\n<meta name=\"twitter:site\" content=\"@RobAbudaSalon\" \/>\n<script type=\"application\/ld+json\" class=\"yoast-schema-graph\">{\"@context\":\"https:\/\/schema.org\",\"@graph\":[{\"@type\":\"WebSite\",\"@id\":\"https:\/\/robertabudasalon.com\/es\/#website\",\"url\":\"https:\/\/robertabudasalon.com\/es\/\",\"name\":\"Robert Abuda Merida Hair Salon\",\"description\":\"Hair Salon Merida, Salon de Belleza Merida +52 999 926 3015, #470C Paseo de Montejo, Peluqueria y SPA.\",\"potentialAction\":[{\"@type\":\"SearchAction\",\"target\":\"https:\/\/robertabudasalon.com\/es\/?s={search_term_string}\",\"query-input\":\"required name=search_term_string\"}],\"inLanguage\":\"es-ES\"},{\"@type\":\"ImageObject\",\"@id\":\"https:\/\/www.robertabudasalon.com\/es\/producto\/living-glaze-rubio\/#primaryimage\",\"inLanguage\":\"es-ES\",\"url\":\"https:\/\/robertabudasalon.com\/wp-content\/uploads\/2020\/04\/2445127-54103-color-care-whipped-glaze-light-145-ml.jpg\",\"width\":600,\"height\":750,\"caption\":\"living proof color care\"},{\"@type\":\"WebPage\",\"@id\":\"https:\/\/www.robertabudasalon.com\/es\/producto\/living-glaze-rubio\/#webpage\",\"url\":\"https:\/\/www.robertabudasalon.com\/es\/producto\/living-glaze-rubio\/\",\"name\":\"Living Proof COLOR Glaze - Rubio | Robert Abuda Merida Hair Salon\",\"isPartOf\":{\"@id\":\"https:\/\/robertabudasalon.com\/es\/#website\"},\"primaryImageOfPage\":{\"@id\":\"https:\/\/www.robertabudasalon.com\/es\/producto\/living-glaze-rubio\/#primaryimage\"},\"datePublished\":\"2020-04-12T16:50:08+00:00\",\"dateModified\":\"2020-06-03T03:11:30+00:00\",\"description\":\"Living Proof COLOR Glaze - Rubio | Living proof compra en tienda. Productos Living proof en un s\\u00f3lo click, una gran variedad sin salir de casa.\",\"inLanguage\":\"es-ES\",\"potentialAction\":[{\"@type\":\"ReadAction\",\"target\":[\"https:\/\/www.robertabudasalon.com\/es\/producto\/living-glaze-rubio\/\"]}]}]}<\/script>\n<!-- \/ Yoast SEO Premium plugin. -->","jetpack_sharing_enabled":true,"_links":{"self":[{"href":"https:\/\/robertabudasalon.com\/es\/wp-json\/wp\/v2\/product\/10015","targetHints":{"allow":["GET"]}}],"collection":[{"href":"https:\/\/robertabudasalon.com\/es\/wp-json\/wp\/v2\/product"}],"about":[{"href":"https:\/\/robertabudasalon.com\/es\/wp-json\/wp\/v2\/types\/product"}],"replies":[{"embeddable":true,"href":"https:\/\/robertabudasalon.com\/es\/wp-json\/wp\/v2\/comments?post=10015"}],"wp:featuredmedia":[{"embeddable":true,"href":"https:\/\/robertabudasalon.com\/es\/wp-json\/wp\/v2\/media\/10014"}],"wp:attachment":[{"href":"https:\/\/robertabudasalon.com\/es\/wp-json\/wp\/v2\/media?parent=10015"}],"wp:term":[{"taxonomy":"product_brand","embeddable":true,"href":"https:\/\/robertabudasalon.com\/es\/wp-json\/wp\/v2\/product_brand?post=10015"},{"taxonomy":"product_cat","embeddable":true,"href":"https:\/\/robertabudasalon.com\/es\/wp-json\/wp\/v2\/product_cat?post=10015"},{"taxonomy":"product_tag","embeddable":true,"href":"https:\/\/robertabudasalon.com\/es\/wp-json\/wp\/v2\/product_tag?post=10015"},{"taxonomy":"yst_prominent_words","embeddable":true,"href":"https:\/\/robertabudasalon.com\/es\/wp-json\/wp\/v2\/yst_prominent_words?post=10015"}],"curies":[{"name":"wp","href":"https:\/\/api.w.org\/{rel}","templated":true}]}}