{"id":6825,"date":"2018-12-06T10:21:55","date_gmt":"2018-12-06T16:21:55","guid":{"rendered":"http:\/\/www.robertabudasalon.com\/prom-merida\/"},"modified":"2020-06-21T18:31:23","modified_gmt":"2020-06-21T23:31:23","slug":"prom-merida","status":"publish","type":"page","link":"https:\/\/robertabudasalon.com\/es\/prom-merida\/","title":{"rendered":"PROM MERIDA"},"content":{"rendered":"\n<h3 class=\"wp-block-heading\"><span style=\"color: #333333;\">PROM Merida | Maquillaje ANNIE, Hair ANGIE, Estilismo MARIFER<\/span> | <span style=\"color: #ff99cc;\">Tel + 52 999 926 3015<\/span><\/h3>\n\n\n\n<div class=\"wp-block-image wp-image-6791 size-full\"><figure class=\"alignleft size-full\"><img loading=\"lazy\" decoding=\"async\" width=\"533\" height=\"800\" src=\"https:\/\/robertabudasalon.com\/wp-content\/uploads\/2018\/12\/salones-de-belleza-Merida-Prom-0002.jpg\" alt=\"Peinado Maquillaje Merida 1\" class=\"wp-image-6791\" srcset=\"https:\/\/robertabudasalon.com\/wp-content\/uploads\/2018\/12\/salones-de-belleza-Merida-Prom-0002.jpg 533w, https:\/\/robertabudasalon.com\/wp-content\/uploads\/2018\/12\/salones-de-belleza-Merida-Prom-0002.jpg 200w\" sizes=\"auto, (max-width: 533px) 100vw, 533px\" \/><figcaption>Prom Merida<\/figcaption><\/figure><\/div>\n\n\n\n<div class=\"wp-block-image\"><figure class=\"alignleft size-full\"><img loading=\"lazy\" decoding=\"async\" width=\"800\" height=\"533\" src=\"https:\/\/robertabudasalon.com\/wp-content\/uploads\/2018\/12\/salones-de-belleza-Merida-Prom-0003.jpg\" alt=\"Hair Makeup Merida 1\" class=\"wp-image-6793\" srcset=\"https:\/\/robertabudasalon.com\/wp-content\/uploads\/2018\/12\/salones-de-belleza-Merida-Prom-0003.jpg 800w, https:\/\/robertabudasalon.com\/wp-content\/uploads\/2018\/12\/salones-de-belleza-Merida-Prom-0003.jpg 300w, https:\/\/robertabudasalon.com\/wp-content\/uploads\/2018\/12\/salones-de-belleza-Merida-Prom-0003.jpg 768w, https:\/\/robertabudasalon.com\/wp-content\/uploads\/2018\/12\/salones-de-belleza-Merida-Prom-0003.jpg 600w\" sizes=\"auto, (max-width: 714px) 100vw, 714px\" \/><figcaption>Salon de Belleza, Robert Abuda Salon Merida<\/figcaption><\/figure><\/div>\n\n\n\n<div class=\"wp-block-image\"><figure class=\"alignleft size-full\"><img loading=\"lazy\" decoding=\"async\" width=\"813\" height=\"600\" src=\"https:\/\/robertabudasalon.com\/wp-content\/uploads\/2018\/12\/salones-de-belleza-Merida-Prom-0004.jpg\" alt=\"Destination Wedding Merida Hair\" class=\"wp-image-6795\" srcset=\"https:\/\/robertabudasalon.com\/wp-content\/uploads\/2018\/12\/salones-de-belleza-Merida-Prom-0004.jpg 813w, https:\/\/robertabudasalon.com\/wp-content\/uploads\/2018\/12\/salones-de-belleza-Merida-Prom-0004.jpg 300w, https:\/\/robertabudasalon.com\/wp-content\/uploads\/2018\/12\/salones-de-belleza-Merida-Prom-0004.jpg 768w, https:\/\/robertabudasalon.com\/wp-content\/uploads\/2018\/12\/salones-de-belleza-Merida-Prom-0004.jpg 600w\" sizes=\"auto, (max-width: 714px) 100vw, 714px\" \/><figcaption>Peluqueria Merida Graduacion<\/figcaption><\/figure><\/div>\n\n\n\n<div class=\"wp-block-image\"><figure class=\"alignleft size-full\"><img loading=\"lazy\" decoding=\"async\" width=\"800\" height=\"533\" src=\"https:\/\/robertabudasalon.com\/wp-content\/uploads\/2018\/12\/salones-de-belleza-Merida-Prom-0005.jpg\" alt=\"Destination Wedding Merida Makeup\" class=\"wp-image-6797\" srcset=\"https:\/\/robertabudasalon.com\/wp-content\/uploads\/2018\/12\/salones-de-belleza-Merida-Prom-0005.jpg 800w, https:\/\/robertabudasalon.com\/wp-content\/uploads\/2018\/12\/salones-de-belleza-Merida-Prom-0005.jpg 300w, https:\/\/robertabudasalon.com\/wp-content\/uploads\/2018\/12\/salones-de-belleza-Merida-Prom-0005.jpg 768w, https:\/\/robertabudasalon.com\/wp-content\/uploads\/2018\/12\/salones-de-belleza-Merida-Prom-0005.jpg 600w\" sizes=\"auto, (max-width: 714px) 100vw, 714px\" \/><figcaption>Amigas Merida Yucatan<\/figcaption><\/figure><\/div>\n\n\n\n<div class=\"wp-block-image wp-image-6799 size-full\"><figure class=\"alignleft size-full\"><img loading=\"lazy\" decoding=\"async\" width=\"800\" height=\"533\" src=\"https:\/\/robertabudasalon.com\/wp-content\/uploads\/2018\/12\/salones-de-belleza-Merida-Prom-0006.jpg\" alt=\"Belleza \" class=\"wp-image-6799\" srcset=\"https:\/\/robertabudasalon.com\/wp-content\/uploads\/2018\/12\/salones-de-belleza-Merida-Prom-0006.jpg 800w, https:\/\/robertabudasalon.com\/wp-content\/uploads\/2018\/12\/salones-de-belleza-Merida-Prom-0006.jpg 300w, https:\/\/robertabudasalon.com\/wp-content\/uploads\/2018\/12\/salones-de-belleza-Merida-Prom-0006.jpg 768w, https:\/\/robertabudasalon.com\/wp-content\/uploads\/2018\/12\/salones-de-belleza-Merida-Prom-0006.jpg 600w\" sizes=\"auto, (max-width: 714px) 100vw, 714px\" \/><figcaption>Prom Merida pelo &amp; maquillaje<\/figcaption><\/figure><\/div>\n\n\n\n<div class=\"wp-block-image\"><figure class=\"alignleft size-full\"><img loading=\"lazy\" decoding=\"async\" width=\"533\" height=\"800\" src=\"https:\/\/robertabudasalon.com\/wp-content\/uploads\/2018\/12\/salones-de-belleza-Merida-Prom-0007.jpg\" alt=\"Prom Merida\" class=\"wp-image-6801\" srcset=\"https:\/\/robertabudasalon.com\/wp-content\/uploads\/2018\/12\/salones-de-belleza-Merida-Prom-0007.jpg 533w, https:\/\/robertabudasalon.com\/wp-content\/uploads\/2018\/12\/salones-de-belleza-Merida-Prom-0007.jpg 200w\" sizes=\"auto, (max-width: 533px) 100vw, 533px\" \/><figcaption>Modelo Merida Yucatan Mexico<\/figcaption><\/figure><\/div>\n\n\n\n<div class=\"wp-block-image\"><figure class=\"alignleft size-full\"><img loading=\"lazy\" decoding=\"async\" width=\"800\" height=\"533\" src=\"https:\/\/robertabudasalon.com\/wp-content\/uploads\/2018\/12\/salones-de-belleza-Merida-Prom-0008.jpg\" alt=\"Hair Salon Merida Updo 3\" class=\"wp-image-6803\" srcset=\"https:\/\/robertabudasalon.com\/wp-content\/uploads\/2018\/12\/salones-de-belleza-Merida-Prom-0008.jpg 800w, https:\/\/robertabudasalon.com\/wp-content\/uploads\/2018\/12\/salones-de-belleza-Merida-Prom-0008.jpg 300w, https:\/\/robertabudasalon.com\/wp-content\/uploads\/2018\/12\/salones-de-belleza-Merida-Prom-0008.jpg 768w, https:\/\/robertabudasalon.com\/wp-content\/uploads\/2018\/12\/salones-de-belleza-Merida-Prom-0008.jpg 600w\" sizes=\"auto, (max-width: 714px) 100vw, 714px\" \/><figcaption>Peinado Merida Yucatan MX<\/figcaption><\/figure><\/div>\n\n\n\n<div class=\"wp-block-image\"><figure class=\"alignleft size-full\"><img loading=\"lazy\" decoding=\"async\" width=\"533\" height=\"800\" src=\"https:\/\/robertabudasalon.com\/wp-content\/uploads\/2018\/12\/salones-de-belleza-Merida-Prom-0009.jpg\" alt=\"Merida Hair Salon Updo\" class=\"wp-image-6805\" srcset=\"https:\/\/robertabudasalon.com\/wp-content\/uploads\/2018\/12\/salones-de-belleza-Merida-Prom-0009.jpg 533w, https:\/\/robertabudasalon.com\/wp-content\/uploads\/2018\/12\/salones-de-belleza-Merida-Prom-0009.jpg 200w\" sizes=\"auto, (max-width: 533px) 100vw, 533px\" \/><figcaption>Peinado Alto, Merida Yucatan<\/figcaption><\/figure><\/div>\n\n\n\n<div class=\"wp-block-image wp-image-6807 size-full\"><figure class=\"alignleft size-full\"><img loading=\"lazy\" decoding=\"async\" width=\"800\" height=\"533\" src=\"https:\/\/robertabudasalon.com\/wp-content\/uploads\/2018\/12\/salones-de-belleza-Merida-Prom-00010.jpg\" alt=\"Merida Makeup 1\" class=\"wp-image-6807\" srcset=\"https:\/\/robertabudasalon.com\/wp-content\/uploads\/2018\/12\/salones-de-belleza-Merida-Prom-00010.jpg 800w, https:\/\/robertabudasalon.com\/wp-content\/uploads\/2018\/12\/salones-de-belleza-Merida-Prom-00010.jpg 300w, https:\/\/robertabudasalon.com\/wp-content\/uploads\/2018\/12\/salones-de-belleza-Merida-Prom-00010.jpg 768w, https:\/\/robertabudasalon.com\/wp-content\/uploads\/2018\/12\/salones-de-belleza-Merida-Prom-00010.jpg 600w\" sizes=\"auto, (max-width: 714px) 100vw, 714px\" \/><figcaption>Peluqueria Merida Mexico<\/figcaption><\/figure><\/div>\n\n\n\n<div class=\"wp-block-image\"><figure class=\"alignleft size-full\"><img loading=\"lazy\" decoding=\"async\" width=\"800\" height=\"533\" src=\"https:\/\/robertabudasalon.com\/wp-content\/uploads\/2018\/12\/salones-de-belleza-Merida-Prom-00011.jpg\" alt=\"Updo Merida \" class=\"wp-image-6809\" srcset=\"https:\/\/robertabudasalon.com\/wp-content\/uploads\/2018\/12\/salones-de-belleza-Merida-Prom-00011.jpg 800w, https:\/\/robertabudasalon.com\/wp-content\/uploads\/2018\/12\/salones-de-belleza-Merida-Prom-00011.jpg 300w, https:\/\/robertabudasalon.com\/wp-content\/uploads\/2018\/12\/salones-de-belleza-Merida-Prom-00011.jpg 768w, https:\/\/robertabudasalon.com\/wp-content\/uploads\/2018\/12\/salones-de-belleza-Merida-Prom-00011.jpg 600w\" sizes=\"auto, (max-width: 714px) 100vw, 714px\" \/><figcaption>Trenza Merida Yucatan<\/figcaption><\/figure><\/div>\n\n\n\n<div class=\"wp-block-image\"><figure class=\"alignleft size-full\"><img loading=\"lazy\" decoding=\"async\" width=\"800\" height=\"533\" src=\"https:\/\/robertabudasalon.com\/wp-content\/uploads\/2018\/12\/salones-de-belleza-Merida-Prom-00012.jpg\" alt=\"Updo Merida 2\" class=\"wp-image-6811\" srcset=\"https:\/\/robertabudasalon.com\/wp-content\/uploads\/2018\/12\/salones-de-belleza-Merida-Prom-00012.jpg 800w, https:\/\/robertabudasalon.com\/wp-content\/uploads\/2018\/12\/salones-de-belleza-Merida-Prom-00012.jpg 300w, https:\/\/robertabudasalon.com\/wp-content\/uploads\/2018\/12\/salones-de-belleza-Merida-Prom-00012.jpg 768w, https:\/\/robertabudasalon.com\/wp-content\/uploads\/2018\/12\/salones-de-belleza-Merida-Prom-00012.jpg 600w\" sizes=\"auto, (max-width: 714px) 100vw, 714px\" \/><figcaption>Bodas Merida<\/figcaption><\/figure><\/div>\n\n\n\n<div class=\"wp-block-image\"><figure class=\"alignleft size-full\"><img loading=\"lazy\" decoding=\"async\" width=\"800\" height=\"533\" src=\"https:\/\/robertabudasalon.com\/wp-content\/uploads\/2018\/12\/salones-de-belleza-Merida-Prom-00013.jpg\" alt=\"Merida Hair and Makeup Mexico\" class=\"wp-image-6813\" srcset=\"https:\/\/robertabudasalon.com\/wp-content\/uploads\/2018\/12\/salones-de-belleza-Merida-Prom-00013.jpg 800w, https:\/\/robertabudasalon.com\/wp-content\/uploads\/2018\/12\/salones-de-belleza-Merida-Prom-00013.jpg 300w, https:\/\/robertabudasalon.com\/wp-content\/uploads\/2018\/12\/salones-de-belleza-Merida-Prom-00013.jpg 768w, https:\/\/robertabudasalon.com\/wp-content\/uploads\/2018\/12\/salones-de-belleza-Merida-Prom-00013.jpg 600w\" sizes=\"auto, (max-width: 714px) 100vw, 714px\" \/><figcaption>Amigas Merida Mexico, Paseo de Montejo<\/figcaption><\/figure><\/div>\n\n\n\n<div class=\"wp-block-image\"><figure class=\"alignleft size-full\"><img loading=\"lazy\" decoding=\"async\" width=\"800\" height=\"533\" src=\"https:\/\/robertabudasalon.com\/wp-content\/uploads\/2018\/12\/salones-de-belleza-Merida-Prom-00014.jpg\" alt=\"Updo Wedding Hair Merida\" class=\"wp-image-6815\" srcset=\"https:\/\/robertabudasalon.com\/wp-content\/uploads\/2018\/12\/salones-de-belleza-Merida-Prom-00014.jpg 800w, https:\/\/robertabudasalon.com\/wp-content\/uploads\/2018\/12\/salones-de-belleza-Merida-Prom-00014.jpg 300w, https:\/\/robertabudasalon.com\/wp-content\/uploads\/2018\/12\/salones-de-belleza-Merida-Prom-00014.jpg 768w, https:\/\/robertabudasalon.com\/wp-content\/uploads\/2018\/12\/salones-de-belleza-Merida-Prom-00014.jpg 600w\" sizes=\"auto, (max-width: 714px) 100vw, 714px\" \/><figcaption>Maquillaje Merida Mexico<\/figcaption><\/figure><\/div>\n\n\n\n<div class=\"wp-block-image\"><figure class=\"alignleft size-full\"><img loading=\"lazy\" decoding=\"async\" width=\"800\" height=\"533\" src=\"https:\/\/robertabudasalon.com\/wp-content\/uploads\/2018\/12\/salones-de-belleza-Merida-Prom-00015.jpg\" alt=\"Hair and Makeup Salon Merida Mexico\" class=\"wp-image-6817\" srcset=\"https:\/\/robertabudasalon.com\/wp-content\/uploads\/2018\/12\/salones-de-belleza-Merida-Prom-00015.jpg 800w, https:\/\/robertabudasalon.com\/wp-content\/uploads\/2018\/12\/salones-de-belleza-Merida-Prom-00015.jpg 300w, https:\/\/robertabudasalon.com\/wp-content\/uploads\/2018\/12\/salones-de-belleza-Merida-Prom-00015.jpg 768w, https:\/\/robertabudasalon.com\/wp-content\/uploads\/2018\/12\/salones-de-belleza-Merida-Prom-00015.jpg 600w\" sizes=\"auto, (max-width: 714px) 100vw, 714px\" \/><figcaption>Robert Abuda Salon, Paseo de Montejo<\/figcaption><\/figure><\/div>\n\n\n\n<p><a rel=\"noopener noreferrer\" href=\"http:\/\/www.livingproof.com\" target=\"_blank\">www.livingproof.co<\/a><a rel=\"noreferrer noopener\" href=\"http:\/\/www.olaplex.com\" target=\"_blank\">www.olaplex.cooOLA<\/a> <a rel=\"noopener noreferrer\" href=\"http:\/\/www.pravana.com\" target=\"_blank\">www.pravana.com<\/a><\/p>\n","protected":false},"excerpt":{"rendered":"<p>PROM Merida | Maquillaje ANNIE, Hair ANGIE, Estilismo MARIFER | Tel + 52 999 926 3015 www.livingproof.cowww.olaplex.cooOLA www.pravana.com<\/p>\n","protected":false},"author":1,"featured_media":0,"parent":0,"menu_order":0,"comment_status":"closed","ping_status":"closed","template":"","meta":{"nf_dc_page":"","jetpack_post_was_ever_published":false,"footnotes":""},"yst_prominent_words":[552,524,2933,277,1663,2915,558,1358,1664,2931,1614,774,2877,1675,1672,543,521,512,555,1702],"class_list":["post-6825","page","type-page","status-publish","entry"],"yoast_head":"<!-- This site is optimized with the Yoast SEO Premium plugin v14.4.1 - https:\/\/yoast.com\/wordpress\/plugins\/seo\/ -->\n<title>Prom Merida | Peinados Salon de Belleza Merida MX<\/title>\n<meta name=\"description\" content=\"Sesi\u00f3n de fotos en el sal\u00f3n Robert Abuda en el paseo de Montejo en M\u00e9rida Yucatan Mexico. TEL 999 926 3015. Maquillaje de ANNIE, Peinados de ANGIE, Estilismo de MARIFER.\" \/>\n<meta name=\"robots\" content=\"index, follow, noarchive\" \/>\n<meta name=\"googlebot\" content=\"index, follow, noarchive, max-snippet:-1, max-image-preview:large, max-video-preview:-1\" \/>\n<meta name=\"bingbot\" content=\"index, follow, noarchive, max-snippet:-1, max-image-preview:large, max-video-preview:-1\" \/>\n<link rel=\"canonical\" href=\"https:\/\/www.robertabudasalon.com\/es\/prom-merida\/\" \/>\n<meta property=\"og:locale\" content=\"es_ES\" \/>\n<meta property=\"og:type\" content=\"article\" \/>\n<meta property=\"og:title\" content=\"Prom Merida | Peinados Salon de Belleza Merida MX\" \/>\n<meta property=\"og:description\" content=\"Sesi\u00f3n de fotos en el sal\u00f3n Robert Abuda en el paseo de Montejo en M\u00e9rida Yucatan Mexico. TEL 999 926 3015. Maquillaje de ANNIE, Peinados de ANGIE, Estilismo de MARIFER.\" \/>\n<meta property=\"og:url\" content=\"https:\/\/www.robertabudasalon.com\/es\/prom-merida\/\" \/>\n<meta property=\"og:site_name\" content=\"Robert Abuda Merida Hair Salon\" \/>\n<meta property=\"article:publisher\" content=\"https:\/\/www.facebook.com\/RobertAbudaSalondeBellezaMerida\" \/>\n<meta property=\"article:author\" content=\"https:\/\/www.facebook.com\/RobertAbudaSalondeBellezaMerida\" \/>\n<meta property=\"article:modified_time\" content=\"2020-06-21T23:31:23+00:00\" \/>\n<meta property=\"og:image\" content=\"https:\/\/www.robertabudasalon.com\/wp-content\/uploads\/2018\/12\/salones-de-belleza-Merida-Prom-0002.jpg\" \/>\n<meta property=\"fb:app_id\" content=\"https:\/\/www.facebook.com\/RobertAbudaSalondeBellezaMerida\" \/>\n<meta name=\"twitter:card\" content=\"summary\" \/>\n<meta name=\"twitter:creator\" content=\"@RobAbudaSalon\" \/>\n<meta name=\"twitter:site\" content=\"@RobAbudaSalon\" \/>\n<script type=\"application\/ld+json\" class=\"yoast-schema-graph\">{\"@context\":\"https:\/\/schema.org\",\"@graph\":[{\"@type\":\"WebSite\",\"@id\":\"https:\/\/robertabudasalon.com\/es\/#website\",\"url\":\"https:\/\/robertabudasalon.com\/es\/\",\"name\":\"Robert Abuda Merida Hair Salon\",\"description\":\"Hair Salon Merida, Salon de Belleza Merida +52 999 926 3015, #470C Paseo de Montejo, Peluqueria y SPA.\",\"potentialAction\":[{\"@type\":\"SearchAction\",\"target\":\"https:\/\/robertabudasalon.com\/es\/?s={search_term_string}\",\"query-input\":\"required name=search_term_string\"}],\"inLanguage\":\"es-ES\"},{\"@type\":\"ImageObject\",\"@id\":\"https:\/\/www.robertabudasalon.com\/es\/prom-merida\/#primaryimage\",\"inLanguage\":\"es-ES\",\"url\":\"https:\/\/robertabudasalon.com\/wp-content\/uploads\/2018\/12\/salones-de-belleza-Merida-Prom-0002.jpg\"},{\"@type\":\"WebPage\",\"@id\":\"https:\/\/www.robertabudasalon.com\/es\/prom-merida\/#webpage\",\"url\":\"https:\/\/www.robertabudasalon.com\/es\/prom-merida\/\",\"name\":\"Prom Merida | Peinados Salon de Belleza Merida MX\",\"isPartOf\":{\"@id\":\"https:\/\/robertabudasalon.com\/es\/#website\"},\"primaryImageOfPage\":{\"@id\":\"https:\/\/www.robertabudasalon.com\/es\/prom-merida\/#primaryimage\"},\"datePublished\":\"2018-12-06T16:21:55+00:00\",\"dateModified\":\"2020-06-21T23:31:23+00:00\",\"description\":\"Sesi\\u00f3n de fotos en el sal\\u00f3n Robert Abuda en el paseo de Montejo en M\\u00e9rida Yucatan Mexico. TEL 999 926 3015. Maquillaje de ANNIE, Peinados de ANGIE, Estilismo de MARIFER.\",\"inLanguage\":\"es-ES\",\"potentialAction\":[{\"@type\":\"ReadAction\",\"target\":[\"https:\/\/www.robertabudasalon.com\/es\/prom-merida\/\"]}]}]}<\/script>\n<!-- \/ Yoast SEO Premium plugin. -->","jetpack_sharing_enabled":true,"jetpack_shortlink":"https:\/\/wp.me\/P6c51u-1M5","amp_enabled":true,"_links":{"self":[{"href":"https:\/\/robertabudasalon.com\/es\/wp-json\/wp\/v2\/pages\/6825","targetHints":{"allow":["GET"]}}],"collection":[{"href":"https:\/\/robertabudasalon.com\/es\/wp-json\/wp\/v2\/pages"}],"about":[{"href":"https:\/\/robertabudasalon.com\/es\/wp-json\/wp\/v2\/types\/page"}],"author":[{"embeddable":true,"href":"https:\/\/robertabudasalon.com\/es\/wp-json\/wp\/v2\/users\/1"}],"replies":[{"embeddable":true,"href":"https:\/\/robertabudasalon.com\/es\/wp-json\/wp\/v2\/comments?post=6825"}],"version-history":[{"count":10,"href":"https:\/\/robertabudasalon.com\/es\/wp-json\/wp\/v2\/pages\/6825\/revisions"}],"predecessor-version":[{"id":11179,"href":"https:\/\/robertabudasalon.com\/es\/wp-json\/wp\/v2\/pages\/6825\/revisions\/11179"}],"wp:attachment":[{"href":"https:\/\/robertabudasalon.com\/es\/wp-json\/wp\/v2\/media?parent=6825"}],"wp:term":[{"taxonomy":"yst_prominent_words","embeddable":true,"href":"https:\/\/robertabudasalon.com\/es\/wp-json\/wp\/v2\/yst_prominent_words?post=6825"}],"curies":[{"name":"wp","href":"https:\/\/api.w.org\/{rel}","templated":true}]}}