{"id":6512,"date":"2018-11-26T14:36:51","date_gmt":"2018-11-26T20:36:51","guid":{"rendered":"http:\/\/www.robertabudasalon.com\/?page_id=6512"},"modified":"2018-11-26T15:33:21","modified_gmt":"2018-11-26T21:33:21","slug":"corte-hombres-merida","status":"publish","type":"page","link":"https:\/\/robertabudasalon.com\/es\/corte-hombres-merida\/","title":{"rendered":"Corte Hombres Merida, Verano 2011"},"content":{"rendered":"<h2>Salones de Belleza Merida Hair | Verano 2011, Corte Hombres Merida <a href=\"https:\/\/wp.me\/P6c51u-eA\">click for English<\/a><\/h2>\n<p><span id=\"result_box\" class=\"\" lang=\"es\">Fotos por <a href=\"http:\/\/www.bdgphotovideos.com\">BDG Foto Video.<\/a> M\u00e9rida | <span class=\"\">Yucat\u00e1n<\/span>, M\u00e9xico | Michael Young Jr. destacados y corte <span class=\"\">hombres Merida<\/span> para estilista, Robert Abuda de Robert Abuda Salon de Belleza M\u00e9rida. M<span class=\"\">irada<\/span> <span class=\"\">sunkissed<\/span> <span class=\"\">en el pelo largo que<\/span> lleva a cabo el azul en los ojos Michaels. El &#8220;Fin del Verano<span class=\"\">&#8220;<\/span> look perfecto. MERIDA | YUCATAN | MX.<br \/>\n<\/span><\/p>\n<figure id=\"attachment_2875\" aria-describedby=\"caption-attachment-2875\" style=\"width: 720px\" class=\"wp-caption alignleft\"><img loading=\"lazy\" decoding=\"async\" class=\"wp-image-2875 size-full\" src=\"http:\/\/robertabudasalon.com\/wp-content\/uploads\/2013\/05\/salones-de-belleza-merida-hair-salon-paseo-montejo-1.jpg\" alt=\"Salones de Belleza, Merida\" width=\"720\" height=\"540\" srcset=\"https:\/\/robertabudasalon.com\/wp-content\/uploads\/2013\/05\/salones-de-belleza-merida-hair-salon-paseo-montejo-1.jpg 720w, https:\/\/robertabudasalon.com\/wp-content\/uploads\/2013\/05\/salones-de-belleza-merida-hair-salon-paseo-montejo-1.jpg 600w, https:\/\/robertabudasalon.com\/wp-content\/uploads\/2013\/05\/salones-de-belleza-merida-hair-salon-paseo-montejo-1.jpg 300w\" sizes=\"auto, (max-width: 714px) 100vw, 714px\" \/><figcaption id=\"caption-attachment-2875\" class=\"wp-caption-text\">Salones de Belleza Merida | Cortes Hombres Merida 6.<\/figcaption><\/figure>\n<figure id=\"attachment_2876\" aria-describedby=\"caption-attachment-2876\" style=\"width: 540px\" class=\"wp-caption alignleft\"><img loading=\"lazy\" decoding=\"async\" class=\"size-full wp-image-2876\" src=\"http:\/\/robertabudasalon.com\/wp-content\/uploads\/2013\/05\/salones-de-belleza-merida-hair-salon-paseo-montejo-2.jpg\" alt=\"Hair Salon Merida Yucatan Hair Stylists Salon de Belleza Merida Estetica Estilistas 2\" width=\"540\" height=\"720\" srcset=\"https:\/\/robertabudasalon.com\/wp-content\/uploads\/2013\/05\/salones-de-belleza-merida-hair-salon-paseo-montejo-2.jpg 540w, https:\/\/robertabudasalon.com\/wp-content\/uploads\/2013\/05\/salones-de-belleza-merida-hair-salon-paseo-montejo-2.jpg 225w\" sizes=\"auto, (max-width: 540px) 100vw, 540px\" \/><figcaption id=\"caption-attachment-2876\" class=\"wp-caption-text\">Hair Salon Merida 4 | and Salon de Belleza Merida 2.<\/figcaption><\/figure>\n<figure id=\"attachment_2877\" aria-describedby=\"caption-attachment-2877\" style=\"width: 720px\" class=\"wp-caption alignleft\"><img loading=\"lazy\" decoding=\"async\" class=\"wp-image-2877 size-full\" src=\"http:\/\/robertabudasalon.com\/wp-content\/uploads\/2013\/05\/salones-de-belleza-merida-hair-salon-paseo-montejo-3.jpg\" alt=\"Salones de Belleza Merida Hair\" width=\"720\" height=\"540\" srcset=\"https:\/\/robertabudasalon.com\/wp-content\/uploads\/2013\/05\/salones-de-belleza-merida-hair-salon-paseo-montejo-3.jpg 720w, https:\/\/robertabudasalon.com\/wp-content\/uploads\/2013\/05\/salones-de-belleza-merida-hair-salon-paseo-montejo-3.jpg 600w, https:\/\/robertabudasalon.com\/wp-content\/uploads\/2013\/05\/salones-de-belleza-merida-hair-salon-paseo-montejo-3.jpg 300w\" sizes=\"auto, (max-width: 714px) 100vw, 714px\" \/><figcaption id=\"caption-attachment-2877\" class=\"wp-caption-text\">Salones de Belleza Merida 12 | y Cortes Hombres Merida Estilistas 1.<\/figcaption><\/figure>\n<figure id=\"attachment_2878\" aria-describedby=\"caption-attachment-2878\" style=\"width: 720px\" class=\"wp-caption alignleft\"><img loading=\"lazy\" decoding=\"async\" class=\"wp-image-2878 size-full\" src=\"http:\/\/robertabudasalon.com\/wp-content\/uploads\/2013\/05\/salones-de-belleza-merida-hair-salon-paseo-montejo-4.jpg\" alt=\"Salones de Belleza, Merida\" width=\"720\" height=\"540\" srcset=\"https:\/\/robertabudasalon.com\/wp-content\/uploads\/2013\/05\/salones-de-belleza-merida-hair-salon-paseo-montejo-4.jpg 720w, https:\/\/robertabudasalon.com\/wp-content\/uploads\/2013\/05\/salones-de-belleza-merida-hair-salon-paseo-montejo-4.jpg 600w, https:\/\/robertabudasalon.com\/wp-content\/uploads\/2013\/05\/salones-de-belleza-merida-hair-salon-paseo-montejo-4.jpg 300w\" sizes=\"auto, (max-width: 714px) 100vw, 714px\" \/><figcaption id=\"caption-attachment-2878\" class=\"wp-caption-text\">Salones de Belleza Merida 1 | and Hair Salon Merida 18.<\/figcaption><\/figure>\n<figure id=\"attachment_2879\" aria-describedby=\"caption-attachment-2879\" style=\"width: 720px\" class=\"wp-caption alignleft\"><img loading=\"lazy\" decoding=\"async\" class=\"wp-image-2879 size-full\" src=\"http:\/\/robertabudasalon.com\/wp-content\/uploads\/2013\/05\/salones-de-belleza-merida-hair-salon-paseo-montejo-5.jpg\" alt=\"Salones de Belleza Merida Hair 4\" width=\"720\" height=\"540\" srcset=\"https:\/\/robertabudasalon.com\/wp-content\/uploads\/2013\/05\/salones-de-belleza-merida-hair-salon-paseo-montejo-5.jpg 720w, https:\/\/robertabudasalon.com\/wp-content\/uploads\/2013\/05\/salones-de-belleza-merida-hair-salon-paseo-montejo-5.jpg 600w, https:\/\/robertabudasalon.com\/wp-content\/uploads\/2013\/05\/salones-de-belleza-merida-hair-salon-paseo-montejo-5.jpg 300w\" sizes=\"auto, (max-width: 714px) 100vw, 714px\" \/><figcaption id=\"caption-attachment-2879\" class=\"wp-caption-text\">Salones de Belleza Merida 3.<\/figcaption><\/figure>\n<figure id=\"attachment_2880\" aria-describedby=\"caption-attachment-2880\" style=\"width: 540px\" class=\"wp-caption alignleft\"><img loading=\"lazy\" decoding=\"async\" class=\"size-full wp-image-2880\" src=\"http:\/\/robertabudasalon.com\/wp-content\/uploads\/2013\/05\/salones-de-belleza-merida-hair-salon-paseo-montejo-6.jpg\" alt=\"Hair Salon Merida Yucatan Hair Stylists Salon de Belleza Merida Estetica Estilistas 6\" width=\"540\" height=\"720\" srcset=\"https:\/\/robertabudasalon.com\/wp-content\/uploads\/2013\/05\/salones-de-belleza-merida-hair-salon-paseo-montejo-6.jpg 540w, https:\/\/robertabudasalon.com\/wp-content\/uploads\/2013\/05\/salones-de-belleza-merida-hair-salon-paseo-montejo-6.jpg 225w\" sizes=\"auto, (max-width: 540px) 100vw, 540px\" \/><figcaption id=\"caption-attachment-2880\" class=\"wp-caption-text\">Hair Salon Merida 2 | and Salon de Belleza 6.<\/figcaption><\/figure>\n<figure id=\"attachment_2881\" aria-describedby=\"caption-attachment-2881\" style=\"width: 540px\" class=\"wp-caption alignleft\"><img loading=\"lazy\" decoding=\"async\" class=\"wp-image-2881 size-full\" src=\"http:\/\/robertabudasalon.com\/wp-content\/uploads\/2013\/05\/salones-de-belleza-merida-hair-salon-paseo-montejo-7.jpg\" alt=\"Hair Salon Merida Yucatan Hair Stylists Salon de Belleza Merida Estetica Estilistas 7\" width=\"540\" height=\"720\" srcset=\"https:\/\/robertabudasalon.com\/wp-content\/uploads\/2013\/05\/salones-de-belleza-merida-hair-salon-paseo-montejo-7.jpg 540w, https:\/\/robertabudasalon.com\/wp-content\/uploads\/2013\/05\/salones-de-belleza-merida-hair-salon-paseo-montejo-7.jpg 225w\" sizes=\"auto, (max-width: 540px) 100vw, 540px\" \/><figcaption id=\"caption-attachment-2881\" class=\"wp-caption-text\">Hair Salon Merida 34 | and Salon de Belleza Merida 7.<\/figcaption><\/figure>\n<figure id=\"attachment_2882\" aria-describedby=\"caption-attachment-2882\" style=\"width: 720px\" class=\"wp-caption alignleft\"><a href=\"http:\/\/www.bulldogsolar.com\" target=\"_blank\" rel=\"noopener\"><img loading=\"lazy\" decoding=\"async\" class=\"size-full wp-image-2882\" src=\"http:\/\/robertabudasalon.com\/wp-content\/uploads\/2013\/05\/salones-de-belleza-merida-hair-salon-paseo-montejo-8.jpg\" alt=\"Hair Salon Merida Yucatan Hair Stylists Salon de Belleza Merida Estetica Estilistas 8\" width=\"720\" height=\"540\" srcset=\"https:\/\/robertabudasalon.com\/wp-content\/uploads\/2013\/05\/salones-de-belleza-merida-hair-salon-paseo-montejo-8.jpg 720w, https:\/\/robertabudasalon.com\/wp-content\/uploads\/2013\/05\/salones-de-belleza-merida-hair-salon-paseo-montejo-8.jpg 600w, https:\/\/robertabudasalon.com\/wp-content\/uploads\/2013\/05\/salones-de-belleza-merida-hair-salon-paseo-montejo-8.jpg 300w\" sizes=\"auto, (max-width: 714px) 100vw, 714px\" \/><\/a><figcaption id=\"caption-attachment-2882\" class=\"wp-caption-text\">Hair Salon Merida 11 | and Salon de Belleza Merida 8.<\/figcaption><\/figure>\n<p><!--:en--><!--:--><!--:es--><!--:--><script type=\"text\/javascript\">\/\/ <![CDATA[ (function(i,s,o,g,r,a,m){i['GoogleAnalyticsObject']=r;i[r]=i[r]||function(){ (i[r].q=i[r].q||[]).push(arguments)},i[r].l=1*new Date();a=s.createElement(o), m=s.getElementsByTagName(o)[0];a.async=1;a.src=g;m.parentNode.insertBefore(a,m) })(window,document,'script','\/\/www.google-analytics.com\/analytics.js','ga'); ga('create', 'UA-40885373-1', 'robertabudasalon.com'); ga('send', 'pageview'); \/\/ ]]><\/script><\/p>\n<p>&nbsp;<\/p>\n","protected":false},"excerpt":{"rendered":"<p>Salones de Belleza Merida Hair | Verano 2011, Corte Hombres Merida click for English Fotos por BDG Foto Video. M\u00e9rida | Yucat\u00e1n, M\u00e9xico | Michael Young Jr. destacados y corte hombres Merida para estilista, Robert Abuda de Robert Abuda Salon de Belleza M\u00e9rida. Mirada sunkissed en el pelo largo que lleva a cabo el azul [&hellip;]<\/p>\n","protected":false},"author":1,"featured_media":0,"parent":0,"menu_order":0,"comment_status":"closed","ping_status":"closed","template":"","meta":{"nf_dc_page":"","footnotes":""},"yst_prominent_words":[],"class_list":["post-6512","page","type-page","status-publish","entry"],"yoast_head":"<!-- This site is optimized with the Yoast SEO Premium plugin v14.4.1 - https:\/\/yoast.com\/wordpress\/plugins\/seo\/ -->\n<title>Corte Hombres Merida, Verano 2011 | Robert Abuda Merida Hair Salon<\/title>\n<meta name=\"description\" content=\"Corte Hombres Merida MEXICO, Salones de Belleza Merida Hair, 470C Paseo de Montejo y Calle 39 Merida Yucatan. Estilistas professionales. TEL 999 926 3015\" \/>\n<meta name=\"robots\" content=\"index, follow\" \/>\n<meta name=\"googlebot\" content=\"index, follow, max-snippet:-1, max-image-preview:large, max-video-preview:-1\" \/>\n<meta name=\"bingbot\" content=\"index, follow, max-snippet:-1, max-image-preview:large, max-video-preview:-1\" \/>\n<link rel=\"canonical\" href=\"https:\/\/robertabudasalon.com\/es\/corte-hombres-merida\/\" \/>\n<meta property=\"og:locale\" content=\"es_ES\" \/>\n<meta property=\"og:type\" content=\"article\" \/>\n<meta property=\"og:title\" content=\"Corte Hombres Merida, Verano 2011 | Robert Abuda Merida Hair Salon\" \/>\n<meta property=\"og:description\" content=\"Corte Hombres Merida MEXICO, Salones de Belleza Merida Hair, 470C Paseo de Montejo y Calle 39 Merida Yucatan. Estilistas professionales. TEL 999 926 3015\" \/>\n<meta property=\"og:url\" content=\"https:\/\/robertabudasalon.com\/es\/corte-hombres-merida\/\" \/>\n<meta property=\"og:site_name\" content=\"Robert Abuda Merida Hair Salon\" \/>\n<meta property=\"article:publisher\" content=\"https:\/\/www.facebook.com\/RobertAbudaSalondeBellezaMerida\" \/>\n<meta property=\"article:author\" content=\"https:\/\/www.facebook.com\/RobertAbudaSalondeBellezaMerida\" \/>\n<meta property=\"article:modified_time\" content=\"2018-11-26T21:33:21+00:00\" \/>\n<meta property=\"og:image\" content=\"http:\/\/robertabudasalon.com\/wp-content\/uploads\/2013\/05\/salones-de-belleza-merida-hair-salon-paseo-montejo-1.jpg\" \/>\n<meta property=\"fb:app_id\" content=\"https:\/\/www.facebook.com\/RobertAbudaSalondeBellezaMerida\" \/>\n<meta name=\"twitter:card\" content=\"summary\" \/>\n<meta name=\"twitter:creator\" content=\"@RobAbudaSalon\" \/>\n<meta name=\"twitter:site\" content=\"@RobAbudaSalon\" \/>\n<script type=\"application\/ld+json\" class=\"yoast-schema-graph\">{\"@context\":\"https:\/\/schema.org\",\"@graph\":[{\"@type\":\"WebSite\",\"@id\":\"https:\/\/robertabudasalon.com\/es\/#website\",\"url\":\"https:\/\/robertabudasalon.com\/es\/\",\"name\":\"Robert Abuda Merida Hair Salon\",\"description\":\"Hair Salon Merida, Salon de Belleza Merida +52 999 926 3015, #470C Paseo de Montejo, Peluqueria y SPA.\",\"potentialAction\":[{\"@type\":\"SearchAction\",\"target\":\"https:\/\/robertabudasalon.com\/es\/?s={search_term_string}\",\"query-input\":\"required name=search_term_string\"}],\"inLanguage\":\"es-ES\"},{\"@type\":\"ImageObject\",\"@id\":\"https:\/\/robertabudasalon.com\/es\/corte-hombres-merida\/#primaryimage\",\"inLanguage\":\"es-ES\",\"url\":\"http:\/\/robertabudasalon.com\/wp-content\/uploads\/2013\/05\/salones-de-belleza-merida-hair-salon-paseo-montejo-1.jpg\"},{\"@type\":\"WebPage\",\"@id\":\"https:\/\/robertabudasalon.com\/es\/corte-hombres-merida\/#webpage\",\"url\":\"https:\/\/robertabudasalon.com\/es\/corte-hombres-merida\/\",\"name\":\"Corte Hombres Merida, Verano 2011 | Robert Abuda Merida Hair Salon\",\"isPartOf\":{\"@id\":\"https:\/\/robertabudasalon.com\/es\/#website\"},\"primaryImageOfPage\":{\"@id\":\"https:\/\/robertabudasalon.com\/es\/corte-hombres-merida\/#primaryimage\"},\"datePublished\":\"2018-11-26T20:36:51+00:00\",\"dateModified\":\"2018-11-26T21:33:21+00:00\",\"description\":\"Corte Hombres Merida MEXICO, Salones de Belleza Merida Hair, 470C Paseo de Montejo y Calle 39 Merida Yucatan. Estilistas professionales. TEL 999 926 3015\",\"inLanguage\":\"es-ES\",\"potentialAction\":[{\"@type\":\"ReadAction\",\"target\":[\"https:\/\/robertabudasalon.com\/es\/corte-hombres-merida\/\"]}]}]}<\/script>\n<!-- \/ Yoast SEO Premium plugin. -->","jetpack_sharing_enabled":true,"jetpack_shortlink":"https:\/\/wp.me\/P6c51u-1H2","amp_enabled":true,"_links":{"self":[{"href":"https:\/\/robertabudasalon.com\/es\/wp-json\/wp\/v2\/pages\/6512","targetHints":{"allow":["GET"]}}],"collection":[{"href":"https:\/\/robertabudasalon.com\/es\/wp-json\/wp\/v2\/pages"}],"about":[{"href":"https:\/\/robertabudasalon.com\/es\/wp-json\/wp\/v2\/types\/page"}],"author":[{"embeddable":true,"href":"https:\/\/robertabudasalon.com\/es\/wp-json\/wp\/v2\/users\/1"}],"replies":[{"embeddable":true,"href":"https:\/\/robertabudasalon.com\/es\/wp-json\/wp\/v2\/comments?post=6512"}],"version-history":[{"count":4,"href":"https:\/\/robertabudasalon.com\/es\/wp-json\/wp\/v2\/pages\/6512\/revisions"}],"predecessor-version":[{"id":6520,"href":"https:\/\/robertabudasalon.com\/es\/wp-json\/wp\/v2\/pages\/6512\/revisions\/6520"}],"wp:attachment":[{"href":"https:\/\/robertabudasalon.com\/es\/wp-json\/wp\/v2\/media?parent=6512"}],"wp:term":[{"taxonomy":"yst_prominent_words","embeddable":true,"href":"https:\/\/robertabudasalon.com\/es\/wp-json\/wp\/v2\/yst_prominent_words?post=6512"}],"curies":[{"name":"wp","href":"https:\/\/api.w.org\/{rel}","templated":true}]}}