{"id":6502,"date":"2018-11-26T11:35:35","date_gmt":"2018-11-26T17:35:35","guid":{"rendered":"http:\/\/www.robertabudasalon.com\/?page_id=6502"},"modified":"2018-11-26T11:35:35","modified_gmt":"2018-11-26T17:35:35","slug":"symphonica-merida","status":"publish","type":"page","link":"https:\/\/robertabudasalon.com\/es\/symphonica-merida\/","title":{"rendered":"Symphonica Merida"},"content":{"rendered":"<p><!--:en--><\/p>\n<h2>MERIDA SALON de BELLEZA HAIR<\/h2>\n<p><span id=\"result_box\" class=\"\" lang=\"es\">SALON de BELLEZA MERIDA &#8211; SYNHONICA PHOTO SHOOT Con Gaby Perez Rosado para Robert Abuda Merida Salon de Belleza. POR BDG PHOTO VIDEO. Peinado y Maquillaje de Adriana. Estilismo de Marifer. <span class=\"\">En el local en el Teatro Jos\u00e9 Pe\u00f3n Contreras en M\u00e9rida, Yucat\u00e1n, M\u00e9xico.<\/span> Hogar de la Orquesta Sinf\u00f3nica de M\u00e9rida. Es una visita obligada durante su estad\u00eda en M\u00e9rida por su historia, arquitectura y porque siempre tiene algo que ofrecer a sus visitantes: eventos, exposiciones y, por supuesto, conciertos.<\/p>\n<p><span class=\"\">Ubicado en la esquina de las calles 60 y 57, Centro, el teatro m\u00e1s antiguo y hermoso de M\u00e9rida debe su nombre al poeta, novelista, dramaturgo, m\u00e9dico y pol\u00edtico yucateco Jos\u00e9 Pe\u00f3n Contreras (1843-1907).<\/span> <span class=\"\">Tan pronto como ingrese al teatro, se sorprender\u00e1 de los detalles de los elementos arquitect\u00f3nicos.<\/span> <span class=\"\">Camina por su amplio vest\u00edbulo hasta la monumental escalera de m\u00e1rmol que te lleva al vest\u00edbulo superior y al teatro.<\/span> <span class=\"\">Desde la terraza de este nivel tiene una vista de la calle 60.<\/span><\/span><\/p>\n<figure id=\"attachment_1290\" aria-describedby=\"caption-attachment-1290\" style=\"width: 693px\" class=\"wp-caption alignleft\"><a href=\"http:\/\/robertabudasalon.com\/wp-content\/uploads\/2013\/06\/Robert-Abuda-Salon-7.jpg\"><img loading=\"lazy\" decoding=\"async\" class=\"wp-image-1290 size-large\" style=\"margin: 5px;\" src=\"https:\/\/robertabudasalon.com\/wp-content\/uploads\/2013\/06\/Robert-Abuda-Salon-7-693x1024.jpg\" alt=\"Hair Salon Merida\" width=\"693\" height=\"1024\" srcset=\"https:\/\/robertabudasalon.com\/wp-content\/uploads\/2013\/06\/Robert-Abuda-Salon-7.jpg 693w, https:\/\/robertabudasalon.com\/wp-content\/uploads\/2013\/06\/Robert-Abuda-Salon-7.jpg 600w, https:\/\/robertabudasalon.com\/wp-content\/uploads\/2013\/06\/Robert-Abuda-Salon-7.jpg 203w, https:\/\/robertabudasalon.com\/wp-content\/uploads\/2013\/06\/Robert-Abuda-Salon-7.jpg 778w\" sizes=\"auto, (max-width: 693px) 100vw, 693px\" \/><\/a><figcaption id=\"caption-attachment-1290\" class=\"wp-caption-text\">Salon de Belleza Merida Hair 1<\/figcaption><\/figure>\n<figure id=\"attachment_1289\" aria-describedby=\"caption-attachment-1289\" style=\"width: 635px\" class=\"wp-caption alignleft\"><a href=\"http:\/\/robertabudasalon.com\/wp-content\/uploads\/2013\/06\/Robert-Abuda-Salon-6.jpg\"><img loading=\"lazy\" decoding=\"async\" class=\"wp-image-1289 size-full\" style=\"margin: 5px;\" src=\"http:\/\/robertabudasalon.com\/wp-content\/uploads\/2013\/06\/Robert-Abuda-Salon-6.jpg\" alt=\"Hair Salon Merida\" width=\"635\" height=\"960\" srcset=\"https:\/\/robertabudasalon.com\/wp-content\/uploads\/2013\/06\/Robert-Abuda-Salon-6.jpg 635w, https:\/\/robertabudasalon.com\/wp-content\/uploads\/2013\/06\/Robert-Abuda-Salon-6.jpg 600w, https:\/\/robertabudasalon.com\/wp-content\/uploads\/2013\/06\/Robert-Abuda-Salon-6.jpg 198w\" sizes=\"auto, (max-width: 635px) 100vw, 635px\" \/><\/a><figcaption id=\"caption-attachment-1289\" class=\"wp-caption-text\">Salon de Belleza Merida 2<\/figcaption><\/figure>\n<figure id=\"attachment_1288\" aria-describedby=\"caption-attachment-1288\" style=\"width: 676px\" class=\"wp-caption alignleft\"><a href=\"http:\/\/robertabudasalon.com\/wp-content\/uploads\/2013\/06\/Robert-Abuda-Salon-5.jpg\"><img loading=\"lazy\" decoding=\"async\" class=\"wp-image-1288 size-large\" style=\"margin: 5px;\" src=\"https:\/\/robertabudasalon.com\/wp-content\/uploads\/2013\/06\/Robert-Abuda-Salon-5-676x1024.jpg\" alt=\"Symphonica Salon de Belleza Merida 1\" width=\"676\" height=\"1024\" srcset=\"https:\/\/robertabudasalon.com\/wp-content\/uploads\/2013\/06\/Robert-Abuda-Salon-5.jpg 676w, https:\/\/robertabudasalon.com\/wp-content\/uploads\/2013\/06\/Robert-Abuda-Salon-5.jpg 600w, https:\/\/robertabudasalon.com\/wp-content\/uploads\/2013\/06\/Robert-Abuda-Salon-5.jpg 198w, https:\/\/robertabudasalon.com\/wp-content\/uploads\/2013\/06\/Robert-Abuda-Salon-5.jpg 781w\" sizes=\"auto, (max-width: 676px) 100vw, 676px\" \/><\/a><figcaption id=\"caption-attachment-1288\" class=\"wp-caption-text\">Salon de Belleza Merida 3<\/figcaption><\/figure>\n<figure id=\"attachment_1287\" aria-describedby=\"caption-attachment-1287\" style=\"width: 1024px\" class=\"wp-caption alignleft\"><a href=\"http:\/\/robertabudasalon.com\/wp-content\/uploads\/2013\/06\/Robert-Abuda-Salon-4.jpg\"><img loading=\"lazy\" decoding=\"async\" class=\"wp-image-1287 size-large\" style=\"margin: 5px;\" src=\"https:\/\/robertabudasalon.com\/wp-content\/uploads\/2013\/06\/Robert-Abuda-Salon-4-1024x629.jpg\" alt=\"Symphonica Salon de Belleza Merida 2\" width=\"1024\" height=\"629\" srcset=\"https:\/\/robertabudasalon.com\/wp-content\/uploads\/2013\/06\/Robert-Abuda-Salon-4.jpg 1024w, https:\/\/robertabudasalon.com\/wp-content\/uploads\/2013\/06\/Robert-Abuda-Salon-4.jpg 600w, https:\/\/robertabudasalon.com\/wp-content\/uploads\/2013\/06\/Robert-Abuda-Salon-4.jpg 300w, https:\/\/robertabudasalon.com\/wp-content\/uploads\/2013\/06\/Robert-Abuda-Salon-4.jpg 1183w\" sizes=\"auto, (max-width: 714px) 100vw, 714px\" \/><\/a><figcaption id=\"caption-attachment-1287\" class=\"wp-caption-text\">Salon de Belleza Merida 4<\/figcaption><\/figure>\n<figure id=\"attachment_1286\" aria-describedby=\"caption-attachment-1286\" style=\"width: 677px\" class=\"wp-caption alignleft\"><a href=\"http:\/\/robertabudasalon.com\/wp-content\/uploads\/2013\/06\/Robert-Abuda-Salon-3.jpg\"><img loading=\"lazy\" decoding=\"async\" class=\"wp-image-1286 size-large\" style=\"margin: 5px;\" src=\"https:\/\/robertabudasalon.com\/wp-content\/uploads\/2013\/06\/Robert-Abuda-Salon-3-677x1024.jpg\" alt=\"Symphonica Salon de Belleza Merida 3\" width=\"677\" height=\"1024\" srcset=\"https:\/\/robertabudasalon.com\/wp-content\/uploads\/2013\/06\/Robert-Abuda-Salon-3.jpg 677w, https:\/\/robertabudasalon.com\/wp-content\/uploads\/2013\/06\/Robert-Abuda-Salon-3.jpg 600w, https:\/\/robertabudasalon.com\/wp-content\/uploads\/2013\/06\/Robert-Abuda-Salon-3.jpg 198w, https:\/\/robertabudasalon.com\/wp-content\/uploads\/2013\/06\/Robert-Abuda-Salon-3.jpg 783w\" sizes=\"auto, (max-width: 677px) 100vw, 677px\" \/><\/a><figcaption id=\"caption-attachment-1286\" class=\"wp-caption-text\">Salon de Belleza Merida 5<\/figcaption><\/figure>\n<figure id=\"attachment_1285\" aria-describedby=\"caption-attachment-1285\" style=\"width: 1024px\" class=\"wp-caption alignleft\"><a href=\"http:\/\/robertabudasalon.com\/wp-content\/uploads\/2013\/06\/Robert-Abuda-Salon-1.jpg\"><img loading=\"lazy\" decoding=\"async\" class=\"wp-image-1285 size-large\" style=\"margin: 5px;\" src=\"https:\/\/robertabudasalon.com\/wp-content\/uploads\/2013\/06\/Robert-Abuda-Salon-1-1024x677.jpg\" alt=\"merida salon de belleza hair 3\" width=\"1024\" height=\"677\" srcset=\"https:\/\/robertabudasalon.com\/wp-content\/uploads\/2013\/06\/Robert-Abuda-Salon-1.jpg 1024w, https:\/\/robertabudasalon.com\/wp-content\/uploads\/2013\/06\/Robert-Abuda-Salon-1.jpg 600w, https:\/\/robertabudasalon.com\/wp-content\/uploads\/2013\/06\/Robert-Abuda-Salon-1.jpg 300w, https:\/\/robertabudasalon.com\/wp-content\/uploads\/2013\/06\/Robert-Abuda-Salon-1.jpg 1183w\" sizes=\"auto, (max-width: 714px) 100vw, 714px\" \/><\/a><figcaption id=\"caption-attachment-1285\" class=\"wp-caption-text\">Merida salon de belleza hair 3.<\/figcaption><\/figure>\n<figure id=\"attachment_1285\" aria-describedby=\"caption-attachment-1285\" style=\"width: 1024px\" class=\"wp-caption alignleft\"><a href=\"http:\/\/robertabudasalon.com\/wp-content\/uploads\/2013\/06\/Robert-Abuda-Salon-1.jpg\"><img loading=\"lazy\" decoding=\"async\" class=\"wp-image-1285 size-large\" style=\"margin: 5px;\" src=\"https:\/\/robertabudasalon.com\/wp-content\/uploads\/2013\/06\/Robert-Abuda-Salon-1-1024x677.jpg\" alt=\"Symphonica Salon de Belleza Merida 5\" width=\"1024\" height=\"677\" srcset=\"https:\/\/robertabudasalon.com\/wp-content\/uploads\/2013\/06\/Robert-Abuda-Salon-1.jpg 1024w, https:\/\/robertabudasalon.com\/wp-content\/uploads\/2013\/06\/Robert-Abuda-Salon-1.jpg 600w, https:\/\/robertabudasalon.com\/wp-content\/uploads\/2013\/06\/Robert-Abuda-Salon-1.jpg 300w, https:\/\/robertabudasalon.com\/wp-content\/uploads\/2013\/06\/Robert-Abuda-Salon-1.jpg 1183w\" sizes=\"auto, (max-width: 714px) 100vw, 714px\" \/><\/a><figcaption id=\"caption-attachment-1285\" class=\"wp-caption-text\">Salon de Belleza Merida 7.<\/figcaption><\/figure>\n<figure id=\"attachment_1286\" aria-describedby=\"caption-attachment-1286\" style=\"width: 677px\" class=\"wp-caption alignleft\"><a href=\"http:\/\/robertabudasalon.com\/wp-content\/uploads\/2013\/06\/Robert-Abuda-Salon-3.jpg\"><img loading=\"lazy\" decoding=\"async\" class=\"wp-image-1286 size-large\" style=\"margin: 5px;\" src=\"https:\/\/robertabudasalon.com\/wp-content\/uploads\/2013\/06\/Robert-Abuda-Salon-3-677x1024.jpg\" alt=\"merida salon de belleza\" width=\"677\" height=\"1024\" srcset=\"https:\/\/robertabudasalon.com\/wp-content\/uploads\/2013\/06\/Robert-Abuda-Salon-3.jpg 677w, https:\/\/robertabudasalon.com\/wp-content\/uploads\/2013\/06\/Robert-Abuda-Salon-3.jpg 600w, https:\/\/robertabudasalon.com\/wp-content\/uploads\/2013\/06\/Robert-Abuda-Salon-3.jpg 198w, https:\/\/robertabudasalon.com\/wp-content\/uploads\/2013\/06\/Robert-Abuda-Salon-3.jpg 783w\" sizes=\"auto, (max-width: 677px) 100vw, 677px\" \/><\/a><figcaption id=\"caption-attachment-1286\" class=\"wp-caption-text\">Salon de Belleza Merida 8.<\/figcaption><\/figure>\n<figure id=\"attachment_1287\" aria-describedby=\"caption-attachment-1287\" style=\"width: 1024px\" class=\"wp-caption alignleft\"><a href=\"http:\/\/robertabudasalon.com\/wp-content\/uploads\/2013\/06\/Robert-Abuda-Salon-4.jpg\"><img loading=\"lazy\" decoding=\"async\" class=\"wp-image-1287 size-large\" style=\"margin: 5px;\" src=\"https:\/\/robertabudasalon.com\/wp-content\/uploads\/2013\/06\/Robert-Abuda-Salon-4-1024x629.jpg\" alt=\"Salon de Belleza Merida 9\" width=\"1024\" height=\"629\" srcset=\"https:\/\/robertabudasalon.com\/wp-content\/uploads\/2013\/06\/Robert-Abuda-Salon-4.jpg 1024w, https:\/\/robertabudasalon.com\/wp-content\/uploads\/2013\/06\/Robert-Abuda-Salon-4.jpg 600w, https:\/\/robertabudasalon.com\/wp-content\/uploads\/2013\/06\/Robert-Abuda-Salon-4.jpg 300w, https:\/\/robertabudasalon.com\/wp-content\/uploads\/2013\/06\/Robert-Abuda-Salon-4.jpg 1183w\" sizes=\"auto, (max-width: 714px) 100vw, 714px\" \/><\/a><figcaption id=\"caption-attachment-1287\" class=\"wp-caption-text\">Merida salon de belleza hair 2.<\/figcaption><\/figure>\n<figure id=\"attachment_1288\" aria-describedby=\"caption-attachment-1288\" style=\"width: 676px\" class=\"wp-caption alignleft\"><a href=\"http:\/\/robertabudasalon.com\/wp-content\/uploads\/2013\/06\/Robert-Abuda-Salon-5.jpg\"><img loading=\"lazy\" decoding=\"async\" class=\"wp-image-1288 size-large\" style=\"margin: 5px;\" src=\"https:\/\/robertabudasalon.com\/wp-content\/uploads\/2013\/06\/Robert-Abuda-Salon-5-676x1024.jpg\" alt=\"Salon de Belleza Hair Salon Merida\" width=\"676\" height=\"1024\" srcset=\"https:\/\/robertabudasalon.com\/wp-content\/uploads\/2013\/06\/Robert-Abuda-Salon-5.jpg 676w, https:\/\/robertabudasalon.com\/wp-content\/uploads\/2013\/06\/Robert-Abuda-Salon-5.jpg 600w, https:\/\/robertabudasalon.com\/wp-content\/uploads\/2013\/06\/Robert-Abuda-Salon-5.jpg 198w, https:\/\/robertabudasalon.com\/wp-content\/uploads\/2013\/06\/Robert-Abuda-Salon-5.jpg 781w\" sizes=\"auto, (max-width: 676px) 100vw, 676px\" \/><\/a><figcaption id=\"caption-attachment-1288\" class=\"wp-caption-text\">Salon de Belleza and Hair Salon Merida.<\/figcaption><\/figure>\n<p><a href=\"\/\/pinterest.com\/pin\/create\/button\/?url=http%3A%2F%2Fwww.flickr.com%2Fphotos%2Fkentbrew%2F6851755809%2F&amp;media=http%3A%2F%2Ffarm8.staticflickr.com%2F7027%2F6851755809_df5b2051c9_z.jpg&amp;description=Next%20stop%3A%20Pinterest\" data-pin-do=\"buttonPin\" data-pin-config=\"above\"><img decoding=\"async\" src=\"\/\/assets.pinterest.com\/images\/pidgets\/pin_it_button.png\" alt=\"\" \/><\/a><\/p>\n<p><script>\/\/ <![CDATA[ (function(i,s,o,g,r,a,m){i['GoogleAnalyticsObject']=r;i[r]=i[r]||function(){ (i[r].q=i[r].q||[]).push(arguments)},i[r].l=1*new Date();a=s.createElement(o), m=s.getElementsByTagName(o)[0];a.async=1;a.src=g;m.parentNode.insertBefore(a,m) })(window,document,'script','\/\/www.google-analytics.com\/analytics.js','ga'); ga('create', 'UA-40885373-1', 'robertabudasalon.com'); ga('send', 'pageview'); \/\/ ]]><\/script><!--:--><!--:es--><\/p>\n<figure id=\"attachment_1290\" aria-describedby=\"caption-attachment-1290\" style=\"width: 693px\" class=\"wp-caption alignleft\"><a href=\"http:\/\/robertabudasalon.com\/wp-content\/uploads\/2013\/06\/Robert-Abuda-Salon-7.jpg\"><img loading=\"lazy\" decoding=\"async\" class=\"wp-image-1290 size-large\" style=\"margin: 5px;\" src=\"https:\/\/robertabudasalon.com\/wp-content\/uploads\/2013\/06\/Robert-Abuda-Salon-7-693x1024.jpg\" alt=\"Hair Salon Merida\" width=\"693\" height=\"1024\" srcset=\"https:\/\/robertabudasalon.com\/wp-content\/uploads\/2013\/06\/Robert-Abuda-Salon-7.jpg 693w, https:\/\/robertabudasalon.com\/wp-content\/uploads\/2013\/06\/Robert-Abuda-Salon-7.jpg 600w, https:\/\/robertabudasalon.com\/wp-content\/uploads\/2013\/06\/Robert-Abuda-Salon-7.jpg 203w, https:\/\/robertabudasalon.com\/wp-content\/uploads\/2013\/06\/Robert-Abuda-Salon-7.jpg 778w\" sizes=\"auto, (max-width: 693px) 100vw, 693px\" \/><\/a><figcaption id=\"caption-attachment-1290\" class=\"wp-caption-text\">Hair Salon Merida.<\/figcaption><\/figure>\n<figure id=\"attachment_1289\" aria-describedby=\"caption-attachment-1289\" style=\"width: 635px\" class=\"wp-caption alignleft\"><a href=\"http:\/\/robertabudasalon.com\/wp-content\/uploads\/2013\/06\/Robert-Abuda-Salon-6.jpg\"><img loading=\"lazy\" decoding=\"async\" class=\"wp-image-1289 size-full\" style=\"margin: 5px;\" src=\"http:\/\/robertabudasalon.com\/wp-content\/uploads\/2013\/06\/Robert-Abuda-Salon-6.jpg\" alt=\"Hair Salon Merida\" width=\"635\" height=\"960\" srcset=\"https:\/\/robertabudasalon.com\/wp-content\/uploads\/2013\/06\/Robert-Abuda-Salon-6.jpg 635w, https:\/\/robertabudasalon.com\/wp-content\/uploads\/2013\/06\/Robert-Abuda-Salon-6.jpg 600w, https:\/\/robertabudasalon.com\/wp-content\/uploads\/2013\/06\/Robert-Abuda-Salon-6.jpg 198w\" sizes=\"auto, (max-width: 635px) 100vw, 635px\" \/><\/a><figcaption id=\"caption-attachment-1289\" class=\"wp-caption-text\">Hair Salon Merida 2.<\/figcaption><\/figure>\n<figure id=\"attachment_1288\" aria-describedby=\"caption-attachment-1288\" style=\"width: 676px\" class=\"wp-caption alignleft\"><a href=\"http:\/\/robertabudasalon.com\/wp-content\/uploads\/2013\/06\/Robert-Abuda-Salon-5.jpg\"><img loading=\"lazy\" decoding=\"async\" class=\"wp-image-1288 size-large\" style=\"margin: 5px;\" src=\"https:\/\/robertabudasalon.com\/wp-content\/uploads\/2013\/06\/Robert-Abuda-Salon-5-676x1024.jpg\" alt=\"Salon de Belleza Merida 12\" width=\"676\" height=\"1024\" srcset=\"https:\/\/robertabudasalon.com\/wp-content\/uploads\/2013\/06\/Robert-Abuda-Salon-5.jpg 676w, https:\/\/robertabudasalon.com\/wp-content\/uploads\/2013\/06\/Robert-Abuda-Salon-5.jpg 600w, https:\/\/robertabudasalon.com\/wp-content\/uploads\/2013\/06\/Robert-Abuda-Salon-5.jpg 198w, https:\/\/robertabudasalon.com\/wp-content\/uploads\/2013\/06\/Robert-Abuda-Salon-5.jpg 781w\" sizes=\"auto, (max-width: 676px) 100vw, 676px\" \/><\/a><figcaption id=\"caption-attachment-1288\" class=\"wp-caption-text\">Salon de Belleza Merida 12.<\/figcaption><\/figure>\n<figure id=\"attachment_1287\" aria-describedby=\"caption-attachment-1287\" style=\"width: 1024px\" class=\"wp-caption alignleft\"><a href=\"http:\/\/robertabudasalon.com\/wp-content\/uploads\/2013\/06\/Robert-Abuda-Salon-4.jpg\"><img loading=\"lazy\" decoding=\"async\" class=\"wp-image-1287 size-large\" style=\"margin: 5px;\" src=\"https:\/\/robertabudasalon.com\/wp-content\/uploads\/2013\/06\/Robert-Abuda-Salon-4-1024x629.jpg\" alt=\"Salon de Belleza Merida 22 Hair\" width=\"1024\" height=\"629\" srcset=\"https:\/\/robertabudasalon.com\/wp-content\/uploads\/2013\/06\/Robert-Abuda-Salon-4.jpg 1024w, https:\/\/robertabudasalon.com\/wp-content\/uploads\/2013\/06\/Robert-Abuda-Salon-4.jpg 600w, https:\/\/robertabudasalon.com\/wp-content\/uploads\/2013\/06\/Robert-Abuda-Salon-4.jpg 300w, https:\/\/robertabudasalon.com\/wp-content\/uploads\/2013\/06\/Robert-Abuda-Salon-4.jpg 1183w\" sizes=\"auto, (max-width: 714px) 100vw, 714px\" \/><\/a><figcaption id=\"caption-attachment-1287\" class=\"wp-caption-text\">Salon de Belleza Merida and Hair Salon Merida.<\/figcaption><\/figure>\n<figure id=\"attachment_1286\" aria-describedby=\"caption-attachment-1286\" style=\"width: 677px\" class=\"wp-caption alignleft\"><a href=\"http:\/\/robertabudasalon.com\/wp-content\/uploads\/2013\/06\/Robert-Abuda-Salon-3.jpg\"><img loading=\"lazy\" decoding=\"async\" class=\"wp-image-1286 size-large\" style=\"margin: 5px;\" src=\"https:\/\/robertabudasalon.com\/wp-content\/uploads\/2013\/06\/Robert-Abuda-Salon-3-677x1024.jpg\" alt=\"merida salon de belleza hair\" width=\"677\" height=\"1024\" srcset=\"https:\/\/robertabudasalon.com\/wp-content\/uploads\/2013\/06\/Robert-Abuda-Salon-3.jpg 677w, https:\/\/robertabudasalon.com\/wp-content\/uploads\/2013\/06\/Robert-Abuda-Salon-3.jpg 600w, https:\/\/robertabudasalon.com\/wp-content\/uploads\/2013\/06\/Robert-Abuda-Salon-3.jpg 198w, https:\/\/robertabudasalon.com\/wp-content\/uploads\/2013\/06\/Robert-Abuda-Salon-3.jpg 783w\" sizes=\"auto, (max-width: 677px) 100vw, 677px\" \/><\/a><figcaption id=\"caption-attachment-1286\" class=\"wp-caption-text\">Merida salon de belleza hair 14.<\/figcaption><\/figure>\n<figure id=\"attachment_1285\" aria-describedby=\"caption-attachment-1285\" style=\"width: 1024px\" class=\"wp-caption alignleft\"><a href=\"http:\/\/robertabudasalon.com\/wp-content\/uploads\/2013\/06\/Robert-Abuda-Salon-1.jpg\"><img loading=\"lazy\" decoding=\"async\" class=\"wp-image-1285 size-large\" style=\"margin: 5px;\" src=\"https:\/\/robertabudasalon.com\/wp-content\/uploads\/2013\/06\/Robert-Abuda-Salon-1-1024x677.jpg\" alt=\"Salon de Belleza Merida\" width=\"1024\" height=\"677\" srcset=\"https:\/\/robertabudasalon.com\/wp-content\/uploads\/2013\/06\/Robert-Abuda-Salon-1.jpg 1024w, https:\/\/robertabudasalon.com\/wp-content\/uploads\/2013\/06\/Robert-Abuda-Salon-1.jpg 600w, https:\/\/robertabudasalon.com\/wp-content\/uploads\/2013\/06\/Robert-Abuda-Salon-1.jpg 300w, https:\/\/robertabudasalon.com\/wp-content\/uploads\/2013\/06\/Robert-Abuda-Salon-1.jpg 1183w\" sizes=\"auto, (max-width: 714px) 100vw, 714px\" \/><\/a><figcaption id=\"caption-attachment-1285\" class=\"wp-caption-text\">Merida Salon de Belleza and Hair Salon Merida.<\/figcaption><\/figure>\n<p>&nbsp;<\/p>\n<p>&nbsp;<\/p>\n<p><script>\/\/ <![CDATA[ (function(i,s,o,g,r,a,m){i['GoogleAnalyticsObject']=r;i[r]=i[r]||function(){ (i[r].q=i[r].q||[]).push(arguments)},i[r].l=1*new Date();a=s.createElement(o), m=s.getElementsByTagName(o)[0];a.async=1;a.src=g;m.parentNode.insertBefore(a,m) })(window,document,'script','\/\/www.google-analytics.com\/analytics.js','ga'); ga('create', 'UA-40885373-1', 'robertabudasalon.com'); ga('send', 'pageview'); \/\/ ]]><\/script><!--:--><\/p>\n","protected":false},"excerpt":{"rendered":"<p>MERIDA SALON de BELLEZA HAIR SALON de BELLEZA MERIDA &#8211; SYNHONICA PHOTO SHOOT Con Gaby Perez Rosado para Robert Abuda Merida Salon de Belleza. POR BDG PHOTO VIDEO. Peinado y Maquillaje de Adriana. Estilismo de Marifer. En el local en el Teatro Jos\u00e9 Pe\u00f3n Contreras en M\u00e9rida, Yucat\u00e1n, M\u00e9xico. Hogar de la Orquesta Sinf\u00f3nica de [&hellip;]<\/p>\n","protected":false},"author":1,"featured_media":0,"parent":0,"menu_order":0,"comment_status":"closed","ping_status":"closed","template":"","meta":{"nf_dc_page":"","jetpack_post_was_ever_published":false,"footnotes":""},"yst_prominent_words":[],"class_list":["post-6502","page","type-page","status-publish","entry"],"yoast_head":"<!-- This site is optimized with the Yoast SEO Premium plugin v14.4.1 - https:\/\/yoast.com\/wordpress\/plugins\/seo\/ -->\n<title>Symphonica Merida | Robert Abuda Merida Hair Salon<\/title>\n<meta name=\"description\" content=\"Peon Contrares Merida Robert Abuda Salon, Paseo de Montejo, Maquillaje, Peinados, Bodas, Novias, Destination Wedding, TEL 999 926 3015\" \/>\n<meta name=\"robots\" content=\"index, follow\" \/>\n<meta name=\"googlebot\" content=\"index, follow, max-snippet:-1, max-image-preview:large, max-video-preview:-1\" \/>\n<meta name=\"bingbot\" content=\"index, follow, max-snippet:-1, max-image-preview:large, max-video-preview:-1\" \/>\n<link rel=\"canonical\" href=\"https:\/\/robertabudasalon.com\/es\/symphonica-merida\/\" \/>\n<meta property=\"og:locale\" content=\"es_ES\" \/>\n<meta property=\"og:type\" content=\"article\" \/>\n<meta property=\"og:title\" content=\"Symphonica Merida | Robert Abuda Merida Hair Salon\" \/>\n<meta property=\"og:description\" content=\"Peon Contrares Merida Robert Abuda Salon, Paseo de Montejo, Maquillaje, Peinados, Bodas, Novias, Destination Wedding, TEL 999 926 3015\" \/>\n<meta property=\"og:url\" content=\"https:\/\/robertabudasalon.com\/es\/symphonica-merida\/\" \/>\n<meta property=\"og:site_name\" content=\"Robert Abuda Merida Hair Salon\" \/>\n<meta property=\"article:publisher\" content=\"https:\/\/www.facebook.com\/RobertAbudaSalondeBellezaMerida\" \/>\n<meta property=\"article:author\" content=\"https:\/\/www.facebook.com\/RobertAbudaSalondeBellezaMerida\" \/>\n<meta property=\"og:image\" content=\"http:\/\/robertabudasalon.com\/wp-content\/uploads\/2013\/06\/Robert-Abuda-Salon-7-693x1024.jpg\" \/>\n<meta property=\"fb:app_id\" content=\"https:\/\/www.facebook.com\/RobertAbudaSalondeBellezaMerida\" \/>\n<meta name=\"twitter:card\" content=\"summary\" \/>\n<meta name=\"twitter:creator\" content=\"@RobAbudaSalon\" \/>\n<meta name=\"twitter:site\" content=\"@RobAbudaSalon\" \/>\n<script type=\"application\/ld+json\" class=\"yoast-schema-graph\">{\"@context\":\"https:\/\/schema.org\",\"@graph\":[{\"@type\":\"WebSite\",\"@id\":\"https:\/\/robertabudasalon.com\/es\/#website\",\"url\":\"https:\/\/robertabudasalon.com\/es\/\",\"name\":\"Robert Abuda Merida Hair Salon\",\"description\":\"Hair Salon Merida, Salon de Belleza Merida +52 999 926 3015, #470C Paseo de Montejo, Peluqueria y SPA.\",\"potentialAction\":[{\"@type\":\"SearchAction\",\"target\":\"https:\/\/robertabudasalon.com\/es\/?s={search_term_string}\",\"query-input\":\"required name=search_term_string\"}],\"inLanguage\":\"es-ES\"},{\"@type\":\"ImageObject\",\"@id\":\"https:\/\/robertabudasalon.com\/es\/symphonica-merida\/#primaryimage\",\"inLanguage\":\"es-ES\",\"url\":\"https:\/\/robertabudasalon.com\/wp-content\/uploads\/2013\/06\/Robert-Abuda-Salon-7-693x1024.jpg\"},{\"@type\":\"WebPage\",\"@id\":\"https:\/\/robertabudasalon.com\/es\/symphonica-merida\/#webpage\",\"url\":\"https:\/\/robertabudasalon.com\/es\/symphonica-merida\/\",\"name\":\"Symphonica Merida | Robert Abuda Merida Hair Salon\",\"isPartOf\":{\"@id\":\"https:\/\/robertabudasalon.com\/es\/#website\"},\"primaryImageOfPage\":{\"@id\":\"https:\/\/robertabudasalon.com\/es\/symphonica-merida\/#primaryimage\"},\"datePublished\":\"2018-11-26T17:35:35+00:00\",\"dateModified\":\"2018-11-26T17:35:35+00:00\",\"description\":\"Peon Contrares Merida Robert Abuda Salon, Paseo de Montejo, Maquillaje, Peinados, Bodas, Novias, Destination Wedding, TEL 999 926 3015\",\"inLanguage\":\"es-ES\",\"potentialAction\":[{\"@type\":\"ReadAction\",\"target\":[\"https:\/\/robertabudasalon.com\/es\/symphonica-merida\/\"]}]}]}<\/script>\n<!-- \/ Yoast SEO Premium plugin. -->","jetpack_sharing_enabled":true,"jetpack_shortlink":"https:\/\/wp.me\/P6c51u-1GS","amp_enabled":true,"_links":{"self":[{"href":"https:\/\/robertabudasalon.com\/es\/wp-json\/wp\/v2\/pages\/6502","targetHints":{"allow":["GET"]}}],"collection":[{"href":"https:\/\/robertabudasalon.com\/es\/wp-json\/wp\/v2\/pages"}],"about":[{"href":"https:\/\/robertabudasalon.com\/es\/wp-json\/wp\/v2\/types\/page"}],"author":[{"embeddable":true,"href":"https:\/\/robertabudasalon.com\/es\/wp-json\/wp\/v2\/users\/1"}],"replies":[{"embeddable":true,"href":"https:\/\/robertabudasalon.com\/es\/wp-json\/wp\/v2\/comments?post=6502"}],"version-history":[{"count":2,"href":"https:\/\/robertabudasalon.com\/es\/wp-json\/wp\/v2\/pages\/6502\/revisions"}],"predecessor-version":[{"id":6504,"href":"https:\/\/robertabudasalon.com\/es\/wp-json\/wp\/v2\/pages\/6502\/revisions\/6504"}],"wp:attachment":[{"href":"https:\/\/robertabudasalon.com\/es\/wp-json\/wp\/v2\/media?parent=6502"}],"wp:term":[{"taxonomy":"yst_prominent_words","embeddable":true,"href":"https:\/\/robertabudasalon.com\/es\/wp-json\/wp\/v2\/yst_prominent_words?post=6502"}],"curies":[{"name":"wp","href":"https:\/\/api.w.org\/{rel}","templated":true}]}}