{"id":6349,"date":"2018-11-16T19:31:22","date_gmt":"2018-11-17T01:31:22","guid":{"rendered":"http:\/\/www.robertabudasalon.com\/?page_id=6349"},"modified":"2020-06-02T22:37:28","modified_gmt":"2020-06-03T03:37:28","slug":"reserva-salon-belleza-merida","status":"publish","type":"page","link":"https:\/\/robertabudasalon.com\/es\/reserva-salon-belleza-merida\/","title":{"rendered":"RESERVA en LINEA"},"content":{"rendered":"<h3>Reserva Salon Belleza Merida<\/h3>\n<p><iframe loading=\"lazy\" src=\"https:\/\/app.acuityscheduling.com\/schedule.php?owner=13414365\" width=\"100%\" height=\"600\" frameBorder=\"0\"><\/iframe><script src=\"https:\/\/d3gxy7nm8y4yjr.cloudfront.net\/js\/embed.js\" type=\"text\/javascript\"><\/script><br \/><span id=\"result_box\" class=\"\" lang=\"es\">Reserva Salon de Belleza Merida | Haga clic arriba para reservar su cita en l\u00ednea ahora. <span class=\"\">Robert Abuda Salon de Belleza M\u00e9rida es un sal\u00f3n de belleza, peluquer\u00eda y SPA que ofrece reservas en l\u00ednea abajo.<\/span> <span class=\"\">Nos especializamos en Cabello, Maquillaje, U\u00f1as (Spa Manicure &amp; Pedicure), as\u00ed como tambi\u00e9n en Minkys Eyelash Extensions.<\/span> <span class=\"\">Tambi\u00e9n ofrecemos los servicios <a href=\"http:\/\/www.olaplex.com\">Olaplex<\/a> Bond Builder y los tratamientos para el cabello Living Proof Timeless.<\/span><\/span><span id=\"result_box\" class=\"\" lang=\"es\"><\/span><\/p>\n<p style=\"text-align: center;\"><a href=\"http:\/\/www.robertabudasalon.com\/es\/shop\/\">&#8211; COMPRAR PRODUCTOS de BELLEZA MEXICO &#8211;<\/a><\/p>\n<h3><!--:en--><\/h3>\n<p><script>\/\/ <![CDATA[ (function(i,s,o,g,r,a,m){i['GoogleAnalyticsObject']=r;i[r]=i[r]||function(){ (i[r].q=i[r].q||[]).push(arguments)},i[r].l=1*new Date();a=s.createElement(o), m=s.getElementsByTagName(o)[0];a.async=1;a.src=g;m.parentNode.insertBefore(a,m) })(window,document,'script','\/\/www.google-analytics.com\/analytics.js','ga'); ga('create', 'UA-40885373-1', 'robertabudasalon.com'); ga('send', 'pageview'); \/\/ ]]><\/script><!--:--><!--:es--><\/p>\n<p><iframe loading=\"lazy\" src=\"https:\/\/app.acuityscheduling.com\/schedule.php?owner=13414365\" width=\"100%\" height=\"800\" frameborder=\"0\" data-mce-fragment=\"1\"><\/iframe><br \/><img loading=\"lazy\" decoding=\"async\" class=\"wp-image-4025 size-large\" src=\"http:\/\/robertabudasalon.com\/wp-content\/uploads\/2012\/10\/RAS-Logo-1024x359.jpg\" alt=\"Salon de Belleza Merida Book Online Hair 02\" width=\"1024\" height=\"359\" srcset=\"https:\/\/robertabudasalon.com\/wp-content\/uploads\/2012\/10\/RAS-Logo.jpg 1024w, https:\/\/robertabudasalon.com\/wp-content\/uploads\/2012\/10\/RAS-Logo.jpg 600w, https:\/\/robertabudasalon.com\/wp-content\/uploads\/2012\/10\/RAS-Logo.jpg 300w, https:\/\/robertabudasalon.com\/wp-content\/uploads\/2012\/10\/RAS-Logo.jpg 768w, http:\/\/robertabudasalon.com\/wp-content\/uploads\/2012\/10\/RAS-Logo.jpg 1428w, http:\/\/robertabudasalon.com\/wp-content\/uploads\/2012\/10\/RAS-Logo.jpg 2142w\" sizes=\"auto, (max-width: 714px) 100vw, 714px\" \/>Salon de Belleza Merida Book Online Hair<\/p>\n\n\n<h4 class=\"wp-block-heading\"><strong>OLAPLEX Hair Treatment Merida by LAURA | Tratamiento OLAPLEX por LAURA 2\/25\/2020<\/strong><\/h4>\n\n\n\n<p>Peggy T. says: &#8220;I loved the personal attention and gentleness of Laura. The only problem? I didn&#8217;t find you sooner. I will most definitely return and highly recommend to others. Even Robert thanking me as I walked out the door was quite nice (and refreshing). It&#8217;s going to be tough to return to my favorite stylist in the US after going to your establishment.&#8221; Peggy T. dice: Me encant\u00f3 la atenci\u00f3n personal y la gentileza de Laura. \u00bfEl \u00fanico problema? No te encontr\u00e9 antes. Definitivamente voy a volver y lo recomiendo a los dem\u00e1s. Incluso Robert agradeci\u00e9ndome mientras sal\u00eda por la puerta fue bastante agradable (y refrescante). Va a ser dif\u00edcil regresar con mi estilista favorito en los Estados Unidos despu\u00e9s de ir a su establecimiento.<\/p>\n\n\n\n<h4 class=\"wp-block-heading\"><strong>Women&#8217;s Hair Cut Merida by ANGIE | Cortes Damas por ANGIE 2\/23\/2020\u00a0\u00a0\u00a0\u00a0<\/strong><\/h4>\n\n\n\n<p>Karen N. says: &#8221; Haircut with Angie is always great. I\u2019ll be back in a couple of months.&#8221; Karen N. dice: El corte de pelo con Angie siempre es genial. Regresar\u00e9 en un par de meses.<\/p>\n\n\n\n<h4 class=\"wp-block-heading\"><strong>Women&#8217;s Color &amp; Hair Cut by ANGIE | Cortes Damas y Tinte por ANGIE 2\/23\/2020<\/strong><\/h4>\n\n\n\n<p>Robyn N. says: &#8220;Hola, It is always a pleasure coming to the salon. Thank you Angie, for taking such care with my cut and color. It is much appreciated.&#8221; Robyn N. dice: Hola, Siempre es un placer venir al sal\u00f3n. Gracias Angie, por tener tanto cuidado con mi corte y color. Es muy apreciado.<\/p>\n","protected":false},"excerpt":{"rendered":"<p>Reserva Salon Belleza Merida Reserva Salon de Belleza Merida | Haga clic arriba para reservar su cita en l\u00ednea ahora. Robert Abuda Salon de Belleza M\u00e9rida es un sal\u00f3n de belleza, peluquer\u00eda y SPA que ofrece reservas en l\u00ednea abajo. Nos especializamos en Cabello, Maquillaje, U\u00f1as (Spa Manicure &amp; Pedicure), as\u00ed como tambi\u00e9n en Minkys [&hellip;]<\/p>\n","protected":false},"author":1,"featured_media":0,"parent":0,"menu_order":0,"comment_status":"closed","ping_status":"closed","template":"","meta":{"nf_dc_page":"","jetpack_post_was_ever_published":false,"footnotes":""},"yst_prominent_words":[2819,662,2817,954,277,563,554,2806,2416,1613,2813,2820,2812,2818,2816,2811,697,639,2821],"class_list":["post-6349","page","type-page","status-publish","entry"],"yoast_head":"<!-- This site is optimized with the Yoast SEO Premium plugin v14.4.1 - https:\/\/yoast.com\/wordpress\/plugins\/seo\/ -->\n<title>RESERVA en LINEA | Robert Abuda Merida Hair Salon de Belleza Merida<\/title>\n<meta name=\"description\" content=\"RESERVA en LINEA | Robert Abuda Merida Hair Salon Merida Salon de Belleza 470C Paseo de Montejo y Calle 39. Expertamos en cortes, tintes, balayage, SPA, y extensiones.\" \/>\n<meta name=\"robots\" content=\"index, follow\" \/>\n<meta name=\"googlebot\" content=\"index, follow, max-snippet:-1, max-image-preview:large, max-video-preview:-1\" \/>\n<meta name=\"bingbot\" content=\"index, follow, max-snippet:-1, max-image-preview:large, max-video-preview:-1\" \/>\n<link rel=\"canonical\" href=\"https:\/\/www.robertabudasalon.com\/es\/reserva-salon-belleza-merida\/\" \/>\n<meta property=\"og:locale\" content=\"es_ES\" \/>\n<meta property=\"og:type\" content=\"article\" \/>\n<meta property=\"og:title\" content=\"RESERVA en LINEA | Robert Abuda Merida Hair Salon de Belleza Merida\" \/>\n<meta property=\"og:description\" content=\"RESERVA en LINEA | Robert Abuda Merida Hair Salon Merida Salon de Belleza 470C Paseo de Montejo y Calle 39. Expertamos en cortes, tintes, balayage, SPA, y extensiones.\" \/>\n<meta property=\"og:url\" content=\"https:\/\/www.robertabudasalon.com\/es\/reserva-salon-belleza-merida\/\" \/>\n<meta property=\"og:site_name\" content=\"Robert Abuda Merida Hair Salon\" \/>\n<meta property=\"article:publisher\" content=\"https:\/\/www.facebook.com\/RobertAbudaSalondeBellezaMerida\" \/>\n<meta property=\"article:author\" content=\"https:\/\/www.facebook.com\/RobertAbudaSalondeBellezaMerida\" \/>\n<meta property=\"article:modified_time\" content=\"2020-06-03T03:37:28+00:00\" \/>\n<meta property=\"og:image\" content=\"https:\/\/www.robertabudasalon.com\/wp-content\/uploads\/2012\/10\/RAS-Logo-1024x359.jpg\" \/>\n<meta property=\"fb:app_id\" content=\"https:\/\/www.facebook.com\/RobertAbudaSalondeBellezaMerida\" \/>\n<meta name=\"twitter:card\" content=\"summary\" \/>\n<meta name=\"twitter:creator\" content=\"@RobAbudaSalon\" \/>\n<meta name=\"twitter:site\" content=\"@RobAbudaSalon\" \/>\n<script type=\"application\/ld+json\" class=\"yoast-schema-graph\">{\"@context\":\"https:\/\/schema.org\",\"@graph\":[{\"@type\":\"WebSite\",\"@id\":\"https:\/\/robertabudasalon.com\/es\/#website\",\"url\":\"https:\/\/robertabudasalon.com\/es\/\",\"name\":\"Robert Abuda Merida Hair Salon\",\"description\":\"Hair Salon Merida, Salon de Belleza Merida +52 999 926 3015, #470C Paseo de Montejo, Peluqueria y SPA.\",\"potentialAction\":[{\"@type\":\"SearchAction\",\"target\":\"https:\/\/robertabudasalon.com\/es\/?s={search_term_string}\",\"query-input\":\"required name=search_term_string\"}],\"inLanguage\":\"es-ES\"},{\"@type\":\"ImageObject\",\"@id\":\"https:\/\/www.robertabudasalon.com\/es\/reserva-salon-belleza-merida\/#primaryimage\",\"inLanguage\":\"es-ES\",\"url\":\"http:\/\/robertabudasalon.com\/wp-content\/uploads\/2012\/10\/RAS-Logo-1024x359.jpg\"},{\"@type\":\"WebPage\",\"@id\":\"https:\/\/www.robertabudasalon.com\/es\/reserva-salon-belleza-merida\/#webpage\",\"url\":\"https:\/\/www.robertabudasalon.com\/es\/reserva-salon-belleza-merida\/\",\"name\":\"RESERVA en LINEA | Robert Abuda Merida Hair Salon de Belleza Merida\",\"isPartOf\":{\"@id\":\"https:\/\/robertabudasalon.com\/es\/#website\"},\"primaryImageOfPage\":{\"@id\":\"https:\/\/www.robertabudasalon.com\/es\/reserva-salon-belleza-merida\/#primaryimage\"},\"datePublished\":\"2018-11-17T01:31:22+00:00\",\"dateModified\":\"2020-06-03T03:37:28+00:00\",\"description\":\"RESERVA en LINEA | Robert Abuda Merida Hair Salon Merida Salon de Belleza 470C Paseo de Montejo y Calle 39. Expertamos en cortes, tintes, balayage, SPA, y extensiones.\",\"inLanguage\":\"es-ES\",\"potentialAction\":[{\"@type\":\"ReadAction\",\"target\":[\"https:\/\/www.robertabudasalon.com\/es\/reserva-salon-belleza-merida\/\"]}]}]}<\/script>\n<!-- \/ Yoast SEO Premium plugin. -->","jetpack_sharing_enabled":true,"jetpack_shortlink":"https:\/\/wp.me\/P6c51u-1Ep","amp_enabled":true,"_links":{"self":[{"href":"https:\/\/robertabudasalon.com\/es\/wp-json\/wp\/v2\/pages\/6349","targetHints":{"allow":["GET"]}}],"collection":[{"href":"https:\/\/robertabudasalon.com\/es\/wp-json\/wp\/v2\/pages"}],"about":[{"href":"https:\/\/robertabudasalon.com\/es\/wp-json\/wp\/v2\/types\/page"}],"author":[{"embeddable":true,"href":"https:\/\/robertabudasalon.com\/es\/wp-json\/wp\/v2\/users\/1"}],"replies":[{"embeddable":true,"href":"https:\/\/robertabudasalon.com\/es\/wp-json\/wp\/v2\/comments?post=6349"}],"version-history":[{"count":7,"href":"https:\/\/robertabudasalon.com\/es\/wp-json\/wp\/v2\/pages\/6349\/revisions"}],"predecessor-version":[{"id":11311,"href":"https:\/\/robertabudasalon.com\/es\/wp-json\/wp\/v2\/pages\/6349\/revisions\/11311"}],"wp:attachment":[{"href":"https:\/\/robertabudasalon.com\/es\/wp-json\/wp\/v2\/media?parent=6349"}],"wp:term":[{"taxonomy":"yst_prominent_words","embeddable":true,"href":"https:\/\/robertabudasalon.com\/es\/wp-json\/wp\/v2\/yst_prominent_words?post=6349"}],"curies":[{"name":"wp","href":"https:\/\/api.w.org\/{rel}","templated":true}]}}