{"id":6317,"date":"2018-11-14T13:36:18","date_gmt":"2018-11-14T19:36:18","guid":{"rendered":"http:\/\/robertabudasalon.com\/salones-de-belleza-merida-romancia-2012\/"},"modified":"2018-11-28T17:03:20","modified_gmt":"2018-11-28T23:03:20","slug":"salones-de-belleza-merida-romancia-2012","status":"publish","type":"page","link":"https:\/\/robertabudasalon.com\/es\/salones-de-belleza-merida-romancia-2012\/","title":{"rendered":"Salones de Belleza Merida | Romancia 2012"},"content":{"rendered":"<h2>ROMANCIA 2012<\/h2>\n<p>Salones de Belleza Merida | Romancia 2012 with Ruthie Bennett. Ruthie es una arpista internacional con la <a href=\"http:\/\/sinfonicadeyucatan.com.mx\/\">Orquesta Sinf\u00f3nica de Yucat\u00e1n<\/a>. Vive tanto en la ciudad de Nueva York como en M\u00e9rida, Yucat\u00e1n. Cabello, maquillaje, y el estilo es todo por Robert Abuda salon. Fotografiado por Erich Briehl y <a href=\"http:\/\/www.bdgphotovideos.com\">BDG Photo Video<\/a>. Para crear estas fotos, elegimos un elegante, mientras que no exigente updo. El pelo dorado de Ruthie es complementado por Blues y verdes en su vestido, y el maquillaje utilizado es <a href=\"https:\/\/www.maccosmetics.com.mx\">Mac<\/a>. Los labios suaves de la rosa completan esta mirada. Tambi\u00e9n usamos un toque de rubor de coral y l\u00e1piz de su frente. La madre naturaleza proporcion\u00f3 todos los accesorios necesarios ese d\u00eda. Rosas preciosas, agua azul, y suaves sedas romance nuestros corazones esa tarde de oto\u00f1o. Esta fue una de nuestras primeras series fotogr\u00e1ficas. Estamos orgullosos de llamar a esta serie de fotos ROMANCIA. Por favor, despl\u00e1cese hacia abajo para echar un vistazo.<\/p>\n<figure id=\"attachment_1239\" aria-describedby=\"caption-attachment-1239\" style=\"width: 737px\" class=\"wp-caption alignleft\"><a href=\"http:\/\/robertabudasalon.com\/wp-content\/uploads\/2013\/06\/7.jpg\"><img loading=\"lazy\" decoding=\"async\" class=\"wp-image-1239 size-large\" style=\"margin: 5px;\" src=\"http:\/\/robertabudasalon.com\/wp-content\/uploads\/2013\/06\/7-737x1024.jpg\" alt=\"Salones de Belleza Merida\" width=\"737\" height=\"1024\" srcset=\"https:\/\/robertabudasalon.com\/wp-content\/uploads\/2013\/06\/7.jpg 737w, https:\/\/robertabudasalon.com\/wp-content\/uploads\/2013\/06\/7.jpg 215w, http:\/\/robertabudasalon.com\/wp-content\/uploads\/2013\/06\/7.jpg 1428w, http:\/\/robertabudasalon.com\/wp-content\/uploads\/2013\/06\/7.jpg 2142w\" sizes=\"auto, (max-width: 714px) 100vw, 714px\" \/><\/a><figcaption id=\"caption-attachment-1239\" class=\"wp-caption-text\">Salones de Belleza Merida 13<\/figcaption><\/figure>\n<figure id=\"attachment_1235\" aria-describedby=\"caption-attachment-1235\" style=\"width: 1024px\" class=\"wp-caption alignleft\"><a href=\"http:\/\/robertabudasalon.com\/wp-content\/uploads\/2013\/06\/3.jpg\"><img loading=\"lazy\" decoding=\"async\" class=\"wp-image-1235 size-large\" style=\"margin: 5px;\" src=\"http:\/\/robertabudasalon.com\/wp-content\/uploads\/2013\/06\/3-1024x606.jpg\" alt=\"Salones de Belleza Merida\" width=\"1024\" height=\"606\" srcset=\"https:\/\/robertabudasalon.com\/wp-content\/uploads\/2013\/06\/3.jpg 1024w, https:\/\/robertabudasalon.com\/wp-content\/uploads\/2013\/06\/3.jpg 600w, https:\/\/robertabudasalon.com\/wp-content\/uploads\/2013\/06\/3.jpg 300w, http:\/\/robertabudasalon.com\/wp-content\/uploads\/2013\/06\/3.jpg 1428w, http:\/\/robertabudasalon.com\/wp-content\/uploads\/2013\/06\/3.jpg 2142w\" sizes=\"auto, (max-width: 714px) 100vw, 714px\" \/><\/a><figcaption id=\"caption-attachment-1235\" class=\"wp-caption-text\">Salon de Belleza Merida | Robert Abuda Salon 14.<\/figcaption><\/figure>\n<figure id=\"attachment_1233\" aria-describedby=\"caption-attachment-1233\" style=\"width: 1024px\" class=\"wp-caption alignleft\"><a href=\"http:\/\/robertabudasalon.com\/wp-content\/uploads\/2013\/06\/1.jpg\"><img loading=\"lazy\" decoding=\"async\" class=\"wp-image-1233 size-large\" style=\"margin: 5px;\" src=\"http:\/\/robertabudasalon.com\/wp-content\/uploads\/2013\/06\/1-1024x756.jpg\" alt=\"Merida Hair Salon de Belleza Salones Hair Stylist 9\" width=\"1024\" height=\"756\" srcset=\"https:\/\/robertabudasalon.com\/wp-content\/uploads\/2013\/06\/1.jpg 1024w, https:\/\/robertabudasalon.com\/wp-content\/uploads\/2013\/06\/1.jpg 300w, http:\/\/robertabudasalon.com\/wp-content\/uploads\/2013\/06\/1.jpg 1428w, http:\/\/robertabudasalon.com\/wp-content\/uploads\/2013\/06\/1.jpg 2142w\" sizes=\"auto, (max-width: 714px) 100vw, 714px\" \/><\/a><figcaption id=\"caption-attachment-1233\" class=\"wp-caption-text\">Merida Hair Salon de Belleza Salones Hair Stylist 9<\/figcaption><\/figure>\n<p><a href=\"\/\/pinterest.com\/pin\/create\/button\/?url=http%3A%2F%2Fwww.flickr.com%2Fphotos%2Fkentbrew%2F6851755809%2F&amp;media=http%3A%2F%2Ffarm8.staticflickr.com%2F7027%2F6851755809_df5b2051c9_z.jpg&amp;description=Next%20stop%3A%20Pinterest\" data-pin-do=\"buttonPin\" data-pin-config=\"above\"><img decoding=\"async\" src=\"\/\/assets.pinterest.com\/images\/pidgets\/pin_it_button.png\" alt=\"\"><\/a><\/p>\n<figure id=\"attachment_1242\" aria-describedby=\"caption-attachment-1242\" style=\"width: 1024px\" class=\"wp-caption alignleft\"><a href=\"http:\/\/robertabudasalon.com\/wp-content\/uploads\/2013\/06\/14.jpg\"><img loading=\"lazy\" decoding=\"async\" class=\"wp-image-1242 size-large\" style=\"margin: 5px;\" src=\"http:\/\/robertabudasalon.com\/wp-content\/uploads\/2013\/06\/14-1024x765.jpg\" alt=\"Merida Hair Salon de Belleza Salones Hair Stylist 10\" width=\"1024\" height=\"765\" srcset=\"https:\/\/robertabudasalon.com\/wp-content\/uploads\/2013\/06\/14.jpg 1024w, https:\/\/robertabudasalon.com\/wp-content\/uploads\/2013\/06\/14.jpg 300w, http:\/\/robertabudasalon.com\/wp-content\/uploads\/2013\/06\/14.jpg 1428w, http:\/\/robertabudasalon.com\/wp-content\/uploads\/2013\/06\/14.jpg 2142w\" sizes=\"auto, (max-width: 714px) 100vw, 714px\" \/><\/a><figcaption id=\"caption-attachment-1242\" class=\"wp-caption-text\">Merida Hair Salon de Belleza Salones Hair Stylist 10<\/figcaption><\/figure>\n<figure id=\"attachment_1241\" aria-describedby=\"caption-attachment-1241\" style=\"width: 759px\" class=\"wp-caption alignleft\"><a href=\"http:\/\/robertabudasalon.com\/wp-content\/uploads\/2013\/06\/13.jpg\"><img loading=\"lazy\" decoding=\"async\" class=\"wp-image-1241 size-large\" style=\"margin: 5px;\" src=\"http:\/\/robertabudasalon.com\/wp-content\/uploads\/2013\/06\/13-759x1024.jpg\" alt=\"Merida Hair Salon de Belleza Salones Hair Stylist 11\" width=\"759\" height=\"1024\" srcset=\"https:\/\/robertabudasalon.com\/wp-content\/uploads\/2013\/06\/13.jpg 759w, https:\/\/robertabudasalon.com\/wp-content\/uploads\/2013\/06\/13.jpg 222w, http:\/\/robertabudasalon.com\/wp-content\/uploads\/2013\/06\/13.jpg 1428w, http:\/\/robertabudasalon.com\/wp-content\/uploads\/2013\/06\/13.jpg 2142w\" sizes=\"auto, (max-width: 714px) 100vw, 714px\" \/><\/a><figcaption id=\"caption-attachment-1241\" class=\"wp-caption-text\">Merida Hair Salon de Belleza Salones Hair Stylist 11<\/figcaption><\/figure>\n<figure id=\"attachment_1240\" aria-describedby=\"caption-attachment-1240\" style=\"width: 767px\" class=\"wp-caption alignleft\"><a href=\"http:\/\/robertabudasalon.com\/wp-content\/uploads\/2013\/06\/10.jpg\"><img loading=\"lazy\" decoding=\"async\" class=\"wp-image-1240 size-large\" style=\"margin: 5px;\" src=\"http:\/\/robertabudasalon.com\/wp-content\/uploads\/2013\/06\/10-767x1024.jpg\" alt=\"Merida Hair Salon de Belleza Salones Hair Stylist 12\" width=\"767\" height=\"1024\" srcset=\"https:\/\/robertabudasalon.com\/wp-content\/uploads\/2013\/06\/10.jpg 767w, https:\/\/robertabudasalon.com\/wp-content\/uploads\/2013\/06\/10.jpg 224w, http:\/\/robertabudasalon.com\/wp-content\/uploads\/2013\/06\/10.jpg 1428w, http:\/\/robertabudasalon.com\/wp-content\/uploads\/2013\/06\/10.jpg 2142w\" sizes=\"auto, (max-width: 714px) 100vw, 714px\" \/><\/a><figcaption id=\"caption-attachment-1240\" class=\"wp-caption-text\">Merida Hair Salon de Belleza Salones and Spa 12<\/figcaption><\/figure>\n<figure id=\"attachment_1238\" aria-describedby=\"caption-attachment-1238\" style=\"width: 757px\" class=\"wp-caption alignleft\"><a href=\"http:\/\/robertabudasalon.com\/wp-content\/uploads\/2013\/06\/6.jpg\"><img loading=\"lazy\" decoding=\"async\" class=\"wp-image-1238 size-large\" style=\"margin: 5px;\" src=\"http:\/\/robertabudasalon.com\/wp-content\/uploads\/2013\/06\/6-757x1024.jpg\" alt=\"Merida Hair Salon de Belleza Salones Hair Stylist 14\" width=\"757\" height=\"1024\" srcset=\"https:\/\/robertabudasalon.com\/wp-content\/uploads\/2013\/06\/6.jpg 757w, https:\/\/robertabudasalon.com\/wp-content\/uploads\/2013\/06\/6.jpg 221w, http:\/\/robertabudasalon.com\/wp-content\/uploads\/2013\/06\/6.jpg 1428w, http:\/\/robertabudasalon.com\/wp-content\/uploads\/2013\/06\/6.jpg 2142w\" sizes=\"auto, (max-width: 714px) 100vw, 714px\" \/><\/a><figcaption id=\"caption-attachment-1238\" class=\"wp-caption-text\">Merida Hair Salon de Belleza Salones and Merida.<\/figcaption><\/figure>\n<figure id=\"attachment_1236\" aria-describedby=\"caption-attachment-1236\" style=\"width: 1024px\" class=\"wp-caption alignleft\"><a href=\"http:\/\/robertabudasalon.com\/wp-content\/uploads\/2013\/06\/4.jpg\"><img loading=\"lazy\" decoding=\"async\" class=\"wp-image-1236 size-large\" style=\"margin: 5px;\" src=\"http:\/\/robertabudasalon.com\/wp-content\/uploads\/2013\/06\/4-1024x766.jpg\" alt=\"Merida Hair Salon de Belleza Salones Hair Stylist 16\" width=\"1024\" height=\"766\" srcset=\"https:\/\/robertabudasalon.com\/wp-content\/uploads\/2013\/06\/4.jpg 1024w, https:\/\/robertabudasalon.com\/wp-content\/uploads\/2013\/06\/4.jpg 300w, http:\/\/robertabudasalon.com\/wp-content\/uploads\/2013\/06\/4.jpg 1428w, http:\/\/robertabudasalon.com\/wp-content\/uploads\/2013\/06\/4.jpg 2142w\" sizes=\"auto, (max-width: 714px) 100vw, 714px\" \/><\/a><figcaption id=\"caption-attachment-1236\" class=\"wp-caption-text\">Merida Hair Salon 16.<\/figcaption><\/figure>\n<figure id=\"attachment_1234\" aria-describedby=\"caption-attachment-1234\" style=\"width: 764px\" class=\"wp-caption alignleft\"><a href=\"http:\/\/robertabudasalon.com\/wp-content\/uploads\/2013\/06\/2.jpg\"><img loading=\"lazy\" decoding=\"async\" class=\"wp-image-1234 size-large\" style=\"margin: 5px;\" src=\"http:\/\/robertabudasalon.com\/wp-content\/uploads\/2013\/06\/2-764x1024.jpg\" alt=\"Merida Hair Salon de Belleza Salones Hair Stylist 18\" width=\"764\" height=\"1024\" srcset=\"https:\/\/robertabudasalon.com\/wp-content\/uploads\/2013\/06\/2.jpg 764w, https:\/\/robertabudasalon.com\/wp-content\/uploads\/2013\/06\/2.jpg 223w, http:\/\/robertabudasalon.com\/wp-content\/uploads\/2013\/06\/2.jpg 1428w, http:\/\/robertabudasalon.com\/wp-content\/uploads\/2013\/06\/2.jpg 2142w\" sizes=\"auto, (max-width: 714px) 100vw, 714px\" \/><\/a><figcaption id=\"caption-attachment-1234\" class=\"wp-caption-text\">Merida Hair Salon 18.<\/figcaption><\/figure>\n<figure id=\"attachment_1233\" aria-describedby=\"caption-attachment-1233\" style=\"width: 1024px\" class=\"wp-caption alignleft\"><a href=\"http:\/\/robertabudasalon.com\/wp-content\/uploads\/2013\/06\/1.jpg\"><img loading=\"lazy\" decoding=\"async\" class=\"wp-image-1233 size-large\" style=\"margin: 5px;\" src=\"http:\/\/robertabudasalon.com\/wp-content\/uploads\/2013\/06\/1-1024x756.jpg\" alt=\"Salones de Belleza Merida\" width=\"1024\" height=\"756\" srcset=\"https:\/\/robertabudasalon.com\/wp-content\/uploads\/2013\/06\/1.jpg 1024w, https:\/\/robertabudasalon.com\/wp-content\/uploads\/2013\/06\/1.jpg 300w, http:\/\/robertabudasalon.com\/wp-content\/uploads\/2013\/06\/1.jpg 1428w, http:\/\/robertabudasalon.com\/wp-content\/uploads\/2013\/06\/1.jpg 2142w\" sizes=\"auto, (max-width: 714px) 100vw, 714px\" \/><\/a><figcaption id=\"caption-attachment-1233\" class=\"wp-caption-text\">Salones de Belleza Merida<\/figcaption><\/figure>\n<p><a href=\"\/\/pinterest.com\/pin\/create\/button\/?url=http%3A%2F%2Fwww.flickr.com%2Fphotos%2Fkentbrew%2F6851755809%2F&amp;media=http%3A%2F%2Ffarm8.staticflickr.com%2F7027%2F6851755809_df5b2051c9_z.jpg&amp;description=Next%20stop%3A%20Pinterest\" data-pin-do=\"buttonPin\" data-pin-config=\"above\"><img decoding=\"async\" src=\"\/\/assets.pinterest.com\/images\/pidgets\/pin_it_button.png\" alt=\"\"><\/a><\/p>\n","protected":false},"excerpt":{"rendered":"<p><!--:en-->Salones de Belleza Merida<!--:--><\/p>\n","protected":false},"author":1,"featured_media":0,"parent":0,"menu_order":0,"comment_status":"closed","ping_status":"closed","template":"","meta":{"nf_dc_page":"","jetpack_post_was_ever_published":false,"footnotes":""},"yst_prominent_words":[2968,2991,2988,554,906,2986,885,1031,814,882,1034,512,697,639,886,884,678,522,2993],"class_list":["post-6317","page","type-page","status-publish","entry"],"yoast_head":"<!-- This site is optimized with the Yoast SEO Premium plugin v14.4.1 - https:\/\/yoast.com\/wordpress\/plugins\/seo\/ -->\n<title>Salones de Belleza Merida | ROBERT ABUDA<\/title>\n<meta name=\"description\" content=\"Salones de Belleza Merida, Robert Abuda Salones de Belleza, Hair Salones Merida Yucatan Mexico. Romancia Photoshoot 2012 #470C Paseo Montejo 999 926 3015\" \/>\n<meta name=\"robots\" content=\"index, follow\" \/>\n<meta name=\"googlebot\" content=\"index, follow, max-snippet:-1, max-image-preview:large, max-video-preview:-1\" \/>\n<meta name=\"bingbot\" content=\"index, follow, max-snippet:-1, max-image-preview:large, max-video-preview:-1\" \/>\n<link rel=\"canonical\" href=\"https:\/\/robertabudasalon.com\/es\/salones-de-belleza-merida-romancia-2012\/\" \/>\n<meta property=\"og:locale\" content=\"es_ES\" \/>\n<meta property=\"og:type\" content=\"article\" \/>\n<meta property=\"og:title\" content=\"Salones de Belleza Merida | ROBERT ABUDA\" \/>\n<meta property=\"og:description\" content=\"Salones de Belleza Merida, Robert Abuda Salones de Belleza, Hair Salones Merida Yucatan Mexico. Romancia Photoshoot 2012 #470C Paseo Montejo 999 926 3015\" \/>\n<meta property=\"og:url\" content=\"https:\/\/robertabudasalon.com\/es\/salones-de-belleza-merida-romancia-2012\/\" \/>\n<meta property=\"og:site_name\" content=\"Robert Abuda Merida Hair Salon\" \/>\n<meta property=\"article:publisher\" content=\"https:\/\/www.facebook.com\/RobertAbudaSalondeBellezaMerida\" \/>\n<meta property=\"article:author\" content=\"https:\/\/www.facebook.com\/RobertAbudaSalondeBellezaMerida\" \/>\n<meta property=\"article:modified_time\" content=\"2018-11-28T23:03:20+00:00\" \/>\n<meta property=\"og:image\" content=\"http:\/\/robertabudasalon.com\/wp-content\/uploads\/2013\/06\/7-737x1024.jpg\" \/>\n<meta property=\"fb:app_id\" content=\"https:\/\/www.facebook.com\/RobertAbudaSalondeBellezaMerida\" \/>\n<meta name=\"twitter:card\" content=\"summary\" \/>\n<meta name=\"twitter:creator\" content=\"@RobAbudaSalon\" \/>\n<meta name=\"twitter:site\" content=\"@RobAbudaSalon\" \/>\n<script type=\"application\/ld+json\" class=\"yoast-schema-graph\">{\"@context\":\"https:\/\/schema.org\",\"@graph\":[{\"@type\":\"WebSite\",\"@id\":\"https:\/\/robertabudasalon.com\/es\/#website\",\"url\":\"https:\/\/robertabudasalon.com\/es\/\",\"name\":\"Robert Abuda Merida Hair Salon\",\"description\":\"Hair Salon Merida, Salon de Belleza Merida +52 999 926 3015, #470C Paseo de Montejo, Peluqueria y SPA.\",\"potentialAction\":[{\"@type\":\"SearchAction\",\"target\":\"https:\/\/robertabudasalon.com\/es\/?s={search_term_string}\",\"query-input\":\"required name=search_term_string\"}],\"inLanguage\":\"es-ES\"},{\"@type\":\"ImageObject\",\"@id\":\"https:\/\/robertabudasalon.com\/es\/salones-de-belleza-merida-romancia-2012\/#primaryimage\",\"inLanguage\":\"es-ES\",\"url\":\"http:\/\/robertabudasalon.com\/wp-content\/uploads\/2013\/06\/7-737x1024.jpg\"},{\"@type\":\"WebPage\",\"@id\":\"https:\/\/robertabudasalon.com\/es\/salones-de-belleza-merida-romancia-2012\/#webpage\",\"url\":\"https:\/\/robertabudasalon.com\/es\/salones-de-belleza-merida-romancia-2012\/\",\"name\":\"Salones de Belleza Merida | ROBERT ABUDA\",\"isPartOf\":{\"@id\":\"https:\/\/robertabudasalon.com\/es\/#website\"},\"primaryImageOfPage\":{\"@id\":\"https:\/\/robertabudasalon.com\/es\/salones-de-belleza-merida-romancia-2012\/#primaryimage\"},\"datePublished\":\"2018-11-14T19:36:18+00:00\",\"dateModified\":\"2018-11-28T23:03:20+00:00\",\"description\":\"Salones de Belleza Merida, Robert Abuda Salones de Belleza, Hair Salones Merida Yucatan Mexico. Romancia Photoshoot 2012 #470C Paseo Montejo 999 926 3015\",\"inLanguage\":\"es-ES\",\"potentialAction\":[{\"@type\":\"ReadAction\",\"target\":[\"https:\/\/robertabudasalon.com\/es\/salones-de-belleza-merida-romancia-2012\/\"]}]}]}<\/script>\n<!-- \/ Yoast SEO Premium plugin. -->","jetpack_sharing_enabled":true,"jetpack_shortlink":"https:\/\/wp.me\/P6c51u-1DT","amp_enabled":true,"_links":{"self":[{"href":"https:\/\/robertabudasalon.com\/es\/wp-json\/wp\/v2\/pages\/6317","targetHints":{"allow":["GET"]}}],"collection":[{"href":"https:\/\/robertabudasalon.com\/es\/wp-json\/wp\/v2\/pages"}],"about":[{"href":"https:\/\/robertabudasalon.com\/es\/wp-json\/wp\/v2\/types\/page"}],"author":[{"embeddable":true,"href":"https:\/\/robertabudasalon.com\/es\/wp-json\/wp\/v2\/users\/1"}],"replies":[{"embeddable":true,"href":"https:\/\/robertabudasalon.com\/es\/wp-json\/wp\/v2\/comments?post=6317"}],"version-history":[{"count":1,"href":"https:\/\/robertabudasalon.com\/es\/wp-json\/wp\/v2\/pages\/6317\/revisions"}],"predecessor-version":[{"id":6530,"href":"https:\/\/robertabudasalon.com\/es\/wp-json\/wp\/v2\/pages\/6317\/revisions\/6530"}],"wp:attachment":[{"href":"https:\/\/robertabudasalon.com\/es\/wp-json\/wp\/v2\/media?parent=6317"}],"wp:term":[{"taxonomy":"yst_prominent_words","embeddable":true,"href":"https:\/\/robertabudasalon.com\/es\/wp-json\/wp\/v2\/yst_prominent_words?post=6317"}],"curies":[{"name":"wp","href":"https:\/\/api.w.org\/{rel}","templated":true}]}}