{"id":6314,"date":"2018-11-14T13:03:58","date_gmt":"2018-11-14T19:03:58","guid":{"rendered":"http:\/\/robertabudasalon.com\/knock-out-hair-salon-meridaknock-out-salon-de-belleza-merida\/"},"modified":"2020-06-21T14:28:35","modified_gmt":"2020-06-21T19:28:35","slug":"knock-out-salon-de-belleza-merida","status":"publish","type":"page","link":"https:\/\/robertabudasalon.com\/es\/knock-out-salon-de-belleza-merida\/","title":{"rendered":"HGTV Fotos Merida| Peluquer\u00eda Merida"},"content":{"rendered":"<h3>Peluquer\u00eda Merida Mexico Robert Abuda<\/h3>\n<p style=\"text-align: center;\">Shop by Brand \u2013\u00a0<a href=\"https:\/\/robertabudasalon.com\/product-category\/olaplex\/\" target=\"_blank\" rel=\"noreferrer noopener\">OLAPLEX<\/a>\u00a0|\u00a0<a href=\"https:\/\/robertabudasalon.com\/product-category\/living-proof\/\" target=\"_blank\" rel=\"noreferrer noopener\">LIVING PROOF<\/a>\u00a0|\u00a0<a href=\"https:\/\/robertabudasalon.com\/product-category\/balmain\/\" target=\"_blank\" rel=\"noreferrer noopener\">BALMAIN<\/a>\u00a0|\u00a0<a href=\"https:\/\/robertabudasalon.com\/product-category\/malibu-c\/\" target=\"_blank\" rel=\"noreferrer noopener\">MALIBU C<\/a><\/p>\n<p><strong>Peluquer\u00eda Merida Mexico Robert Abuda |<\/strong> Cabello, maquillaje y clavos todo por Robert Abuda salon. Fotografiado en Paseo Montejo y calle 39 durante el verano 2013.<\/p>\n<p>El elegante paseo de Montejo es el bulevar principal de la ciudad y el barrio m\u00e1s moderno de M\u00e9rida. Una vez una zona residencial, el paseo de Montejo en M\u00e9rida se ha comercializado desde entonces. Muchas de las mansiones hist\u00f3ricas del siglo 19 que la l\u00ednea del bulevar se han convertido en restaurantes. Otros se han convertido en discotecas, hoteles boutique, tiendas, oficinas y museos.<\/p>\n<p>Localizada al noreste de la plaza central y arquitect\u00f3nicamente evocadora de la Habana, Cuba, la zona que rodea el paseo de Montejo en M\u00e9rida fue desarrollada durante el auge henequ\u00e9n de finales del siglo XIX y principios del XX. Los propietarios de las plantaciones que buscan mudarse del centro hist\u00f3rico de la ciudad construyeron magn\u00edficas mansiones a lo largo de este tramo del bulevar.<\/p>\n<p>El paseo de Montejo alberga el monumento a la bandera de M\u00e9rida y el Museo Regional de Antropologia (Museo Regional de Antropolog\u00eda) que se encuentra en el Palacio Canton, una de las mansiones m\u00e1s grandiosas a lo largo del bulevar. Visite el Museo de Antropolog\u00eda regional para conocer la historia pre-colombina de la pen\u00ednsula de Yucat\u00e1n, as\u00ed como para recorrer uno de los edificios coloniales m\u00e1s espl\u00e9ndidos de la ciudad.<\/p>\n<p>El paseo de Montejo de M\u00e9rida se puede explorar f\u00e1cilmente a pie. \u00bfNo para caminar? Tambi\u00e9n puede tomar un tour por el Boulevard en un calesa (carro tirado por caballos). Para m\u00e1s informaci\u00f3n sobre esta hermosa Avenida ir a <a href=\"http:\/\/www.visitmexico.com\/en\/paseo-de-montejo-in-merida-mexico.\">www.visitmexico.com\/en\/paseo-de-Montejo-in-Merida-Mexico.<\/a> Fotos de Erich Briehl para <a href=\"http:\/\/bdgvideos.com\/\" target=\"_blank\" rel=\"noopener noreferrer\">BDG Photo Video<\/a>.<\/p>\n<p style=\"text-align: center;\"><a href=\"https:\/\/robertabudasalon.com\/es\/\">COMPRAR PRODUCTOS de BELLEZA MEXICO<\/a><\/p>\n<figure id=\"attachment_1697\" aria-describedby=\"caption-attachment-1697\" style=\"width: 1024px\" class=\"wp-caption alignleft\"><img loading=\"lazy\" decoding=\"async\" class=\"wp-image-1697 size-large\" style=\"margin: 5px;\" src=\"https:\/\/robertabudasalon.com\/wp-content\/uploads\/2013\/09\/4logo-1024x667.jpg\" alt=\"Hair Salon in Merida 468\" width=\"1024\" height=\"667\" srcset=\"https:\/\/robertabudasalon.com\/wp-content\/uploads\/2013\/09\/4logo.jpg 1024w, https:\/\/robertabudasalon.com\/wp-content\/uploads\/2013\/09\/4logo.jpg 300w, http:\/\/robertabudasalon.com\/wp-content\/uploads\/2013\/09\/4logo.jpg 1428w, http:\/\/robertabudasalon.com\/wp-content\/uploads\/2013\/09\/4logo.jpg 2142w\" sizes=\"auto, (max-width: 714px) 100vw, 714px\" \/><figcaption id=\"caption-attachment-1697\" class=\"wp-caption-text\">Peluquer\u00eda Merida M\u00e9xico 279<\/figcaption><\/figure>\n<p>\u00a0<\/p>\n<figure id=\"attachment_1695\" aria-describedby=\"caption-attachment-1695\" style=\"width: 1024px\" class=\"wp-caption alignleft\"><img loading=\"lazy\" decoding=\"async\" class=\"wp-image-1695 size-large\" style=\"margin: 5px;\" src=\"https:\/\/robertabudasalon.com\/wp-content\/uploads\/2013\/09\/2logo-1024x678.jpg\" alt=\"Hair Salon in Merida 468\" width=\"1024\" height=\"678\" srcset=\"https:\/\/robertabudasalon.com\/wp-content\/uploads\/2013\/09\/2logo.jpg 1024w, https:\/\/robertabudasalon.com\/wp-content\/uploads\/2013\/09\/2logo.jpg 300w, http:\/\/robertabudasalon.com\/wp-content\/uploads\/2013\/09\/2logo.jpg 1428w, http:\/\/robertabudasalon.com\/wp-content\/uploads\/2013\/09\/2logo.jpg 2142w\" sizes=\"auto, (max-width: 714px) 100vw, 714px\" \/><figcaption id=\"caption-attachment-1695\" class=\"wp-caption-text\">Peluquer\u00eda Merida M\u00e9xico 25<\/figcaption><\/figure>\n<p>\u00a0<\/p>\n<figure id=\"attachment_1694\" aria-describedby=\"caption-attachment-1694\" style=\"width: 678px\" class=\"wp-caption alignleft\"><img loading=\"lazy\" decoding=\"async\" class=\"wp-image-1694 size-large\" style=\"margin: 5px;\" src=\"https:\/\/robertabudasalon.com\/wp-content\/uploads\/2013\/09\/1.5logo-678x1024.jpg\" alt=\"Hair Salon in Merida 693\" width=\"678\" height=\"1024\" srcset=\"https:\/\/robertabudasalon.com\/wp-content\/uploads\/2013\/09\/1.5logo.jpg 678w, https:\/\/robertabudasalon.com\/wp-content\/uploads\/2013\/09\/1.5logo.jpg 600w, https:\/\/robertabudasalon.com\/wp-content\/uploads\/2013\/09\/1.5logo.jpg 198w, http:\/\/robertabudasalon.com\/wp-content\/uploads\/2013\/09\/1.5logo.jpg 1428w, http:\/\/robertabudasalon.com\/wp-content\/uploads\/2013\/09\/1.5logo.jpg 2142w\" sizes=\"auto, (max-width: 678px) 100vw, 678px\" \/><figcaption id=\"caption-attachment-1694\" class=\"wp-caption-text\">Peluquer\u00eda Merida M\u00e9xico 471<\/figcaption><\/figure>\n<p>\u00a0<\/p>\n<figure id=\"attachment_1693\" aria-describedby=\"caption-attachment-1693\" style=\"width: 678px\" class=\"wp-caption alignleft\"><img loading=\"lazy\" decoding=\"async\" class=\"wp-image-1693 size-large\" style=\"margin: 5px;\" src=\"https:\/\/robertabudasalon.com\/wp-content\/uploads\/2013\/09\/001logo-678x1024.jpg\" alt=\"Hair Salon in Merida 326\" width=\"678\" height=\"1024\" srcset=\"https:\/\/robertabudasalon.com\/wp-content\/uploads\/2013\/09\/001logo.jpg 678w, https:\/\/robertabudasalon.com\/wp-content\/uploads\/2013\/09\/001logo.jpg 600w, https:\/\/robertabudasalon.com\/wp-content\/uploads\/2013\/09\/001logo.jpg 198w, http:\/\/robertabudasalon.com\/wp-content\/uploads\/2013\/09\/001logo.jpg 1428w, http:\/\/robertabudasalon.com\/wp-content\/uploads\/2013\/09\/001logo.jpg 2142w\" sizes=\"auto, (max-width: 678px) 100vw, 678px\" \/><figcaption id=\"caption-attachment-1693\" class=\"wp-caption-text\">Peluquer\u00eda en M\u00e9rida MX<\/figcaption><\/figure>\n<p>\u00a0<\/p>\n<figure id=\"attachment_1696\" aria-describedby=\"caption-attachment-1696\" style=\"width: 1024px\" class=\"wp-caption alignleft\"><img loading=\"lazy\" decoding=\"async\" class=\"wp-image-1696 size-large\" style=\"margin: 5px;\" src=\"https:\/\/robertabudasalon.com\/wp-content\/uploads\/2013\/09\/3logo-1024x678.jpg\" alt=\"Hair Salon de Belleza Merida Yucatan Mexico Robert Abuda Salon 5\" width=\"1024\" height=\"678\" srcset=\"https:\/\/robertabudasalon.com\/wp-content\/uploads\/2013\/09\/3logo.jpg 1024w, https:\/\/robertabudasalon.com\/wp-content\/uploads\/2013\/09\/3logo.jpg 300w, http:\/\/robertabudasalon.com\/wp-content\/uploads\/2013\/09\/3logo.jpg 1428w, http:\/\/robertabudasalon.com\/wp-content\/uploads\/2013\/09\/3logo.jpg 2142w\" sizes=\"auto, (max-width: 714px) 100vw, 714px\" \/><figcaption id=\"caption-attachment-1696\" class=\"wp-caption-text\">Salon de belleza Merida | Robert Abuda Salon 5<\/figcaption><\/figure>\n<p>\u00a0<\/p>\n<figure id=\"attachment_1703\" aria-describedby=\"caption-attachment-1703\" style=\"width: 703px\" class=\"wp-caption alignleft\"><img loading=\"lazy\" decoding=\"async\" class=\"wp-image-1703 size-large\" style=\"margin: 5px;\" src=\"https:\/\/robertabudasalon.com\/wp-content\/uploads\/2013\/09\/10logo-703x1024.jpg\" alt=\"Hair Salon de Belleza, Merida Yucatan Mexico, Robert Abuda Salon 6\" width=\"703\" height=\"1024\" srcset=\"https:\/\/robertabudasalon.com\/wp-content\/uploads\/2013\/09\/10logo.jpg 703w, https:\/\/robertabudasalon.com\/wp-content\/uploads\/2013\/09\/10logo.jpg 600w, https:\/\/robertabudasalon.com\/wp-content\/uploads\/2013\/09\/10logo.jpg 206w, http:\/\/robertabudasalon.com\/wp-content\/uploads\/2013\/09\/10logo.jpg 1428w, http:\/\/robertabudasalon.com\/wp-content\/uploads\/2013\/09\/10logo.jpg 2142w\" sizes=\"auto, (max-width: 703px) 100vw, 703px\" \/><figcaption id=\"caption-attachment-1703\" class=\"wp-caption-text\">Peluquer\u00eda de belleza, Merida Yucatan Mexico, Robert Abuda salon 6<\/figcaption><\/figure>\n<p>\u00a0<\/p>\n<figure id=\"attachment_1701\" aria-describedby=\"caption-attachment-1701\" style=\"width: 678px\" class=\"wp-caption alignleft\"><img loading=\"lazy\" decoding=\"async\" class=\"wp-image-1701 size-large\" style=\"margin: 5px;\" src=\"https:\/\/robertabudasalon.com\/wp-content\/uploads\/2013\/09\/8logo-678x1024.jpg\" alt=\"Hair Salon de Belleza, Merida Yucatan Mexico, Robert Abuda Salon 7\" width=\"678\" height=\"1024\" srcset=\"https:\/\/robertabudasalon.com\/wp-content\/uploads\/2013\/09\/8logo.jpg 678w, https:\/\/robertabudasalon.com\/wp-content\/uploads\/2013\/09\/8logo.jpg 198w, http:\/\/robertabudasalon.com\/wp-content\/uploads\/2013\/09\/8logo.jpg 1428w, http:\/\/robertabudasalon.com\/wp-content\/uploads\/2013\/09\/8logo.jpg 2142w\" sizes=\"auto, (max-width: 678px) 100vw, 678px\" \/><figcaption id=\"caption-attachment-1701\" class=\"wp-caption-text\">Estetica, Merida Yucatan Mexico, Robert Abuda salon 7<\/figcaption><\/figure>\n<p>\u00a0<\/p>\n<figure id=\"attachment_1698\" aria-describedby=\"caption-attachment-1698\" style=\"width: 724px\" class=\"wp-caption alignleft\"><img loading=\"lazy\" decoding=\"async\" class=\"wp-image-1698 size-large\" style=\"margin: 5px;\" src=\"https:\/\/robertabudasalon.com\/wp-content\/uploads\/2013\/09\/5logo-724x1024.jpg\" alt=\"Hair Salon de Belleza, Merida Yucatan Mexico, Robert Abuda Salon 8\" width=\"724\" height=\"1024\" srcset=\"https:\/\/robertabudasalon.com\/wp-content\/uploads\/2013\/09\/5logo.jpg 724w, https:\/\/robertabudasalon.com\/wp-content\/uploads\/2013\/09\/5logo.jpg 600w, https:\/\/robertabudasalon.com\/wp-content\/uploads\/2013\/09\/5logo.jpg 212w, http:\/\/robertabudasalon.com\/wp-content\/uploads\/2013\/09\/5logo.jpg 1428w, http:\/\/robertabudasalon.com\/wp-content\/uploads\/2013\/09\/5logo.jpg 2142w\" sizes=\"auto, (max-width: 714px) 100vw, 714px\" \/><figcaption id=\"caption-attachment-1698\" class=\"wp-caption-text\">Peluquer\u00eda de belleza, Merida Yucatan Mexico, Robert Abuda salon 8<\/figcaption><\/figure>\n<p>\u00a0<\/p>\n<figure id=\"attachment_1699\" aria-describedby=\"caption-attachment-1699\" style=\"width: 1024px\" class=\"wp-caption alignleft\"><img loading=\"lazy\" decoding=\"async\" class=\"wp-image-1699 size-large\" style=\"margin: 5px;\" src=\"https:\/\/robertabudasalon.com\/wp-content\/uploads\/2013\/09\/6logo-1024x678.jpg\" alt=\"Hair Salon de Belleza, Merida Yucatan Mexico, Robert Abuda Salon 9\" width=\"1024\" height=\"678\" srcset=\"https:\/\/robertabudasalon.com\/wp-content\/uploads\/2013\/09\/6logo.jpg 1024w, https:\/\/robertabudasalon.com\/wp-content\/uploads\/2013\/09\/6logo.jpg 300w, http:\/\/robertabudasalon.com\/wp-content\/uploads\/2013\/09\/6logo.jpg 1428w, http:\/\/robertabudasalon.com\/wp-content\/uploads\/2013\/09\/6logo.jpg 2142w\" sizes=\"auto, (max-width: 714px) 100vw, 714px\" \/><figcaption id=\"caption-attachment-1699\" class=\"wp-caption-text\">Peluquer\u00eda de belleza, Merida Yucatan Mexico, Robert Abuda salon 9<\/figcaption><\/figure>\n<p>\u00a0<\/p>\n<figure id=\"attachment_1700\" aria-describedby=\"caption-attachment-1700\" style=\"width: 1024px\" class=\"wp-caption alignleft\"><img loading=\"lazy\" decoding=\"async\" class=\"wp-image-1700 size-large\" style=\"margin: 5px;\" src=\"https:\/\/robertabudasalon.com\/wp-content\/uploads\/2013\/09\/7logo-1024x635.jpg\" alt=\"Hair Salon de Belleza, Merida Yucatan Mexico, Robert Abuda Salon 10\" width=\"1024\" height=\"635\" srcset=\"https:\/\/robertabudasalon.com\/wp-content\/uploads\/2013\/09\/7logo.jpg 1024w, https:\/\/robertabudasalon.com\/wp-content\/uploads\/2013\/09\/7logo.jpg 600w, https:\/\/robertabudasalon.com\/wp-content\/uploads\/2013\/09\/7logo.jpg 300w, http:\/\/robertabudasalon.com\/wp-content\/uploads\/2013\/09\/7logo.jpg 1428w, http:\/\/robertabudasalon.com\/wp-content\/uploads\/2013\/09\/7logo.jpg 2142w\" sizes=\"auto, (max-width: 714px) 100vw, 714px\" \/><figcaption id=\"caption-attachment-1700\" class=\"wp-caption-text\">Peluquer\u00eda de belleza, Merida Yucatan Mexico, Robert Abuda salon 10<\/figcaption><\/figure>\n<p>\u00a0<\/p>\n<figure id=\"attachment_1702\" aria-describedby=\"caption-attachment-1702\" style=\"width: 678px\" class=\"wp-caption alignleft\"><img loading=\"lazy\" decoding=\"async\" class=\"wp-image-1702 size-large\" style=\"margin: 5px;\" src=\"https:\/\/robertabudasalon.com\/wp-content\/uploads\/2013\/09\/9logo-678x1024.jpg\" alt=\"Hair Salon de Belleza, Merida Yucatan Mexico, Robert Abuda Salon 11\" width=\"678\" height=\"1024\" srcset=\"https:\/\/robertabudasalon.com\/wp-content\/uploads\/2013\/09\/9logo.jpg 678w, https:\/\/robertabudasalon.com\/wp-content\/uploads\/2013\/09\/9logo.jpg 198w, http:\/\/robertabudasalon.com\/wp-content\/uploads\/2013\/09\/9logo.jpg 1428w, http:\/\/robertabudasalon.com\/wp-content\/uploads\/2013\/09\/9logo.jpg 2142w\" sizes=\"auto, (max-width: 678px) 100vw, 678px\" \/><figcaption id=\"caption-attachment-1702\" class=\"wp-caption-text\">Peluquer\u00eda de belleza, Merida Yucatan Mexico, Robert Abuda salon 11<\/figcaption><\/figure>\n<p><!--:--><!--:es--><\/p>\n<p><!--:--><\/p>\n\n\n<p><\/p>\n","protected":false},"excerpt":{"rendered":"<p>Peluquer\u00eda Merida Mexico Robert Abuda Shop by Brand \u2013\u00a0OLAPLEX\u00a0|\u00a0LIVING PROOF\u00a0|\u00a0BALMAIN\u00a0|\u00a0MALIBU C Peluquer\u00eda Merida Mexico Robert Abuda | Cabello, maquillaje y clavos todo por Robert Abuda salon. Fotografiado en Paseo Montejo y calle 39 durante el verano 2013. El elegante paseo de Montejo es el bulevar principal de la ciudad y el barrio m\u00e1s moderno de [&hellip;]<\/p>\n","protected":false},"author":1,"featured_media":0,"parent":0,"menu_order":0,"comment_status":"closed","ping_status":"closed","template":"","meta":{"nf_dc_page":"","jetpack_post_was_ever_published":false,"footnotes":""},"yst_prominent_words":[825,812,805,554,810,801,2914,893,816,807,824,820,774,2912,2911,2910,512,2470,818,808],"class_list":["post-6314","page","type-page","status-publish","entry"],"yoast_head":"<!-- This site is optimized with the Yoast SEO Premium plugin v14.4.1 - https:\/\/yoast.com\/wordpress\/plugins\/seo\/ -->\n<title>HGTV Fotos Merida| Peluquer\u00eda Merida | Robert Abuda Merida Hair Salon<\/title>\n<meta name=\"description\" content=\"Peluquer\u00eda Merida Mexico Robert Abuda Hair Salon de belleza, Merida. Knock-Out Photos 2013. Como aparece en HGTV House Hunters Internacional.\" \/>\n<meta name=\"robots\" content=\"index, follow\" \/>\n<meta name=\"googlebot\" content=\"index, follow, max-snippet:-1, max-image-preview:large, max-video-preview:-1\" \/>\n<meta name=\"bingbot\" content=\"index, follow, max-snippet:-1, max-image-preview:large, max-video-preview:-1\" \/>\n<link rel=\"canonical\" href=\"https:\/\/www.robertabudasalon.com\/es\/knock-out-salon-de-belleza-merida\/\" \/>\n<meta property=\"og:locale\" content=\"es_ES\" \/>\n<meta property=\"og:type\" content=\"article\" \/>\n<meta property=\"og:title\" content=\"HGTV Fotos Merida| Peluquer\u00eda Merida | Robert Abuda Merida Hair Salon\" \/>\n<meta property=\"og:description\" content=\"Peluquer\u00eda Merida Mexico Robert Abuda Hair Salon de belleza, Merida. Knock-Out Photos 2013. Como aparece en HGTV House Hunters Internacional.\" \/>\n<meta property=\"og:url\" content=\"https:\/\/www.robertabudasalon.com\/es\/knock-out-salon-de-belleza-merida\/\" \/>\n<meta property=\"og:site_name\" content=\"Robert Abuda Merida Hair Salon\" \/>\n<meta property=\"article:publisher\" content=\"https:\/\/www.facebook.com\/RobertAbudaSalondeBellezaMerida\" \/>\n<meta property=\"article:author\" content=\"https:\/\/www.facebook.com\/RobertAbudaSalondeBellezaMerida\" \/>\n<meta property=\"article:modified_time\" content=\"2020-06-21T19:28:35+00:00\" \/>\n<meta property=\"og:image\" content=\"https:\/\/www.robertabudasalon.com\/wp-content\/uploads\/2013\/09\/4logo-1024x667.jpg\" \/>\n<meta property=\"fb:app_id\" content=\"https:\/\/www.facebook.com\/RobertAbudaSalondeBellezaMerida\" \/>\n<meta name=\"twitter:card\" content=\"summary\" \/>\n<meta name=\"twitter:creator\" content=\"@RobAbudaSalon\" \/>\n<meta name=\"twitter:site\" content=\"@RobAbudaSalon\" \/>\n<script type=\"application\/ld+json\" class=\"yoast-schema-graph\">{\"@context\":\"https:\/\/schema.org\",\"@graph\":[{\"@type\":\"WebSite\",\"@id\":\"https:\/\/robertabudasalon.com\/es\/#website\",\"url\":\"https:\/\/robertabudasalon.com\/es\/\",\"name\":\"Robert Abuda Merida Hair Salon\",\"description\":\"Hair Salon Merida, Salon de Belleza Merida +52 999 926 3015, #470C Paseo de Montejo, Peluqueria y SPA.\",\"potentialAction\":[{\"@type\":\"SearchAction\",\"target\":\"https:\/\/robertabudasalon.com\/es\/?s={search_term_string}\",\"query-input\":\"required name=search_term_string\"}],\"inLanguage\":\"es-ES\"},{\"@type\":\"ImageObject\",\"@id\":\"https:\/\/www.robertabudasalon.com\/es\/knock-out-salon-de-belleza-merida\/#primaryimage\",\"inLanguage\":\"es-ES\",\"url\":\"https:\/\/robertabudasalon.com\/wp-content\/uploads\/2013\/09\/4logo-1024x667.jpg\"},{\"@type\":\"WebPage\",\"@id\":\"https:\/\/www.robertabudasalon.com\/es\/knock-out-salon-de-belleza-merida\/#webpage\",\"url\":\"https:\/\/www.robertabudasalon.com\/es\/knock-out-salon-de-belleza-merida\/\",\"name\":\"HGTV Fotos Merida| Peluquer\\u00eda Merida | Robert Abuda Merida Hair Salon\",\"isPartOf\":{\"@id\":\"https:\/\/robertabudasalon.com\/es\/#website\"},\"primaryImageOfPage\":{\"@id\":\"https:\/\/www.robertabudasalon.com\/es\/knock-out-salon-de-belleza-merida\/#primaryimage\"},\"datePublished\":\"2018-11-14T19:03:58+00:00\",\"dateModified\":\"2020-06-21T19:28:35+00:00\",\"description\":\"Peluquer\\u00eda Merida Mexico Robert Abuda Hair Salon de belleza, Merida. Knock-Out Photos 2013. Como aparece en HGTV House Hunters Internacional.\",\"inLanguage\":\"es-ES\",\"potentialAction\":[{\"@type\":\"ReadAction\",\"target\":[\"https:\/\/www.robertabudasalon.com\/es\/knock-out-salon-de-belleza-merida\/\"]}]}]}<\/script>\n<!-- \/ Yoast SEO Premium plugin. -->","jetpack_sharing_enabled":true,"jetpack_shortlink":"https:\/\/wp.me\/P6c51u-1DQ","amp_enabled":true,"_links":{"self":[{"href":"https:\/\/robertabudasalon.com\/es\/wp-json\/wp\/v2\/pages\/6314","targetHints":{"allow":["GET"]}}],"collection":[{"href":"https:\/\/robertabudasalon.com\/es\/wp-json\/wp\/v2\/pages"}],"about":[{"href":"https:\/\/robertabudasalon.com\/es\/wp-json\/wp\/v2\/types\/page"}],"author":[{"embeddable":true,"href":"https:\/\/robertabudasalon.com\/es\/wp-json\/wp\/v2\/users\/1"}],"replies":[{"embeddable":true,"href":"https:\/\/robertabudasalon.com\/es\/wp-json\/wp\/v2\/comments?post=6314"}],"version-history":[{"count":7,"href":"https:\/\/robertabudasalon.com\/es\/wp-json\/wp\/v2\/pages\/6314\/revisions"}],"predecessor-version":[{"id":11041,"href":"https:\/\/robertabudasalon.com\/es\/wp-json\/wp\/v2\/pages\/6314\/revisions\/11041"}],"wp:attachment":[{"href":"https:\/\/robertabudasalon.com\/es\/wp-json\/wp\/v2\/media?parent=6314"}],"wp:term":[{"taxonomy":"yst_prominent_words","embeddable":true,"href":"https:\/\/robertabudasalon.com\/es\/wp-json\/wp\/v2\/yst_prominent_words?post=6314"}],"curies":[{"name":"wp","href":"https:\/\/api.w.org\/{rel}","templated":true}]}}