{"id":6273,"date":"2018-11-13T16:28:25","date_gmt":"2018-11-13T22:28:25","guid":{"rendered":"http:\/\/www.robertabudasalon.com\/estilistas-merida\/"},"modified":"2019-08-05T16:16:12","modified_gmt":"2019-08-05T21:16:12","slug":"salon-de-belleza-merida-mx","status":"publish","type":"page","link":"https:\/\/robertabudasalon.com\/es\/salon-de-belleza-merida-mx\/","title":{"rendered":"ESTILISTAS MERIDA"},"content":{"rendered":"<h3><span style=\"color: #ff99cc;\"><span style=\"color: #000000;\">Salon de Belleza Merida MX <\/span><\/span>| <span style=\"color: #ff99cc;\">TEL +52 999 926 3015<\/span><\/h3>\n<p><span style=\"color: #000000; font-family: Verdana;\">Salon de Belleza Merida MX |<strong> Robert Abuda Hair Salon de Belleza Merida MX<\/strong> se encuentra en 470C Paseo de Montejo y Calle 39. TEL 999 926 3015 en Merida&#8217;s <span style=\"color: #000000; font-family: Verdana;\">Zona Hotelera<\/span> en Merida, MX.\u00a0 Nuestro equipo de estilistas de belleza y peluquer\u00eda de primera categor\u00eda ofrece una variedad de servicios de belleza y peluquer\u00eda en M\u00e9rida, en la pen\u00ednsula de Yucat\u00e1n, M\u00e9xico. Ofrecemos cortes de cabello para hombres y para mujeres, colores, mechas y balayage. Manicura, Pedicura, Extensiones de Pesta\u00f1as, Extensiones de Cabello.<\/span><\/p>\n<p><span style=\"color: #000000; font-family: Verdana;\">El equipo de Robert Abuda Salon son los expertos en belleza de M\u00e9rida.<\/span><br \/>\n<span style=\"color: #000000; font-family: Verdana;\">Importamos nuestros productos favoritos de los Estados Unidos, Canad\u00e1 y Europa. Como resultado, nuestros estilistas de cabello y belleza pueden obtener resultados mucho mejores.<\/span><\/p>\n<p><span style=\"color: #000000; font-family: Verdana;\">S\u00f3lo los mejores productos se utilizan en el sal\u00f3n Robert Abuda. Adem\u00e1s, ROBERT ABUDA SALON de Belleza Merida MX ES UNO DE LOS \u00daNICOS SALONES DE BELLEZA EXTENSION DE OJOS MINKYS CERTIFICADOS DE MERIDA www.minkys.com<\/span><br \/>\n<span style=\"color: #000000; font-family: Verdana;\">Tambi\u00e9n somos un minorista exclusivo en M\u00e9rida para <a href=\"http:\/\/www.livingproof.es\">Living Proof<\/a> y <a href=\"http:\/\/www.olaplex.com.mx\">Olaplex<\/a>.<\/span><\/p>\n<table style=\"height: 1519px;\" border=\"0\" width=\"432\" cellspacing=\"0\" cellpadding=\"0\">\n<tbody>\n<tr>\n<td valign=\"top\" width=\"184\">\n<h3><strong>ROBERT ABUDA | Hair Salon Merida <span style=\"color: #ff99cc;\">Creative Director &amp; Master Colorist \/ Stylist<\/span><br \/>\n<\/strong><\/h3>\n<figure id=\"attachment_1491\" aria-describedby=\"caption-attachment-1491\" style=\"width: 200px\" class=\"wp-caption alignnone\"><a href=\"http:\/\/robertabudasalon.com\/salon-de-belleza-merida\/rob-thumbnail\/\" rel=\"attachment wp-att-1491\"><img loading=\"lazy\" decoding=\"async\" class=\"wp-image-1491\" src=\"http:\/\/robertabudasalon.com\/wp-content\/uploads\/2012\/10\/Rob-Thumbnail.jpg\" alt=\"Robert Abuda, Hair Salon Merida Owner.\" width=\"200\" height=\"200\" srcset=\"https:\/\/robertabudasalon.com\/wp-content\/uploads\/2012\/10\/Rob-Thumbnail.jpg 150w, https:\/\/robertabudasalon.com\/wp-content\/uploads\/2012\/10\/Rob-Thumbnail.jpg 100w\" sizes=\"auto, (max-width: 200px) 100vw, 200px\" \/><\/a><figcaption id=\"caption-attachment-1491\" class=\"wp-caption-text\"><strong>ROBERT ABUDA | CREATIVE DIRECTOR<\/strong> &#8211; Robert Abuda Salon de Belleza, Merida.<\/figcaption><\/figure>\n<p>Propietario de Salon de Belleza Merida MX, y el estilista Robert Abuda, ha vivido en M\u00e9rida, Tokio y Canad\u00e1. La pasi\u00f3n de Robert por el color lo convierte en un experto en lograr el tono, el tono y la profundidad de color adecuados para usted y su estilo de vida. Nuestra filosof\u00eda es que todos dejemos nuestra peluquer\u00eda en M\u00e9rida sinti\u00e9ndose hermosa, segura y, sobre todo, lista para pisar la pista. Adem\u00e1s, Robert tambi\u00e9n ha trabajado con varios de los mejores clientes, entre ellos, el m\u00e1s reciente Red Foo de LMFAO.<\/p>\n<p>Finalmente, Ria S. dice: <strong>&#8220;Si est\u00e1s buscando a alguien que haga GRANDES PUNTOS FUERTES EN BLANCO, \u00a1Robert Abuda es tu hombre! Un buen indicador de un gran estilista no es lo bien que se ven sus modelos en sus anuncios, sino lo bien que pueden. Haznos ver simples mortales.<\/strong><\/p>\n<p><strong>Desafortunadamente, es muy dif\u00edcil encontrar un buen peluquero aqu\u00ed en M\u00e9rida. Adem\u00e1s, \u00a1encontrar un estilista que pueda hacer reflejos rubios bien es a\u00fan m\u00e1s dif\u00edcil en M\u00e9rida! Bueno, Rob hizo precisamente eso ayer cuando agreg\u00f3 algo de color muy necesario a mi cabello. \u00a1Por esta pasi\u00f3n, Robert Abuda no defrauda!&#8221;<\/strong><\/td>\n<td valign=\"top\" width=\"466\"><\/td>\n<\/tr>\n<tr>\n<td valign=\"top\" width=\"184\">\n<h3><strong>ANGIE | <span style=\"color: #ff99cc;\">Estilista SR.<\/span><br \/>\n<\/strong><\/h3>\n<figure id=\"attachment_4843\" aria-describedby=\"caption-attachment-4843\" style=\"width: 200px\" class=\"wp-caption alignleft\"><a href=\"http:\/\/robertabudasalon.com\/salon-de-belleza-merida\/angie\/\" rel=\"attachment wp-att-4799\"><img loading=\"lazy\" decoding=\"async\" class=\"wp-image-4843\" src=\"http:\/\/robertabudasalon.com\/wp-content\/uploads\/2012\/10\/ANGIE-150x150.jpg\" alt=\"Hair Salon 47 Hairstylist Merida\" width=\"200\" height=\"205\" srcset=\"https:\/\/robertabudasalon.com\/wp-content\/uploads\/2012\/10\/ANGIE.jpg 600w, https:\/\/robertabudasalon.com\/wp-content\/uploads\/2012\/10\/ANGIE.jpg 292w, https:\/\/robertabudasalon.com\/wp-content\/uploads\/2012\/10\/ANGIE.jpg 768w, https:\/\/robertabudasalon.com\/wp-content\/uploads\/2012\/10\/ANGIE.jpg 997w, http:\/\/robertabudasalon.com\/wp-content\/uploads\/2012\/10\/ANGIE.jpg 1428w, http:\/\/robertabudasalon.com\/wp-content\/uploads\/2012\/10\/ANGIE.jpg 2142w\" sizes=\"auto, (max-width: 200px) 100vw, 200px\" \/><\/a><figcaption id=\"caption-attachment-4843\" class=\"wp-caption-text\">ANGIE | ESTILISTA SR. Robert Abuda Salon de Belleza, Merida.<\/figcaption><\/figure>\n<p>Angie es una de nuestras principales estilistas. Adem\u00e1s del peinado, tambi\u00e9n hace manicuras y pedicuras relajantes e inolvidables. Adem\u00e1s, es una verdadera profesional y se nota en su trabajo. Como resultado, sus cortes de pelo y colores de precisi\u00f3n la convierten en una opci\u00f3n popular entre nuestros clientes.<\/p>\n<p>Un cliente reciente de Angies dice:<strong> &#8220;Gracias por traer a Molly y Rob hoy. Como resultado, estamos muy felices con los cortes de pelo y volver\u00e9 a conseguir uno para m\u00ed. As\u00ed que, por favor, h\u00e1gale saber que pensamos que hizo un trabajo excelente!&#8221;<\/strong><\/td>\n<\/tr>\n<tr>\n<td valign=\"top\" width=\"184\">\n<h3><strong>MARIFER<\/strong><strong> | <span style=\"color: #ff99cc;\">Gerente<\/span><\/strong><\/h3>\n<figure id=\"attachment_4737\" aria-describedby=\"caption-attachment-4737\" style=\"width: 200px\" class=\"wp-caption alignnone\"><img loading=\"lazy\" decoding=\"async\" class=\"size-full wp-image-4737\" src=\"http:\/\/robertabudasalon.com\/wp-content\/uploads\/2012\/10\/Salon-de-Belleza-Merida-Marifer-Robert-Abuda-Salon.jpg\" alt=\"Hair Salon Merida Manager\" width=\"200\" height=\"214\" \/><figcaption id=\"caption-attachment-4737\" class=\"wp-caption-text\">MARIFER | Gerente &#8211; Robert Abuda Salon de Belleza, Merida.<\/figcaption><\/figure>\n<p>MariFer es nuestro gerente de nuestro Salon de Belleza M\u00e9rida MX, as\u00ed como nuestro estilista de fotos y videos. Adem\u00e1s, MariFer trabaja arduamente para garantizar que nuestros clientes tengan la mejor experiencia posible en nuestro sal\u00f3n. Tambi\u00e9n ella es responsable de nuestra presencia en redes sociales y marketing en l\u00ednea.<\/td>\n<td valign=\"top\" width=\"466\"><\/td>\n<\/tr>\n<tr>\n<td valign=\"top\" width=\"184\">\n<h3><strong>ANNIE | <span style=\"color: #ff99cc;\">Estilista, <\/span><\/strong><span style=\"color: #ff99cc;\"><strong>Maquilladajor y <\/strong><\/span><strong><span style=\"color: #ff99cc;\">Pesta\u00f1as Artiste<\/span><\/strong><\/h3>\n<figure id=\"attachment_4736\" aria-describedby=\"caption-attachment-4736\" style=\"width: 200px\" class=\"wp-caption alignnone\"><img loading=\"lazy\" decoding=\"async\" class=\"size-full wp-image-4736\" src=\"http:\/\/robertabudasalon.com\/wp-content\/uploads\/2012\/10\/Salon-de-Belleza-Merida-Annie-Robert-Abuda-Salon.jpg\" alt=\"Beauty Salon Merida Stylist\" width=\"200\" height=\"204\" \/><figcaption id=\"caption-attachment-4736\" class=\"wp-caption-text\">ANNIE | ESTILISTA &#8211; Robert Abuda Salon de Belleza, Merida.<\/figcaption><\/figure>\n<p><span id=\"result_box\" class=\"\" lang=\"es\">Finalmente, Annie es completamente biling\u00fce en espa\u00f1ol e ingl\u00e9s como resultado de mudarse a M\u00e9rida desde Veracruz hace 10 a\u00f1os con su familia. Ella ha estado con nuestro equipo durante casi 4 a\u00f1os. Adem\u00e1s de ser totalmente biling\u00fce; Annie tambi\u00e9n es una experta en maquillajes, esteticista y artista de las pesta\u00f1as &#8211; MINKYS. <span class=\"\">Estamos encantados de tenerla en nuestro equipo.<\/span><\/span><\/p>\n<p><span id=\"result_box\" class=\"short_text\" lang=\"es\"><span class=\"\">Un cliente reciente de Annies dice:<\/span><\/span><strong><span id=\"result_box\" class=\"short_text\" lang=\"es\"><span class=\"\"> \u201cAnnie hizo un gran trabajo con mis u\u00f1as. Mi cita fue para una pedicura en gel y una manicura regular. Ella escuch\u00f3 mis pedidos sobre lo que quer\u00eda en cuanto a la longitud de las u\u00f1as y se dedic\u00f3 el tiempo a corregirlo. Como siempre, ya sea que me arreglen el cabello o las u\u00f1as, siempre me tratan muy bien y salgo con una apariencia hermosa y profesionalmente terminada\u201d.<\/span><\/span><\/strong><\/td>\n<td valign=\"top\" width=\"466\"><\/td>\n<\/tr>\n<tr>\n<td valign=\"top\" width=\"184\">\n<h3><strong>LAURA | <span style=\"color: #ff99cc;\">Estilis<\/span><\/strong><span style=\"color: #ff99cc;\"><strong>ta JR. y Maquilladajor<\/strong><\/span><\/h3>\n<figure id=\"attachment_9183\" aria-describedby=\"caption-attachment-9183\" style=\"width: 200px\" class=\"wp-caption aligncenter\"><a href=\"https:\/\/robertabudasalon.com\/es\/salon-de-belleza-merida-mx\/laura-hair-salon-merida-robert-abuda-salon-2\/\" rel=\"attachment wp-att-9183\"><img loading=\"lazy\" decoding=\"async\" data-attachment-id=\"9183\" data-permalink=\"https:\/\/robertabudasalon.com\/es\/salon-de-belleza-merida-mx\/laura-hair-salon-merida-robert-abuda-salon-2\/\" data-orig-file=\"https:\/\/robertabudasalon.com\/wp-content\/uploads\/2019\/08\/laura-hair-salon-merida-robert-abuda-salon.jpg\" data-orig-size=\"250,250\" data-comments-opened=\"0\" data-image-meta=\"{&quot;aperture&quot;:&quot;0&quot;,&quot;credit&quot;:&quot;&quot;,&quot;camera&quot;:&quot;&quot;,&quot;caption&quot;:&quot;&quot;,&quot;created_timestamp&quot;:&quot;0&quot;,&quot;copyright&quot;:&quot;&quot;,&quot;focal_length&quot;:&quot;0&quot;,&quot;iso&quot;:&quot;0&quot;,&quot;shutter_speed&quot;:&quot;0&quot;,&quot;title&quot;:&quot;&quot;,&quot;orientation&quot;:&quot;0&quot;}\" data-image-title=\"laura-hair-salon-merida-robert-abuda-salon\" data-image-description=\"&lt;p&gt;Laura Robert Abuda Salon, Hair Salon Merida&lt;\/p&gt;\n\" data-image-caption=\"&lt;p&gt;LAURA | JR. COLORIST \/ MAKEUP ARTIST \u2013 Robert Abuda Salon de Belleza, Merida.&lt;\/p&gt;\n\" data-large-file=\"https:\/\/robertabudasalon.com\/wp-content\/uploads\/2019\/08\/laura-hair-salon-merida-robert-abuda-salon.jpg\" class=\"wp-image-9183\" src=\"http:\/\/robertabudasalon.com\/wp-content\/uploads\/2019\/08\/laura-hair-salon-merida-robert-abuda-salon.jpg\" alt=\"\" width=\"200\" height=\"200\" srcset=\"https:\/\/robertabudasalon.com\/wp-content\/uploads\/2019\/08\/laura-hair-salon-merida-robert-abuda-salon.jpg 250w, https:\/\/robertabudasalon.com\/wp-content\/uploads\/2019\/08\/laura-hair-salon-merida-robert-abuda-salon.jpg 150w, https:\/\/robertabudasalon.com\/wp-content\/uploads\/2019\/08\/laura-hair-salon-merida-robert-abuda-salon.jpg 100w\" sizes=\"auto, (max-width: 200px) 100vw, 200px\" \/><\/a><figcaption id=\"caption-attachment-9183\" class=\"wp-caption-text\">LAURA | JR. COLORIST \/ MAKEUP ARTIST \u2013 Robert Abuda Salon de Belleza, Merida.<\/figcaption><\/figure>\n<p>Laura tiene m\u00e1s de 3 a\u00f1os de experiencia como asistente de cabello y maquilladora. Recientemente fue nombrada para Junior Colorist y es biling\u00fce. \u00a1Laura es la incorporaci\u00f3n m\u00e1s reciente a nuestro equipo y estamos encantados de tenerla!<\/p>\n<p>Un cliente reciente de Laura dice: <strong>&#8220;Mi cita fue muy agradable y relajante. \u00a1Espero mi pr\u00f3xima cita! Gracias.&#8221;<\/strong><\/td>\n<td valign=\"top\" width=\"466\"><\/td>\n<\/tr>\n<\/tbody>\n<\/table>\n<p><!--:--><!--:es--><\/p>\n","protected":false},"excerpt":{"rendered":"<p><!--:en-->Salon de Belleza Merida | Hair Salon Merida MX 470C Paseo Montejo (56A) y Calle 39 Tel 999 926 3015<!--:--><\/p>\n","protected":false},"author":1,"featured_media":6153,"parent":0,"menu_order":0,"comment_status":"closed","ping_status":"closed","template":"","meta":{"nf_dc_page":"","jetpack_post_was_ever_published":false,"footnotes":""},"yst_prominent_words":[524,660,636,627,662,1646,2918,563,554,1642,2917,521,512,642,633,697,639,630,1640,2916],"class_list":["post-6273","page","type-page","status-publish","has-post-thumbnail","entry"],"yoast_head":"<!-- This site is optimized with the Yoast SEO Premium plugin v14.4.1 - https:\/\/yoast.com\/wordpress\/plugins\/seo\/ -->\n<title>Salon de Belleza Merida MX | Robert Abuda Salon MERIDA 2018<\/title>\n<meta name=\"description\" content=\"Salon de Belleza Merida MX, Estilistas Merida tel 999 926 3015 Merida. Se Encuentro en 470C Paseo de Montejo y 39, Merida, SPA Mani &amp; Pedi, Extensiones.\" \/>\n<meta name=\"robots\" content=\"index, follow\" \/>\n<meta name=\"googlebot\" content=\"index, follow, max-snippet:-1, max-image-preview:large, max-video-preview:-1\" \/>\n<meta name=\"bingbot\" content=\"index, follow, max-snippet:-1, max-image-preview:large, max-video-preview:-1\" \/>\n<link rel=\"canonical\" href=\"https:\/\/robertabudasalon.com\/es\/salon-de-belleza-merida-mx\/\" \/>\n<meta property=\"og:locale\" content=\"es_ES\" \/>\n<meta property=\"og:type\" content=\"article\" \/>\n<meta property=\"og:title\" content=\"Salon de Belleza Merida MX | Robert Abuda Salon MERIDA 2018\" \/>\n<meta property=\"og:description\" content=\"Salon de Belleza Merida MX, Estilistas Merida tel 999 926 3015 Merida. Se Encuentro en 470C Paseo de Montejo y 39, Merida, SPA Mani &amp; Pedi, Extensiones.\" \/>\n<meta property=\"og:url\" content=\"https:\/\/robertabudasalon.com\/es\/salon-de-belleza-merida-mx\/\" \/>\n<meta property=\"og:site_name\" content=\"Robert Abuda Merida Hair Salon\" \/>\n<meta property=\"article:publisher\" content=\"https:\/\/www.facebook.com\/RobertAbudaSalondeBellezaMerida\" \/>\n<meta property=\"article:author\" content=\"https:\/\/www.facebook.com\/RobertAbudaSalondeBellezaMerida\" \/>\n<meta property=\"article:modified_time\" content=\"2019-08-05T21:16:12+00:00\" \/>\n<meta property=\"og:image\" content=\"https:\/\/robertabudasalon.com\/wp-content\/uploads\/2012\/10\/Merida-Salones-de-Belleza-Hair-Salon-Robert-Abuda-Facebook-Cover-Wide.jpg\" \/>\n\t<meta property=\"og:image:width\" content=\"1200\" \/>\n\t<meta property=\"og:image:height\" content=\"628\" \/>\n<meta property=\"fb:app_id\" content=\"https:\/\/www.facebook.com\/RobertAbudaSalondeBellezaMerida\" \/>\n<meta name=\"twitter:card\" content=\"summary\" \/>\n<meta name=\"twitter:creator\" content=\"@RobAbudaSalon\" \/>\n<meta name=\"twitter:site\" content=\"@RobAbudaSalon\" \/>\n<script type=\"application\/ld+json\" class=\"yoast-schema-graph\">{\"@context\":\"https:\/\/schema.org\",\"@graph\":[{\"@type\":\"WebSite\",\"@id\":\"https:\/\/robertabudasalon.com\/es\/#website\",\"url\":\"https:\/\/robertabudasalon.com\/es\/\",\"name\":\"Robert Abuda Merida Hair Salon\",\"description\":\"Hair Salon Merida, Salon de Belleza Merida +52 999 926 3015, #470C Paseo de Montejo, Peluqueria y SPA.\",\"potentialAction\":[{\"@type\":\"SearchAction\",\"target\":\"https:\/\/robertabudasalon.com\/es\/?s={search_term_string}\",\"query-input\":\"required name=search_term_string\"}],\"inLanguage\":\"es-ES\"},{\"@type\":\"ImageObject\",\"@id\":\"https:\/\/robertabudasalon.com\/es\/salon-de-belleza-merida-mx\/#primaryimage\",\"inLanguage\":\"es-ES\",\"url\":\"https:\/\/robertabudasalon.com\/wp-content\/uploads\/2012\/10\/Merida-Salones-de-Belleza-Hair-Salon-Robert-Abuda-Facebook-Cover-Wide.jpg\",\"width\":1200,\"height\":628},{\"@type\":\"WebPage\",\"@id\":\"https:\/\/robertabudasalon.com\/es\/salon-de-belleza-merida-mx\/#webpage\",\"url\":\"https:\/\/robertabudasalon.com\/es\/salon-de-belleza-merida-mx\/\",\"name\":\"Salon de Belleza Merida MX | Robert Abuda Salon MERIDA 2018\",\"isPartOf\":{\"@id\":\"https:\/\/robertabudasalon.com\/es\/#website\"},\"primaryImageOfPage\":{\"@id\":\"https:\/\/robertabudasalon.com\/es\/salon-de-belleza-merida-mx\/#primaryimage\"},\"datePublished\":\"2018-11-13T22:28:25+00:00\",\"dateModified\":\"2019-08-05T21:16:12+00:00\",\"description\":\"Salon de Belleza Merida MX, Estilistas Merida tel 999 926 3015 Merida. Se Encuentro en 470C Paseo de Montejo y 39, Merida, SPA Mani & Pedi, Extensiones.\",\"inLanguage\":\"es-ES\",\"potentialAction\":[{\"@type\":\"ReadAction\",\"target\":[\"https:\/\/robertabudasalon.com\/es\/salon-de-belleza-merida-mx\/\"]}]}]}<\/script>\n<!-- \/ Yoast SEO Premium plugin. -->","jetpack_sharing_enabled":true,"jetpack_shortlink":"https:\/\/wp.me\/P6c51u-1Db","amp_enabled":true,"_links":{"self":[{"href":"https:\/\/robertabudasalon.com\/es\/wp-json\/wp\/v2\/pages\/6273","targetHints":{"allow":["GET"]}}],"collection":[{"href":"https:\/\/robertabudasalon.com\/es\/wp-json\/wp\/v2\/pages"}],"about":[{"href":"https:\/\/robertabudasalon.com\/es\/wp-json\/wp\/v2\/types\/page"}],"author":[{"embeddable":true,"href":"https:\/\/robertabudasalon.com\/es\/wp-json\/wp\/v2\/users\/1"}],"replies":[{"embeddable":true,"href":"https:\/\/robertabudasalon.com\/es\/wp-json\/wp\/v2\/comments?post=6273"}],"version-history":[{"count":28,"href":"https:\/\/robertabudasalon.com\/es\/wp-json\/wp\/v2\/pages\/6273\/revisions"}],"predecessor-version":[{"id":9194,"href":"https:\/\/robertabudasalon.com\/es\/wp-json\/wp\/v2\/pages\/6273\/revisions\/9194"}],"wp:featuredmedia":[{"embeddable":true,"href":"https:\/\/robertabudasalon.com\/es\/wp-json\/wp\/v2\/media\/6153"}],"wp:attachment":[{"href":"https:\/\/robertabudasalon.com\/es\/wp-json\/wp\/v2\/media?parent=6273"}],"wp:term":[{"taxonomy":"yst_prominent_words","embeddable":true,"href":"https:\/\/robertabudasalon.com\/es\/wp-json\/wp\/v2\/yst_prominent_words?post=6273"}],"curies":[{"name":"wp","href":"https:\/\/api.w.org\/{rel}","templated":true}]}}